{"id":13362,"date":"2020-09-02T09:03:14","date_gmt":"2020-09-02T07:03:14","guid":{"rendered":"https:\/\/www.cai.cz\/?page_id=13362"},"modified":"2021-10-06T13:18:49","modified_gmt":"2021-10-06T11:18:49","slug":"ea-mla-multilateralni-dohoda-evropske-organizace-pro-spolupraci-v-oblasti-akreditace","status":"publish","type":"page","link":"https:\/\/www.cai.cz\/?page_id=13362","title":{"rendered":"EA MLA &#8211; Multilater\u00e1ln\u00ed dohoda Evropsk\u00e9 organizace pro spolupr\u00e1ci v oblasti akreditace"},"content":{"rendered":"\n\n\n\n\n<p><\/p>\n\n\n\n<div class=\"wp-block-image\"><figure class=\"alignleft\"><img loading=\"lazy\" decoding=\"async\" width=\"277\" height=\"96\" src=\"https:\/\/www.cai.cz\/wp-content\/uploads\/2020\/08\/p\u016fsobnost.jpg\" alt=\"\" class=\"wp-image-13363\"\/><\/figure><\/div>\n\n\n\n<p>EA MLA je signovan\u00e1 dohoda \u010dlen\u016f EA (Evropsk\u00e1 organizace pro spolupr\u00e1ci v oblasti akreditace), na z\u00e1klad\u011b kter\u00e9 je uzn\u00e1v\u00e1na rovnocennost akredita\u010dn\u00edch syst\u00e9m\u016f jednotliv\u00fdch signat\u00e1\u0159\u016f dohody a t\u00edm i spolehlivost a vz\u00e1jemn\u00e9 uzn\u00e1n\u00ed v\u00fdsledk\u016f posuzov\u00e1n\u00ed shody akredita\u010dn\u00edmi org\u00e1ny. <\/p>\n\n\n\n<p>P\u0159ijet\u00ed EA MLA v&nbsp;tr\u017en\u00edm\nprost\u0159ed\u00ed m\u00e1 z\u00e1sadn\u00ed d\u016fle\u017eitost p\u0159i prokazov\u00e1n\u00ed shody produkt\u016f a slu\u017eeb\nuvol\u0148ovan\u00fdch na evropsk\u00fd i celosv\u011btov\u00fd trh. Jej\u00ed akceptov\u00e1n\u00ed usnad\u0148uje\np\u0159eshrani\u010dn\u00ed obchod a nav\u00edc prezentuje shodu s&nbsp;jednotnou evropskou\nlegislativou, kter\u00e1 je dlouhodob\u011b vytv\u00e1\u0159ena za \u00fa\u010delem ochrany zdrav\u00ed, zaji\u0161t\u011bn\u00ed\nbezpe\u010dnosti a ochrany \u017eivotn\u00edho prost\u0159ed\u00ed. <\/p>\n\n\n\n<blockquote class=\"wp-block-quote is-layout-flow wp-block-quote-is-layout-flow\"><p>  <em><strong>Na\u0159\u00edzen\u00ed 765\/2008<\/strong><\/em><br> <em>Vnitrost\u00e1tn\u00ed org\u00e1ny uznaj\u00ed rovnocennou \u00farove\u0148 slu\u017eeb poskytovan\u00fdch akredita\u010dn\u00edmi org\u00e1ny, kter\u00e9 se \u00fasp\u011b\u0161n\u011b podrobily vz\u00e1jemn\u00e9mu hodnocen\u00ed, \u010d\u00edm\u017e akceptuj\u00ed osv\u011bd\u010den\u00ed o&nbsp;akreditaci vydan\u00e1 t\u011bmito org\u00e1ny i&nbsp;potvrzen\u00ed vydan\u00e1 subjekty posuzov\u00e1n\u00ed shody, kter\u00e9 jimi byly akreditov\u00e1ny.<\/em> <\/p><\/blockquote>\n\n\n\n<p>V&nbsp;re\u00e1ln\u00e9m prost\u0159ed\u00ed naraz\u00edme\nna celou \u0159adu certifik\u00e1t\u016f a v\u00fdstupn\u00edch dokument\u016f z&nbsp;laborato\u0159\u00ed, zku\u0161ebn\u00edch\nprotokol\u016f a v\u00fdsledkov\u00fdch list\u016f. Je v\u0161ak nezbytn\u00e9 rozpoznat, kter\u00e9 z&nbsp;nich\njsou spolehliv\u00e9 a poskytuj\u00ed kvalitn\u00ed v\u00fdstupy zkou\u0161en\u00ed nebo certifikace.&nbsp; <\/p>\n\n\n\n<h4 class=\"wp-block-heading\">5 krok\u016f jak se ujistit o spolehlivosti certifik\u00e1tu nebo v\u00fdstupn\u00edho dokumentu z laborato\u0159e<\/h4>\n\n\n\n<ol class=\"wp-block-list\"><li>Zkontrolujte,\nzda obsahuje akredita\u010dn\u00ed zna\u010dku.<\/li><li>Zkontrolujte,\nzda akredita\u010dn\u00ed zna\u010dka n\u00e1le\u017e\u00ed&nbsp; va\u0161emu\nn\u00e1rodn\u00edmu akredita\u010dn\u00edmu org\u00e1nu, kter\u00fd je signat\u00e1\u0159em EA, ILAC nebo IAF\nmultilater\u00e1rn\u00ed dohody (v \u010cesk\u00e9 republice v\u00fdhradn\u011b \u010cIA).<\/li><li>Zkontrolujte,\n\u017ee v\u00e1\u0161 dodavatel je akreditov\u00e1n pro kompetence v oblasti, kterou pot\u0159ebujete.<\/li><li>Zkontrolujte,\nzda zkou\u0161ky byly provedeny podle mezin\u00e1rodn\u00edch norem, p\u0159\u00edpadn\u011b \u017ee jin\u00e9 pou\u017eit\u00e9\nnormy a metody zkou\u0161en\u00ed jsou akceptov\u00e1ny v&nbsp;zemi ur\u010den\u00ed. <\/li><li>V&nbsp;p\u0159\u00edpad\u011b nejasnost\u00ed kontaktujte n\u00e1rodn\u00ed\nakredita\u010dn\u00ed org\u00e1n.<\/li><\/ol>\n\n\n\n<h4 class=\"wp-block-heading\">EA MLA pokr\u00fdv\u00e1 n\u00e1sleduj\u00edc\u00ed \u010dinnosti a normy<\/h4>\n\n\n\n<div class=\"wp-block-image\"><figure class=\"alignleft\"><img loading=\"lazy\" decoding=\"async\" width=\"283\" height=\"99\" src=\"https:\/\/www.cai.cz\/wp-content\/uploads\/2020\/08\/vyuziti-1.jpg\" alt=\"\" class=\"wp-image-13371\"\/><\/figure><\/div>\n\n\n\n<table class=\"wp-block-table is-style-regular\"><tbody><tr><td><strong>Rozsah akreditace\/\u010cinnost <\/strong><\/td><td><strong>Norma pou\u017e\u00edvan\u00e1 pro akreditaci <\/strong><\/td><\/tr><tr><td> <strong><em>Laborato\u0159e<\/em><\/strong><br>Zkou\u0161en\u00ed<br>Zdravotnick\u00e1 vy\u0161et\u0159en\u00ed <\/td><td><br>EN ISO\/IEC 17025<br>EN ISO 15189 <\/td><\/tr><tr><td><strong><em>Laborato\u0159e<\/em><\/strong><br>Kalibrace<\/td><td>EN ISO\/IEC 17025<\/td><\/tr><tr><td><strong><em>Certifika\u010dn\u00ed org\u00e1ny<\/em><\/strong><br>Certifikace produkt\u016f<\/td><td> EN ISO\/IEC 17065<\/td><\/tr><tr><td><strong><em>Certifika\u010dn\u00ed org\u00e1ny<\/em><\/strong><br>Certifikace osob<\/td><td> EN ISO\/IEC 17024<\/td><\/tr><tr><td><strong><em>Certifika\u010dn\u00ed org\u00e1ny<\/em><\/strong><br>Certifikace syst\u00e9mu managementu<\/td><td>EN ISO\/IEC 17021-1<\/td><\/tr><tr><td><em><strong>Inspek\u010dn\u00ed org\u00e1ny<\/strong><\/em><br>Inspekce<\/td><td>EN ISO\/IEC 17020<\/td><\/tr><tr><td><strong><em>Ov\u011b\u0159ovac\u00ed a valida\u010dn\u00ed org\u00e1ny<\/em><\/strong><br>Ov\u011b\u0159ov\u00e1n\u00ed a validace sklen\u00edkov\u00fdch plyn\u016f<\/td><td>EN ISO 14065<br> EN ISO\/IEC 17029 <\/td><\/tr><tr><td><strong><em>Poskytovatel\u00e9 zkou\u0161en\u00ed zp\u016fsobilosti<\/em><\/strong><br>Poskytov\u00e1n\u00ed zkou\u0161en\u00ed zp\u016fsobilosti<\/td><td>EN ISO\/IEC 17043<\/td><\/tr><tr><td><strong><em>V\u00fdrobci referen\u010dn\u00edch materi\u00e1l\u016f<\/em><\/strong><br>V\u00fdroba referen\u010dn\u00edch materi\u00e1l\u016f<\/td><td>EN ISO 17034<\/td><\/tr><\/tbody><\/table>\n\n\n\n<h4 class=\"wp-block-heading\">\u010cesk\u00fd institut pro akreditaci (\u010cIA) je v&nbsp;sou\u010dasn\u00e9 dob\u011b jeden ze 7 \u010dlen\u016f Evropsk\u00e9 organizace pro spolupr\u00e1ci v oblasti akreditace (EA), kte\u0159\u00ed poskytuj\u00ed kompletn\u00ed rozsah akredita\u010dn\u00edch slu\u017eeb pokryt\u00fdch multilater\u00e1rn\u00ed dohodou, co\u017e znamen\u00e1 mo\u017enost posouzen\u00ed v\u0161ech v tabulce uveden\u00fdch \u010dinnost\u00ed.<\/h4>\n\n\n\n<blockquote class=\"wp-block-quote is-layout-flow wp-block-quote-is-layout-flow\"><p><em><strong>EA MLA pro oblast akreditace v\u00fdrobc\u016f referen\u010dn\u00edch materi\u00e1l\u016f<\/strong><\/em><br><em>V&nbsp;r\u00e1mci 39. Gener\u00e1ln\u00edho zased\u00e1n\u00ed EA v&nbsp;kv\u011btnu 2017 bylo schv\u00e1leno roz\u0161\u00ed\u0159en\u00ed EA MLA pro oblast v\u00fdrobc\u016f referen\u010dn\u00edch materi\u00e1l\u016f dle mezin\u00e1rodn\u00ed normy ISO 17034. V&nbsp;kv\u011btnu 2019 byla tato multilater\u00e1rn\u00ed dohoda signov\u00e1na prvn\u00edmi t\u0159emi \u010dleny EA, u kter\u00fdch p\u0159ed t\u00edm \u00fasp\u011b\u0161n\u011b prob\u011bhla evaluace akredita\u010dn\u00edho org\u00e1nu v&nbsp;t\u00e9to oblasti. Jeden z&nbsp;t\u011bchto t\u0159\u00ed signat\u00e1\u0159\u016f byl \u010cesk\u00fd institut pro&nbsp; akreditaci.<\/em> <\/p><\/blockquote>\n\n\n\n<div class=\"wp-block-image\"><figure class=\"alignleft\"><img loading=\"lazy\" decoding=\"async\" width=\"297\" height=\"98\" src=\"https:\/\/www.cai.cz\/wp-content\/uploads\/2020\/08\/benefity.jpg\" alt=\"\" class=\"wp-image-13377\"\/><\/figure><\/div>\n\n\n\n<p>EA MLA poskytuje mo\u017enost vyu\u017eit\u00ed akreditace v&nbsp;duchu hesla \u201eJednou akreditov\u00e1n, akceptov\u00e1n kdekoli.\u201c Vyu\u017eit\u00ed multilater\u00e1rn\u00ed dohody v&nbsp;praxi p\u0159in\u00e1\u0161\u00ed podstatn\u00e9 v\u00fdhody pro d\u00e1le uveden\u00e9 zainteresovan\u00e9 strany. <\/p>\n\n\n\n<p><strong>N\u00e1rodn\u00ed org\u00e1ny a regul\u00e1to\u0159i v oblasti<\/strong><\/p>\n\n\n\n<ul class=\"wp-block-list\"><li>Podpora implementace evropsk\u00e9 a n\u00e1rodn\u00ed\nlegislativy potvrzen\u00edm shody s&nbsp;normami a platn\u00fdmi po\u017eadavky. <\/li><li>Rozvoj obchodu a podpora ekonomick\u00e9ho r\u016fstu na\nz\u00e1klad\u011b d\u016fv\u011bry org\u00e1n\u016f st\u00e1tn\u00ed spr\u00e1vy v&nbsp;akreditaci a kompetenci dodavatel\u016f\nprodukt\u016f a slu\u017eeb.<\/li><li> \u00daspora n\u00e1klad\u016f sn\u00ed\u017een\u00edm po\u010dtu administrativn\u00edch \u00fakon\u016f a s&nbsp;t\u00edm spojen\u00e1 redukce person\u00e1ln\u00edch zdroj\u016f pro specifick\u00e9 kontroln\u00ed a auditn\u00ed \u010dinnosti. <\/li><\/ul>\n\n\n<p><strong>Oblast pr\u016fmyslu a obchodu<\/strong><\/p>\n<ul>\n<li>Zv\u00fd\u0161en\u00ed konkurenceschopnosti \u2013 rozli\u0161en\u00ed produkt\u016f a slu\u017eeb na trhu na z\u00e1klad\u011b objektivn\u00edho d\u016fkazu o technick\u00e9 kompetenci, nestrannosti a shody s\u00a0mezin\u00e1rodn\u00edmi po\u017eadavky, \u00faspora n\u00e1klad\u016f za opakovan\u00e9 testov\u00e1n\u00ed.<br \/>Sn\u00ed\u017een\u00ed po\u010dtu kontrol a zv\u00fd\u0161en\u00ed kvality \u2013 certifik\u00e1t nebo protokol vydan\u00fd v\u00a0r\u00e1mci EA MLA sni\u017euje rizika a z\u00e1rove\u0148 \u0161et\u0159\u00ed n\u00e1klady<\/li>\n<li>Podpora exportu d\u00edky mezin\u00e1rodn\u00edmu uzn\u00e1n\u00ed p\u0159in\u00e1\u0161\u00ed nov\u00e9 obchodn\u00ed p\u0159\u00edle\u017eitosti a omezuje p\u0159ek\u00e1\u017eky na trhu.<\/li>\n<\/ul>\n<p><strong>Spot\u0159ebitel\u00e9<\/strong><\/p>\n<ul>\n<li>Vytvo\u0159en\u00ed d\u016fv\u011bry na trhu: d\u016fv\u011bra spot\u0159ebitel\u016f roste s pov\u011bdom\u00edm, \u017ee jimi vybran\u00e9 produkty a slu\u017eby jsou kontrolov\u00e1ny nez\u00e1visl\u00fdm a kompetentn\u00edm org\u00e1nem, kter\u00fd je nav\u00edc pravideln\u011b hodnocen dal\u0161\u00ed nestrannou organizac\u00ed.<\/li>\n<li>Ve\u0159ejn\u00fd z\u00e1jem: signat\u00e1\u0159i EA MLA svou kontroln\u00ed \u010dinnost\u00ed pracuj\u00ed v\u00a0z\u00e1jmu spot\u0159ebitele a to k\u00a0zaji\u0161t\u011bn\u00ed kvality dodan\u00e9ho zbo\u017e\u00ed a slu\u017eeb.<\/li>\n<\/ul>\n\n\n<hr class=\"wp-block-separator\"\/>\n\n\n\n<h4 class=\"wp-block-heading\"><em>Reference<\/em><\/h4>\n\n\n\n<p><em>European\n  Accreditation&nbsp;<\/em>[online]: \u00a92020.\n  Dostupn\u00e9 z: <a href=\"https:\/\/european-accreditation.org\/mutual-recognition\/the-ea-mla\/\">https:\/\/european-accreditation.org\/mutual-recognition\/the-ea-mla\/<\/a><\/p>\n","protected":false},"excerpt":{"rendered":"<p>EA MLA je signovan\u00e1 dohoda \u010dlen\u016f EA (Evropsk\u00e1 organizace pro spolupr\u00e1ci v oblasti akreditace), na z\u00e1klad\u011b kter\u00e9 je uzn\u00e1v\u00e1na rovnocennost akredita\u010dn\u00edch syst\u00e9m\u016f jednotliv\u00fdch signat\u00e1\u0159\u016f dohody&hellip;<\/p>\n","protected":false},"author":2,"featured_media":0,"parent":0,"menu_order":0,"comment_status":"closed","ping_status":"closed","template":"","meta":{"_acf_changed":false,"_price":"","_stock":"","_tribe_ticket_header":"","_tribe_default_ticket_provider":"","_tribe_ticket_capacity":"0","_ticket_start_date":"","_ticket_end_date":"","_tribe_ticket_show_description":"","_tribe_ticket_show_not_going":false,"_tribe_ticket_use_global_stock":"","_tribe_ticket_global_stock_level":"","_global_stock_mode":"","_global_stock_cap":"","_tribe_rsvp_for_event":"","_tribe_ticket_going_count":"","_tribe_ticket_not_going_count":"","_tribe_tickets_list":"[]","_tribe_ticket_has_attendee_info_fields":false,"footnotes":"","_tec_slr_enabled":"","_tec_slr_layout":""},"class_list":["post-13362","page","type-page","status-publish","hentry"],"acf":[],"ticketed":false,"_links":{"self":[{"href":"https:\/\/www.cai.cz\/index.php?rest_route=\/wp\/v2\/pages\/13362","targetHints":{"allow":["GET"]}}],"collection":[{"href":"https:\/\/www.cai.cz\/index.php?rest_route=\/wp\/v2\/pages"}],"about":[{"href":"https:\/\/www.cai.cz\/index.php?rest_route=\/wp\/v2\/types\/page"}],"author":[{"embeddable":true,"href":"https:\/\/www.cai.cz\/index.php?rest_route=\/wp\/v2\/users\/2"}],"replies":[{"embeddable":true,"href":"https:\/\/www.cai.cz\/index.php?rest_route=%2Fwp%2Fv2%2Fcomments&post=13362"}],"version-history":[{"count":27,"href":"https:\/\/www.cai.cz\/index.php?rest_route=\/wp\/v2\/pages\/13362\/revisions"}],"predecessor-version":[{"id":13409,"href":"https:\/\/www.cai.cz\/index.php?rest_route=\/wp\/v2\/pages\/13362\/revisions\/13409"}],"wp:attachment":[{"href":"https:\/\/www.cai.cz\/index.php?rest_route=%2Fwp%2Fv2%2Fmedia&parent=13362"}],"curies":[{"name":"wp","href":"https:\/\/api.w.org\/{rel}","templated":true}]}}