{"id":13652,"date":"2020-12-23T11:26:55","date_gmt":"2020-12-23T10:26:55","guid":{"rendered":"https:\/\/www.cai.cz\/?page_id=13652"},"modified":"2026-04-23T13:55:49","modified_gmt":"2026-04-23T11:55:49","slug":"navod-k-vyhledavani-v-databazi-akreditovanych-subjektu","status":"publish","type":"page","link":"https:\/\/www.cai.cz\/?page_id=13652","title":{"rendered":"N\u00e1vod k vyhled\u00e1v\u00e1n\u00ed v datab\u00e1zi akreditovan\u00fdch subjekt\u016f"},"content":{"rendered":"\n<div data-wp-interactive=\"core\/file\" class=\"wp-block-file\"><object data-wp-bind--hidden=\"!state.hasPdfPreview\" hidden class=\"wp-block-file__embed\" data=\"https:\/\/www.cai.cz\/wp-content\/uploads\/2026\/04\/Navod-pro-DAS-Guide-to-ABD-1.pdf\" type=\"application\/pdf\" style=\"width:100%;height:720px\" aria-label=\"Vlo\u017eit z N\u00e1vod pro DAS - Guide to ABD.\"><\/object><a id=\"wp-block-file--media-b56065f4-6f90-461d-9162-40fc82f4d5f9\" href=\"https:\/\/www.cai.cz\/wp-content\/uploads\/2026\/04\/Navod-pro-DAS-Guide-to-ABD-1.pdf\" target=\"_blank\" rel=\"noreferrer noopener\">N\u00e1vod pro DAS &#8211; Guide to ABD<\/a><a href=\"https:\/\/www.cai.cz\/wp-content\/uploads\/2026\/04\/Navod-pro-DAS-Guide-to-ABD-1.pdf\" class=\"wp-block-file__button wp-element-button\" download aria-describedby=\"wp-block-file--media-b56065f4-6f90-461d-9162-40fc82f4d5f9\">St\u00e1hnout<\/a><\/div>\n","protected":false},"excerpt":{"rendered":"","protected":false},"author":2,"featured_media":0,"parent":0,"menu_order":0,"comment_status":"closed","ping_status":"closed","template":"","meta":{"_acf_changed":false,"_price":"","_stock":"","_tribe_ticket_header":"","_tribe_default_ticket_provider":"","_tribe_ticket_capacity":"0","_ticket_start_date":"","_ticket_end_date":"","_tribe_ticket_show_description":"","_tribe_ticket_show_not_going":false,"_tribe_ticket_use_global_stock":"","_tribe_ticket_global_stock_level":"","_global_stock_mode":"","_global_stock_cap":"","_tribe_rsvp_for_event":"","_tribe_ticket_going_count":"","_tribe_ticket_not_going_count":"","_tribe_tickets_list":"[]","_tribe_ticket_has_attendee_info_fields":false,"footnotes":"","_tec_slr_enabled":"","_tec_slr_layout":""},"class_list":["post-13652","page","type-page","status-publish","hentry"],"acf":[],"ticketed":false,"_links":{"self":[{"href":"https:\/\/www.cai.cz\/index.php?rest_route=\/wp\/v2\/pages\/13652","targetHints":{"allow":["GET"]}}],"collection":[{"href":"https:\/\/www.cai.cz\/index.php?rest_route=\/wp\/v2\/pages"}],"about":[{"href":"https:\/\/www.cai.cz\/index.php?rest_route=\/wp\/v2\/types\/page"}],"author":[{"embeddable":true,"href":"https:\/\/www.cai.cz\/index.php?rest_route=\/wp\/v2\/users\/2"}],"replies":[{"embeddable":true,"href":"https:\/\/www.cai.cz\/index.php?rest_route=%2Fwp%2Fv2%2Fcomments&post=13652"}],"version-history":[{"count":15,"href":"https:\/\/www.cai.cz\/index.php?rest_route=\/wp\/v2\/pages\/13652\/revisions"}],"predecessor-version":[{"id":22368,"href":"https:\/\/www.cai.cz\/index.php?rest_route=\/wp\/v2\/pages\/13652\/revisions\/22368"}],"wp:attachment":[{"href":"https:\/\/www.cai.cz\/index.php?rest_route=%2Fwp%2Fv2%2Fmedia&parent=13652"}],"curies":[{"name":"wp","href":"https:\/\/api.w.org\/{rel}","templated":true}]}}