{"id":13770,"date":"2021-02-10T16:46:34","date_gmt":"2021-02-10T15:46:34","guid":{"rendered":"https:\/\/www.cai.cz\/?page_id=13770"},"modified":"2026-02-04T16:09:37","modified_gmt":"2026-02-04T15:09:37","slug":"vystupy-z-ukolu-prm-resenych-cia","status":"publish","type":"page","link":"https:\/\/www.cai.cz\/?page_id=13770","title":{"rendered":"V\u00fdstupy z \u00fakol\u016f PRM \u0159e\u0161en\u00fdch \u010cIA"},"content":{"rendered":"\n<ul class=\"wp-block-list\">\n<li>\u00fakol \u010d. VII\/5\/09 <strong>Zpracov\u00e1n\u00ed podklad\u016f pro pr\u016fb\u011b\u017en\u00e9 sjednocov\u00e1n\u00ed posuzov\u00e1n\u00ed akreditovan\u00fdch kalibra\u010dn\u00edch laborato\u0159\u00ed tlaku<\/strong> \u2013&nbsp;<a href=\"https:\/\/www.cai.cz\/wp-content\/uploads\/2021\/02\/PRM_VII_5_09_-zav_opTLAK.pdf\" target=\"_blank\" rel=\"noreferrer noopener\" aria-label=\" (opens in a new tab)\">z\u00e1v\u011bre\u010dn\u00e1 zpr\u00e1va<\/a><\/li>\n<\/ul>\n\n\n\n<ul class=\"wp-block-list\">\n<li>\u00fakol \u010d. VII\/5\/10 <strong>Zpracov\u00e1n\u00ed podklad\u016f pro pr\u016fb\u011b\u017en\u00e9 sjednocov\u00e1n\u00ed posuzov\u00e1n\u00ed akreditovan\u00fdch kalibra\u010dn\u00edch laborato\u0159\u00ed v obory teploty<\/strong> \u2013&nbsp;<a rel=\"noreferrer noopener\" aria-label=\" (opens in a new tab)\" href=\"https:\/\/www.cai.cz\/wp-content\/uploads\/2021\/02\/PRM_VII_5_10_-zav_opTEPL.pdf\" target=\"_blank\">z\u00e1v\u011bre\u010dn\u00e1 zpr\u00e1va<\/a><\/li>\n<\/ul>\n\n\n\n<ul class=\"wp-block-list\">\n<li>\u00fakol \u010d. VII\/5\/11 <strong>Zpracov\u00e1n\u00ed podklad\u016f pro pr\u016fb\u011b\u017en\u00e9 sjednocov\u00e1n\u00ed postup\u016f akreditovan\u00fdch kalibra\u010dn\u00edch laborato\u0159\u00ed v oboru elektrick\u00fdch veli\u010din<\/strong> \u2013&nbsp;<a href=\"https:\/\/www.cai.cz\/wp-content\/uploads\/2021\/02\/PRM_VII_5_11_-zav_op-ELTRO.pdf\" target=\"_blank\" rel=\"noreferrer noopener\" aria-label=\" (opens in a new tab)\">z\u00e1v\u011bre\u010dn\u00e1 zpr\u00e1va<\/a><\/li>\n<\/ul>\n\n\n\n<ul class=\"wp-block-list\">\n<li>\u00fakol \u010d. VII\/4\/12 <strong>Zpracov\u00e1n\u00ed podklad\u016f pro pr\u016fb\u011b\u017en\u00e9 sjednocov\u00e1n\u00ed postup\u016f akreditovan\u00fdch kalibra\u010dn\u00edch laborato\u0159\u00ed v oboru geometrick\u00fdch veli\u010din<\/strong> \u2013&nbsp;<a rel=\"noreferrer noopener\" aria-label=\" (opens in a new tab)\" href=\"https:\/\/www.cai.cz\/wp-content\/uploads\/2021\/02\/ZavZpr-VII-4-12-GEOM.pdf\" target=\"_blank\">z\u00e1v\u011bre\u010dn\u00e1 zpr\u00e1va<\/a>,&nbsp;<a rel=\"noreferrer noopener\" aria-label=\" (opens in a new tab)\" href=\"https:\/\/www.cai.cz\/wp-content\/uploads\/2021\/02\/ZavZpr-VII-4-12-GEOM-pril2-POA.pdf\" target=\"_blank\">p\u0159\u00edloha 2<\/a>,&nbsp;<a rel=\"noreferrer noopener\" aria-label=\"p\u0159\u00edloha 3 (opens in a new tab)\" href=\"https:\/\/www.cai.cz\/wp-content\/uploads\/2021\/02\/ZavZpr-VII-4-12-GEOM-pril3-navrhPOA.pdf\" target=\"_blank\">p\u0159\u00edloha 3<\/a>, <a rel=\"noreferrer noopener\" aria-label=\" (opens in a new tab)\" href=\"https:\/\/www.cai.cz\/wp-content\/uploads\/2021\/02\/ZavZpr-VII-4-12-GEOM-pril4-merky.pdf\" target=\"_blank\">p\u0159\u00edloha&nbsp;4<\/a>, <a rel=\"noreferrer noopener\" aria-label=\" (opens in a new tab)\" href=\"https:\/\/www.cai.cz\/wp-content\/uploads\/2021\/02\/ZavZpr-VII-4-12-GEOM-pril5-posuvky.pdf\" target=\"_blank\">p\u0159\u00edloha&nbsp;5<\/a>, <a rel=\"noreferrer noopener\" aria-label=\" (opens in a new tab)\" href=\"https:\/\/www.cai.cz\/wp-content\/uploads\/2021\/02\/ZavZpr-VII-4-12-GEOM-pril6-carkova.pdf\" target=\"_blank\">p\u0159\u00edloha&nbsp;6<\/a>, <a rel=\"noreferrer noopener\" aria-label=\" (opens in a new tab)\" href=\"https:\/\/www.cai.cz\/wp-content\/uploads\/2021\/02\/ZavZpr-VII-4-12-GEOM-pril7-uhly.pdf\" target=\"_blank\">p\u0159\u00edloha&nbsp;7<\/a>, <a rel=\"noreferrer noopener\" aria-label=\" (opens in a new tab)\" href=\"https:\/\/www.cai.cz\/wp-content\/uploads\/2021\/02\/ZavZpr-VII-4-12-GEOM-pril8-literatura.pdf\" target=\"_blank\">p\u0159\u00edloha 8<\/a><\/li>\n<\/ul>\n\n\n\n<ul class=\"wp-block-list\">\n<li>\u00fakol \u010d. VII\/5\/12 <strong>Zpracov\u00e1n\u00ed podklad\u016f pro pr\u016fb\u011b\u017en\u00e9 sjednocov\u00e1n\u00ed postup\u016f akreditovan\u00fdch kalibra\u010dn\u00edch laborato\u0159\u00ed v oboru elektrick\u00fdch veli\u010din<\/strong> \u2013&nbsp;<a href=\"https:\/\/www.cai.cz\/wp-content\/uploads\/2021\/02\/PRM-VII_5_12-zav-zprava-el.veli%C4%8Diny.pdf\" target=\"_blank\" rel=\"noreferrer noopener\" aria-label=\" (opens in a new tab)\">z\u00e1v\u011bre\u010dn\u00e1 zpr\u00e1va<\/a><\/li>\n<\/ul>\n\n\n\n<ul class=\"wp-block-list\">\n<li>\u00fakol \u010d. VII\/4\/13 <strong>Optimalizace vyu\u017eit\u00ed&nbsp;MPZ v akreditovan\u00fdch kalibra\u010dn\u00edch laborato\u0159\u00edch<\/strong> \u2013&nbsp;<a rel=\"noreferrer noopener\" aria-label=\" (opens in a new tab)\" href=\"https:\/\/www.cai.cz\/wp-content\/uploads\/2021\/02\/ZavZpr-VII_4_13-MPZ.pdf\" target=\"_blank\">z\u00e1v\u011bre\u010dn\u00e1 zpr\u00e1va<\/a>,&nbsp;<a href=\"https:\/\/www.cai.cz\/wp-content\/uploads\/2021\/02\/ZavZpr-VII_4_13-MPZ-zm%C4%9Bn_list.pdf\" target=\"_blank\" rel=\"noreferrer noopener\" aria-label=\" (opens in a new tab)\">zm\u011bnov\u00fd list MPA<\/a><\/li>\n<\/ul>\n\n\n\n<ul class=\"wp-block-list\">\n<li>\u00fakol \u010d. VII\/5\/13 <strong>Zaveden\u00ed slu\u017eby \u201cAkreditace v\u00fdrobc\u016f referen\u010dn\u00edch materi\u00e1l\u016f\u201d do akredita\u010dn\u00edho syst\u00e9mu \u010cR<\/strong> \u2013&nbsp;<a href=\"https:\/\/www.cai.cz\/wp-content\/uploads\/2021\/02\/ZavZpr-VII_5_13-VRM.pdf\" target=\"_blank\" rel=\"noreferrer noopener\" aria-label=\" (opens in a new tab)\">z\u00e1v\u011bre\u010dn\u00e1 zpr\u00e1va<\/a>,&nbsp;<a rel=\"noreferrer noopener\" aria-label=\" (opens in a new tab)\" href=\"https:\/\/www.cai.cz\/wp-content\/uploads\/2021\/02\/ZavZpr-VII_5_13-VRM-pril2-metodika.pdf\" target=\"_blank\">p\u0159\u00edloha 2 \u2013 metodika<\/a>,&nbsp;<a rel=\"noreferrer noopener\" aria-label=\" (opens in a new tab)\" href=\"https:\/\/www.cai.cz\/wp-content\/uploads\/2021\/02\/ZavZpr-VII_5_13-VRM-n%C3%A1vod-P2.pdf\" target=\"_blank\">n\u00e1vod 1<\/a>,&nbsp;<a rel=\"noreferrer noopener\" aria-label=\" (opens in a new tab)\" href=\"https:\/\/www.cai.cz\/wp-content\/uploads\/2021\/02\/ZavZpr-VII_5_13-VRM-n%C3%A1vod-P3.pdf\" target=\"_blank\">n\u00e1vod 2<\/a><\/li>\n<\/ul>\n\n\n\n<ul class=\"wp-block-list\">\n<li>\u00fakol \u010d. VII\/4\/14 <strong>Optimalizace vyu\u017eit\u00ed mezilaboratorn\u00edch porovn\u00e1n\u00ed a zkou\u0161en\u00ed zp\u016fsobilosti v akreditovan\u00fdch kalibra\u010dn\u00edch laborato\u0159\u00edch (AKL)<\/strong> \u2013&nbsp;<a href=\"https:\/\/www.cai.cz\/wp-content\/uploads\/2021\/02\/ZavZpr-VII_4_14-MPZ-AKL.pdf\" target=\"_blank\" rel=\"noreferrer noopener\" aria-label=\" (opens in a new tab)\">z\u00e1v\u011bre\u010dn\u00e1 zpr\u00e1va<\/a><\/li>\n<\/ul>\n\n\n\n<ul class=\"wp-block-list\">\n<li>\u00fakol \u010d. VII\/5\/14 <strong>P\u0159\u00edprava a vyu\u017eit\u00ed \u201cin-house\u201d referen\u010dn\u00edch materi\u00e1l\u016f pro kontrolu kvality v laborato\u0159\u00edch<\/strong> \u2013&nbsp;<a href=\"https:\/\/www.cai.cz\/wp-content\/uploads\/2021\/02\/ZavZpr-VII_5_14-InHouseRM.pdf\" target=\"_blank\" rel=\"noreferrer noopener\" aria-label=\" (opens in a new tab)\">z\u00e1v\u011bre\u010dn\u00e1 zpr\u00e1va<\/a>&nbsp;(PDF 401 kB), <em>pozn.<\/em>: vlastn\u00ed p\u0159eklad ISO Guide 80 byl vyd\u00e1n jako TNI (2015)<\/li>\n<\/ul>\n\n\n\n<ul class=\"wp-block-list\">\n<li>\u00fakol \u010d. VII\/5\/15 <strong>Spr\u00e1vn\u00e1 praxe p\u0159i pou\u017e\u00edv\u00e1n\u00ed referen\u010dn\u00edch materi\u00e1l\u016f a souvisej\u00edc\u00ed term\u00edny a definice<\/strong> \u2013&nbsp;<a href=\"https:\/\/www.cai.cz\/wp-content\/uploads\/2021\/02\/ZavZpr-VII_5_15-RMpraxe.pdf\" target=\"_blank\" rel=\"noreferrer noopener\" aria-label=\" (opens in a new tab)\">z\u00e1v\u011bre\u010dn\u00e1 zpr\u00e1va<\/a>, <em>pozn<\/em>.: vlastn\u00ed p\u0159eklady ISO Guide 33 a 30 byly vyd\u00e1ny jako TNI (2016)<\/li>\n<\/ul>\n\n\n\n<ul class=\"wp-block-list\">\n<li>\u00fakol \u010d. VII\/5\/16 <strong>Referen\u010dn\u00ed materi\u00e1ly: n\u00e1vod pro charakterizaci a posuzov\u00e1n\u00ed homogenity a stability materi\u00e1lu<\/strong>, p\u0159eklad&nbsp;<a href=\"https:\/\/www.cai.cz\/wp-content\/uploads\/2021\/02\/ZavZpr-VII_5_16-p%C5%99eklad-ISO-G35.pdf\" target=\"_blank\" rel=\"noreferrer noopener\" aria-label=\" (opens in a new tab)\">ISO Guide 35<\/a><\/li>\n<\/ul>\n\n\n\n<ul class=\"wp-block-list\">\n<li>\u00fakol \u010d. VII\/5\/17 <strong>Podklad pro pr\u016fb\u011b\u017en\u00e9 sjednocov\u00e1n\u00ed v\u00fdpo\u010dtu CMC v akreditovan\u00fdch laborato\u0159\u00edch v oboru teplota<\/strong> \u2013&nbsp;<a rel=\"noreferrer noopener\" aria-label=\" (opens in a new tab)\" href=\"https:\/\/www.cai.cz\/wp-content\/uploads\/2021\/02\/ZavZpr-VII_5_17-CMC-teplota.pdf\" target=\"_blank\">z\u00e1v\u011bre\u010dn\u00e1 zpr\u00e1va<\/a>,&nbsp;<a href=\"https:\/\/www.cai.cz\/wp-content\/uploads\/2021\/02\/ZavZpr-VII_5_17-CMC-teplota-priloha.pdf\" target=\"_blank\" rel=\"noreferrer noopener\" aria-label=\" (opens in a new tab)\">p\u0159\u00edloha<\/a><\/li>\n<\/ul>\n\n\n\n<ul class=\"wp-block-list\">\n<li>\u00fakol VII\/4\/18 <strong>Podklad pro pr\u016fb\u011b\u017en\u00e9 sjednocov\u00e1n\u00ed v\u00fdpo\u010dtu CMC v akreditovan\u00fdch laborato\u0159\u00edch v oboru objem<\/strong> \u2013&nbsp;<a href=\"https:\/\/www.cai.cz\/wp-content\/uploads\/2021\/02\/ZavZpr-VII_4_18-CMC-objem.pdf\" target=\"_blank\" rel=\"noreferrer noopener\" aria-label=\" (opens in a new tab)\">z\u00e1v\u011bre\u010dn\u00e1 zpr\u00e1va<\/a><\/li>\n<\/ul>\n\n\n\n<ul class=\"wp-block-list\">\n<li>\u00fakol VII\/5\/18 <strong>Podklad pro pr\u016fb\u011b\u017en\u00e9 sjednocov\u00e1n\u00ed v\u00fdpo\u010dtu CMC v akreditovan\u00fdch laborato\u0159\u00edch v oboru tlak<\/strong> \u2013&nbsp;<a href=\"https:\/\/www.cai.cz\/wp-content\/uploads\/2021\/02\/ZavZpr-VII_05_18-CMC-tlak.pdf\" target=\"_blank\" rel=\"noreferrer noopener\" aria-label=\" (opens in a new tab)\">z\u00e1v\u011bre\u010dn\u00e1 zpr\u00e1va<\/a><\/li>\n<\/ul>\n\n\n\n<ul class=\"wp-block-list\">\n<li> \u00fakol VII\/5\/19 <strong>Podklad pro pr\u016fb\u011b\u017en\u00e9 sjednocov\u00e1n\u00ed v\u00fdpo\u010dtu CMC v&nbsp;akreditovan\u00fdch kalibra\u010dn\u00edch laborato\u0159\u00edch v&nbsp;oboru d\u00e9lka<\/strong> \u2013&nbsp;<a href=\"https:\/\/www.cai.cz\/wp-content\/uploads\/2021\/02\/ZavZpr-VII_5_19-CMC-d%C3%A9lka.pdf\" target=\"_blank\" rel=\"noreferrer noopener\" aria-label=\" (opens in a new tab)\">z\u00e1v\u011bre\u010dn\u00e1 zpr\u00e1va<\/a> <\/li>\n<\/ul>\n\n\n\n<ul>\n<li>\u00fakol VII\/5\/20 <strong>Principy kalibrace v oboru z\u00e1kladn\u00edch elektrick\u00fdch veli\u010din<\/strong> \u2013&nbsp; <a href=\"https:\/\/www.cai.cz\/wp-content\/uploads\/2021\/02\/ZavZpr-VII_5_20-principy-elektro-1.pdf\" target=\"_blank\" rel=\"noreferrer noopener\" aria-label=\" (opens in a new tab)\" data-wplink-edit=\"true\">z\u00e1v\u011bre\u010dn\u00e1 zpr\u00e1va<\/a>, <a href=\"https:\/\/www.cai.cz\/wp-content\/uploads\/2021\/02\/ZavZpr-VII_5_20-principy-elektro-priloha.pdf\" target=\"_blank\" rel=\"noreferrer noopener\" aria-label=\" (opens in a new tab)\">p\u0159\u00edloha<\/a><\/li>\n<\/ul>\n\n\n\n<ul>\n<li>\u00fakol VII\/5\/21 <strong>Principy kalibrace v oboru tlak<\/strong> \u2013&nbsp; <a href=\"https:\/\/www.cai.cz\/wp-content\/uploads\/2022\/03\/PRM-VII_5_21-principy-tlak-Zaverecna-oponentura-zprava.pdf\" target=\"_blank\" rel=\"noreferrer noopener\" data-wplink-edit=\"true\">z\u00e1v\u011bre\u010dn\u00e1 zpr\u00e1va<\/a><\/li>\n<\/ul>\n\n\n\n<ul>\n<li>\u00fakol VII\/5\/22 <strong>Principy kalibrace v oboru d\u00e9lka a \u00fahel<\/strong> \u2013 <a href=\"https:\/\/www.cai.cz\/wp-content\/uploads\/2023\/04\/Zprava-PRM22-principy-delka-a-uhel-www.pdf\" target=\"_blank\" rel=\"noopener\" data-wplink-edit=\"true\">z\u00e1v\u011bre\u010dn\u00e1 zpr\u00e1va<\/a>, p\u0159\u00edloha<\/li>\n<\/ul>\n\n\n\n<ul>\n<li>\u00fakol VII\/5\/23 <strong>Sjednocov\u00e1n\u00ed v\u00fdpo\u010dtu nejistot a principy kalibrace na POA akreditovan\u00fdch kalibra\u010dn\u00edch laborato\u0159\u00edch v oboru hmotnost<\/strong> \u2013 <a href=\"https:\/\/www.cai.cz\/wp-content\/uploads\/2024\/01\/PRM-VII_5_23-Zav_zprava.pdf\">z\u00e1v\u011bre\u010dn\u00e1 zpr\u00e1va<\/a>, <a href=\"https:\/\/www.cai.cz\/wp-content\/uploads\/2024\/01\/PRM-VII_5_23-Zav_zprava-Priloha-2.pdf\">p\u0159\u00edloha<\/a><\/li>\n<\/ul>\n\n\n\n<ul>\n<li>\u00fakol VII\/5\/24 <strong>Aspekty kalibrace m\u011b\u0159idel vlhkosti vzduchu a jejich interpretace v podob\u011b p\u0159\u00edlohy osv\u011bd\u010den\u00ed <\/strong><br \/><strong>o akreditaci<\/strong>\u00a0\u2013 z\u00e1v\u011bre\u010dn\u00e1 zpr\u00e1va (<a href=\"https:\/\/www.cai.cz\/wp-content\/uploads\/2026\/02\/1_PRM-VII_5_24-Zaverecna-zprava.pdf\" target=\"_blank\" rel=\"noopener\">1-40<\/a>), (<a href=\"https:\/\/www.cai.cz\/wp-content\/uploads\/2026\/02\/41_PRM-VII_5_24-Zaverecna-zprava.pdf\" target=\"_blank\" rel=\"noopener\">41-80<\/a>) a (<a href=\"https:\/\/www.cai.cz\/wp-content\/uploads\/2026\/02\/81_PRM-VII_5_24-Zaverecna-zprava.pdf\" target=\"_blank\" rel=\"noopener\">81-119<\/a>)<\/li>\n<\/ul>\n\n\n\n<ul>\n<li>\u00fakol VII\/5\/25 <strong>Principy kalibrace a dal\u0161\u00ed aspekty kalibrace v oborech mechanick\u00fd pohyb, vibrace a akustika<\/strong>\u00a0\u2013 <a href=\"https:\/\/www.cai.cz\/wp-content\/uploads\/2026\/02\/PRM-VII_5_25-principy-a-aspekty-kalibrace-vibrace-akustika-Zaverecna-zprava.pdf\" target=\"_blank\" rel=\"noopener\">z\u00e1v\u011bre\u010dn\u00e1 zpr\u00e1va<\/a>, <a href=\"https:\/\/www.cai.cz\/wp-content\/uploads\/2026\/02\/PRM-VII_5_25-principy-a-aspekty-kalibrace-vibrace-akustika-Zaverecna-zprava-P1.pdf\" target=\"_blank\" rel=\"noopener\">p\u0159\u00edloha 1<\/a>, p\u0159\u00edloha 2 (<a href=\"https:\/\/www.cai.cz\/wp-content\/uploads\/2026\/02\/1_PRM-VII_5_25-principy-a-aspekty-kalibrace-vibrace-akustika-Zaverecna-zprava-P2.pdf\" target=\"_blank\" rel=\"noopener\">1-16<\/a>), (<a href=\"https:\/\/www.cai.cz\/wp-content\/uploads\/2026\/02\/17_PRM-VII_5_25-principy-a-aspekty-kalibrace-vibrace-akustika-Zaverecna-zprava-P2.pdf\" target=\"_blank\" rel=\"noopener\">17-32<\/a>), (<a href=\"https:\/\/www.cai.cz\/wp-content\/uploads\/2026\/02\/33_PRM-VII_5_25-principy-a-aspekty-kalibrace-vibrace-akustika-Zaverecna-zprava-P2.pdf\" target=\"_blank\" rel=\"noopener\">33-48<\/a>) a (<a href=\"https:\/\/www.cai.cz\/wp-content\/uploads\/2026\/02\/49_PRM-VII_5_25-principy-a-aspekty-kalibrace-vibrace-akustika-Zaverecna-zprava-P2.pdf\" target=\"_blank\" rel=\"noopener\">49-62<\/a>)<\/li>\n<\/ul>\n\n\n\n<p><\/p>\n\n\n\n<p><\/p>\n","protected":false},"excerpt":{"rendered":"<p>\u00fakol VII\/5\/20 Principy kalibrace v oboru z\u00e1kladn\u00edch elektrick\u00fdch veli\u010din \u2013&nbsp; z\u00e1v\u011bre\u010dn\u00e1 zpr\u00e1va, p\u0159\u00edloha \u00fakol VII\/5\/21 Principy kalibrace v oboru tlak \u2013&nbsp; z\u00e1v\u011bre\u010dn\u00e1 zpr\u00e1va \u00fakol VII\/5\/22&hellip;<\/p>\n","protected":false},"author":24,"featured_media":0,"parent":2010,"menu_order":0,"comment_status":"closed","ping_status":"closed","template":"","meta":{"_acf_changed":false,"_price":"","_stock":"","_tribe_ticket_header":"","_tribe_default_ticket_provider":"","_tribe_ticket_capacity":"0","_ticket_start_date":"","_ticket_end_date":"","_tribe_ticket_show_description":"","_tribe_ticket_show_not_going":false,"_tribe_ticket_use_global_stock":"","_tribe_ticket_global_stock_level":"","_global_stock_mode":"","_global_stock_cap":"","_tribe_rsvp_for_event":"","_tribe_ticket_going_count":"","_tribe_ticket_not_going_count":"","_tribe_tickets_list":"[]","_tribe_ticket_has_attendee_info_fields":false,"footnotes":"","_tec_slr_enabled":"","_tec_slr_layout":""},"class_list":["post-13770","page","type-page","status-publish","hentry"],"acf":[],"ticketed":false,"_links":{"self":[{"href":"https:\/\/www.cai.cz\/index.php?rest_route=\/wp\/v2\/pages\/13770","targetHints":{"allow":["GET"]}}],"collection":[{"href":"https:\/\/www.cai.cz\/index.php?rest_route=\/wp\/v2\/pages"}],"about":[{"href":"https:\/\/www.cai.cz\/index.php?rest_route=\/wp\/v2\/types\/page"}],"author":[{"embeddable":true,"href":"https:\/\/www.cai.cz\/index.php?rest_route=\/wp\/v2\/users\/24"}],"replies":[{"embeddable":true,"href":"https:\/\/www.cai.cz\/index.php?rest_route=%2Fwp%2Fv2%2Fcomments&post=13770"}],"version-history":[{"count":55,"href":"https:\/\/www.cai.cz\/index.php?rest_route=\/wp\/v2\/pages\/13770\/revisions"}],"predecessor-version":[{"id":21919,"href":"https:\/\/www.cai.cz\/index.php?rest_route=\/wp\/v2\/pages\/13770\/revisions\/21919"}],"up":[{"embeddable":true,"href":"https:\/\/www.cai.cz\/index.php?rest_route=\/wp\/v2\/pages\/2010"}],"wp:attachment":[{"href":"https:\/\/www.cai.cz\/index.php?rest_route=%2Fwp%2Fv2%2Fmedia&parent=13770"}],"curies":[{"name":"wp","href":"https:\/\/api.w.org\/{rel}","templated":true}]}}