{"id":15395,"date":"2022-05-13T07:43:22","date_gmt":"2022-05-13T05:43:22","guid":{"rendered":"https:\/\/www.cai.cz\/?page_id=15395"},"modified":"2025-09-10T14:29:16","modified_gmt":"2025-09-10T12:29:16","slug":"ochrana-oznamovatelu","status":"publish","type":"page","link":"https:\/\/www.cai.cz\/?page_id=15395","title":{"rendered":"Ochrana oznamovatel\u016f"},"content":{"rendered":"\n<p>\u010cIA podporuje sv\u00e9 zam\u011bstnance, spolupracovn\u00edky a p\u0159\u00edpadn\u00e9 dal\u0161\u00ed osoby v\u00a0tom, aby mohli upozornit na jedn\u00e1n\u00ed, kter\u00e9 by mohlo b\u00fdt v\u00a0rozporu se z\u00e1vazn\u00fdmi pravidly \u010di s\u00a0hodnotami, kter\u00e9 \u010cIA zast\u00e1v\u00e1. Za t\u00edm \u00fa\u010delem \u010cIA z\u0159\u00eddil etickou linku, prost\u0159ednictv\u00edm kter\u00e9 lze ozn\u00e1men\u00ed podat, odpov\u00eddaj\u00edc\u00ed procesn\u00edm postup\u016fm a zaru\u010duj\u00edc\u00ed\u00a0n\u00e1le\u017eitou \u00farove\u0148 ochrany oznamovatele, jak je po\u017eadov\u00e1na platnou legislativou.<\/p>\n<p>Podrobn\u00e9 informace o tom, kdo a jak m\u016f\u017ee podat ozn\u00e1men\u00ed, co m\u016f\u017ee b\u00fdt ozn\u00e1meno, jak prob\u00edh\u00e1 vy\u0159izov\u00e1n\u00ed ozn\u00e1men\u00ed a jak jsou chr\u00e1n\u011bny osobn\u00ed \u00fadaje oznamovatel\u016f, naleznete v\u00a0n\u00ed\u017ee p\u0159ipojen\u00e9 Politice ochrany oznamovatel\u016f.<\/p>\n<p>Ozn\u00e1men\u00ed m\u016f\u017eete podat nebo sledovat <a href=\"https:\/\/ethicshotline.eu\/cs\/home\/?client=25677675\" target=\"_blank\" rel=\"noopener\"><strong>ZDE<\/strong><\/a>. V souladu s \u00a7 9 z\u00e1kona \u010d. 171\/2023 Sb., o ochran\u011b oznamovatel\u016f, ve zn\u011bn\u00ed pozd\u011bj\u0161\u00edch p\u0159edpis\u016f (d\u00e1le jen &#8222;z\u00e1kon&#8220;) na t\u00e9m\u017ee odkazu naleznete i ozna\u010den\u00ed p\u0159\u00edslu\u0161n\u00fdch osob, telefonn\u00ed \u010d\u00edslo a adresu elektronick\u00e9 po\u0161ty. Povinn\u00fd subjekt vylu\u010duje p\u0159ij\u00edm\u00e1n\u00ed ozn\u00e1men\u00ed od osoby, kter\u00e1 pro povinn\u00fd subjekt nevykon\u00e1v\u00e1 pr\u00e1ci nebo jinou obdobnou \u010dinnost podle \u00a7 2 odst. 3 p\u00edsm. a), b), h) nebo i) z\u00e1kona. Ochrana oznamovateli n\u00e1le\u017e\u00ed za podm\u00ednek stanoven\u00fdch \u00a7 7 z\u00e1kona.<\/p>\n\n\n\n<p>Ozn\u00e1men\u00ed je mo\u017en\u00e9 podat i prost\u0159ednictv\u00edm vn\u011bj\u0161\u00edho oznamovac\u00edho syst\u00e9mu u Ministerstva spravedlnosti, a to zp\u016fsobem popsan\u00fdm na webov\u00fdch str\u00e1nk\u00e1ch <a rel=\"noreferrer noopener\" href=\"https:\/\/oznamovatel.justice.cz\/chci-podat-oznameni\/\" target=\"_blank\"><strong>JUSTICE.CZ<\/strong><\/a>.<\/p>\n\n\n\n<div class=\"wp-block-file\"><a id=\"wp-block-file--media-77ac1b18-be03-4fc8-bf64-9eeec885a4b8\" href=\"https:\/\/www.cai.cz\/wp-content\/uploads\/2024\/07\/Politika-ochrany-oznamovatelu-web_20240715.pdf\" target=\"_blank\" rel=\"noreferrer noopener\">Politika ochrany oznamovatel\u016f web_20240715<\/a><a href=\"https:\/\/www.cai.cz\/wp-content\/uploads\/2024\/07\/Politika-ochrany-oznamovatelu-web_20240715.pdf\" class=\"wp-block-file__button wp-element-button\" download aria-describedby=\"wp-block-file--media-77ac1b18-be03-4fc8-bf64-9eeec885a4b8\">St\u00e1hnout<\/a><\/div>\n\n\n\n<p><\/p>\n\n\n\n<hr class=\"wp-block-separator has-alpha-channel-opacity is-style-wide\"\/>\n\n\n\n<p><strong>POKRA\u010cOVAT D\u00c1L:&nbsp;<\/strong>&nbsp;<br><a rel=\"noreferrer noopener\" href=\"https:\/\/www.cai.cz\/?page_id=1746\" target=\"_blank\"><span style=\"text-decoration: underline;\">\u00da\u0159edn\u00ed deska<\/span><\/a>   &nbsp;&nbsp;<span style=\"text-decoration: underline;\"><a rel=\"noreferrer noopener\" href=\"https:\/\/www.cai.cz\/?page_id=1920\" target=\"_blank\">Statut\u00e1rn\u00ed dokumenty<\/a><\/span>   &nbsp;&nbsp;<span style=\"text-decoration: underline;\"><a rel=\"noreferrer noopener\" href=\"https:\/\/www.cai.cz\/?page_id=1923\" target=\"_blank\">Org\u00e1ny \u010cIA<\/a><\/span>   &nbsp;&nbsp;<a rel=\"noreferrer noopener\" href=\"https:\/\/www.cai.cz\/?page_id=2211\" target=\"_blank\"><span style=\"text-decoration: underline;\">Poradn\u00ed org\u00e1ny \u010cIA<\/span><\/a>   &nbsp;&nbsp;<span style=\"text-decoration: underline;\"><a rel=\"noreferrer noopener\" href=\"https:\/\/www.cai.cz\/?page_id=1925\" target=\"_blank\">V\u00fdro\u010dn\u00ed zpr\u00e1vy<\/a><\/span>   &nbsp;&nbsp;<a href=\"https:\/\/www.cai.cz\/?page_id=1765\" target=\"_blank\" rel=\"noreferrer noopener\">Legislativa<\/a>   &nbsp;&nbsp;<a rel=\"noreferrer noopener\" href=\"https:\/\/www.cai.cz\/?page_id=1963\" target=\"_blank\"><span style=\"text-decoration: underline;\">Publikace<\/span><\/a>   &nbsp;&nbsp;<span style=\"text-decoration: underline;\"><a rel=\"noreferrer noopener\" href=\"https:\/\/www.cai.cz\/?page_id=1753\" target=\"_blank\">CTN<\/a><\/span>   &nbsp;&nbsp;<a rel=\"noreferrer noopener\" href=\"https:\/\/www.cai.cz\/?page_id=1768\" target=\"_blank\"><span style=\"text-decoration: underline;\">Pracovn\u00ed nab\u00eddky<\/span><\/a>   &nbsp;&nbsp;<span style=\"text-decoration: underline;\"><a rel=\"noreferrer noopener\" href=\"https:\/\/www.cai.cz\/?page_id=1771\" target=\"_blank\">Ve\u0159ejn\u00e9 projedn\u00e1v\u00e1n\u00ed<\/a><\/span>   &nbsp;&nbsp;<br><span style=\"text-decoration: underline;\"><a rel=\"noreferrer noopener\" href=\"https:\/\/www.cai.cz\/?page_id=1928\" target=\"_blank\">Vz\u00e1jemn\u00e9 hodnocen\u00ed<\/a><\/span>   &nbsp;&nbsp;<span style=\"text-decoration: underline;\"><a rel=\"noreferrer noopener\" href=\"https:\/\/www.cai.cz\/?page_id=19432\" target=\"_blank\">Intern\u00ed protikorup\u010dn\u00ed program<\/a><\/span>   &nbsp;&nbsp;<span style=\"text-decoration: underline;\"><a rel=\"noreferrer noopener\" href=\"https:\/\/www.cai.cz\/?page_id=17508\" target=\"_blank\">Politika nestrannosti<\/a><\/span>   &nbsp;&nbsp;<span style=\"text-decoration: underline;\"><a href=\"https:\/\/www.cai.cz\/?page_id=1777\">Odkazy<\/a><\/span><\/p>\n\n\n","protected":false},"excerpt":{"rendered":"<p>\u010cIA podporuje sv\u00e9 zam\u011bstnance, spolupracovn\u00edky a p\u0159\u00edpadn\u00e9 dal\u0161\u00ed osoby v\u00a0tom, aby mohli upozornit na jedn\u00e1n\u00ed, kter\u00e9 by mohlo b\u00fdt v\u00a0rozporu se z\u00e1vazn\u00fdmi pravidly \u010di s\u00a0hodnotami,&hellip;<\/p>\n","protected":false},"author":2,"featured_media":0,"parent":23,"menu_order":0,"comment_status":"closed","ping_status":"closed","template":"","meta":{"_acf_changed":false,"_price":"","_stock":"","_tribe_ticket_header":"","_tribe_default_ticket_provider":"","_tribe_ticket_capacity":"0","_ticket_start_date":"","_ticket_end_date":"","_tribe_ticket_show_description":"","_tribe_ticket_show_not_going":false,"_tribe_ticket_use_global_stock":"","_tribe_ticket_global_stock_level":"","_global_stock_mode":"","_global_stock_cap":"","_tribe_rsvp_for_event":"","_tribe_ticket_going_count":"","_tribe_ticket_not_going_count":"","_tribe_tickets_list":"[]","_tribe_ticket_has_attendee_info_fields":false,"footnotes":"","_tec_slr_enabled":"","_tec_slr_layout":""},"class_list":["post-15395","page","type-page","status-publish","hentry"],"acf":[],"ticketed":false,"_links":{"self":[{"href":"https:\/\/www.cai.cz\/index.php?rest_route=\/wp\/v2\/pages\/15395","targetHints":{"allow":["GET"]}}],"collection":[{"href":"https:\/\/www.cai.cz\/index.php?rest_route=\/wp\/v2\/pages"}],"about":[{"href":"https:\/\/www.cai.cz\/index.php?rest_route=\/wp\/v2\/types\/page"}],"author":[{"embeddable":true,"href":"https:\/\/www.cai.cz\/index.php?rest_route=\/wp\/v2\/users\/2"}],"replies":[{"embeddable":true,"href":"https:\/\/www.cai.cz\/index.php?rest_route=%2Fwp%2Fv2%2Fcomments&post=15395"}],"version-history":[{"count":19,"href":"https:\/\/www.cai.cz\/index.php?rest_route=\/wp\/v2\/pages\/15395\/revisions"}],"predecessor-version":[{"id":21160,"href":"https:\/\/www.cai.cz\/index.php?rest_route=\/wp\/v2\/pages\/15395\/revisions\/21160"}],"up":[{"embeddable":true,"href":"https:\/\/www.cai.cz\/index.php?rest_route=\/wp\/v2\/pages\/23"}],"wp:attachment":[{"href":"https:\/\/www.cai.cz\/index.php?rest_route=%2Fwp%2Fv2%2Fmedia&parent=15395"}],"curies":[{"name":"wp","href":"https:\/\/api.w.org\/{rel}","templated":true}]}}