{"id":15471,"date":"2022-05-24T09:37:51","date_gmt":"2022-05-24T07:37:51","guid":{"rendered":"https:\/\/www.cai.cz\/?page_id=15471"},"modified":"2022-05-24T13:51:48","modified_gmt":"2022-05-24T11:51:48","slug":"dotazy-a-odpovedi-ze-seminaru-cia","status":"publish","type":"page","link":"https:\/\/www.cai.cz\/?page_id=15471","title":{"rendered":"Dotazy a odpov\u011bdi ze semin\u00e1\u0159\u016f \u010cIA"},"content":{"rendered":"\n<ul style=\"list-style-type: disc;\">\n<li>\n<h3><a href=\"https:\/\/www.cai.cz\/?page_id=15474\">Dotazy a odpov\u011bdi k semin\u00e1\u0159i Vyu\u017eit\u00ed akreditace v regulovan\u00e9 oblasti &#8211; 27. 4. 2022<\/a><\/h3>\n<\/li>\n<li class=\"entry-title entry--item\">\n<h3><a href=\"https:\/\/www.cai.cz\/?page_id=11552\">Dotazy a odpov\u011bdi k semin\u00e1\u0159i Vyu\u017eit\u00ed akreditace v regulovan\u00e9 oblasti \u2013 23. 1. 2019<\/a><\/h3>\n<\/li>\n<\/ul>\n","protected":false},"excerpt":{"rendered":"<p>Dotazy a odpov\u011bdi k semin\u00e1\u0159i Vyu\u017eit\u00ed akreditace v regulovan\u00e9 oblasti &#8211; 27. 4. 2022 Dotazy a odpov\u011bdi k semin\u00e1\u0159i Vyu\u017eit\u00ed akreditace v regulovan\u00e9 oblasti \u2013&hellip;<\/p>\n","protected":false},"author":2,"featured_media":0,"parent":1728,"menu_order":0,"comment_status":"closed","ping_status":"closed","template":"","meta":{"_acf_changed":false,"_price":"","_stock":"","_tribe_ticket_header":"","_tribe_default_ticket_provider":"","_tribe_ticket_capacity":"0","_ticket_start_date":"","_ticket_end_date":"","_tribe_ticket_show_description":"","_tribe_ticket_show_not_going":false,"_tribe_ticket_use_global_stock":"","_tribe_ticket_global_stock_level":"","_global_stock_mode":"","_global_stock_cap":"","_tribe_rsvp_for_event":"","_tribe_ticket_going_count":"","_tribe_ticket_not_going_count":"","_tribe_tickets_list":"[]","_tribe_ticket_has_attendee_info_fields":false,"footnotes":"","_tec_slr_enabled":"","_tec_slr_layout":""},"class_list":["post-15471","page","type-page","status-publish","hentry"],"acf":[],"ticketed":false,"_links":{"self":[{"href":"https:\/\/www.cai.cz\/index.php?rest_route=\/wp\/v2\/pages\/15471","targetHints":{"allow":["GET"]}}],"collection":[{"href":"https:\/\/www.cai.cz\/index.php?rest_route=\/wp\/v2\/pages"}],"about":[{"href":"https:\/\/www.cai.cz\/index.php?rest_route=\/wp\/v2\/types\/page"}],"author":[{"embeddable":true,"href":"https:\/\/www.cai.cz\/index.php?rest_route=\/wp\/v2\/users\/2"}],"replies":[{"embeddable":true,"href":"https:\/\/www.cai.cz\/index.php?rest_route=%2Fwp%2Fv2%2Fcomments&post=15471"}],"version-history":[{"count":3,"href":"https:\/\/www.cai.cz\/index.php?rest_route=\/wp\/v2\/pages\/15471\/revisions"}],"predecessor-version":[{"id":15476,"href":"https:\/\/www.cai.cz\/index.php?rest_route=\/wp\/v2\/pages\/15471\/revisions\/15476"}],"up":[{"embeddable":true,"href":"https:\/\/www.cai.cz\/index.php?rest_route=\/wp\/v2\/pages\/1728"}],"wp:attachment":[{"href":"https:\/\/www.cai.cz\/index.php?rest_route=%2Fwp%2Fv2%2Fmedia&parent=15471"}],"curies":[{"name":"wp","href":"https:\/\/api.w.org\/{rel}","templated":true}]}}