{"id":15747,"date":"2022-09-14T14:16:26","date_gmt":"2022-09-14T12:16:26","guid":{"rendered":"https:\/\/www.cai.cz\/?page_id=15747"},"modified":"2026-03-12T12:18:36","modified_gmt":"2026-03-12T11:18:36","slug":"biobanky","status":"publish","type":"page","link":"https:\/\/www.cai.cz\/?page_id=15747","title":{"rendered":"Biobanky"},"content":{"rendered":"\n<p>\u010cesk\u00fd institut pro akreditaci, o.p.s. od 1. 3. 2023 p\u0159ij\u00edm\u00e1 \u017e\u00e1dosti o ud\u011blen\u00ed akreditace podle \u010cSN EN ISO 20387:2021, v souladu s pov\u011b\u0159en\u00edm Ministerstva pr\u016fmyslu a obchodu \u010cR k prov\u00e1d\u011bn\u00ed akreditace biobank ve smyslu \u00a715 z\u00e1kona \u010d. 22\/1997 Sb., o technick\u00fdch po\u017eadavc\u00edch na v\u00fdrobky.<\/p>\n<p>\u201eAkreditac\u00ed se rozum\u00ed ofici\u00e1ln\u00ed uzn\u00e1n\u00ed (reprezentovan\u00e9 vyd\u00e1n\u00edm Osv\u011bd\u010den\u00ed o akreditaci), \u017ee subjekt akreditace je zp\u016fsobil\u00fd prov\u00e1d\u011bt specifick\u00e9 \u010dinnosti.\u201c<\/p>\n<p>Akreditace biobank je prov\u00e1d\u011bna podle normy \u010cSN EN ISO 20387:2021 Biotechnologie \u2013 Biobanky \u2013 Obecn\u00e9 po\u017eadavky na biobanky. Po\u017eadavky t\u00e9to normy jsou up\u0159esn\u011bny v dokumentu MPA 20-03-.. metodick\u00fd pokyn \u201eK aplikaci \u010cSN EN ISO 20387:2021 Biotechnologie \u2013 Biobanky \u2013 Obecn\u00e9 po\u017eadavky na biobanky v akredita\u010dn\u00edm syst\u00e9mu \u010cesk\u00e9 republiky\u201c.<\/p>\n<p>Z\u00e1kladn\u00ed kroky procesu akreditace (pod\u00e1n\u00ed \u017e\u00e1dosti, pr\u016fb\u011bh posuzov\u00e1n\u00ed, dozorov\u00fdch n\u00e1v\u0161t\u011bv) a s t\u00edm spojen\u00fdch administrativn\u00edch \u010dinnost\u00ed jsou pops\u00e1ny v dokumentu MPA 00-01-.. \u201eZ\u00e1kladn\u00ed pravidla akredita\u010dn\u00edho procesu\u201c. Dokument MPA 00-02-.. \u201eP\u0159edpisov\u00e1 z\u00e1kladna akredita\u010dn\u00edho procesu\u201c obsahuje p\u0159ehled v\u0161ech dokument\u016f vyu\u017e\u00edvan\u00fdch k procesu akreditace biobank v\u010detn\u011b dokument\u016f organizac\u00ed EA a ILAC.<\/p>\n<p>&nbsp;<\/p>\n\n<figure class=\"wp-block-table\"><table class=\"has-fixed-layout\"><thead><tr><th><strong>Pozice a osoba za danou oblast<\/strong><\/th><th><strong>Telefonn\u00ed \u010d\u00edslo<\/strong><\/th><th><strong>E-mail<\/strong><\/th><\/tr><\/thead><tbody><tr><td><strong>Garant<\/strong>&nbsp;&nbsp;Ing. et Ing. Marek Vysko\u010dil<\/td><td>272 096 213, 702 238 806<\/td><td><a href=\"mailto:vyskocilm@cai.cz\" target=\"_blank\" rel=\"noreferrer noopener\">vyskocilm@cai.cz<\/a><\/td><\/tr><tr><td><strong>Z\u00e1stupce garanta<\/strong>&nbsp;&nbsp;Ing. Alena Zemanov\u00e1<\/td><td>272 096 198, 727 983 602<\/td><td> <a href=\"mailto:zemanovaal@cai.cz\">zemanovaal@cai.cz<\/a><\/td><\/tr><\/tbody><\/table><\/figure>\n\n\n\n<hr class=\"wp-block-separator has-css-opacity is-style-wide\"\/>\n\n\n<h4><a href=\"https:\/\/www.cai.cz\/?cat=482\">Informa\u010dn\u00ed dopisy<\/a><\/h4>\n\n\n<hr class=\"wp-block-separator has-css-opacity is-style-wide\"\/>\n\n\n\n<h4><a href=\"https:\/\/www.cai.cz\/?page_id=1674\">Dokumenty ke sta\u017een\u00ed<\/a><\/h4>\n\n\n\n<hr class=\"wp-block-separator has-css-opacity is-style-wide\"\/>\n\n\n\n<p>&nbsp;<\/p>\n<p><strong>POKRA\u010cOVAT D\u00c1L:<\/strong>&nbsp;<br><a href=\"https:\/\/www.cai.cz\/?page_id=54\">Akreditace &gt;<\/a><\/p>\n","protected":false},"excerpt":{"rendered":"<p>\u010cesk\u00fd institut pro akreditaci, o.p.s. od 1. 3. 2023 p\u0159ij\u00edm\u00e1 \u017e\u00e1dosti o ud\u011blen\u00ed akreditace podle \u010cSN EN ISO 20387:2021, v souladu s pov\u011b\u0159en\u00edm Ministerstva pr\u016fmyslu&hellip;<\/p>\n","protected":false},"author":2,"featured_media":0,"parent":54,"menu_order":0,"comment_status":"closed","ping_status":"closed","template":"","meta":{"_acf_changed":false,"_price":"","_stock":"","_tribe_ticket_header":"","_tribe_default_ticket_provider":"","_tribe_ticket_capacity":"0","_ticket_start_date":"","_ticket_end_date":"","_tribe_ticket_show_description":"","_tribe_ticket_show_not_going":false,"_tribe_ticket_use_global_stock":"","_tribe_ticket_global_stock_level":"","_global_stock_mode":"","_global_stock_cap":"","_tribe_rsvp_for_event":"","_tribe_ticket_going_count":"","_tribe_ticket_not_going_count":"","_tribe_tickets_list":"[]","_tribe_ticket_has_attendee_info_fields":false,"footnotes":"","_tec_slr_enabled":"","_tec_slr_layout":""},"class_list":["post-15747","page","type-page","status-publish","hentry"],"acf":[],"ticketed":false,"_links":{"self":[{"href":"https:\/\/www.cai.cz\/index.php?rest_route=\/wp\/v2\/pages\/15747","targetHints":{"allow":["GET"]}}],"collection":[{"href":"https:\/\/www.cai.cz\/index.php?rest_route=\/wp\/v2\/pages"}],"about":[{"href":"https:\/\/www.cai.cz\/index.php?rest_route=\/wp\/v2\/types\/page"}],"author":[{"embeddable":true,"href":"https:\/\/www.cai.cz\/index.php?rest_route=\/wp\/v2\/users\/2"}],"replies":[{"embeddable":true,"href":"https:\/\/www.cai.cz\/index.php?rest_route=%2Fwp%2Fv2%2Fcomments&post=15747"}],"version-history":[{"count":15,"href":"https:\/\/www.cai.cz\/index.php?rest_route=\/wp\/v2\/pages\/15747\/revisions"}],"predecessor-version":[{"id":22122,"href":"https:\/\/www.cai.cz\/index.php?rest_route=\/wp\/v2\/pages\/15747\/revisions\/22122"}],"up":[{"embeddable":true,"href":"https:\/\/www.cai.cz\/index.php?rest_route=\/wp\/v2\/pages\/54"}],"wp:attachment":[{"href":"https:\/\/www.cai.cz\/index.php?rest_route=%2Fwp%2Fv2%2Fmedia&parent=15747"}],"curies":[{"name":"wp","href":"https:\/\/api.w.org\/{rel}","templated":true}]}}