{"id":15941,"date":"2022-11-14T10:18:15","date_gmt":"2022-11-14T09:18:15","guid":{"rendered":"https:\/\/www.cai.cz\/?page_id=15941"},"modified":"2022-11-14T10:18:17","modified_gmt":"2022-11-14T09:18:17","slug":"dohody-o-spolupraci","status":"publish","type":"page","link":"https:\/\/www.cai.cz\/?page_id=15941","title":{"rendered":"Dohody o spolupr\u00e1ci"},"content":{"rendered":"\n<p>V\u00a0roce 2018 byla podepsan\u00e1 t\u0159\u00edstrann\u00e1 Dohoda o\u00a0spolupr\u00e1ci mezi Ministerstvom vn\u00fatra SR, Slovenskou n\u00e1rodnou akredita\u010dnou slu\u017ebou (d\u00e1le jen \u201eSNAS\u201c) a\u00a0\u010cesk\u00fdm institutem pro akreditaci, o.p.s, (d\u00e1le jen ,,\u010cIA\u201c), kter\u00e1 byla podepsan\u00e1 za \u00fa\u010delem vyu\u017e\u00edv\u00e1n\u00ed expert\u016f a\u00a0odborn\u00fdch posuzovatel\u016f z\u00a0datab\u00e1ze SNAS pro posuzov\u00e1n\u00ed kompetence k posuzov\u00e1n\u00ed shody prov\u00e1d\u011bn\u00e9ho v\u00a0akreditovan\u00fdch forenzn\u00edch laborato\u0159\u00edch v\u00a0\u010cesk\u00e9 republice.<\/p>\n<p>Kriminalistick\u00fd a\u00a0expert\u00edzny \u00fastav Policajn\u00e9ho zboru (\u010falej len ,,KE\u00da PZ\u201c) se zav\u00e1zal poskytnout experty s\u00a0po\u017eadovanou odbornost\u00ed znaleck\u00e9 \u010dinnosti pro oblast posuzov\u00e1n\u00ed kompetence forenzn\u00edch laborato\u0159\u00ed k prov\u00e1d\u011bn\u00ed zkoum\u00e1n\u00ed v\u00a0rozsahu akreditace a\u00a0dodal seznam forenzn\u00edch expert\u016f KE\u00da PZ pro jejich za\u0159azen\u00ed do datab\u00e1ze SNAS jako experty. SNAS provedl \u0159\u00e1dn\u00e9 pro\u0161kolen\u00ed nab\u00eddnut\u00fdch expert\u016f na po\u017eadavky harmonizovan\u00e9 normy EN ISO\/IEC 17025 a za\u0159adil experty do datab\u00e1ze jako odborn\u00e9 posuzovatele.<\/p>\n<p>Pro zaji\u0161t\u011bn\u00ed dal\u0161\u00edho fungov\u00e1n\u00ed tohoto syst\u00e9mu SNAS a\u00a0\u010cIA udr\u017euj\u00ed ve\u00a0spolupr\u00e1ci s\u00a0KE\u00da PZ datab\u00e1zi forenzn\u00edch expert\u016f\/posuzovatel\u016f v\u00a0aktu\u00e1ln\u00edm stavu a\u00a0zaji\u0161tuj\u00ed jejich \u0159\u00e1dn\u00e9 vzd\u011bl\u00e1v\u00e1n\u00ed v\u00a0souladu s\u00a0po\u017eadavky mezin\u00e1rodn\u00edch norem a organizace Evropsk\u00e9 organizace pro spolupr\u00e1ci v\u00a0oblasti akreditace (EA).<\/p>\n<p>Tato trojstrann\u00e1 spolupr\u00e1ce se jev\u00ed jako velice p\u0159\u00ednosn\u00e1 a je c\u00edlem v\u00a0nastaven\u00e9m sch\u00e9matu pokra\u010dovat a v\u00a0budoucnu jej i rozv\u00edjet.<\/p>\n<p><strong>Rekapitulace \u00faloh vypl\u00fdvaj\u00edc\u00edch z\u00a0trojstrann\u00e9 dohody:<\/strong><\/p>\n<p><strong>SNAS:<\/strong> vytvo\u0159en\u00ed a udr\u017eov\u00e1n\u00ed datab\u00e1ze forenzn\u00edch expert\u016f a posuzovatel\u016f pro posuzov\u00e1n\u00ed forenzn\u00edch laborato\u0159\u00ed.<\/p>\n<p><strong>\u010cIA:<\/strong> vyu\u017e\u00edv\u00e1n\u00ed forenzn\u00edch posuzovatel\u016f a expert\u016f v praxi p\u0159i posuzov\u00e1n\u00ed forenzn\u00edch laborato\u0159\u00ed v \u010cR.<\/p>\n<p><strong>KE\u00da PZ:<\/strong> poskytnut\u00ed expert\u016f za \u00fa\u010dele odborn\u00e9ho posuzov\u00e1n\u00ed forenzn\u00edch laborato\u0159\u00ed.<\/p>\n","protected":false},"excerpt":{"rendered":"<p>V\u00a0roce 2018 byla podepsan\u00e1 t\u0159\u00edstrann\u00e1 Dohoda o\u00a0spolupr\u00e1ci mezi Ministerstvom vn\u00fatra SR, Slovenskou n\u00e1rodnou akredita\u010dnou slu\u017ebou (d\u00e1le jen \u201eSNAS\u201c) a\u00a0\u010cesk\u00fdm institutem pro akreditaci, o.p.s, (d\u00e1le jen&hellip;<\/p>\n","protected":false},"author":2,"featured_media":0,"parent":55,"menu_order":0,"comment_status":"closed","ping_status":"closed","template":"","meta":{"_acf_changed":false,"_price":"","_stock":"","_tribe_ticket_header":"","_tribe_default_ticket_provider":"","_tribe_ticket_capacity":"0","_ticket_start_date":"","_ticket_end_date":"","_tribe_ticket_show_description":"","_tribe_ticket_show_not_going":false,"_tribe_ticket_use_global_stock":"","_tribe_ticket_global_stock_level":"","_global_stock_mode":"","_global_stock_cap":"","_tribe_rsvp_for_event":"","_tribe_ticket_going_count":"","_tribe_ticket_not_going_count":"","_tribe_tickets_list":"[]","_tribe_ticket_has_attendee_info_fields":false,"footnotes":"","_tec_slr_enabled":"","_tec_slr_layout":""},"class_list":["post-15941","page","type-page","status-publish","hentry"],"acf":[],"ticketed":false,"_links":{"self":[{"href":"https:\/\/www.cai.cz\/index.php?rest_route=\/wp\/v2\/pages\/15941","targetHints":{"allow":["GET"]}}],"collection":[{"href":"https:\/\/www.cai.cz\/index.php?rest_route=\/wp\/v2\/pages"}],"about":[{"href":"https:\/\/www.cai.cz\/index.php?rest_route=\/wp\/v2\/types\/page"}],"author":[{"embeddable":true,"href":"https:\/\/www.cai.cz\/index.php?rest_route=\/wp\/v2\/users\/2"}],"replies":[{"embeddable":true,"href":"https:\/\/www.cai.cz\/index.php?rest_route=%2Fwp%2Fv2%2Fcomments&post=15941"}],"version-history":[{"count":1,"href":"https:\/\/www.cai.cz\/index.php?rest_route=\/wp\/v2\/pages\/15941\/revisions"}],"predecessor-version":[{"id":15942,"href":"https:\/\/www.cai.cz\/index.php?rest_route=\/wp\/v2\/pages\/15941\/revisions\/15942"}],"up":[{"embeddable":true,"href":"https:\/\/www.cai.cz\/index.php?rest_route=\/wp\/v2\/pages\/55"}],"wp:attachment":[{"href":"https:\/\/www.cai.cz\/index.php?rest_route=%2Fwp%2Fv2%2Fmedia&parent=15941"}],"curies":[{"name":"wp","href":"https:\/\/api.w.org\/{rel}","templated":true}]}}