{"id":1674,"date":"2018-09-26T13:53:05","date_gmt":"2018-09-26T11:53:05","guid":{"rendered":"http:\/\/srvwww1.cai.internal\/?page_id=1674"},"modified":"2025-09-15T12:22:06","modified_gmt":"2025-09-15T10:22:06","slug":"dokumenty-ke-stazeni","status":"publish","type":"page","link":"https:\/\/www.cai.cz\/?page_id=1674","title":{"rendered":"Dokumenty ke sta\u017een\u00ed"},"content":{"rendered":"\n<p class=\"black\"> <em>Na t\u00e9to str\u00e1nce naleznete dokumenty ke sta\u017een\u00ed rozd\u011blen\u00e9 do jednotliv\u00fdch kategori\u00ed a d\u016fle\u017eit\u00e9 informace pro z\u00e1jemce o ud\u011blen\u00ed akreditace.<\/em> <\/p>\n\n\n\n<ul class=\"wp-block-list\">\n<li><strong><a href=\"https:\/\/www.cai.cz\/?page_id=2949\">Cen\u00edk<\/a><\/strong><\/li>\n\n\n\n<li><strong><a href=\"https:\/\/www.cai.cz\/?page_id=2961\" target=\"_blank\" rel=\"noreferrer noopener\">Dokumenty MPA &#8211; v\u0161echny oblasti akreditace<\/a><\/strong><\/li>\n\n\n\n<li><strong><a href=\"https:\/\/www.cai.cz\/?page_id=2965\" target=\"_blank\" rel=\"noreferrer noopener\">Dokumenty EA, ILAC, IAF a FALB &#8211; v\u0161echny oblasti akreditace<\/a><\/strong><\/li>\n\n\n\n<li><strong><a href=\"https:\/\/www.cai.cz\/?page_id=2967\" target=\"_blank\" rel=\"noreferrer noopener\">Dokumenty pro zku\u0161ebn\u00ed laborato\u0159e<\/a><\/strong><\/li>\n\n\n\n<li><strong><a href=\"https:\/\/www.cai.cz\/?page_id=2969\" target=\"_blank\" rel=\"noreferrer noopener\">Dokumenty pro zdravotnick\u00e9 laborato\u0159e<\/a><\/strong><\/li>\n\n\n\n<li><strong><a href=\"https:\/\/www.cai.cz\/?page_id=2971\" target=\"_blank\" rel=\"noreferrer noopener\">Dokumenty pro kalibra\u010dn\u00ed laborato\u0159e<\/a><\/strong><\/li>\n\n\n\n<li><strong><a href=\"https:\/\/www.cai.cz\/?page_id=2973\" target=\"_blank\" rel=\"noreferrer noopener\">Dokumenty pro certifika\u010dn\u00ed org\u00e1ny certifikuj\u00edc\u00ed produkty<\/a><\/strong><\/li>\n\n\n\n<li><strong><a href=\"https:\/\/www.cai.cz\/?page_id=2975\" target=\"_blank\" rel=\"noreferrer noopener\">Dokumenty pro certifika\u010dn\u00ed org\u00e1ny certifikuj\u00edc\u00ed osoby<\/a><\/strong><\/li>\n\n\n\n<li><strong><a href=\"https:\/\/www.cai.cz\/?page_id=2977\" target=\"_blank\" rel=\"noreferrer noopener\">Dokumenty pro certifika\u010dn\u00ed org\u00e1ny certifikuj\u00edc\u00ed syst\u00e9my managementu (v\u010d. EMAS)<\/a><\/strong><\/li>\n\n\n\n<li><strong><a href=\"https:\/\/www.cai.cz\/?page_id=2979\" target=\"_blank\" rel=\"noreferrer noopener\">Dokumenty pro inspek\u010dn\u00ed org\u00e1ny<\/a><\/strong><\/li>\n\n\n\n<li><strong><a href=\"https:\/\/www.cai.cz\/?page_id=2981\" target=\"_blank\" rel=\"noreferrer noopener\">Dokumenty pro EMAS<\/a><\/strong><\/li>\n\n\n\n<li><strong><a href=\"https:\/\/www.cai.cz\/?page_id=16474\" data-type=\"page\" data-id=\"16474\" target=\"_blank\" rel=\"noreferrer noopener\">Dokumenty pro biobanky<\/a><\/strong><\/li>\n\n\n\n<li><strong><a href=\"https:\/\/www.cai.cz\/?page_id=2983\" target=\"_blank\" rel=\"noreferrer noopener\">Dokumenty pro poskytovatele zkou\u0161en\u00ed zp\u016fsobilosti<\/a><\/strong><\/li>\n\n\n\n<li><strong><a href=\"https:\/\/www.cai.cz\/?page_id=2985\" target=\"_blank\" rel=\"noreferrer noopener\">Dokumenty pro valida\u010dn\u00ed a ov\u011b\u0159ovac\u00ed org\u00e1ny<\/a><\/strong><\/li>\n\n\n\n<li><strong><a href=\"https:\/\/www.cai.cz\/?page_id=2987\" target=\"_blank\" rel=\"noreferrer noopener\">Dokumenty pro v\u00fdrobce referen\u010dn\u00edch materi\u00e1l\u016f<\/a><\/strong><\/li>\n\n\n\n<li><strong><a href=\"https:\/\/www.cai.cz\/?page_id=2989\" target=\"_blank\" rel=\"noreferrer noopener\">Dokumenty pro odborn\u00e9 posuzovatele\/experty<\/a><\/strong><\/li>\n<\/ul>\n\n\n\n<hr class=\"wp-block-separator has-css-opacity is-style-wide\"\/>\n\n\n\n<p><strong>SHARE syst\u00e9m pro v\u00fdm\u011bnu dat<\/strong><\/p>\n\n\n\n<div class=\"wp-block-file\"><a id=\"wp-block-file--media-4a77e57e-96a4-4dd4-bb75-0e5a29c06294\" href=\"https:\/\/www.cai.cz\/wp-content\/uploads\/2021\/11\/Manual_pro_zastupce_objektu_posuzovani_shody.pdf\" target=\"_blank\" rel=\"noreferrer noopener\">Manu\u00e1l pro z\u00e1stupce objektu posuzov\u00e1n\u00ed shody<\/a><a href=\"https:\/\/www.cai.cz\/wp-content\/uploads\/2021\/11\/Manual_pro_zastupce_objektu_posuzovani_shody.pdf\" class=\"wp-block-file__button wp-element-button\" download aria-describedby=\"wp-block-file--media-4a77e57e-96a4-4dd4-bb75-0e5a29c06294\">St\u00e1hnout<\/a><\/div>\n\n\n\n<hr class=\"wp-block-separator has-css-opacity is-style-wide\"\/>\n\n\n\n<blockquote class=\"wp-block-quote is-layout-flow wp-block-quote-is-layout-flow\">\n<p>Subjekt posuzov\u00e1n\u00ed shody, kter\u00fd m\u00e1 z\u00e1jem o ud\u011blen\u00ed akreditace nebo prodlou\u017een\u00ed platnosti ud\u011blen\u00e9 akreditace, m\u016f\u017ee podat u \u010cIA:<\/p>\n\n\n\n<p>a) \u017d\u00e1dost (formul\u00e1\u0159 11_01-P503), kdy proces akreditace prob\u00edh\u00e1 formou spr\u00e1vn\u00edho \u0159\u00edzen\u00ed<\/p>\n\n\n\n<p>nebo<\/p>\n\n\n\n<p>b) N\u00e1vrh na uzav\u0159en\u00ed ve\u0159ejnopr\u00e1vn\u00ed smlouvy (formul\u00e1\u0159 11_01-P504), kdy proces akreditace prob\u00edh\u00e1 podle podm\u00ednek uveden\u00fdch ve ve\u0159ejnopr\u00e1vn\u00ed smlouv\u011b (VPS).<\/p>\n\n\n\n<p>Oba zp\u016fsoby jsou v&nbsp;procesu akreditace rovnocenn\u00e9. Podrobn\u011bj\u0161\u00ed <strong>informace o prov\u00e1d\u011bn\u00ed akreditace s vyu\u017eit\u00edm VPS<\/strong> jsou k dispozici zde: <br><strong><a href=\"https:\/\/www.cai.cz\/wp-content\/uploads\/2024\/02\/VPS-informativni-text-.pdf\" target=\"_blank\" rel=\"noreferrer noopener\">VPS &#8211; informativn\u00ed text.<\/a><\/strong><\/p>\n\n\n\n<p>\u017d\u00e1dost o <strong>prodlou\u017een\u00ed platnosti<\/strong> ud\u011blen\u00e9 akreditace je t\u0159eba <strong>podat nejpozd\u011bji 120 dn\u016f p\u0159ed skon\u010den\u00edm jej\u00ed platnosti<\/strong>. V&nbsp;p\u0159\u00edpad\u011b, kdy \u017e\u00e1dost bude pod\u00e1na, p\u0159\u00edpadn\u011b ve\u0159ejnopr\u00e1vn\u00ed smlouva uzav\u0159ena, po uplynut\u00ed uveden\u00e9 lh\u016fty, bude posuzov\u00e1na jako \u017e\u00e1dost o ud\u011blen\u00ed akreditace.<br><\/p>\n<\/blockquote>\n","protected":false},"excerpt":{"rendered":"<p>Na t\u00e9to str\u00e1nce naleznete dokumenty ke sta\u017een\u00ed rozd\u011blen\u00e9 do jednotliv\u00fdch kategori\u00ed a d\u016fle\u017eit\u00e9 informace pro z\u00e1jemce o ud\u011blen\u00ed akreditace. SHARE syst\u00e9m pro v\u00fdm\u011bnu dat Subjekt&hellip;<\/p>\n","protected":false},"author":2,"featured_media":0,"parent":0,"menu_order":0,"comment_status":"closed","ping_status":"closed","template":"","meta":{"_acf_changed":false,"_price":"","_stock":"","_tribe_ticket_header":"","_tribe_default_ticket_provider":"","_tribe_ticket_capacity":"0","_ticket_start_date":"","_ticket_end_date":"","_tribe_ticket_show_description":"","_tribe_ticket_show_not_going":false,"_tribe_ticket_use_global_stock":"","_tribe_ticket_global_stock_level":"","_global_stock_mode":"","_global_stock_cap":"","_tribe_rsvp_for_event":"","_tribe_ticket_going_count":"","_tribe_ticket_not_going_count":"","_tribe_tickets_list":"[]","_tribe_ticket_has_attendee_info_fields":false,"footnotes":"","_tec_slr_enabled":"","_tec_slr_layout":""},"class_list":["post-1674","page","type-page","status-publish","hentry"],"acf":[],"ticketed":false,"_links":{"self":[{"href":"https:\/\/www.cai.cz\/index.php?rest_route=\/wp\/v2\/pages\/1674","targetHints":{"allow":["GET"]}}],"collection":[{"href":"https:\/\/www.cai.cz\/index.php?rest_route=\/wp\/v2\/pages"}],"about":[{"href":"https:\/\/www.cai.cz\/index.php?rest_route=\/wp\/v2\/types\/page"}],"author":[{"embeddable":true,"href":"https:\/\/www.cai.cz\/index.php?rest_route=\/wp\/v2\/users\/2"}],"replies":[{"embeddable":true,"href":"https:\/\/www.cai.cz\/index.php?rest_route=%2Fwp%2Fv2%2Fcomments&post=1674"}],"version-history":[{"count":20,"href":"https:\/\/www.cai.cz\/index.php?rest_route=\/wp\/v2\/pages\/1674\/revisions"}],"predecessor-version":[{"id":21168,"href":"https:\/\/www.cai.cz\/index.php?rest_route=\/wp\/v2\/pages\/1674\/revisions\/21168"}],"wp:attachment":[{"href":"https:\/\/www.cai.cz\/index.php?rest_route=%2Fwp%2Fv2%2Fmedia&parent=1674"}],"curies":[{"name":"wp","href":"https:\/\/api.w.org\/{rel}","templated":true}]}}