{"id":1705,"date":"2018-09-26T15:06:13","date_gmt":"2018-09-26T13:06:13","guid":{"rendered":"http:\/\/srvwww1.cai.internal\/?page_id=1705"},"modified":"2025-04-04T14:11:23","modified_gmt":"2025-04-04T12:11:23","slug":"pracoviste-praha","status":"publish","type":"page","link":"https:\/\/www.cai.cz\/?page_id=1705","title":{"rendered":"Pracovi\u0161t\u011b Praha"},"content":{"rendered":"\n<p>Adresa: H\u00e1jkova 2747\/22, \u017di\u017ekov, 130 00 Praha 3<\/p>\n\n\n\n<p>Telefon &#8211; sekretari\u00e1t:  +420 272 096 222<br>Telefon &#8211; p\u0159\u00edm\u00e1 linka: +420 272 096 + <a target=\"_blank\" href=\"https:\/\/www.cai.cz\/?page_id=1733\" rel=\"noopener\">linka zam\u011bstnance<\/a><\/p>\n\n\n\n<iframe src=\"https:\/\/www.google.com\/maps\/embed?pb=!1m18!1m12!1m3!1d905.0279153675052!2d14.46469617191194!3d50.08992824329606!2m3!1f0!2f0!3f0!3m2!1i1024!2i768!4f13.1!3m3!1m2!1s0x470b9360d6e5c27f%3A0xbdf0c05a1a2ab998!2s%C4%8CIA%20-%20%C4%8Cesk%C3%BD%20institut%20pro%20akreditaci%2C%20o.p.s.!5e0!3m2!1scs!2scz!4v1719587081526!5m2!1scs!2scz\" width=\"600\" height=\"450\" style=\"border:0;\" allowfullscreen=\"\" loading=\"lazy\" referrerpolicy=\"no-referrer-when-downgrade\"><\/iframe>\n\n\n\n<p>\u00da\u0159edn\u00ed hodiny podatelny:<\/p>\n\n\n\n<figure class=\"wp-block-table\"><table class=\"has-fixed-layout\" style=\"width: 260px\"><thead><tr><th style=\"width: 150px\"><strong>Dny v t\u00fddnu<\/strong><\/th><th style=\"width: 110px\"><strong>\u010casov\u00fd \u00fasek<\/strong><\/th><\/tr><\/thead><tbody><tr><td>Pond\u011bl\u00ed a\u017e \u010ctvrtek<\/td><td>8:00 &#8211; 16:00<\/td><\/tr><tr><td>P\u00e1tek<\/td><td>8:00 &#8211; 14:00<\/td><\/tr><\/tbody><\/table><\/figure>\n\n\n\n<h3 class=\"wp-block-heading\"><a href=\"https:\/\/www.cai.cz\/wp-content\/uploads\/2025\/04\/Priloha-c.-1-Zakladni-informace-o-pristupnosti-Praha-Hajkova.pdf\">Z\u00e1kladn\u00ed informace o p\u0159\u00edstupnosti<\/a><\/h3>\n\n\n\n<hr class=\"wp-block-separator has-css-opacity is-style-wide\"\/>\n\n\n\n<p><strong>POKRA\u010cOVAT D\u00c1L:<\/strong> <br><a href=\"https:\/\/www.cai.cz\/?page_id=139\"><span style=\"text-decoration: underline;\">Kontakty &gt;<\/span><\/a>   <span style=\"text-decoration: underline;\"><a href=\"https:\/\/www.cai.cz\/?page_id=1703\">Podatelna<\/a><\/span>   <a href=\"https:\/\/www.cai.cz\/?page_id=1709\"><span style=\"text-decoration: underline;\">Pracovi\u0161t\u011b Brno<\/span><\/a>   <a href=\"https:\/\/www.cai.cz\/?page_id=1733\"><span style=\"text-decoration: underline;\">\u00datvary a zam\u011bstnanci<\/span><\/a><\/p>\n","protected":false},"excerpt":{"rendered":"<p>Adresa: H\u00e1jkova 2747\/22, \u017di\u017ekov, 130 00 Praha 3 Telefon &#8211; sekretari\u00e1t: +420 272 096 222Telefon &#8211; p\u0159\u00edm\u00e1 linka: +420 272 096 + linka zam\u011bstnance \u00da\u0159edn\u00ed&hellip;<\/p>\n","protected":false},"author":2,"featured_media":0,"parent":139,"menu_order":2,"comment_status":"closed","ping_status":"closed","template":"","meta":{"_acf_changed":false,"_price":"","_stock":"","_tribe_ticket_header":"","_tribe_default_ticket_provider":"","_tribe_ticket_capacity":"0","_ticket_start_date":"","_ticket_end_date":"","_tribe_ticket_show_description":"","_tribe_ticket_show_not_going":false,"_tribe_ticket_use_global_stock":"","_tribe_ticket_global_stock_level":"","_global_stock_mode":"","_global_stock_cap":"","_tribe_rsvp_for_event":"","_tribe_ticket_going_count":"","_tribe_ticket_not_going_count":"","_tribe_tickets_list":"[]","_tribe_ticket_has_attendee_info_fields":false,"footnotes":"","_tec_slr_enabled":"","_tec_slr_layout":""},"class_list":["post-1705","page","type-page","status-publish","hentry"],"acf":[],"ticketed":false,"_links":{"self":[{"href":"https:\/\/www.cai.cz\/index.php?rest_route=\/wp\/v2\/pages\/1705","targetHints":{"allow":["GET"]}}],"collection":[{"href":"https:\/\/www.cai.cz\/index.php?rest_route=\/wp\/v2\/pages"}],"about":[{"href":"https:\/\/www.cai.cz\/index.php?rest_route=\/wp\/v2\/types\/page"}],"author":[{"embeddable":true,"href":"https:\/\/www.cai.cz\/index.php?rest_route=\/wp\/v2\/users\/2"}],"replies":[{"embeddable":true,"href":"https:\/\/www.cai.cz\/index.php?rest_route=%2Fwp%2Fv2%2Fcomments&post=1705"}],"version-history":[{"count":13,"href":"https:\/\/www.cai.cz\/index.php?rest_route=\/wp\/v2\/pages\/1705\/revisions"}],"predecessor-version":[{"id":20085,"href":"https:\/\/www.cai.cz\/index.php?rest_route=\/wp\/v2\/pages\/1705\/revisions\/20085"}],"up":[{"embeddable":true,"href":"https:\/\/www.cai.cz\/index.php?rest_route=\/wp\/v2\/pages\/139"}],"wp:attachment":[{"href":"https:\/\/www.cai.cz\/index.php?rest_route=%2Fwp%2Fv2%2Fmedia&parent=1705"}],"curies":[{"name":"wp","href":"https:\/\/api.w.org\/{rel}","templated":true}]}}