{"id":1728,"date":"2018-09-12T15:49:21","date_gmt":"2018-09-12T13:49:21","guid":{"rendered":"http:\/\/srvwww1.cai.internal\/?page_id=1728"},"modified":"2024-04-08T09:38:17","modified_gmt":"2024-04-08T07:38:17","slug":"caste-dotazy","status":"publish","type":"page","link":"https:\/\/www.cai.cz\/?page_id=1728","title":{"rendered":"\u010cast\u00e9 dotazy"},"content":{"rendered":"\n<p><strong>Va\u0161e p\u0159\u00edpadn\u00e9 dotazy m\u016f\u017eete zas\u00edlat na mailovou adresu: <\/strong><a href=\"mailto:mail@cai.cz\"><strong>mail@cai.cz<\/strong><\/a>.<\/p>\n\n\n\n<h4 class=\"wp-block-heading\"><a href=\"https:\/\/www.cai.cz\/?page_id=1876\">&gt; Logo \u010cIA<\/a><\/h4>\n\n\n\n<h4 class=\"wp-block-heading\"><a href=\"https:\/\/www.cai.cz\/?page_id=2894\">&gt;  Pr\u00e1vn\u00ed ot\u00e1zky<\/a><\/h4>\n\n\n\n<h4 class=\"wp-block-heading\"><a href=\"https:\/\/www.cai.cz\/?page_id=2908\">&gt;  Akredita\u010dn\u00ed proces a GDPR<\/a><\/h4>\n\n\n\n<h4 class=\"wp-block-heading\"><a href=\"https:\/\/www.cai.cz\/?page_id=2916\">&gt;  Ot\u00e1zky k procesu akreditace<\/a><g class=\"gr_ gr_3 gr-alert gr_spell gr_inline_cards gr_run_anim ContextualSpelling ins-del multiReplace\" id=\"3\" data-gr-id=\"3\"><g class=\"gr_ gr_4 gr-alert gr_spell gr_inline_cards gr_run_anim ContextualSpelling\" id=\"4\" data-gr-id=\"4\"><\/g><\/g><\/h4>\n\n\n\n<h4 class=\"wp-block-heading\"><a href=\"https:\/\/www.cai.cz\/?page_id=2920\">&gt;  &#8222;Certifikace metodik&#8220;<\/a><g class=\"gr_ gr_4 gr-alert gr_spell gr_inline_cards gr_run_anim ContextualSpelling ins-del multiReplace\" id=\"4\" data-gr-id=\"4\"><\/g><\/h4>\n\n\n\n<h4 class=\"wp-block-heading\"><a href=\"https:\/\/www.cai.cz\/?page_id=2925\">&gt;  Registr smluv<\/a><\/h4>\n\n\n\n<h4><a href=\"https:\/\/www.cai.cz\/?page_id=15471\">&gt; Dotazy a odpov\u011bdi ze semin\u00e1\u0159\u016f \u010cIA<\/a><\/h4>\n","protected":false},"excerpt":{"rendered":"<p>Va\u0161e p\u0159\u00edpadn\u00e9 dotazy m\u016f\u017eete zas\u00edlat na mailovou adresu: mail@cai.cz. &gt; Logo \u010cIA &gt; Pr\u00e1vn\u00ed ot\u00e1zky &gt; Akredita\u010dn\u00ed proces a GDPR &gt; Ot\u00e1zky k procesu akreditace&hellip;<\/p>\n","protected":false},"author":2,"featured_media":0,"parent":0,"menu_order":0,"comment_status":"closed","ping_status":"closed","template":"","meta":{"_acf_changed":false,"_price":"","_stock":"","_tribe_ticket_header":"","_tribe_default_ticket_provider":"","_tribe_ticket_capacity":"0","_ticket_start_date":"","_ticket_end_date":"","_tribe_ticket_show_description":"","_tribe_ticket_show_not_going":false,"_tribe_ticket_use_global_stock":"","_tribe_ticket_global_stock_level":"","_global_stock_mode":"","_global_stock_cap":"","_tribe_rsvp_for_event":"","_tribe_ticket_going_count":"","_tribe_ticket_not_going_count":"","_tribe_tickets_list":"[]","_tribe_ticket_has_attendee_info_fields":false,"footnotes":"","_tec_slr_enabled":"","_tec_slr_layout":""},"class_list":["post-1728","page","type-page","status-publish","hentry"],"acf":[],"ticketed":false,"_links":{"self":[{"href":"https:\/\/www.cai.cz\/index.php?rest_route=\/wp\/v2\/pages\/1728","targetHints":{"allow":["GET"]}}],"collection":[{"href":"https:\/\/www.cai.cz\/index.php?rest_route=\/wp\/v2\/pages"}],"about":[{"href":"https:\/\/www.cai.cz\/index.php?rest_route=\/wp\/v2\/types\/page"}],"author":[{"embeddable":true,"href":"https:\/\/www.cai.cz\/index.php?rest_route=\/wp\/v2\/users\/2"}],"replies":[{"embeddable":true,"href":"https:\/\/www.cai.cz\/index.php?rest_route=%2Fwp%2Fv2%2Fcomments&post=1728"}],"version-history":[{"count":7,"href":"https:\/\/www.cai.cz\/index.php?rest_route=\/wp\/v2\/pages\/1728\/revisions"}],"predecessor-version":[{"id":18395,"href":"https:\/\/www.cai.cz\/index.php?rest_route=\/wp\/v2\/pages\/1728\/revisions\/18395"}],"wp:attachment":[{"href":"https:\/\/www.cai.cz\/index.php?rest_route=%2Fwp%2Fv2%2Fmedia&parent=1728"}],"curies":[{"name":"wp","href":"https:\/\/api.w.org\/{rel}","templated":true}]}}