{"id":17434,"date":"2023-09-20T13:54:52","date_gmt":"2023-09-20T11:54:52","guid":{"rendered":"https:\/\/www.cai.cz\/?page_id=17434"},"modified":"2025-01-03T15:03:38","modified_gmt":"2025-01-03T14:03:38","slug":"podminky-prace-s-cookies","status":"publish","type":"page","link":"https:\/\/www.cai.cz\/?page_id=17434","title":{"rendered":"Podm\u00ednky pr\u00e1ce s\u00a0cookies"},"content":{"rendered":"\n<p>Spole\u010dnost\u00a0<strong>\u010cesk\u00fd institut pro akreditaci, o.p.s.<\/strong>, I\u010c: 25677675, se s\u00eddlem H\u00e1jkova 2747\/22, \u017di\u017ekov, 130 00 Praha 3, (d\u00e1le jen \u201e\u010cIA\u201c) pou\u017e\u00edv\u00e1 cookies v souvislosti s provozem jej\u00edch webov\u00fdch str\u00e1nek cai.cz (d\u00e1le jen \u201e<strong>web<\/strong>\u201c).<\/p>\n<p>\u00da\u010delem tohoto dokumentu Podm\u00ednky pr\u00e1ce s cookies (d\u00e1le jen \u201e<strong>podm\u00ednky<\/strong>\u201c) je sezn\u00e1mit V\u00e1s se zp\u016fsobem nakl\u00e1d\u00e1n\u00ed s cookies, s t\u00edm souvisej\u00edc\u00edm zpracov\u00e1n\u00edm osobn\u00edch \u00fadaj\u016f a d\u00e1le V\u00e1m poskytnout p\u0159ehled v\u0161ech Va\u0161ich pr\u00e1v ve smyslu z\u00e1kona \u010d. 127\/2005 Sb., o elektronick\u00fdch komunikac\u00edch (d\u00e1le jen \u201e<strong>ZEK<\/strong>\u201c) a ve smyslu na\u0159\u00edzen\u00ed \u010d. 2016\/679, obecn\u00e9 na\u0159\u00edzen\u00ed o ochran\u011b osobn\u00edch \u00fadaj\u016f (d\u00e1le jen \u201e<strong>GDPR<\/strong>\u201c). Jako n\u00e1v\u0161t\u011bvn\u00edk webu jste povinen si tyto podm\u00ednky p\u0159e\u010d\u00edst a v p\u0159\u00edpad\u011b, \u017ee nerozum\u00edte n\u011bkter\u00e9 informaci \u010di pokud budete cokoli pot\u0159ebovat, m\u016f\u017eete se na \u010cIA obr\u00e1tit p\u0159es email: <a href=\"mailto:mail@cai.cz\">mail@cai.cz<\/a>.<\/p>\n<p><strong>Co jsou cookies?<\/strong><\/p>\n<p>Soubory cookie pou\u017e\u00edv\u00e1me k anal\u00fdze \u00fadaj\u016f o na\u0161ich n\u00e1v\u0161t\u011bvn\u00edc\u00edch, ke zlep\u0161en\u00ed na\u0161ich webov\u00fdch str\u00e1nek, zobrazen\u00ed personalizovan\u00e9ho obsahu a k tomu, abychom v\u00e1m poskytli skv\u011bl\u00fd z\u00e1\u017eitek z webu.<\/p>\n<p><strong>Funk\u010dn\u00ed cookies<\/strong><\/p>\n<p>Tyto soubory cookie jsou nezbytn\u00e9 pro fungov\u00e1n\u00ed webov\u00fdch str\u00e1nek, nen\u00ed tedy mo\u017en\u00e9 je zak\u00e1zat. Obvykle se nastavuj\u00ed v reakci na akci, kterou na webu sami provedete, jako je nastaven\u00ed zabezpe\u010den\u00ed, p\u0159ihl\u00e1\u0161en\u00ed a vypl\u0148ov\u00e1n\u00ed formul\u00e1\u0159\u016f. Sv\u016fj prohl\u00ed\u017ee\u010d m\u016f\u017eete nastavit tak, aby blokoval soubory cookie nebo o nich zas\u00edlal upozorn\u011bn\u00ed. M\u011bjte na pam\u011bti, \u017ee n\u011bkter\u00e9 str\u00e1nky nebudou bez t\u011bchto soubor\u016f fungovat. Tyto soubory cookie neukl\u00e1daj\u00ed \u017e\u00e1dn\u00e9 informace, kter\u00e9 lze p\u0159i\u0159adit konkr\u00e9tn\u00ed osob\u011b. Tyto soubory cookie m\u016f\u017eeme nastavit my nebo poskytovatel\u00e9 t\u0159et\u00edch stran, jejich\u017e slu\u017eby na webu vyu\u017e\u00edv\u00e1me.<\/p>\n<p><strong><\/strong><\/p>\n<table style=\"width: 100%; height: 100px;\">\n<tbody>\n<tr style=\"height: 20px;\">\n<td style=\"height: 20px; width: 9.7619%;\"><strong>Cookie<\/strong><\/td>\n<td style=\"height: 20px; width: 90.2381%;\"><strong>gcc_cookie<\/strong><\/td>\n<\/tr>\n<tr style=\"height: 20px;\">\n<td style=\"height: 20px; width: 9.7619%;\">Dom\u00e9na<\/td>\n<td style=\"height: 20px; width: 90.2381%;\">cai.cz<\/td>\n<\/tr>\n<tr style=\"height: 20px;\">\n<td style=\"height: 20px; width: 9.7619%;\">Platnost<\/td>\n<td style=\"height: 20px; width: 90.2381%;\">6 m\u011bs\u00edc\u016f<\/td>\n<\/tr>\n<tr style=\"height: 20px;\">\n<td style=\"height: 20px; width: 9.7619%;\">Popis<\/td>\n<td style=\"height: 20px; width: 90.2381%;\">Ukl\u00e1d\u00e1 souhlas u\u017eivatele s pou\u017e\u00edv\u00e1n\u00edm cookies.<\/td>\n<\/tr>\n<tr style=\"height: 20px;\">\n<td style=\"height: 20px; width: 9.7619%;\">Zpracovatel<\/td>\n<td style=\"height: 20px; width: 90.2381%;\">GDPR Cookie Compliance<\/td>\n<\/tr>\n<\/tbody>\n<\/table>\n<p><strong>Analytick\u00e9 cookies<\/strong><\/p>\n<p>Tyto soubory cookie se pou\u017e\u00edvaj\u00ed ke zlep\u0161en\u00ed fungov\u00e1n\u00ed webov\u00fdch str\u00e1nek. Umo\u017e\u0148uj\u00ed n\u00e1m rozpoznat a sledovat po\u010det n\u00e1v\u0161t\u011bvn\u00edk\u016f a sledovat, jak n\u00e1v\u0161t\u011bvn\u00edci web pou\u017e\u00edvaj\u00ed. Pom\u00e1haj\u00ed n\u00e1m zlep\u0161ovat zp\u016fsob, jak\u00fdm webov\u00e9 str\u00e1nky funguj\u00ed, nap\u0159\u00edklad t\u00edm, \u017ee u\u017eivatel\u016fm umo\u017e\u0148uj\u00ed snadno naj\u00edt to, co hledaj\u00ed. Tyto soubory cookie neshroma\u017e\u010fuj\u00ed informace, kter\u00e9 by v\u00e1s mohly identifikovat. Pomoc\u00ed t\u011bchto n\u00e1stroj\u016f analyzujeme a pravideln\u011b zlep\u0161ujeme funk\u010dnost na\u0161ich webov\u00fdch str\u00e1nek. Z\u00edskan\u00e9 statistiky m\u016f\u017eeme vyu\u017e\u00edt ke zlep\u0161en\u00ed u\u017eivatelsk\u00e9ho komfortu a k tomu, aby byla n\u00e1v\u0161t\u011bva webu pro v\u00e1s jako u\u017eivatele zaj\u00edmav\u011bj\u0161\u00ed. Tyto analytick\u00e9 soubory cookie budou pou\u017eity pouze s va\u0161\u00edm souhlasem.<\/p>\n<p><\/p>\n<table style=\"width: 100%; height: 100px;\">\n<tbody>\n<tr style=\"height: 20px;\">\n<td style=\"width: 9.88095%; height: 20px;\"><strong>Cookie<\/strong><\/td>\n<td style=\"width: 90.119%; height: 20px;\"><strong>_ga<\/strong><\/td>\n<\/tr>\n<tr style=\"height: 20px;\">\n<td style=\"width: 9.88095%; height: 20px;\">Dom\u00e9na<\/td>\n<td style=\"width: 90.119%; height: 20px;\">cai.cz<\/td>\n<\/tr>\n<tr style=\"height: 20px;\">\n<td style=\"width: 9.88095%; height: 20px;\">Platnost<\/td>\n<td style=\"width: 90.119%; height: 20px;\">1 minuta<\/td>\n<\/tr>\n<tr style=\"height: 20px;\">\n<td style=\"width: 9.88095%; height: 20px;\">Popis<\/td>\n<td style=\"width: 90.119%; height: 20px;\">Slou\u017e\u00ed ke sledov\u00e1n\u00ed po\u010dtu po\u017eadavk\u016f serveru Google Analytics p\u0159i pou\u017eit\u00ed n\u00e1stroje Google Tag Manager.<\/td>\n<\/tr>\n<tr style=\"height: 20px;\">\n<td style=\"width: 9.88095%; height: 20px;\">Zpracovatel<\/td>\n<td style=\"width: 90.119%; height: 20px;\">Google<\/td>\n<\/tr>\n<\/tbody>\n<\/table>\n<p><strong style=\"font-size: revert;\">Pou\u010den\u00ed o Va\u0161ich pr\u00e1vech a mo\u017enosti je uplatnit<\/strong><\/p>\n<p>Proti prov\u00e1d\u011bn\u00ed p\u0159\u00edm\u00e9ho marketingu m\u016f\u017eete kdykoliv podat n\u00e1mitky. Nastaven\u00ed je mo\u017eno zm\u011bnit po kliknut\u00ed na tla\u010d\u00edtko \u201eOzuben\u00e9ho kola\u201c v lev\u00e9m doln\u00edm rohu obrazovky. V\u011bt\u0161ina internetov\u00fdch prohl\u00ed\u017ee\u010d\u016f tak\u00e9 umo\u017e\u0148uje prost\u0159ednictv\u00edm sv\u00e9ho nastaven\u00ed kontrolovat v\u011bt\u0161inu druh\u016f cookies. M\u016f\u017eete si tedy prohl\u00ed\u017ee\u010d nastavit tak, aby V\u00e1s informoval o p\u0159ijet\u00ed cookies a m\u016f\u017eete se rozhodnout, zda pou\u017eit\u00ed cookies potvrd\u00edte nebo nikoliv. M\u016f\u017eete tak\u00e9 cookies zcela vypnout nebo zak\u00e1zat. V\u00edce informac\u00ed naleznete v n\u00e1pov\u011bd\u011b ke sv\u00e9mu prohl\u00ed\u017ee\u010di. Cookies, kter\u00e9 jsou ji\u017e ulo\u017een\u00e9, m\u016f\u017eete pr\u016fb\u011b\u017en\u011b mazat ze sv\u00e9ho po\u010d\u00edta\u010de. Nastaven\u00edm v r\u00e1mci cookies li\u0161ty je ud\u011blen souhlas a m\u016f\u017ee j\u00edm b\u00fdt tak\u00e9 odvol\u00e1n. Souhlas, kter\u00fd jste \u010cIA, jako\u017eto spr\u00e1vci, t\u00edmto dobrovoln\u011b ud\u011blil, je mo\u017en\u00e9 kdykoliv bezplatn\u011b odvolat.<\/p>\n<p><strong>K t\u011bmto podm\u00ednk\u00e1m<\/strong><\/p>\n<p>Tento dokument nab\u00fdv\u00e1 \u00fa\u010dinnosti dne 18. 9. 2023. Spole\u010dnost \u010cIA je opr\u00e1vn\u011bna v p\u0159\u00edpad\u011b pot\u0159eby tyto podm\u00ednky aktualizovat. P\u0159i prohl\u00ed\u017een\u00ed na\u0161ich internetov\u00fdch str\u00e1nek se v\u017edy informujte o aktu\u00e1ln\u00edm zn\u011bn\u00ed t\u011bchto podm\u00ednek. Nov\u00e9 zn\u011bn\u00ed je \u00fa\u010dinn\u00e9 zve\u0159ejn\u011bn\u00edm. To je v\u017edy zobrazeno na na\u0161ich internetov\u00fdch str\u00e1nk\u00e1ch a je tak umo\u017en\u011bna jeho archivace a reprodukce.<\/p>\n<hr class=\"wp-block-separator has-alpha-channel-opacity is-style-wide\" \/>\n<p><strong>POKRA\u010cOVAT D\u00c1L:\u00a0<\/strong>\u00a0<br \/><a href=\"https:\/\/www.cai.cz\/?page_id=1746\" target=\"_blank\" rel=\"noreferrer noopener\"><span style=\"text-decoration: underline;\">\u00da\u0159edn\u00ed deska<\/span><\/a> \u00a0\u00a0&gt; \u00a0\u00a0<br \/><a href=\"https:\/\/www.cai.cz\/?page_id=1762\" target=\"_blank\" rel=\"noreferrer noopener\">Povinn\u011b zve\u0159ej\u0148ovan\u00e9 informace<\/a> \u00a0\u00a0<a href=\"https:\/\/www.cai.cz\/?page_id=12473\" target=\"_blank\" rel=\"noreferrer noopener\">Prohl\u00e1\u0161en\u00ed o p\u0159\u00edstupnosti<\/a> \u00a0\u00a0<a href=\"https:\/\/www.cai.cz\/?page_id=1774\" target=\"_blank\" rel=\"noreferrer noopener\">Ochrana osobn\u00edch \u00fadaj\u016f<\/a> \u00a0\u00a0<a href=\"https:\/\/www.cai.cz\/?page_id=1748\" target=\"_blank\" rel=\"noreferrer noopener\">Informace poskytnut\u00e9 dle z\u00e1kona \u010d. 106\/1999 Sb.<\/a><br \/><br \/><span style=\"text-decoration: underline;\"><a href=\"https:\/\/www.cai.cz\/?page_id=23\" target=\"_blank\" rel=\"noreferrer noopener\">O n\u00e1s<\/a><\/span> \u00a0\u00a0&gt; \u00a0\u00a0<br \/><span style=\"text-decoration: underline;\"><a href=\"https:\/\/www.cai.cz\/?page_id=1920\" target=\"_blank\" rel=\"noreferrer noopener\">Statut\u00e1rn\u00ed dokumenty<\/a><\/span> \u00a0\u00a0<span style=\"text-decoration: underline;\"><a href=\"https:\/\/www.cai.cz\/?page_id=1923\" target=\"_blank\" rel=\"noreferrer noopener\">Org\u00e1ny \u010cIA<\/a><\/span> \u00a0\u00a0<a href=\"https:\/\/www.cai.cz\/?page_id=2211\" target=\"_blank\" rel=\"noreferrer noopener\"><span style=\"text-decoration: underline;\">Poradn\u00ed org\u00e1ny \u010cIA<\/span><\/a> \u00a0\u00a0<span style=\"text-decoration: underline;\"><a href=\"https:\/\/www.cai.cz\/?page_id=1925\" target=\"_blank\" rel=\"noreferrer noopener\">V\u00fdro\u010dn\u00ed zpr\u00e1vy<\/a><\/span> \u00a0\u00a0<a href=\"https:\/\/www.cai.cz\/?page_id=1765\" target=\"_blank\" rel=\"noreferrer noopener\">Legislativa<\/a> \u00a0\u00a0<a href=\"https:\/\/www.cai.cz\/?page_id=1963\" target=\"_blank\" rel=\"noreferrer noopener\"><span style=\"text-decoration: underline;\">Publikace<\/span><\/a> \u00a0\u00a0<span style=\"text-decoration: underline;\"><a href=\"https:\/\/www.cai.cz\/?page_id=1753\" target=\"_blank\" rel=\"noreferrer noopener\">CTN<\/a><\/span> \u00a0\u00a0<a href=\"https:\/\/www.cai.cz\/?page_id=1768\" target=\"_blank\" rel=\"noreferrer noopener\"><span style=\"text-decoration: underline;\">Pracovn\u00ed nab\u00eddky<\/span><\/a> \u00a0\u00a0<span style=\"text-decoration: underline;\"><a href=\"https:\/\/www.cai.cz\/?page_id=1771\" target=\"_blank\" rel=\"noreferrer noopener\">Ve\u0159ejn\u00e9 projedn\u00e1v\u00e1n\u00ed<\/a><\/span> \u00a0\u00a0<br \/><span style=\"text-decoration: underline;\"><a href=\"https:\/\/www.cai.cz\/?page_id=1928\" target=\"_blank\" rel=\"noreferrer noopener\">Vz\u00e1jemn\u00e9 hodnocen\u00ed<\/a><\/span> \u00a0\u00a0<span style=\"text-decoration: underline;\"><a href=\"https:\/\/www.cai.cz\/?page_id=15395\" target=\"_blank\" rel=\"noreferrer noopener\">Ochrana oznamovatel\u016f<\/a><\/span> \u00a0\u00a0<span style=\"text-decoration: underline;\"><a href=\"https:\/\/www.cai.cz\/?page_id=19432\" target=\"_blank\" rel=\"noreferrer noopener\">Intern\u00ed protikorup\u010dn\u00ed program<\/a><\/span> \u00a0\u00a0<span style=\"text-decoration: underline;\"><a href=\"https:\/\/www.cai.cz\/?page_id=17508\" target=\"_blank\" rel=\"noreferrer noopener\">Politika nestrannosti<\/a><\/span> \u00a0\u00a0<span style=\"text-decoration: underline;\"><a href=\"https:\/\/www.cai.cz\/?page_id=1777\">Odkazy<\/a><\/span><\/p>\n\n","protected":false},"excerpt":{"rendered":"","protected":false},"author":8,"featured_media":0,"parent":0,"menu_order":0,"comment_status":"closed","ping_status":"closed","template":"","meta":{"_acf_changed":false,"_price":"","_stock":"","_tribe_ticket_header":"","_tribe_default_ticket_provider":"","_tribe_ticket_capacity":"0","_ticket_start_date":"","_ticket_end_date":"","_tribe_ticket_show_description":"","_tribe_ticket_show_not_going":false,"_tribe_ticket_use_global_stock":"","_tribe_ticket_global_stock_level":"","_global_stock_mode":"","_global_stock_cap":"","_tribe_rsvp_for_event":"","_tribe_ticket_going_count":"","_tribe_ticket_not_going_count":"","_tribe_tickets_list":"[]","_tribe_ticket_has_attendee_info_fields":false,"footnotes":"","_tec_slr_enabled":"","_tec_slr_layout":""},"class_list":["post-17434","page","type-page","status-publish","hentry"],"acf":[],"ticketed":false,"_links":{"self":[{"href":"https:\/\/www.cai.cz\/index.php?rest_route=\/wp\/v2\/pages\/17434","targetHints":{"allow":["GET"]}}],"collection":[{"href":"https:\/\/www.cai.cz\/index.php?rest_route=\/wp\/v2\/pages"}],"about":[{"href":"https:\/\/www.cai.cz\/index.php?rest_route=\/wp\/v2\/types\/page"}],"author":[{"embeddable":true,"href":"https:\/\/www.cai.cz\/index.php?rest_route=\/wp\/v2\/users\/8"}],"replies":[{"embeddable":true,"href":"https:\/\/www.cai.cz\/index.php?rest_route=%2Fwp%2Fv2%2Fcomments&post=17434"}],"version-history":[{"count":11,"href":"https:\/\/www.cai.cz\/index.php?rest_route=\/wp\/v2\/pages\/17434\/revisions"}],"predecessor-version":[{"id":19603,"href":"https:\/\/www.cai.cz\/index.php?rest_route=\/wp\/v2\/pages\/17434\/revisions\/19603"}],"wp:attachment":[{"href":"https:\/\/www.cai.cz\/index.php?rest_route=%2Fwp%2Fv2%2Fmedia&parent=17434"}],"curies":[{"name":"wp","href":"https:\/\/api.w.org\/{rel}","templated":true}]}}