{"id":1746,"date":"2018-09-26T16:20:38","date_gmt":"2018-09-26T14:20:38","guid":{"rendered":"http:\/\/srvwww1.cai.internal\/?page_id=1746"},"modified":"2024-12-19T10:28:53","modified_gmt":"2024-12-19T09:28:53","slug":"uredni-deska","status":"publish","type":"page","link":"https:\/\/www.cai.cz\/?page_id=1746","title":{"rendered":"\u00da\u0159edn\u00ed deska"},"content":{"rendered":"<p>Na \u00fa\u0159edn\u00ed desce (\u00a7 26 spr\u00e1vn\u00edho \u0159\u00e1du) jsou vyv\u011b\u0161ov\u00e1ny a zve\u0159ej\u0148ov\u00e1ny p\u00edsemnosti a skute\u010dnosti v p\u0159\u00edpadech, kdy je to podle spr\u00e1vn\u00edho \u0159\u00e1du nezbytn\u00e9.<\/p>\n<p><a href=\"https:\/\/www.cai.cz\/wp-content\/uploads\/2018\/10\/9974_sdeleni-1.pdf\" target=\"_blank\" rel=\"noopener\"><span style=\"text-decoration: underline;\">Sd\u011blen\u00ed o doru\u010dov\u00e1n\u00ed do datov\u00e9 schr\u00e1nky.<\/span><\/a><\/p>\n\n\n<hr class=\"wp-block-separator has-alpha-channel-opacity is-style-wide\"\/>\n\n\n\n<p><strong>POKRA\u010cOVAT D\u00c1L:\u00a0<\/strong>\u00a0<br><a rel=\"noreferrer noopener\" href=\"https:\/\/www.cai.cz\/?page_id=1746\" target=\"_blank\"><span style=\"text-decoration: underline;\">\u00da\u0159edn\u00ed deska<\/span><\/a>   \u00a0\u00a0>   \u00a0\u00a0<br><a rel=\"noreferrer noopener\" href=\"https:\/\/www.cai.cz\/?page_id=1762\" target=\"_blank\">Povinn\u011b zve\u0159ej\u0148ovan\u00e9 informace<\/a>   \u00a0\u00a0<a rel=\"noreferrer noopener\" href=\"https:\/\/www.cai.cz\/?page_id=12473\" target=\"_blank\">Prohl\u00e1\u0161en\u00ed o p\u0159\u00edstupnosti<\/a>   \u00a0\u00a0<a rel=\"noreferrer noopener\" href=\"https:\/\/www.cai.cz\/?page_id=1774\" target=\"_blank\">Ochrana osobn\u00edch \u00fadaj\u016f<\/a>   \u00a0\u00a0<a rel=\"noreferrer noopener\" href=\"https:\/\/www.cai.cz\/?page_id=1748\" target=\"_blank\">Informace poskytnut\u00e9 dle z\u00e1kona \u010d. 106\/1999 Sb.<\/a>   \u00a0\u00a0<a rel=\"noreferrer noopener\" href=\"https:\/\/www.cai.cz\/?page_id=17434\" target=\"_blank\">Podm\u00ednky pr\u00e1ce s\u00a0cookies<\/a><br><br><span style=\"text-decoration: underline;\"><a rel=\"noreferrer noopener\" href=\"https:\/\/www.cai.cz\/?page_id=23\" target=\"_blank\">O n\u00e1s<\/a><\/span>   \u00a0\u00a0>   \u00a0\u00a0<br><span style=\"text-decoration: underline;\"><a rel=\"noreferrer noopener\" href=\"https:\/\/www.cai.cz\/?page_id=1920\" target=\"_blank\">Statut\u00e1rn\u00ed dokumenty<\/a><\/span>   \u00a0\u00a0<span style=\"text-decoration: underline;\"><a rel=\"noreferrer noopener\" href=\"https:\/\/www.cai.cz\/?page_id=1923\" target=\"_blank\">Org\u00e1ny \u010cIA<\/a><\/span>   \u00a0\u00a0<a rel=\"noreferrer noopener\" href=\"https:\/\/www.cai.cz\/?page_id=2211\" target=\"_blank\"><span style=\"text-decoration: underline;\">Poradn\u00ed org\u00e1ny \u010cIA<\/span><\/a>   \u00a0\u00a0<span style=\"text-decoration: underline;\"><a rel=\"noreferrer noopener\" href=\"https:\/\/www.cai.cz\/?page_id=1925\" target=\"_blank\">V\u00fdro\u010dn\u00ed zpr\u00e1vy<\/a><\/span>   \u00a0\u00a0<a rel=\"noreferrer noopener\" href=\"https:\/\/www.cai.cz\/?page_id=1765\" target=\"_blank\">Legislativa<\/a>   \u00a0\u00a0<a rel=\"noreferrer noopener\" href=\"https:\/\/www.cai.cz\/?page_id=1963\" target=\"_blank\"><span style=\"text-decoration: underline;\">Publikace<\/span><\/a>   \u00a0\u00a0<span style=\"text-decoration: underline;\"><a rel=\"noreferrer noopener\" href=\"https:\/\/www.cai.cz\/?page_id=1753\" target=\"_blank\">CTN<\/a><\/span>   \u00a0\u00a0<a rel=\"noreferrer noopener\" href=\"https:\/\/www.cai.cz\/?page_id=1768\" target=\"_blank\"><span style=\"text-decoration: underline;\">Pracovn\u00ed nab\u00eddky<\/span><\/a>   \u00a0\u00a0<span style=\"text-decoration: underline;\"><a rel=\"noreferrer noopener\" href=\"https:\/\/www.cai.cz\/?page_id=1771\" target=\"_blank\">Ve\u0159ejn\u00e9 projedn\u00e1v\u00e1n\u00ed<\/a><\/span>   \u00a0\u00a0<br><span style=\"text-decoration: underline;\"><a rel=\"noreferrer noopener\" href=\"https:\/\/www.cai.cz\/?page_id=1928\" target=\"_blank\">Vz\u00e1jemn\u00e9 hodnocen\u00ed<\/a><\/span>   \u00a0\u00a0<span style=\"text-decoration: underline;\"><a rel=\"noreferrer noopener\" href=\"https:\/\/www.cai.cz\/?page_id=15395\" target=\"_blank\">Ochrana oznamovatel\u016f<\/a><\/span>   \u00a0\u00a0<span style=\"text-decoration: underline;\"><a rel=\"noreferrer noopener\" href=\"https:\/\/www.cai.cz\/?page_id=19432\" target=\"_blank\">Intern\u00ed protikorup\u010dn\u00ed program<\/a><\/span>   \u00a0\u00a0<span style=\"text-decoration: underline;\"><a rel=\"noreferrer noopener\" href=\"https:\/\/www.cai.cz\/?page_id=17508\" target=\"_blank\">Politika nestrannosti<\/a><\/span>   \u00a0\u00a0<span style=\"text-decoration: underline;\"><a href=\"https:\/\/www.cai.cz\/?page_id=1777\">Odkazy<\/a><\/span><\/p>\n","protected":false},"excerpt":{"rendered":"<p>Na \u00fa\u0159edn\u00ed desce (\u00a7 26 spr\u00e1vn\u00edho \u0159\u00e1du) jsou vyv\u011b\u0161ov\u00e1ny a zve\u0159ej\u0148ov\u00e1ny p\u00edsemnosti a skute\u010dnosti v p\u0159\u00edpadech, kdy je to podle spr\u00e1vn\u00edho \u0159\u00e1du nezbytn\u00e9. Sd\u011blen\u00ed o&hellip;<\/p>\n","protected":false},"author":2,"featured_media":0,"parent":23,"menu_order":1,"comment_status":"closed","ping_status":"closed","template":"","meta":{"_acf_changed":false,"_price":"","_stock":"","_tribe_ticket_header":"","_tribe_default_ticket_provider":"","_tribe_ticket_capacity":"0","_ticket_start_date":"","_ticket_end_date":"","_tribe_ticket_show_description":"","_tribe_ticket_show_not_going":false,"_tribe_ticket_use_global_stock":"","_tribe_ticket_global_stock_level":"","_global_stock_mode":"","_global_stock_cap":"","_tribe_rsvp_for_event":"","_tribe_ticket_going_count":"","_tribe_ticket_not_going_count":"","_tribe_tickets_list":"[]","_tribe_ticket_has_attendee_info_fields":false,"footnotes":"","_tec_slr_enabled":"","_tec_slr_layout":""},"class_list":["post-1746","page","type-page","status-publish","hentry"],"acf":[],"ticketed":false,"_links":{"self":[{"href":"https:\/\/www.cai.cz\/index.php?rest_route=\/wp\/v2\/pages\/1746","targetHints":{"allow":["GET"]}}],"collection":[{"href":"https:\/\/www.cai.cz\/index.php?rest_route=\/wp\/v2\/pages"}],"about":[{"href":"https:\/\/www.cai.cz\/index.php?rest_route=\/wp\/v2\/types\/page"}],"author":[{"embeddable":true,"href":"https:\/\/www.cai.cz\/index.php?rest_route=\/wp\/v2\/users\/2"}],"replies":[{"embeddable":true,"href":"https:\/\/www.cai.cz\/index.php?rest_route=%2Fwp%2Fv2%2Fcomments&post=1746"}],"version-history":[{"count":15,"href":"https:\/\/www.cai.cz\/index.php?rest_route=\/wp\/v2\/pages\/1746\/revisions"}],"predecessor-version":[{"id":19486,"href":"https:\/\/www.cai.cz\/index.php?rest_route=\/wp\/v2\/pages\/1746\/revisions\/19486"}],"up":[{"embeddable":true,"href":"https:\/\/www.cai.cz\/index.php?rest_route=\/wp\/v2\/pages\/23"}],"wp:attachment":[{"href":"https:\/\/www.cai.cz\/index.php?rest_route=%2Fwp%2Fv2%2Fmedia&parent=1746"}],"curies":[{"name":"wp","href":"https:\/\/api.w.org\/{rel}","templated":true}]}}