{"id":17508,"date":"2023-10-16T08:52:23","date_gmt":"2023-10-16T06:52:23","guid":{"rendered":"https:\/\/www.cai.cz\/?page_id=17508"},"modified":"2024-12-19T10:59:04","modified_gmt":"2024-12-19T09:59:04","slug":"politika-nestranosti","status":"publish","type":"page","link":"https:\/\/www.cai.cz\/?page_id=17508","title":{"rendered":"Politika nestrannosti"},"content":{"rendered":"\n<blockquote>\n<ul>\n<li>Vrcholov\u00e9 veden\u00ed se zavazuje k udr\u017eov\u00e1n\u00ed nestrannosti p\u0159i poskytov\u00e1n\u00ed akreditace,<\/li>\n<li>vrcholov\u00e9 veden\u00ed ch\u00e1pe komer\u010dn\u00ed, finan\u010dn\u00ed a jin\u00e9 tlaky, kter\u00e9 by mohly ovlivnit jeho \u00fasudek nebo v\u00fdsledek \u010dinnosti, na d\u016fle\u017eitost nestrannosti p\u0159i poskytov\u00e1n\u00ed akreditace,<\/li>\n<li>vrcholov\u00e9 veden\u00ed zvl\u00e1d\u00e1 p\u0159\u00edpadn\u00fd st\u0159et z\u00e1jm\u016f a zaji\u0161\u0165uje objektivnost sv\u00e9 \u010dinnosti.<\/li>\n<\/ul>\n<\/blockquote>\n\n\n\n<hr class=\"wp-block-separator has-alpha-channel-opacity is-style-wide\"\/>\n\n\n\n<p><strong>POKRA\u010cOVAT D\u00c1L:&nbsp;<\/strong>&nbsp;<br><a rel=\"noreferrer noopener\" href=\"https:\/\/www.cai.cz\/?page_id=1746\" target=\"_blank\"><span style=\"text-decoration: underline;\">\u00da\u0159edn\u00ed deska<\/span><\/a>   &nbsp;&nbsp;<span style=\"text-decoration: underline;\"><a rel=\"noreferrer noopener\" href=\"https:\/\/www.cai.cz\/?page_id=1920\" target=\"_blank\">Statut\u00e1rn\u00ed dokumenty<\/a><\/span>   &nbsp;&nbsp;<span style=\"text-decoration: underline;\"><a rel=\"noreferrer noopener\" href=\"https:\/\/www.cai.cz\/?page_id=1923\" target=\"_blank\">Org\u00e1ny \u010cIA<\/a><\/span>   &nbsp;&nbsp;<a rel=\"noreferrer noopener\" href=\"https:\/\/www.cai.cz\/?page_id=2211\" target=\"_blank\"><span style=\"text-decoration: underline;\">Poradn\u00ed org\u00e1ny \u010cIA<\/span><\/a>   &nbsp;&nbsp;<span style=\"text-decoration: underline;\"><a rel=\"noreferrer noopener\" href=\"https:\/\/www.cai.cz\/?page_id=1925\" target=\"_blank\">V\u00fdro\u010dn\u00ed zpr\u00e1vy<\/a><\/span>   &nbsp;&nbsp;<a href=\"https:\/\/www.cai.cz\/?page_id=1765\" target=\"_blank\" rel=\"noreferrer noopener\">Legislativa<\/a>   &nbsp;&nbsp;<a rel=\"noreferrer noopener\" href=\"https:\/\/www.cai.cz\/?page_id=1963\" target=\"_blank\"><span style=\"text-decoration: underline;\">Publikace<\/span><\/a>   &nbsp;&nbsp;<span style=\"text-decoration: underline;\"><a rel=\"noreferrer noopener\" href=\"https:\/\/www.cai.cz\/?page_id=1753\" target=\"_blank\">CTN<\/a><\/span>   &nbsp;&nbsp;<a rel=\"noreferrer noopener\" href=\"https:\/\/www.cai.cz\/?page_id=1768\" target=\"_blank\"><span style=\"text-decoration: underline;\">Pracovn\u00ed nab\u00eddky<\/span><\/a>   &nbsp;&nbsp;<span style=\"text-decoration: underline;\"><a rel=\"noreferrer noopener\" href=\"https:\/\/www.cai.cz\/?page_id=1771\" target=\"_blank\">Ve\u0159ejn\u00e9 projedn\u00e1v\u00e1n\u00ed<\/a><\/span>   &nbsp;&nbsp;<br><span style=\"text-decoration: underline;\"><a rel=\"noreferrer noopener\" href=\"https:\/\/www.cai.cz\/?page_id=1928\" target=\"_blank\">Vz\u00e1jemn\u00e9 hodnocen\u00ed<\/a><\/span>   &nbsp;&nbsp;<span style=\"text-decoration: underline;\"><a rel=\"noreferrer noopener\" href=\"https:\/\/www.cai.cz\/?page_id=15395\" target=\"_blank\">Ochrana oznamovatel\u016f<\/a><\/span>   &nbsp;&nbsp;<span style=\"text-decoration: underline;\"><a rel=\"noreferrer noopener\" href=\"https:\/\/www.cai.cz\/?page_id=19432\" target=\"_blank\">Intern\u00ed protikorup\u010dn\u00ed program<\/a><\/span>   &nbsp;&nbsp;<span style=\"text-decoration: underline;\"><a href=\"https:\/\/www.cai.cz\/?page_id=1777\">Odkazy<\/a><\/span><\/p>\n","protected":false},"excerpt":{"rendered":"<p>Vrcholov\u00e9 veden\u00ed se zavazuje k udr\u017eov\u00e1n\u00ed nestrannosti p\u0159i poskytov\u00e1n\u00ed akreditace, vrcholov\u00e9 veden\u00ed ch\u00e1pe komer\u010dn\u00ed, finan\u010dn\u00ed a jin\u00e9 tlaky, kter\u00e9 by mohly ovlivnit jeho \u00fasudek nebo&hellip;<\/p>\n","protected":false},"author":2,"featured_media":0,"parent":23,"menu_order":0,"comment_status":"closed","ping_status":"closed","template":"","meta":{"_acf_changed":false,"_price":"","_stock":"","_tribe_ticket_header":"","_tribe_default_ticket_provider":"","_tribe_ticket_capacity":"0","_ticket_start_date":"","_ticket_end_date":"","_tribe_ticket_show_description":"","_tribe_ticket_show_not_going":false,"_tribe_ticket_use_global_stock":"","_tribe_ticket_global_stock_level":"","_global_stock_mode":"","_global_stock_cap":"","_tribe_rsvp_for_event":"","_tribe_ticket_going_count":"","_tribe_ticket_not_going_count":"","_tribe_tickets_list":"[]","_tribe_ticket_has_attendee_info_fields":false,"footnotes":"","_tec_slr_enabled":"","_tec_slr_layout":""},"class_list":["post-17508","page","type-page","status-publish","hentry"],"acf":[],"ticketed":false,"_links":{"self":[{"href":"https:\/\/www.cai.cz\/index.php?rest_route=\/wp\/v2\/pages\/17508","targetHints":{"allow":["GET"]}}],"collection":[{"href":"https:\/\/www.cai.cz\/index.php?rest_route=\/wp\/v2\/pages"}],"about":[{"href":"https:\/\/www.cai.cz\/index.php?rest_route=\/wp\/v2\/types\/page"}],"author":[{"embeddable":true,"href":"https:\/\/www.cai.cz\/index.php?rest_route=\/wp\/v2\/users\/2"}],"replies":[{"embeddable":true,"href":"https:\/\/www.cai.cz\/index.php?rest_route=%2Fwp%2Fv2%2Fcomments&post=17508"}],"version-history":[{"count":5,"href":"https:\/\/www.cai.cz\/index.php?rest_route=\/wp\/v2\/pages\/17508\/revisions"}],"predecessor-version":[{"id":19518,"href":"https:\/\/www.cai.cz\/index.php?rest_route=\/wp\/v2\/pages\/17508\/revisions\/19518"}],"up":[{"embeddable":true,"href":"https:\/\/www.cai.cz\/index.php?rest_route=\/wp\/v2\/pages\/23"}],"wp:attachment":[{"href":"https:\/\/www.cai.cz\/index.php?rest_route=%2Fwp%2Fv2%2Fmedia&parent=17508"}],"curies":[{"name":"wp","href":"https:\/\/api.w.org\/{rel}","templated":true}]}}