{"id":1753,"date":"2018-09-26T16:23:40","date_gmt":"2018-09-26T14:23:40","guid":{"rendered":"http:\/\/srvwww1.cai.internal\/?page_id=1753"},"modified":"2025-12-04T11:59:51","modified_gmt":"2025-12-04T10:59:51","slug":"ctn","status":"publish","type":"page","link":"https:\/\/www.cai.cz\/?page_id=1753","title":{"rendered":"CTN"},"content":{"rendered":"\n<p><strong>\u010cesk\u00fd institut pro akreditaci, o.p.s. (d\u00e1le jen \u201e\u010cIA\u201c) uzav\u0159el r\u00e1mcovou smlouvu s \u00da\u0159adem pro technickou normalizaci, metrologii a st\u00e1tn\u00ed zku\u0161ebnictv\u00ed (d\u00e1le jen \u201e\u00daNMZ\u201c) dne 7. 1. 2009. Uzav\u0159en\u00ed smlouvy bylo prvn\u00edm krokem k vytvo\u0159en\u00ed Centra pro technickou normalizaci (d\u00e1le jen \u201eCTN\u201c) na \u010cIA.<\/strong><\/p>\n\n\n\n<div class=\"wp-block-file\"><a id=\"wp-block-file--media-b4d45e0c-befc-4532-b8f3-7d12bb0219dc\" href=\"https:\/\/www.cai.cz\/wp-content\/uploads\/2019\/02\/licence_CTN1.pdf\" target=\"_blank\" rel=\"noreferrer noopener\">Licence k u\u017e\u00edv\u00e1n\u00ed ozna\u010den\u00ed CTN a Centrum technick\u00e9 normalizace p\u0159i \u010cesk\u00e9m institutu pro akreditaci, o.p.s.<\/a><a href=\"https:\/\/www.cai.cz\/wp-content\/uploads\/2019\/02\/licence_CTN1.pdf\" class=\"wp-block-file__button wp-element-button\" download aria-describedby=\"wp-block-file--media-b4d45e0c-befc-4532-b8f3-7d12bb0219dc\">St\u00e1hnout<\/a><\/div>\n\n\n\n<p>\u010cinnost CTN p\u0159i \u010cIA je specifikov\u00e1na v p\u0159\u00edloze R\u00e1mcov\u00e9 smlouvy v rozsahu p\u016fsobnosti technick\u00e9 komise CEN\/CLC\/TC 1 Krit\u00e9ria pro org\u00e1ny posuzuj\u00edc\u00ed shodu. Tato smlouva byla v&nbsp;roce 2016 vypov\u011bzena a nahrazena Prov\u00e1d\u011bc\u00ed smlouvou \u010d. 2017\/0009\/SC, kterou s&nbsp;\u010cIA uzav\u0159ela \u010cesk\u00e1 agentura pro standardizaci (\u010cAS) z\u0159\u00edzena jako st\u00e1tn\u00ed p\u0159\u00edsp\u011bvkov\u00e1 organizace \u00da\u0159adem pro technickou normalizaci, metrologii a st\u00e1tn\u00ed zku\u0161ebnictv\u00ed. Od 1. 1. 2018 p\u0159evzala \u010cesk\u00e1 agentura pro standardizaci od \u00daNMZ v\u0161echny \u010dinnosti souvisej\u00edc\u00ed s tvorbou, vyd\u00e1v\u00e1n\u00edm a distribuc\u00ed technick\u00fdch norem.<\/p>\n\n\n\n<div class=\"wp-block-file\"><a id=\"wp-block-file--media-866a0fa2-8b9c-4d6c-b1aa-62622913a76f\" href=\"https:\/\/www.cai.cz\/wp-content\/uploads\/2022\/04\/licence.pdf\" target=\"_blank\" rel=\"noreferrer noopener\">Licence k&nbsp;u\u017e\u00edv\u00e1n\u00ed ozna\u010den\u00ed CTN a Centrum technick\u00e9 normalizace \u010cesk\u00e9mu institutu pro akreditaci. o.p.s.<\/a><a href=\"https:\/\/www.cai.cz\/wp-content\/uploads\/2022\/04\/licence.pdf\" class=\"wp-block-file__button wp-element-button\" download aria-describedby=\"wp-block-file--media-866a0fa2-8b9c-4d6c-b1aa-62622913a76f\">St\u00e1hnout<\/a><\/div>\n\n\n\n<p>Seznam zabezpe\u010dovan\u00fdch komis\u00ed byl v&nbsp;souladu s touto&nbsp;novou smlouvou roz\u0161\u00ed\u0159en o komise ISO\/CASCO Komise pro posuzov\u00e1n\u00ed shody, ISO\/TC 272 Forenzn\u00ed v\u011bdy a CEN\/TC 419 Slu\u017eby forenzn\u00edch v\u011bd. CTN \u010cIA m\u00e1 ve sv\u00e9m gesci zejm\u00e9na normy \u0159ady ISO\/IEC 170xx a normy pro posuzov\u00e1n\u00ed shody v oblasti zdravotnictv\u00ed ISO 15189 a ISO 15195 vyu\u017e\u00edvan\u00e9 k akreditaci subjekt\u016f v r\u00e1mci p\u016fsobnosti \u010cIA.<\/p>\n\n\n\n<p>\u00daNMZ jako n\u00e1rodn\u00ed normaliza\u010dn\u00ed org\u00e1n ud\u011blil v\u00fd\u0161e uvedenou prov\u00e1d\u011bc\u00ed smlouvou status CTN zejm\u00e9na za \u00fa\u010delem aktivn\u00ed \u00fa\u010dasti na procesu tvorby technick\u00fdch norem na \u00farovni mezin\u00e1rodn\u00edch a evropsk\u00fdch normaliza\u010dn\u00edch organizac\u00ed, p\u0159ej\u00edm\u00e1n\u00ed evropsk\u00fdch a mezin\u00e1rodn\u00edch technick\u00fdch norem do soustavy \u010desk\u00fdch technick\u00fdch norem (d\u00e1le jen \u201e\u010cSN\u201c) a tvorby p\u016fvodn\u00edch \u010cSN zejm\u00e9na v oblasti posuzov\u00e1n\u00ed shody.<\/p>\n\n\n\n<p>Tvorba \u010cSN a aktivn\u00ed \u010dinnost CTN p\u0159epokl\u00e1d\u00e1 nejen hlubokou znalost dan\u00e9 problematiky, ale zahrnuje tak\u00e9 \u0161kolic\u00ed a publika\u010dn\u00ed aktivity. \u010cIA m\u00e1 v&nbsp;tomto pohledu bohat\u00e9 zku\u0161enosti.<\/p>\n\n\n\n<div class=\"wp-block-group\"><div class=\"wp-block-group__inner-container is-layout-flow wp-block-group-is-layout-flow\">\n<div class=\"wp-block-group\"><div class=\"wp-block-group__inner-container is-layout-flow wp-block-group-is-layout-flow\">\n<div class=\"wp-block-group\"><div class=\"wp-block-group__inner-container is-layout-flow wp-block-group-is-layout-flow\">\n<div class=\"wp-block-group\"><div class=\"wp-block-group__inner-container is-layout-flow wp-block-group-is-layout-flow\">\n<div class=\"wp-block-group\"><div class=\"wp-block-group__inner-container is-layout-flow wp-block-group-is-layout-flow\"><\/div><\/div>\n<\/div><\/div>\n<\/div><\/div>\n\n\n\n<p><strong>U\u017eite\u010dn\u00e9 odkazy:<\/strong><br>\u010cesk\u00e1 agentura pro standardizaci <a href=\"http:\/\/www.agentura-cas.cz\" target=\"_blank\" rel=\"noreferrer noopener\">www.agentura-cas.cz<\/a><br>\u00da\u0159ad pro technickou normalizaci, metrologii a st\u00e1tn\u00ed zku\u0161ebnictv\u00ed <a href=\"http:\/\/www.unmz.cz\" target=\"_blank\" rel=\"noreferrer noopener\">www.unmz.cz<\/a><br>ISO (Mezin\u00e1rodn\u00ed organizace pro normalizaci) <a href=\"http:\/\/www.iso.org\" target=\"_blank\" rel=\"noreferrer noopener\">www.iso.org<\/a><br>IEC (Mezin\u00e1rodn\u00ed elektrotechnick\u00e1 komise) <a href=\"http:\/\/www.iec.ch\" target=\"_blank\" rel=\"noreferrer noopener\">www.iec.ch<\/a><br>CEN (Evropsk\u00fd v\u00fdbor pro normalizaci) <a href=\"http:\/\/www.cen.eu\" target=\"_blank\" rel=\"noreferrer noopener\">www.cen.eu<\/a><br>CENELEC (Evropsk\u00fd v\u00fdbor pro normalizaci v elektrotechnice) <a href=\"http:\/\/www.cenelec.eu\" target=\"_blank\" rel=\"noreferrer noopener\">www.cenelec.eu<\/a><br>Port\u00e1l ve\u0159ejn\u00e9 spr\u00e1vy <a href=\"http:\/\/www.portal.gov.cz\" target=\"_blank\" rel=\"noreferrer noopener\">www.portal.gov.cz<\/a><\/p>\n<\/div><\/div>\n<\/div><\/div>\n\n\n\n<p><\/p>\n\n\n\n<p><strong>Kontakty:<\/strong><strong><br> Mgr. Anna Zemanov\u00e1<br><\/strong> tel.: +420 272 096 240\u00a0\u00a0\u00a0\u00a0\u00a0\u00a0\u00a0\u00a0\u00a0\u00a0\u00a0\u00a0\u00a0\u00a0\u00a0\u00a0\u00a0\u00a0E-mail: <a href=\"mailto:zemanovaa@cai.cz\">zemanovaa@cai.cz<\/a><\/p>\n\n\n\n<p><strong>Ing. Pavel Nosek<br><\/strong> tel.: +420 272 096 220&nbsp;&nbsp;&nbsp;&nbsp;&nbsp;&nbsp;&nbsp;&nbsp;&nbsp;&nbsp;&nbsp;&nbsp;&nbsp;&nbsp;&nbsp;&nbsp;&nbsp;&nbsp;E-mail: <a href=\"mailto:badalm@cai.cz\">nosekp@cai.cz<\/a><\/p>\n\n\n\n<hr class=\"wp-block-separator has-css-opacity is-style-wide\"\/>\n\n\n\n<p><strong>POKRA\u010cOVAT D\u00c1L:&nbsp;<\/strong>&nbsp;<br><a rel=\"noreferrer noopener\" href=\"https:\/\/www.cai.cz\/?page_id=1746\" target=\"_blank\"><span style=\"text-decoration: underline;\">\u00da\u0159edn\u00ed deska<\/span><\/a>   &nbsp;&nbsp;<span style=\"text-decoration: underline;\"><a rel=\"noreferrer noopener\" href=\"https:\/\/www.cai.cz\/?page_id=1920\" target=\"_blank\">Statut\u00e1rn\u00ed dokumenty<\/a><\/span>   &nbsp;&nbsp;<span style=\"text-decoration: underline;\"><a rel=\"noreferrer noopener\" href=\"https:\/\/www.cai.cz\/?page_id=1923\" target=\"_blank\">Org\u00e1ny \u010cIA<\/a><\/span>   &nbsp;&nbsp;<a rel=\"noreferrer noopener\" href=\"https:\/\/www.cai.cz\/?page_id=2211\" target=\"_blank\"><span style=\"text-decoration: underline;\">Poradn\u00ed org\u00e1ny \u010cIA<\/span><\/a>   &nbsp;&nbsp;<span style=\"text-decoration: underline;\"><a rel=\"noreferrer noopener\" href=\"https:\/\/www.cai.cz\/?page_id=1925\" target=\"_blank\">V\u00fdro\u010dn\u00ed zpr\u00e1vy<\/a><\/span>   &nbsp;&nbsp;<a href=\"https:\/\/www.cai.cz\/?page_id=1765\" target=\"_blank\" rel=\"noreferrer noopener\">Legislativa<\/a>   &nbsp;&nbsp;<a rel=\"noreferrer noopener\" href=\"https:\/\/www.cai.cz\/?page_id=1963\" target=\"_blank\"><span style=\"text-decoration: underline;\">Publikace<\/span><\/a>   &nbsp;&nbsp;<a rel=\"noreferrer noopener\" href=\"https:\/\/www.cai.cz\/?page_id=1768\" target=\"_blank\"><span style=\"text-decoration: underline;\">Pracovn\u00ed nab\u00eddky<\/span><\/a>   &nbsp;&nbsp;<span style=\"text-decoration: underline;\"><a rel=\"noreferrer noopener\" href=\"https:\/\/www.cai.cz\/?page_id=1771\" target=\"_blank\">Ve\u0159ejn\u00e9 projedn\u00e1v\u00e1n\u00ed<\/a><\/span>   &nbsp;&nbsp;<br><span style=\"text-decoration: underline;\"><a rel=\"noreferrer noopener\" href=\"https:\/\/www.cai.cz\/?page_id=1928\" target=\"_blank\">Vz\u00e1jemn\u00e9 hodnocen\u00ed<\/a><\/span>   &nbsp;&nbsp;<span style=\"text-decoration: underline;\"><a rel=\"noreferrer noopener\" href=\"https:\/\/www.cai.cz\/?page_id=15395\" target=\"_blank\">Ochrana oznamovatel\u016f<\/a><\/span>   &nbsp;&nbsp;<span style=\"text-decoration: underline;\"><a rel=\"noreferrer noopener\" href=\"https:\/\/www.cai.cz\/?page_id=19432\" target=\"_blank\">Intern\u00ed protikorup\u010dn\u00ed program<\/a><\/span>   &nbsp;&nbsp;<span style=\"text-decoration: underline;\"><a rel=\"noreferrer noopener\" href=\"https:\/\/www.cai.cz\/?page_id=17508\" target=\"_blank\">Politika nestrannosti<\/a><\/span>   &nbsp;&nbsp;<span style=\"text-decoration: underline;\"><a href=\"https:\/\/www.cai.cz\/?page_id=1777\">Odkazy<\/a><\/span><\/p>\n","protected":false},"excerpt":{"rendered":"<p>\u010cesk\u00fd institut pro akreditaci, o.p.s. (d\u00e1le jen \u201e\u010cIA\u201c) uzav\u0159el r\u00e1mcovou smlouvu s \u00da\u0159adem pro technickou normalizaci, metrologii a st\u00e1tn\u00ed zku\u0161ebnictv\u00ed (d\u00e1le jen \u201e\u00daNMZ\u201c) dne 7.&hellip;<\/p>\n","protected":false},"author":2,"featured_media":0,"parent":23,"menu_order":2,"comment_status":"closed","ping_status":"closed","template":"","meta":{"_acf_changed":false,"_price":"","_stock":"","_tribe_ticket_header":"","_tribe_default_ticket_provider":"","_tribe_ticket_capacity":"0","_ticket_start_date":"","_ticket_end_date":"","_tribe_ticket_show_description":"","_tribe_ticket_show_not_going":false,"_tribe_ticket_use_global_stock":"","_tribe_ticket_global_stock_level":"","_global_stock_mode":"","_global_stock_cap":"","_tribe_rsvp_for_event":"","_tribe_ticket_going_count":"","_tribe_ticket_not_going_count":"","_tribe_tickets_list":"[]","_tribe_ticket_has_attendee_info_fields":false,"footnotes":"","_tec_slr_enabled":"","_tec_slr_layout":""},"class_list":["post-1753","page","type-page","status-publish","hentry"],"acf":[],"ticketed":false,"_links":{"self":[{"href":"https:\/\/www.cai.cz\/index.php?rest_route=\/wp\/v2\/pages\/1753","targetHints":{"allow":["GET"]}}],"collection":[{"href":"https:\/\/www.cai.cz\/index.php?rest_route=\/wp\/v2\/pages"}],"about":[{"href":"https:\/\/www.cai.cz\/index.php?rest_route=\/wp\/v2\/types\/page"}],"author":[{"embeddable":true,"href":"https:\/\/www.cai.cz\/index.php?rest_route=\/wp\/v2\/users\/2"}],"replies":[{"embeddable":true,"href":"https:\/\/www.cai.cz\/index.php?rest_route=%2Fwp%2Fv2%2Fcomments&post=1753"}],"version-history":[{"count":16,"href":"https:\/\/www.cai.cz\/index.php?rest_route=\/wp\/v2\/pages\/1753\/revisions"}],"predecessor-version":[{"id":21672,"href":"https:\/\/www.cai.cz\/index.php?rest_route=\/wp\/v2\/pages\/1753\/revisions\/21672"}],"up":[{"embeddable":true,"href":"https:\/\/www.cai.cz\/index.php?rest_route=\/wp\/v2\/pages\/23"}],"wp:attachment":[{"href":"https:\/\/www.cai.cz\/index.php?rest_route=%2Fwp%2Fv2%2Fmedia&parent=1753"}],"curies":[{"name":"wp","href":"https:\/\/api.w.org\/{rel}","templated":true}]}}