{"id":1762,"date":"2018-09-27T07:48:30","date_gmt":"2018-09-27T05:48:30","guid":{"rendered":"http:\/\/srvwww1.cai.internal\/?page_id=1762"},"modified":"2024-12-19T10:29:26","modified_gmt":"2024-12-19T09:29:26","slug":"povinne-zverejnovane-informace","status":"publish","type":"page","link":"https:\/\/www.cai.cz\/?page_id=1762","title":{"rendered":"Povinn\u011b zve\u0159ej\u0148ovan\u00e9 informace"},"content":{"rendered":"\n<figure class=\"wp-block-table\"><table><tbody><tr><td>\n<h4>1. N\u00e1zev<\/h4>\n<\/td><td>\n<h3>\u010cesk\u00fd&nbsp;institut pro akreditaci, o.p.s.<\/h3>\n<\/td><\/tr><tr><td>\n<h4>2. D\u016fvod a zp\u016fsob zalo\u017een\u00ed<\/h4>\n<\/td><td>\u010cesk\u00fd institut pro akreditaci, o.p.s. (\u010cIA) byl \u010ceskou republikou \u2013 Ministerstvem pr\u016fmyslu a obchodu zalo\u017een na z\u00e1klad\u011b z\u00e1kona \u010d.&nbsp;248\/1995 Sb., o obecn\u011b prosp\u011b\u0161n\u00fdch spole\u010dnostech, zakl\u00e1dac\u00ed listinou obecn\u011b prosp\u011b\u0161n\u00e9 spole\u010dnosti ze dne 13. 2. 1998 jako n\u00e1rodn\u00ed akredita\u010dn\u00ed org\u00e1n. Prov\u00e1d\u011bn\u00edm akreditace podle z\u00e1kona \u010d.&nbsp;22\/1997 Sb., o technick\u00fdch po\u017eadavc\u00edch na v\u00fdrobky, byl pov\u011b\u0159en rozhodnut\u00edm Ministerstva pr\u016fmyslu a obchodu \u010d. 135\/98, rozsah pov\u011b\u0159en\u00ed byl n\u00e1sledn\u011b roz\u0161\u00ed\u0159en rozhodnut\u00edmi \u010d.&nbsp;190\/2010, \u010d.&nbsp;163\/2012, \u010d.&nbsp;152\/2017, \u010d. 68\/2019 a \u010d. 34\/2021. \u010cIA je vnitrost\u00e1tn\u00edm akredita\u010dn\u00edm org\u00e1nem \u010cesk\u00e9 republiky ve smyslu na\u0159\u00edzen\u00ed Evropsk\u00e9ho parlamentu a Rady (ES) \u010d. 765\/2008, kter\u00fdm se stanov\u00ed po\u017eadavky na akreditaci a dozor nad trhem t\u00fdkaj\u00edc\u00ed se uv\u00e1d\u011bn\u00ed v\u00fdrobk\u016f na trh a kter\u00fdm se zru\u0161uje na\u0159\u00edzen\u00ed (EHS) \u010d. 339\/93. P\u0159i v\u00fdkonu p\u016fsobnosti akredita\u010dn\u00edho org\u00e1nu se \u010cIA \u0159\u00edd\u00ed zejm\u00e9na v\u00fd\u0161e ozna\u010den\u00fdmi pr\u00e1vn\u00edmi p\u0159edpisy a normou \u010cSN EN ISO\/IEC 17011 V\u0161eobecn\u00e9 po\u017eadavky na akredita\u010dn\u00ed org\u00e1ny akredituj\u00edc\u00ed org\u00e1ny posuzuj\u00edc\u00ed shodu.<\/td><\/tr><tr><td> <h4>3. Organiza\u010dn\u00ed struktura<\/h4>  <\/td><td><img loading=\"lazy\" decoding=\"async\" width=\"700\" height=\"756\" class=\"wp-image-15297\" style=\"width: 700px;\" src=\"https:\/\/www.cai.cz\/wp-content\/uploads\/2022\/04\/struktura0.jpg\" alt=\"\"><\/td><\/tr><tr><td>\n<h4>4. Kontaktn\u00ed spojen\u00ed<\/h4>\n<\/td><td><strong>S\u00eddlo spole\u010dnosti, podatelna a pracovi\u0161t\u011b Praha:<\/strong><br>\u010cesk\u00fd institut pro akreditaci, o.p.s., H\u00e1jkova 2747\/22, \u017di\u017ekov, 130 00 Praha 3<strong><br>Telefon:<\/strong>&nbsp;+420 272 096 222<strong><br>\u00da\u0159edn\u00ed hodiny podatelny:<br><\/strong>Pond\u011bl\u00ed \u2013 \u010dtvrtek 8:00 \u2013 16:00 hod.<br>P\u00e1tek 8:00 \u2013 14:00 hod.<strong><br>Pracovi\u0161t\u011b Brno:<br><\/strong>\u010cesk\u00fd institut pro akreditaci, o.p.s., Okru\u017en\u00ed 31, 638 00 Brno<strong><br>Telefon:<\/strong>&nbsp;+420 545 555&nbsp;401<strong><br>Kontakty na jednotliv\u00e9 pracovn\u00edky:<br><\/strong>Zve\u0159ejn\u011bny <a href=\"https:\/\/www.cai.cz\/?page_id=1733\">ZDE.<\/a><strong><br>Kontakty pro elektronickou komunikaci:<br><\/strong>E-mail:&nbsp;<a href=\"mailto:mail@cai.cz\">mail@cai.cz<\/a><strong><br><\/strong>Identifik\u00e1tor datov\u00e9 schr\u00e1nky: &nbsp; c4cnq5k<\/td><\/tr><tr><td>\n<h4>4.1 Kontaktn\u00ed po\u0161tovn\u00ed adresa<\/h4>\n<\/td><td><strong>S\u00eddlo spole\u010dnosti a pracovi\u0161t\u011b Praha:<\/strong> \u010cesk\u00fd institut pro akreditaci, o.p.s. \u2013 pracovi\u0161t\u011b Praha, H\u00e1jkova 2747\/22, \u017di\u017ekov, 130 00 Praha 3.<br><strong>Pracovi\u0161t\u011b Brno:<\/strong> \u010cesk\u00fd&nbsp;institut pro akreditaci, o.p.s. \u2013 pracovi\u0161t\u011b Brno, Okru\u017en\u00ed 31, 638 00 Brno &#8211; sever.<\/td><\/tr><tr><td> <h4>4.2 Adresa \u00fa\u0159adovny pro &nbsp; osobn\u00ed n\u00e1v\u0161t\u011bvu<\/h4> <\/td><td>\u010cesk\u00fd&nbsp;institut pro akreditaci, o.p.s. \u2013 pracovi\u0161t\u011b Brno, Okru\u017en\u00ed 31, 638 00 Brno &#8211; sever.<br>\u010cesk\u00fd&nbsp;institut pro akreditaci, o.p.s. \u2013 pracovi\u0161t\u011b Praha, H\u00e1jkova 2747\/22, \u017di\u017ekov, 130 00 Praha 3.<\/td><\/tr><tr><td>\n<h4>4.3 \u00da\u0159edn\u00ed hodiny<\/h4>\n<\/td><td>Po-\u010ct: 8.00-16.00<br>P\u00e1: 8.00-14.00<\/td><\/tr><tr><td>\n<h4>4.4 Telefonn\u00ed \u010d\u00edsla<\/h4>\n<\/td><td>S\u00eddlo spole\u010dnosti, podatelna,&nbsp;pracovi\u0161t\u011b Praha: +420 272&nbsp;096&nbsp;222.<br>Pracovi\u0161t\u011b Brno: +420 545 555 401.<\/td><\/tr><tr><td> <h4>4.5 Adresa internetov\u00fdch str\u00e1nek<\/h4> <\/td><td><a href=\"http:\/\/www.cai.cz\" target=\"_blank\" rel=\"noreferrer noopener\">www.cai.cz<\/a><\/td><\/tr><tr><td> <h4>4.6 Adresa podatelny<\/h4> <\/td><td>Informace o podateln\u011b jsou zve\u0159ejn\u011bny <span style=\"text-decoration: underline;\"><a rel=\"noreferrer noopener\" href=\"https:\/\/www.cai.cz\/?page_id=1703\" target=\"_blank\">ZDE.<\/a><\/span><\/td><\/tr><tr><td> <h4>4.7 Elektronick\u00e1 adresa podatelny<\/h4> <\/td><td><a href=\"mailto:mail@cai.cz\" target=\"_blank\" rel=\"noreferrer noopener\">mail@cai.cz<\/a><\/td><\/tr><tr><td><h4>4.8 Datov\u00e1 schr\u00e1nka<\/h4><\/td><td>c4cnq5k<\/td><\/tr><tr><td>\n<h4>5. P\u0159\u00edpadn\u00e9 platby lze pouk\u00e1zat<\/h4>\n<\/td><td>P\u0159evodem na \u00fa\u010det \u010d. 4000134031\/0100, veden\u00fd u&nbsp;Komer\u010dn\u00ed banky, a.s.<br>V hotovosti na pokladn\u011b \u010cIA &#8211; pracovi\u0161t\u011b Praha &#8211; po&nbsp;p\u0159edchoz\u00ed domluv\u011b.<br>Symboly platby a souvisej\u00edc\u00ed informace t\u00fdkaj\u00edc\u00ed se \u00fahrad jsou uvedeny v&nbsp;p\u0159\u00edslu\u0161n\u00e9m rozhodnut\u00ed, smlouv\u011b \u010di jin\u00e9m dokumentu, na jeho\u017e z\u00e1klad\u011b m\u00e1 b\u00fdt \u00fahrada poskytnuta.<\/td><\/tr><tr><td><h4>6. I\u010cO<\/h4><\/td><td>25677675<\/td><\/tr><tr><td> <h4><\/h4><h4>7. Pl\u00e1tce dan\u011b z p\u0159idan\u00e9 hodnoty<\/h4> <\/td><td>CZ25677675<\/td><\/tr><tr><td>\n<h4>8. Dokumenty<\/h4>\n<\/td><td>&#8211;<\/td><\/tr><tr><td>\n<h4>8.1 Seznamy hlavn\u00edch dokument\u016f<\/h4>\n<\/td><td>Zve\u0159ejn\u011bny v sekci Dokumenty ke sta\u017een\u00ed <span style=\"text-decoration: underline;\"><a rel=\"noreferrer noopener\" href=\"https:\/\/www.cai.cz\/?page_id=1674\" target=\"_blank\">webov\u00fdch&nbsp;str\u00e1nk\u00e1ch \u010cIA.<\/a><\/span><\/td><\/tr><tr><td>\n<h4>8.2 Rozpo\u010det<\/h4>\n<\/td><td>Informace zve\u0159ejn\u011bny v sekci V\u00fdro\u010dn\u00ed zpr\u00e1vy<a href=\"https:\/\/www.cai.cz\/?page_id=1925\"> na&nbsp;webov\u00fdch str\u00e1nk\u00e1ch \u010cIA.<\/a><\/td><\/tr><tr><td>\n<h4>9. \u017d\u00e1dosti o informace<\/h4>\n<\/td><td>M\u00edsto a zp\u016fsob, jak z\u00edskat p\u0159\u00edslu\u0161n\u00e9 informace:<br><strong>Telefonicky <\/strong>\u2013 \u017e\u00e1dost\u00ed o informaci adresovanou podateln\u011b, p\u0159\u00edpadn\u011b konkr\u00e9tn\u00edmu pracovn\u00edku (telefonn\u00ed \u010d\u00edsla na jednotliv\u00e1 pracovi\u0161t\u011b a pracovn\u00edky jsou zve\u0159ejn\u011bny&nbsp;<a rel=\"noreferrer noopener\" href=\"https:\/\/www.cai.cz\/?page_id=1733\" target=\"_blank\">ZDE).<\/a><br><strong>P\u00edsemn\u011b<\/strong> \u2013 \u017e\u00e1dost\u00ed o informaci adresovanou podateln\u011b,&nbsp;p\u0159\u00edpadn\u011b konkr\u00e9tn\u00edmu pracovn\u00edku (kontakty na jednotliv\u00e1 pracovi\u0161t\u011b a&nbsp;pracovn\u00edky jsou zve\u0159ejn\u011bny&nbsp;<a rel=\"noreferrer noopener\" href=\"https:\/\/www.cai.cz\/?page_id=1733\" target=\"_blank\">ZDE).<\/a><br><strong>Elektronicky<\/strong> \u2013 \u017e\u00e1dost\u00ed podanou prost\u0159ednictv\u00edm datov\u00e9&nbsp;schr\u00e1nky (c4cnq5k) nebo e-mailem (nejl\u00e9pe zaslanou na mail@cai.cz, p\u0159\u00edpadn\u011b na e-mail konkr\u00e9tn\u00edho pracovn\u00edka \u2013 e-mailov\u00e9 adresy jsou zve\u0159ejn\u011bny&nbsp;<a rel=\"noreferrer noopener\" href=\"https:\/\/www.cai.cz\/?page_id=1733\" target=\"_blank\">ZDE).<\/a><br><strong>Osobn\u011b<\/strong> \u2013 n\u00e1v\u0161t\u011bvou n\u011bkter\u00e9ho&nbsp;z&nbsp;pracovi\u0161\u0165 \u010cIA (\u010cesk\u00fd institut pro akreditaci, o.p.s., H\u00e1jkova 2747\/22, \u017di\u017ekov, 130 00 Praha 3 nebo \u010cesk\u00fd institut pro akreditaci, o.p.s. \u2013 pracovi\u0161t\u011b Brno,&nbsp;Okru\u017en\u00ed 31, 638 00 Brno) \u2013 po p\u0159edchoz\u00ed domluv\u011b.<\/td><\/tr><tr><td> <h4>10. P\u0159\u00edjem pod\u00e1n\u00ed a podn\u011bt\u016f<\/h4><\/td><td>Pod\u00e1n\u00ed jsou p\u0159ij\u00edm\u00e1na&nbsp;podatelnou \u010cIA. Informace o podateln\u011b jsou zve\u0159ejn\u011bny <a rel=\"noreferrer noopener\" href=\"https:\/\/www.cai.cz\/?page_id=1703\" target=\"_blank\">ZDE<\/a>.<\/td><\/tr><tr><td><h4>11. P\u0159edpisy<\/h4><\/td><td>&#8211;<\/td><\/tr><tr><td> <h4>11.1 Nejd\u016fle\u017eit\u011bj\u0161\u00ed pou\u017e\u00edvan\u00e9 p\u0159edpisy<\/h4> <\/td><td>Na\u0159\u00edzen\u00ed Evropsk\u00e9ho parlamentu a Rady (ES) \u010d.&nbsp;765\/2008 ze dne 9.&nbsp;\u010dervence 2008, kter\u00fdm se stanov\u00ed po\u017eadavky na akreditaci a&nbsp;dozor nad trhem t\u00fdkaj\u00edc\u00ed se uv\u00e1d\u011bn\u00ed v\u00fdrobk\u016f na trh a kter\u00fdm se zru\u0161uje&nbsp;na\u0159\u00edzen\u00ed (EHS) \u010d. 339\/93, ve zn\u011bn\u00ed opravy z 3. \u010dervence 2015, k&nbsp;nahl\u00e9dnut\u00ed <a href=\"https:\/\/eur-lex.europa.eu\/legal-content\/CS\/TXT\/?uri=CELEX%3A32008R0765\">ZDE<\/a>.<br>Z\u00e1kon \u010d. 22\/1997 Sb., o technick\u00fdch po\u017eadavc\u00edch na&nbsp;v\u00fdrobky a&nbsp;o&nbsp;zm\u011bn\u011b a&nbsp;dopln\u011bn\u00ed n\u011bkter\u00fdch z\u00e1kon\u016f, ve&nbsp;zn\u011bn\u00ed pozd\u011bj\u0161\u00edch&nbsp;p\u0159edpis\u016f, k&nbsp;nahl\u00e9dnut\u00ed <a rel=\"noreferrer noopener\" href=\"https:\/\/www.zakonyprolidi.cz\/cs\/1997-22\" target=\"_blank\">ZDE<\/a>.<br>Z\u00e1kon \u010d. 500\/2004 Sb., spr\u00e1vn\u00ed \u0159\u00e1d, ve zn\u011bn\u00ed&nbsp;pozd\u011bj\u0161\u00edch p\u0159edpis\u016f, k&nbsp;nahl\u00e9dnut\u00ed <a rel=\"noreferrer noopener\" href=\"https:\/\/www.zakonyprolidi.cz\/cs\/2004-500\" target=\"_blank\">ZDE<\/a>.<br>Z\u00e1kon \u010d. 248\/1995 Sb., o obecn\u011b prosp\u011b\u0161n\u00fdch spole\u010dnostech a&nbsp;o&nbsp;zm\u011bn\u011b a&nbsp;dopln\u011bn\u00ed n\u011bkter\u00fdch dal\u0161\u00edch z\u00e1kon\u016f, ve zn\u011bn\u00ed&nbsp;pozd\u011bj\u0161\u00edch p\u0159edpis\u016f, k&nbsp;nahl\u00e9dnut\u00ed <a rel=\"noreferrer noopener\" href=\"https:\/\/www.zakonyprolidi.cz\/cs\/1995-248\" target=\"_blank\">ZDE<\/a>.<\/td><\/tr><tr><td> <h4>11.2 Vydan\u00e9 pr\u00e1vn\u00ed p\u0159edpisy<\/h4> <\/td><td>\u010cIA jako akredita\u010dn\u00ed org\u00e1n nen\u00ed opr\u00e1vn\u011bn vyd\u00e1vat pr\u00e1vn\u00ed p\u0159edpisy.<\/td><\/tr><tr><td> <h4>12. \u00dahrady za poskytov\u00e1n\u00ed informac\u00ed<\/h4> <\/td><td>&#8211;<\/td><\/tr><tr><td> <h4>12.1 Sazebn\u00edk \u00fahrad za poskytov\u00e1n\u00ed informac\u00ed<\/h4> <\/td><td>Sazebn\u00edk \u00fahrad n\u00e1klad\u016f&nbsp;vznikl\u00fdch v&nbsp;souvislosti s poskytov\u00e1n\u00edm informac\u00ed podle z\u00e1kona \u010d. 106\/1999 Sb., o svobodn\u00e9m p\u0159\u00edstupu k&nbsp;informac\u00edm, ve zn\u011bn\u00ed pozd\u011bj\u0161\u00edch p\u0159edpis\u016f, je&nbsp;k&nbsp;dispozici&nbsp;<a href=\"https:\/\/www.cai.cz\/wp-content\/uploads\/2024\/07\/06_02-P004-Sazebnik-uhrad-za-poskytnuti-informace_20240715.pdf\">ZDE<\/a>.<\/td><\/tr><tr><td> <h4>12.2 Usnesen\u00ed nad\u0159\u00edzen\u00e9ho org\u00e1nu o v\u00fd\u0161i \u00fahrad za poskytnut\u00ed informac\u00ed<\/h4> <\/td><td>Nebylo vyd\u00e1no.<\/td><\/tr><tr><td> <h4>13. Licen\u010dn\u00ed smlouvy<\/h4> <\/td><td>&#8211;<\/td><\/tr><tr><td> <h4>13.1 Vzory licen\u010dn\u00edch smluv<\/h4><\/td><td>Licen\u010dn\u00ed ani podlicen\u010dn\u00ed smlouvy ve smyslu \u00a7 14a&nbsp;z\u00e1kona \u010d.&nbsp;106\/1999 Sb. \u010cIA nevyu\u017e\u00edv\u00e1.<\/td><\/tr><tr><td> <h4>13.2 V\u00fdhradn\u00ed licence<\/h4> <\/td><td>V\u00fdhradn\u00ed licenci ve smyslu \u00a7 14a odst. 4 z\u00e1kona \u010d.&nbsp;106\/1999 Sb. \u010cIA nevyu\u017e\u00edv\u00e1.<\/td><\/tr><tr><td> <h4>14. V\u00fdro\u010dn\u00ed zpr\u00e1va podle z\u00e1kona \u010d. 106\/1999 Sb.<\/h4> <\/td><td>V\u00fdro\u010dn\u00ed zpr\u00e1vy o&nbsp;poskytov\u00e1n\u00ed informac\u00ed podle z\u00e1kona \u010d. 106\/1999 Sb., o&nbsp;svobodn\u00e9m p\u0159\u00edstupu&nbsp;k&nbsp;informac\u00edm, ve zn\u011bn\u00ed pozd\u011bj\u0161\u00edch p\u0159edpis\u016f jsou zve\u0159ejn\u011bny <a href=\"https:\/\/www.cai.cz\/?page_id=1940\">ZDE<\/a>.<\/td><\/tr><\/tbody><\/table><\/figure>\n\n\n\n<figure class=\"wp-block-table\"><table><tbody><tr><td class=\"has-text-align-left\" data-align=\"left\"><strong>Informace dle p\u0159\u00edlohy&nbsp;\u010d. 2 k vyhl\u00e1\u0161ce \u010d. 515\/2020 Sb.<\/strong><\/td><\/tr><tr><td class=\"has-text-align-left\" data-align=\"left\">Postupy, kter\u00e9 mus\u00ed povinn\u00fd subjekt dodr\u017eovat p\u0159i vy\u0159izov\u00e1n\u00ed pod\u00e1n\u00ed nebo podn\u011bt\u016f, zve\u0159ejn\u011bn\u00e9 na port\u00e1lu ve\u0159ejn\u00e9 spr\u00e1vy v podob\u011b popisu \u00fakon\u016f org\u00e1nu ve\u0159ejn\u00e9 moci, jsou zve\u0159ejn\u011bny <a href=\"https:\/\/portal.gov.cz\/sluzby-verejne-spravy\/\">zde<\/a>.<br>Informace t\u00fdkaj\u00edc\u00ed se akreditace naleznete v&nbsp;sekci Slu\u017eby ve\u0159ejn\u00e9 spr\u00e1vy &gt; Doklady a opr\u00e1vn\u011bn\u00ed &gt; Osv\u011bd\u010den\u00ed.<\/td><\/tr><\/tbody><\/table><\/figure>\n\n\n\n<hr class=\"wp-block-separator has-css-opacity is-style-wide\"\/>\n\n\n\n<p><strong>POKRA\u010cOVAT D\u00c1L:\u00a0<\/strong>\u00a0<br><a rel=\"noreferrer noopener\" href=\"https:\/\/www.cai.cz\/?page_id=1746\" target=\"_blank\"><span style=\"text-decoration: underline;\">\u00da\u0159edn\u00ed deska<\/span><\/a>   \u00a0\u00a0>   \u00a0\u00a0<br><a rel=\"noreferrer noopener\" href=\"https:\/\/www.cai.cz\/?page_id=12473\" target=\"_blank\">Prohl\u00e1\u0161en\u00ed o p\u0159\u00edstupnosti<\/a>   \u00a0\u00a0<a rel=\"noreferrer noopener\" href=\"https:\/\/www.cai.cz\/?page_id=1774\" target=\"_blank\">Ochrana osobn\u00edch \u00fadaj\u016f<\/a>   \u00a0\u00a0<a rel=\"noreferrer noopener\" href=\"https:\/\/www.cai.cz\/?page_id=1748\" target=\"_blank\">Informace poskytnut\u00e9 dle z\u00e1kona \u010d. 106\/1999 Sb.<\/a>   \u00a0\u00a0<a rel=\"noreferrer noopener\" href=\"https:\/\/www.cai.cz\/?page_id=17434\" target=\"_blank\">Podm\u00ednky pr\u00e1ce s\u00a0cookies<\/a><br><br><span style=\"text-decoration: underline;\"><a rel=\"noreferrer noopener\" href=\"https:\/\/www.cai.cz\/?page_id=23\" target=\"_blank\">O n\u00e1s<\/a><\/span>   \u00a0\u00a0>   \u00a0\u00a0<br><span style=\"text-decoration: underline;\"><a rel=\"noreferrer noopener\" href=\"https:\/\/www.cai.cz\/?page_id=1920\" target=\"_blank\">Statut\u00e1rn\u00ed dokumenty<\/a><\/span>   \u00a0\u00a0<span style=\"text-decoration: underline;\"><a rel=\"noreferrer noopener\" href=\"https:\/\/www.cai.cz\/?page_id=1923\" target=\"_blank\">Org\u00e1ny \u010cIA<\/a><\/span>   \u00a0\u00a0<a rel=\"noreferrer noopener\" href=\"https:\/\/www.cai.cz\/?page_id=2211\" target=\"_blank\"><span style=\"text-decoration: underline;\">Poradn\u00ed org\u00e1ny \u010cIA<\/span><\/a>   \u00a0\u00a0<span style=\"text-decoration: underline;\"><a rel=\"noreferrer noopener\" href=\"https:\/\/www.cai.cz\/?page_id=1925\" target=\"_blank\">V\u00fdro\u010dn\u00ed zpr\u00e1vy<\/a><\/span>   \u00a0\u00a0<a rel=\"noreferrer noopener\" href=\"https:\/\/www.cai.cz\/?page_id=1765\" target=\"_blank\">Legislativa<\/a>   \u00a0\u00a0<a rel=\"noreferrer noopener\" href=\"https:\/\/www.cai.cz\/?page_id=1963\" target=\"_blank\"><span style=\"text-decoration: underline;\">Publikace<\/span><\/a>   \u00a0\u00a0<span style=\"text-decoration: underline;\"><a rel=\"noreferrer noopener\" href=\"https:\/\/www.cai.cz\/?page_id=1753\" target=\"_blank\">CTN<\/a><\/span>   \u00a0\u00a0<a rel=\"noreferrer noopener\" href=\"https:\/\/www.cai.cz\/?page_id=1768\" target=\"_blank\"><span style=\"text-decoration: underline;\">Pracovn\u00ed nab\u00eddky<\/span><\/a>   \u00a0\u00a0<span style=\"text-decoration: underline;\"><a rel=\"noreferrer noopener\" href=\"https:\/\/www.cai.cz\/?page_id=1771\" target=\"_blank\">Ve\u0159ejn\u00e9 projedn\u00e1v\u00e1n\u00ed<\/a><\/span>   \u00a0\u00a0<br><span style=\"text-decoration: underline;\"><a rel=\"noreferrer noopener\" href=\"https:\/\/www.cai.cz\/?page_id=1928\" target=\"_blank\">Vz\u00e1jemn\u00e9 hodnocen\u00ed<\/a><\/span>   \u00a0\u00a0<span style=\"text-decoration: underline;\"><a rel=\"noreferrer noopener\" href=\"https:\/\/www.cai.cz\/?page_id=15395\" target=\"_blank\">Ochrana oznamovatel\u016f<\/a><\/span>   \u00a0\u00a0<span style=\"text-decoration: underline;\"><a rel=\"noreferrer noopener\" href=\"https:\/\/www.cai.cz\/?page_id=19432\" target=\"_blank\">Intern\u00ed protikorup\u010dn\u00ed program<\/a><\/span>   \u00a0\u00a0<span style=\"text-decoration: underline;\"><a rel=\"noreferrer noopener\" href=\"https:\/\/www.cai.cz\/?page_id=17508\" target=\"_blank\">Politika nestrannosti<\/a><\/span>   \u00a0\u00a0<span style=\"text-decoration: underline;\"><a href=\"https:\/\/www.cai.cz\/?page_id=1777\">Odkazy<\/a><\/span><\/p>\n","protected":false},"excerpt":{"rendered":"<p>1. N\u00e1zev \u010cesk\u00fd&nbsp;institut pro akreditaci, o.p.s. 2. D\u016fvod a zp\u016fsob zalo\u017een\u00ed \u010cesk\u00fd institut pro akreditaci, o.p.s. (\u010cIA) byl \u010ceskou republikou \u2013 Ministerstvem pr\u016fmyslu a obchodu&hellip;<\/p>\n","protected":false},"author":2,"featured_media":0,"parent":23,"menu_order":4,"comment_status":"closed","ping_status":"closed","template":"","meta":{"_acf_changed":false,"_price":"","_stock":"","_tribe_ticket_header":"","_tribe_default_ticket_provider":"","_tribe_ticket_capacity":"0","_ticket_start_date":"","_ticket_end_date":"","_tribe_ticket_show_description":"","_tribe_ticket_show_not_going":false,"_tribe_ticket_use_global_stock":"","_tribe_ticket_global_stock_level":"","_global_stock_mode":"","_global_stock_cap":"","_tribe_rsvp_for_event":"","_tribe_ticket_going_count":"","_tribe_ticket_not_going_count":"","_tribe_tickets_list":"[]","_tribe_ticket_has_attendee_info_fields":false,"footnotes":"","_tec_slr_enabled":"","_tec_slr_layout":""},"class_list":["post-1762","page","type-page","status-publish","hentry"],"acf":[],"ticketed":false,"_links":{"self":[{"href":"https:\/\/www.cai.cz\/index.php?rest_route=\/wp\/v2\/pages\/1762","targetHints":{"allow":["GET"]}}],"collection":[{"href":"https:\/\/www.cai.cz\/index.php?rest_route=\/wp\/v2\/pages"}],"about":[{"href":"https:\/\/www.cai.cz\/index.php?rest_route=\/wp\/v2\/types\/page"}],"author":[{"embeddable":true,"href":"https:\/\/www.cai.cz\/index.php?rest_route=\/wp\/v2\/users\/2"}],"replies":[{"embeddable":true,"href":"https:\/\/www.cai.cz\/index.php?rest_route=%2Fwp%2Fv2%2Fcomments&post=1762"}],"version-history":[{"count":41,"href":"https:\/\/www.cai.cz\/index.php?rest_route=\/wp\/v2\/pages\/1762\/revisions"}],"predecessor-version":[{"id":19487,"href":"https:\/\/www.cai.cz\/index.php?rest_route=\/wp\/v2\/pages\/1762\/revisions\/19487"}],"up":[{"embeddable":true,"href":"https:\/\/www.cai.cz\/index.php?rest_route=\/wp\/v2\/pages\/23"}],"wp:attachment":[{"href":"https:\/\/www.cai.cz\/index.php?rest_route=%2Fwp%2Fv2%2Fmedia&parent=1762"}],"curies":[{"name":"wp","href":"https:\/\/api.w.org\/{rel}","templated":true}]}}