{"id":1765,"date":"2018-09-27T07:49:50","date_gmt":"2018-09-27T05:49:50","guid":{"rendered":"http:\/\/srvwww1.cai.internal\/?page_id=1765"},"modified":"2024-12-19T10:49:59","modified_gmt":"2024-12-19T09:49:59","slug":"legislativa","status":"publish","type":"page","link":"https:\/\/www.cai.cz\/?page_id=1765","title":{"rendered":"Legislativa"},"content":{"rendered":"\n<p><strong>1. Dokumenty EU<\/strong> <strong>t\u00fdkaj\u00edc\u00edc\u00ed se\nakreditace<\/strong><\/p>\n\n\n\n<p>Na\u0159\u00edzen\u00ed Evropsk\u00e9ho parlamentu a Rady (ES) \u010d. 765\/2008 ze dne 9. \u010dervence 2008, kter\u00fdm se stanov\u00ed po\u017eadavky na akreditaci a dozor nad trhem t\u00fdkaj\u00edc\u00ed se uv\u00e1d\u011bn\u00ed v\u00fdrobk\u016f na trh a kter\u00fdm se zru\u0161uje na\u0159\u00edzen\u00ed (EHS) \u010d. 339\/93:<\/p>\n\n\n\n<div class=\"wp-block-file\"><a id=\"wp-block-file--media-460b69f2-d502-4855-a464-c64c5386e4b9\" href=\"https:\/\/www.cai.cz\/wp-content\/uploads\/2019\/02\/narizeni_765.pdf\" target=\"_blank\" rel=\"noreferrer noopener\">Na\u0159\u00edzen\u00ed 765<\/a><a href=\"https:\/\/www.cai.cz\/wp-content\/uploads\/2019\/02\/narizeni_765.pdf\" class=\"wp-block-file__button wp-element-button\" download aria-describedby=\"wp-block-file--media-460b69f2-d502-4855-a464-c64c5386e4b9\">St\u00e1hnout<\/a><\/div>\n\n\n\n<p>Dne 3. \u010dervence 2015 byla v \u00da\u0159edn\u00edm v\u011bstn\u00edku EU zve\u0159ejn\u011bna <a rel=\"noreferrer noopener\" href=\"http:\/\/eur-lex.europa.eu\/legal-content\/CS\/TXT\/?uri=uriserv:OJ.L_.2015.174.01.0044.01.CES\" target=\"_blank\">oprava na\u0159\u00edzen\u00ed Evropsk\u00e9ho parlamentu a Rady (ES) \u010d. 765\/2008 ze dne 9. \u010dervence 2008, kter\u00fdm se stanov\u00ed po\u017eadavky na akreditaci a&nbsp;dozor nad trhem t\u00fdkaj\u00edc\u00ed se uv\u00e1d\u011bn\u00ed v\u00fdrobk\u016f na trh a&nbsp;kter\u00fdm se zru\u0161uje na\u0159\u00edzen\u00ed (EHS) \u010d.&nbsp;339\/93<\/a>.<\/p>\n\n\n\n<p>Rozhodnut\u00ed Evropsk\u00e9ho parlamentu a Rady \u010d. 768\/2008\/ES ze dne 9. \u010dervence 2008 o spole\u010dn\u00e9m r\u00e1mci pro uv\u00e1d\u011bn\u00ed v\u00fdrobk\u016f na trh a o zru\u0161en\u00ed rozhodnut\u00ed Rady 93\/465\/EHS:<\/p>\n\n\n\n<div class=\"wp-block-file\"><a id=\"wp-block-file--media-5c7ade64-a5b5-4e81-a2bb-cc20973a9b3e\" href=\"https:\/\/www.cai.cz\/wp-content\/uploads\/2019\/02\/rozhodnuti_768.pdf\" target=\"_blank\" rel=\"noreferrer noopener\">Rozhodnut\u00ed 768<\/a><a href=\"https:\/\/www.cai.cz\/wp-content\/uploads\/2019\/02\/rozhodnuti_768.pdf\" class=\"wp-block-file__button wp-element-button\" download aria-describedby=\"wp-block-file--media-5c7ade64-a5b5-4e81-a2bb-cc20973a9b3e\">St\u00e1hnout<\/a><\/div>\n\n\n\n<p>Dne 1. \u010dervence 2015 byla v \u00da\u0159edn\u00edm v\u011bstn\u00edku EU zve\u0159ejn\u011bna <a rel=\"noreferrer noopener\" href=\"http:\/\/eur-lex.europa.eu\/legal-content\/CS\/TXT\/?uri=uriserv:OJ.L_.2015.167.01.0094.01.CES\" target=\"_blank\">oprava rozhodnut\u00ed Evropsk\u00e9ho parlamentu a Rady \u010d. 768\/2008\/ES ze dne 9. \u010dervence 2008 o&nbsp;spole\u010dn\u00e9m r\u00e1mci pro uv\u00e1d\u011bn\u00ed v\u00fdrobk\u016f na trh a&nbsp;o&nbsp;zru\u0161en\u00ed rozhodnut\u00ed Rady 93\/465\/EHS<\/a><\/p>\n\n\n\n<p>Na\u0159\u00edzen\u00ed Evropsk\u00e9ho parlamentu a Rady (ES) \u010d. 764\/2008 ze dne 9. \u010dervence 2008, kter\u00fdm se stanov\u00ed postupy t\u00fdkaj\u00edc\u00ed se uplat\u0148ov\u00e1n\u00ed n\u011bkter\u00fdch vnitrost\u00e1tn\u00edch technick\u00fdch pravidel u v\u00fdrobk\u016f uveden\u00fdch v souladu s pr\u00e1vn\u00edmi p\u0159edpisy na trh v jin\u00e9m \u010dlensk\u00e9m st\u00e1t\u011b a kter\u00fdm se zru\u0161uje rozhodnut\u00ed \u010d. 3052\/95\/ES:<\/p>\n\n\n\n<div class=\"wp-block-file\"><a id=\"wp-block-file--media-a6a8cadc-a380-422a-999c-112a41ae8722\" href=\"https:\/\/www.cai.cz\/wp-content\/uploads\/2019\/02\/Nar_764.pdf\" target=\"_blank\" rel=\"noreferrer noopener\">Na\u0159\u00edzen\u00ed 764<\/a><a href=\"https:\/\/www.cai.cz\/wp-content\/uploads\/2019\/02\/Nar_764.pdf\" class=\"wp-block-file__button wp-element-button\" download aria-describedby=\"wp-block-file--media-a6a8cadc-a380-422a-999c-112a41ae8722\">St\u00e1hnout<\/a><\/div>\n\n\n\n<p><strong>2. Pr\u00e1vn\u00ed p\u0159edpisy \u010cR reguluj\u00edc\u00ed oblast\nakreditace<\/strong><\/p>\n\n\n\n<p>&#8211; z\u00e1kon \u010d. 22\/1997 Sb., o technick\u00fdch po\u017eadavc\u00edch na v\u00fdrobky, ve\nzn\u011bn\u00ed pozd\u011bj\u0161\u00edch p\u0159edpis\u016f<\/p>\n\n\n\n<p>&#8211; z\u00e1kon \u010d. 490\/2009 Sb. &#8211; obsahuje novelu z\u00e1kona \u010d. 22\/1997 Sb.,\ns \u00fa\u010dinnost\u00ed od 1.1.2010<\/p>\n\n\n\n<p>&#8211; z\u00e1kon \u010d. 155\/2010 Sb. &#8211; obsahuje novelu z\u00e1kona \u010d. 22\/1997 Sb.,\n\u00fa\u010dinn\u00fd od 1.8.2010<\/p>\n\n\n\n<p>&#8211; z\u00e1kon \u010d. 100\/2013 Sb. &#8211; obsahuje novelu z\u00e1kona \u010d. 22\/1997 Sb.,\n\u00fa\u010dinn\u00fd od 10.5.2013<\/p>\n\n\n\n<p>&#8211; z\u00e1kon \u010d. 500\/2004 Sb., spr\u00e1vn\u00ed \u0159\u00e1d<\/p>\n\n\n\n<p><strong>3. P\u0159eshrani\u010dn\u00ed akreditace<\/strong><\/p>\n\n\n\n<p>P\u0159\u00edstup \u010cIA k p\u0159eshrani\u010dn\u00ed akreditaci vypl\u00fdvaj\u00edc\u00ed z na\u0159\u00edzen\u00ed Evropsk\u00e9ho parlamentu a Rady (ES) \u010d. 765\/2008, kter\u00fdm se stanov\u00ed po\u017eadavky na akreditaci a dozor nad trhem t\u00fdkaj\u00edc\u00ed se uv\u00e1d\u011bn\u00ed v\u00fdrobk\u016f na trh a kter\u00fdm se zru\u0161uje na\u0159\u00edzen\u00ed (EHS) \u010d. 339\/93 (platnost od 2.9.2008):<\/p>\n\n\n\n<div class=\"wp-block-file\"><a id=\"wp-block-file--media-15429ef6-f83e-41b9-84c5-be43e64ad1b4\" href=\"https:\/\/www.cai.cz\/wp-content\/uploads\/2019\/02\/Preshranicni_akreditace.doc\" target=\"_blank\" rel=\"noreferrer noopener\">P\u0159eshrani\u010dn\u00ed akreditace<\/a><a href=\"https:\/\/www.cai.cz\/wp-content\/uploads\/2019\/02\/Preshranicni_akreditace.doc\" class=\"wp-block-file__button wp-element-button\" download aria-describedby=\"wp-block-file--media-15429ef6-f83e-41b9-84c5-be43e64ad1b4\">St\u00e1hnout<\/a><\/div>\n\n\n\n<p><strong>4. Dopl\u0148uj\u00edc\u00ed informace<\/strong><\/p>\n\n\n\n<p>Pl\u00e1n legislativn\u00edch prac\u00ed vl\u00e1dy:<\/p>\n\n\n\n<div class=\"wp-block-file\"><a id=\"wp-block-file--media-e6db013c-e978-4a70-899c-90f31432bad8\" href=\"https:\/\/www.cai.cz\/wp-content\/uploads\/2019\/02\/plan-legislativnich-praci_2016.pdf\" target=\"_blank\" rel=\"noreferrer noopener\">Pl\u00e1n legislativn\u00edch prac\u00ed 2016<\/a><a href=\"https:\/\/www.cai.cz\/wp-content\/uploads\/2019\/02\/plan-legislativnich-praci_2016.pdf\" class=\"wp-block-file__button wp-element-button\" download aria-describedby=\"wp-block-file--media-e6db013c-e978-4a70-899c-90f31432bad8\">St\u00e1hnout<\/a><\/div>\n\n\n\n<hr class=\"wp-block-separator has-css-opacity is-style-wide\"\/>\n\n\n\n<p><strong>POKRA\u010cOVAT D\u00c1L:&nbsp;<\/strong>&nbsp;<br><a rel=\"noreferrer noopener\" href=\"https:\/\/www.cai.cz\/?page_id=1746\" target=\"_blank\"><span style=\"text-decoration: underline;\">\u00da\u0159edn\u00ed deska<\/span><\/a>   &nbsp;&nbsp;<span style=\"text-decoration: underline;\"><a rel=\"noreferrer noopener\" href=\"https:\/\/www.cai.cz\/?page_id=1920\" target=\"_blank\">Statut\u00e1rn\u00ed dokumenty<\/a><\/span>   &nbsp;&nbsp;<span style=\"text-decoration: underline;\"><a rel=\"noreferrer noopener\" href=\"https:\/\/www.cai.cz\/?page_id=1923\" target=\"_blank\">Org\u00e1ny \u010cIA<\/a><\/span>   &nbsp;&nbsp;<a rel=\"noreferrer noopener\" href=\"https:\/\/www.cai.cz\/?page_id=2211\" target=\"_blank\"><span style=\"text-decoration: underline;\">Poradn\u00ed org\u00e1ny \u010cIA<\/span><\/a>   &nbsp;&nbsp;<span style=\"text-decoration: underline;\"><a rel=\"noreferrer noopener\" href=\"https:\/\/www.cai.cz\/?page_id=1925\" target=\"_blank\">V\u00fdro\u010dn\u00ed zpr\u00e1vy<\/a><\/span>   &nbsp;&nbsp;<a rel=\"noreferrer noopener\" href=\"https:\/\/www.cai.cz\/?page_id=1963\" target=\"_blank\"><span style=\"text-decoration: underline;\">Publikace<\/span><\/a>   &nbsp;&nbsp;<span style=\"text-decoration: underline;\"><a rel=\"noreferrer noopener\" href=\"https:\/\/www.cai.cz\/?page_id=1753\" target=\"_blank\">CTN<\/a><\/span>   &nbsp;&nbsp;<a rel=\"noreferrer noopener\" href=\"https:\/\/www.cai.cz\/?page_id=1768\" target=\"_blank\"><span style=\"text-decoration: underline;\">Pracovn\u00ed nab\u00eddky<\/span><\/a>   &nbsp;&nbsp;<span style=\"text-decoration: underline;\"><a rel=\"noreferrer noopener\" href=\"https:\/\/www.cai.cz\/?page_id=1771\" target=\"_blank\">Ve\u0159ejn\u00e9 projedn\u00e1v\u00e1n\u00ed<\/a><\/span>   &nbsp;&nbsp;<br><span style=\"text-decoration: underline;\"><a rel=\"noreferrer noopener\" href=\"https:\/\/www.cai.cz\/?page_id=1928\" target=\"_blank\">Vz\u00e1jemn\u00e9 hodnocen\u00ed<\/a><\/span>   &nbsp;&nbsp;<span style=\"text-decoration: underline;\"><a rel=\"noreferrer noopener\" href=\"https:\/\/www.cai.cz\/?page_id=15395\" target=\"_blank\">Ochrana oznamovatel\u016f<\/a><\/span>   &nbsp;&nbsp;<span style=\"text-decoration: underline;\"><a href=\"https:\/\/www.cai.cz\/?page_id=19432\" target=\"_blank\" rel=\"noreferrer noopener\">Intern\u00ed protikorup\u010dn\u00ed program<\/a><\/span>   &nbsp;&nbsp;<span style=\"text-decoration: underline;\"><a rel=\"noreferrer noopener\" href=\"https:\/\/www.cai.cz\/?page_id=17508\" target=\"_blank\">Politika nestrannosti<\/a><\/span>   &nbsp;&nbsp;<span style=\"text-decoration: underline;\"><a href=\"https:\/\/www.cai.cz\/?page_id=1777\">Odkazy<\/a><\/span><\/p>\n","protected":false},"excerpt":{"rendered":"<p>1. Dokumenty EU t\u00fdkaj\u00edc\u00edc\u00ed se akreditace Na\u0159\u00edzen\u00ed Evropsk\u00e9ho parlamentu a Rady (ES) \u010d. 765\/2008 ze dne 9. \u010dervence 2008, kter\u00fdm se stanov\u00ed po\u017eadavky na akreditaci&hellip;<\/p>\n","protected":false},"author":2,"featured_media":0,"parent":23,"menu_order":5,"comment_status":"closed","ping_status":"closed","template":"","meta":{"_acf_changed":false,"_price":"","_stock":"","_tribe_ticket_header":"","_tribe_default_ticket_provider":"","_tribe_ticket_capacity":"0","_ticket_start_date":"","_ticket_end_date":"","_tribe_ticket_show_description":"","_tribe_ticket_show_not_going":false,"_tribe_ticket_use_global_stock":"","_tribe_ticket_global_stock_level":"","_global_stock_mode":"","_global_stock_cap":"","_tribe_rsvp_for_event":"","_tribe_ticket_going_count":"","_tribe_ticket_not_going_count":"","_tribe_tickets_list":"[]","_tribe_ticket_has_attendee_info_fields":false,"footnotes":"","_tec_slr_enabled":"","_tec_slr_layout":""},"class_list":["post-1765","page","type-page","status-publish","hentry"],"acf":[],"ticketed":false,"_links":{"self":[{"href":"https:\/\/www.cai.cz\/index.php?rest_route=\/wp\/v2\/pages\/1765","targetHints":{"allow":["GET"]}}],"collection":[{"href":"https:\/\/www.cai.cz\/index.php?rest_route=\/wp\/v2\/pages"}],"about":[{"href":"https:\/\/www.cai.cz\/index.php?rest_route=\/wp\/v2\/types\/page"}],"author":[{"embeddable":true,"href":"https:\/\/www.cai.cz\/index.php?rest_route=\/wp\/v2\/users\/2"}],"replies":[{"embeddable":true,"href":"https:\/\/www.cai.cz\/index.php?rest_route=%2Fwp%2Fv2%2Fcomments&post=1765"}],"version-history":[{"count":11,"href":"https:\/\/www.cai.cz\/index.php?rest_route=\/wp\/v2\/pages\/1765\/revisions"}],"predecessor-version":[{"id":19506,"href":"https:\/\/www.cai.cz\/index.php?rest_route=\/wp\/v2\/pages\/1765\/revisions\/19506"}],"up":[{"embeddable":true,"href":"https:\/\/www.cai.cz\/index.php?rest_route=\/wp\/v2\/pages\/23"}],"wp:attachment":[{"href":"https:\/\/www.cai.cz\/index.php?rest_route=%2Fwp%2Fv2%2Fmedia&parent=1765"}],"curies":[{"name":"wp","href":"https:\/\/api.w.org\/{rel}","templated":true}]}}