{"id":1771,"date":"2018-09-27T07:52:07","date_gmt":"2018-09-27T05:52:07","guid":{"rendered":"http:\/\/srvwww1.cai.internal\/?page_id=1771"},"modified":"2025-12-15T06:51:08","modified_gmt":"2025-12-15T05:51:08","slug":"verejne-projednavani","status":"publish","type":"page","link":"https:\/\/www.cai.cz\/?page_id=1771","title":{"rendered":"Ve\u0159ejn\u00e9 projedn\u00e1v\u00e1n\u00ed"},"content":{"rendered":"\n<blockquote class=\"wp-block-quote is-layout-flow wp-block-quote-is-layout-flow\">\n<p>V\u00e1\u017een\u00ed,<\/p>\n\n\n\n<p>na z\u00e1klad\u011b projedn\u00e1n\u00ed v Rad\u011b pro  akreditaci, v Rad\u011b 4E-CZ a s AAAO jsme&nbsp;p\u0159ipravili mo\u017enost p\u0159ipom\u00ednkov\u00e1n\u00ed  dokument\u016f p\u0159ipravovan\u00fdch \u010cIA&nbsp;tak, abychom umo\u017enili v\u0161em zainteresovan\u00fdm stran\u00e1m se vyjad\u0159ovat k  n\u00e1vrh\u016fm dokument\u016f upravuj\u00edc\u00edm postaven\u00ed z\u00e1kazn\u00edk\u016f \u010cIA nebo  zainteresovan\u00fdch stran v procesu akreditace. <\/p>\n\n\n\n<p>Pravidla pro p\u0159ipom\u00ednkov\u00e1n\u00ed  jsou uvedena v dokumentu <strong><a href=\"https:\/\/www.cai.cz\/wp-content\/uploads\/2025\/11\/02_03-MPA-00-07-23-Verejne-projednavani-dokumentu-CIA_20230719o.pdf\" target=\"_blank\" rel=\"noreferrer noopener\">MPA 00-07-23 Ve\u0159ejn\u00e9 projedn\u00e1v\u00e1n\u00ed dokument\u016f \u010cIA<\/a>.<\/strong> Pros\u00edme,  abyste k p\u0159ipom\u00ednkov\u00e9mu \u0159\u00edzen\u00ed p\u0159istupovali maxim\u00e1ln\u011b konstruktivn\u011b  tak, aby projedn\u00e1v\u00e1n\u00ed dokument\u016f bylo co nejefektivn\u011bj\u0161\u00ed.<\/p>\n\n\n\n<p>Va\u0161e p\u0159ipom\u00ednky pros\u00edm zas\u00edlejte na formul\u00e1\u0159i <strong><a href=\"https:\/\/www.cai.cz\/wp-content\/uploads\/2025\/11\/02_03-MPA-00-07-23-priloha_Verejne-projednani-dokumentu_pripominky_20230719o.docx\" target=\"_blank\" rel=\"noreferrer noopener\">MPA 00-07-23 P\u0159\u00edloha Ve\u0159ejn\u00e9 projedn\u00e1v\u00e1n\u00ed dokument\u016f \u2013 p\u0159ipom\u00ednky<\/a><\/strong> na adresu: pripominky-mpa@cai.cz<\/p>\n\n\n\n<p>MPA 00-07-23 i formul\u00e1\u0159 jsou t\u00e9\u017e dostupn\u00e9 v sekci <a href=\"https:\/\/www.cai.cz\/?page_id=2961\">Dokumenty MPA \u2013 v\u0161echny oblasti akreditace.<\/a><\/p>\n<\/blockquote>\n\n\n\n<hr class=\"wp-block-separator has-css-opacity is-style-wide\"\/>\n\n\n\n<h3 class=\"wp-block-heading\">Dokumenty k vyj\u00e1d\u0159en\u00ed<\/h3>\n\n\n\n<p><\/p>\n\n\n\n<p>V sou\u010dasn\u00e9 dob\u011b nen\u00ed \u017e\u00e1dn\u00fd dokument k ve\u0159ejn\u00e9mu projedn\u00e1n\u00ed.<\/p>\n\n\n\n<hr class=\"wp-block-separator has-css-opacity is-style-wide\"\/>\n\n\n\n<p><strong>POKRA\u010cOVAT D\u00c1L:&nbsp;<\/strong>&nbsp;<br><a rel=\"noreferrer noopener\" href=\"https:\/\/www.cai.cz\/?page_id=1746\" target=\"_blank\"><span style=\"text-decoration: underline;\">\u00da\u0159edn\u00ed deska<\/span><\/a>   &nbsp;&nbsp;<span style=\"text-decoration: underline;\"><a rel=\"noreferrer noopener\" href=\"https:\/\/www.cai.cz\/?page_id=1920\" target=\"_blank\">Statut\u00e1rn\u00ed dokumenty<\/a><\/span>   &nbsp;&nbsp;<span style=\"text-decoration: underline;\"><a rel=\"noreferrer noopener\" href=\"https:\/\/www.cai.cz\/?page_id=1923\" target=\"_blank\">Org\u00e1ny \u010cIA<\/a><\/span>   &nbsp;&nbsp;<a rel=\"noreferrer noopener\" href=\"https:\/\/www.cai.cz\/?page_id=2211\" target=\"_blank\"><span style=\"text-decoration: underline;\">Poradn\u00ed org\u00e1ny \u010cIA<\/span><\/a>   &nbsp;&nbsp;<span style=\"text-decoration: underline;\"><a rel=\"noreferrer noopener\" href=\"https:\/\/www.cai.cz\/?page_id=1925\" target=\"_blank\">V\u00fdro\u010dn\u00ed zpr\u00e1vy<\/a><\/span>   &nbsp;&nbsp;<a rel=\"noreferrer noopener\" href=\"https:\/\/www.cai.cz\/?page_id=1765\" target=\"_blank\">Legislativa<\/a>   &nbsp;&nbsp;<a rel=\"noreferrer noopener\" href=\"https:\/\/www.cai.cz\/?page_id=1963\" target=\"_blank\"><span style=\"text-decoration: underline;\">Publikace<\/span><\/a>   &nbsp;&nbsp;<span style=\"text-decoration: underline;\"><a rel=\"noreferrer noopener\" href=\"https:\/\/www.cai.cz\/?page_id=1753\" target=\"_blank\">CTN<\/a><\/span>   &nbsp;&nbsp;<a rel=\"noreferrer noopener\" href=\"https:\/\/www.cai.cz\/?page_id=1768\" target=\"_blank\"><span style=\"text-decoration: underline;\">Pracovn\u00ed nab\u00eddky<\/span><\/a>   &nbsp;&nbsp;<a rel=\"noreferrer noopener\" href=\"https:\/\/www.cai.cz\/?cat=92\" target=\"_blank\">Projednan\u00e9 dokumenty<\/a><br><span style=\"text-decoration: underline;\"><a rel=\"noreferrer noopener\" href=\"https:\/\/www.cai.cz\/?page_id=1928\" target=\"_blank\">Vz\u00e1jemn\u00e9 hodnocen\u00ed<\/a><\/span>   &nbsp;&nbsp;<span style=\"text-decoration: underline;\"><a rel=\"noreferrer noopener\" href=\"https:\/\/www.cai.cz\/?page_id=15395\" target=\"_blank\">Ochrana oznamovatel\u016f<\/a><\/span>   &nbsp;&nbsp;<span style=\"text-decoration: underline;\"><a rel=\"noreferrer noopener\" href=\"https:\/\/www.cai.cz\/?page_id=19432\" target=\"_blank\">Intern\u00ed protikorup\u010dn\u00ed program<\/a><\/span>   &nbsp;&nbsp;<span style=\"text-decoration: underline;\"><a rel=\"noreferrer noopener\" href=\"https:\/\/www.cai.cz\/?page_id=17508\" target=\"_blank\">Politika nestrannosti<\/a><\/span>   &nbsp;&nbsp;<span style=\"text-decoration: underline;\"><a href=\"https:\/\/www.cai.cz\/?page_id=1777\">Odkazy<\/a><\/span>    <\/p>\n","protected":false},"excerpt":{"rendered":"<p>V\u00e1\u017een\u00ed, na z\u00e1klad\u011b projedn\u00e1n\u00ed v Rad\u011b pro akreditaci, v Rad\u011b 4E-CZ a s AAAO jsme&nbsp;p\u0159ipravili mo\u017enost p\u0159ipom\u00ednkov\u00e1n\u00ed dokument\u016f p\u0159ipravovan\u00fdch \u010cIA&nbsp;tak, abychom umo\u017enili v\u0161em zainteresovan\u00fdm stran\u00e1m&hellip;<\/p>\n","protected":false},"author":2,"featured_media":0,"parent":23,"menu_order":7,"comment_status":"closed","ping_status":"closed","template":"","meta":{"_acf_changed":false,"_price":"","_stock":"","_tribe_ticket_header":"","_tribe_default_ticket_provider":"","_tribe_ticket_capacity":"0","_ticket_start_date":"","_ticket_end_date":"","_tribe_ticket_show_description":"","_tribe_ticket_show_not_going":false,"_tribe_ticket_use_global_stock":"","_tribe_ticket_global_stock_level":"","_global_stock_mode":"","_global_stock_cap":"","_tribe_rsvp_for_event":"","_tribe_ticket_going_count":"","_tribe_ticket_not_going_count":"","_tribe_tickets_list":"[]","_tribe_ticket_has_attendee_info_fields":false,"footnotes":"","_tec_slr_enabled":"","_tec_slr_layout":""},"class_list":["post-1771","page","type-page","status-publish","hentry"],"acf":[],"ticketed":false,"_links":{"self":[{"href":"https:\/\/www.cai.cz\/index.php?rest_route=\/wp\/v2\/pages\/1771","targetHints":{"allow":["GET"]}}],"collection":[{"href":"https:\/\/www.cai.cz\/index.php?rest_route=\/wp\/v2\/pages"}],"about":[{"href":"https:\/\/www.cai.cz\/index.php?rest_route=\/wp\/v2\/types\/page"}],"author":[{"embeddable":true,"href":"https:\/\/www.cai.cz\/index.php?rest_route=\/wp\/v2\/users\/2"}],"replies":[{"embeddable":true,"href":"https:\/\/www.cai.cz\/index.php?rest_route=%2Fwp%2Fv2%2Fcomments&post=1771"}],"version-history":[{"count":188,"href":"https:\/\/www.cai.cz\/index.php?rest_route=\/wp\/v2\/pages\/1771\/revisions"}],"predecessor-version":[{"id":21711,"href":"https:\/\/www.cai.cz\/index.php?rest_route=\/wp\/v2\/pages\/1771\/revisions\/21711"}],"up":[{"embeddable":true,"href":"https:\/\/www.cai.cz\/index.php?rest_route=\/wp\/v2\/pages\/23"}],"wp:attachment":[{"href":"https:\/\/www.cai.cz\/index.php?rest_route=%2Fwp%2Fv2%2Fmedia&parent=1771"}],"curies":[{"name":"wp","href":"https:\/\/api.w.org\/{rel}","templated":true}]}}