{"id":1777,"date":"2018-09-27T07:53:47","date_gmt":"2018-09-27T05:53:47","guid":{"rendered":"http:\/\/srvwww1.cai.internal\/?page_id=1777"},"modified":"2024-12-19T11:00:02","modified_gmt":"2024-12-19T10:00:02","slug":"odkazy","status":"publish","type":"page","link":"https:\/\/www.cai.cz\/?page_id=1777","title":{"rendered":"Odkazy"},"content":{"rendered":"\n<h4 class=\"wp-block-heading\">Organizace se kter\u00fdmi m\u00e1 \u010cIA uzav\u0159enou dohodu o spolupr\u00e1ci:<\/h4>\n\n\n\n<ul class=\"wp-block-list\">\n<li><a href=\"http:\/\/www.aaao.cz\/\" target=\"_blank\" rel=\"noreferrer noopener\">Asociace akreditovan\u00fdch a autorizovan\u00fdch organizac\u00ed <\/a><\/li>\n\n\n\n<li><a href=\"https:\/\/www.cls.cz\/\" target=\"_blank\" rel=\"noreferrer noopener\">\u010cesk\u00e1 l\u00e9ka\u0159sk\u00e1 spole\u010dnost J. E. Purkyn\u011b<\/a><\/li>\n\n\n\n<li><a href=\"http:\/\/www.cncf.cz\/\" target=\"_blank\" rel=\"noreferrer noopener\">\u010cesk\u00e9 n\u00e1rodn\u00ed certifika\u010dn\u00ed f\u00f3rum<\/a><\/li>\n\n\n\n<li><a href=\"http:\/\/www.cssfg.org\/\" target=\"_blank\" rel=\"noreferrer noopener\">\u010ceskoslovensk\u00e1 spole\u010dnost pro forenzn\u00ed genetiku<\/a><\/li>\n\n\n\n<li><a href=\"http:\/\/www.cmi.cz\/\" target=\"_blank\" rel=\"noreferrer noopener\">\u010cesk\u00fd metrologick\u00fd institut <\/a><\/li>\n\n\n\n<li><a href=\"https:\/\/www.cgoa.cz\/\" target=\"_blank\" rel=\"noreferrer noopener\">\u010cesk\u00fd plyn\u00e1rensk\u00fd svaz<\/a><\/li>\n\n\n\n<li><a href=\"http:\/\/www.eurachem.cz\/\" target=\"_blank\" rel=\"noreferrer noopener\">EURACHEM &#8211; \u010cR<\/a><\/li>\n\n\n\n<li><a href=\"http:\/\/www.eurolabcz.cz\/\" target=\"_blank\" rel=\"noreferrer noopener\">EUROLAB-CZ<\/a><\/li>\n\n\n\n<li><a href=\"http:\/\/www.komora.cz\/\" target=\"_blank\" rel=\"noreferrer noopener\">Hospod\u00e1\u0159sk\u00e1 komora \u010cR<\/a><\/li>\n\n\n\n<li><a href=\"http:\/\/www.kzps.cz\/\" target=\"_blank\" rel=\"noreferrer noopener\">Konfederace zam\u011bstnavatelsk\u00fdch a podnikatelsk\u00fdch svaz\u016f \u010cR<\/a><\/li>\n\n\n\n<li><a href=\"https:\/\/www.mdcr.cz\/Ministerstvo\" target=\"_blank\" rel=\"noreferrer noopener\">Ministerstvo dopravy<\/a><\/li>\n\n\n\n<li><a href=\"https:\/\/mmr.cz\/cs\/uvod\" target=\"_blank\" rel=\"noreferrer noopener\">Ministerstvo pro m\u00edstn\u00ed rozvoj<\/a><\/li>\n\n\n\n<li><a href=\"https:\/\/www.mpo.cz\/\" target=\"_blank\" rel=\"noreferrer noopener\">Ministerstvo pr\u016fmyslu a obchodu<\/a><\/li>\n\n\n\n<li><a href=\"http:\/\/www.mvcr.cz\/\" target=\"_blank\" rel=\"noreferrer noopener\">Ministerstvo vnitra<\/a><\/li>\n\n\n\n<li><a href=\"http:\/\/www.mzcr.cz\/\" target=\"_blank\" rel=\"noreferrer noopener\">Ministerstvo zdravotnictv\u00ed<\/a><\/li>\n\n\n\n<li><a href=\"http:\/\/www.mze.cz\/\" target=\"_blank\" rel=\"noreferrer noopener\">Ministerstvo zem\u011bd\u011blstv\u00ed <\/a><\/li>\n\n\n\n<li><a href=\"http:\/\/www.env.cz\/\" target=\"_blank\" rel=\"noreferrer noopener\">Ministerstvo \u017eivotn\u00edho prost\u0159ed\u00ed <\/a><\/li>\n\n\n\n<li><a href=\"https:\/\/www.narodniportal.cz\/rada-kvality\/\" target=\"_blank\" rel=\"noreferrer noopener\">N\u00e1rodn\u00ed politika kvality <\/a><\/li>\n\n\n\n<li><a href=\"https:\/\/www.nukib.cz\/cs\/\" target=\"_blank\" rel=\"noreferrer noopener\">N\u00e1rodn\u00ed \u00fa\u0159ad pro kybernetickou a informa\u010dn\u00ed bezpe\u010dnost<\/a><\/li>\n\n\n\n<li><a href=\"http:\/\/www.pefc.cz\/\" target=\"_blank\" rel=\"noreferrer noopener\">PEFC \u010cesk\u00e1 republika (\u010cesk\u00fd syst\u00e9m certifikace les\u016f)<\/a><\/li>\n\n\n\n<li><a href=\"http:\/\/www.foodnet.cz\/\" target=\"_blank\" rel=\"noreferrer noopener\">Potravin\u00e1\u0159sk\u00e1 komora \u010cesk\u00e9 republiky<\/a><\/li>\n\n\n\n<li><a href=\"http:\/\/www.konzument.cz\/index.php\" target=\"_blank\" rel=\"noreferrer noopener\">Sdru\u017een\u00ed \u010desk\u00fdch spot\u0159ebitel\u016f <\/a><\/li>\n\n\n\n<li><a href=\"http:\/\/www.certifikacepracovniku.cz\/\" target=\"_blank\" rel=\"noreferrer noopener\">Sdru\u017een\u00ed pro certifikaci pracovn\u00edk\u016f<\/a><\/li>\n\n\n\n<li><a href=\"http:\/\/www.suip.cz\/\" target=\"_blank\" rel=\"noreferrer noopener\">St\u00e1tn\u00ed \u00fa\u0159ad inspekce pr\u00e1ce<\/a><\/li>\n\n\n\n<li><a href=\"http:\/\/www.sujb.cz\/\" target=\"_blank\" rel=\"noreferrer noopener\">St\u00e1tn\u00ed \u00fa\u0159ad pro jadernou bezpe\u010dnost <\/a><\/li>\n\n\n\n<li><a href=\"http:\/\/www.sps.cz\/index.asp\" target=\"_blank\" rel=\"noreferrer noopener\">Svaz podnikatel\u016f ve stavebnictv\u00ed v \u010cR<\/a><\/li>\n\n\n\n<li><a href=\"http:\/\/www.spcr.cz\/\" target=\"_blank\" rel=\"noreferrer noopener\">Svaz pr\u016fmyslu a dopravy \u010cR<\/a><\/li>\n\n\n\n<li><a href=\"https:\/\/urosksoj.army.cz\/\" target=\"_blank\" rel=\"noreferrer noopener\">\u00da\u0159ad pro obrannou standardizaci, katalogizaci a st\u00e1tn\u00ed ov\u011b\u0159ov\u00e1n\u00ed jakosti odbor obrann\u00e9 standardizace<\/a><\/li>\n\n\n\n<li><a href=\"http:\/\/www.unmz.cz\/\" target=\"_blank\" rel=\"noreferrer noopener\">\u00da\u0159ad pro technickou normalizaci, metrologii a st\u00e1tn\u00ed zku\u0161ebnictv\u00ed<\/a><\/li>\n\n\n\n<li><a href=\"http:\/\/www.vzp.cz\/cms\/internet\/cz\/\" target=\"_blank\" rel=\"noreferrer noopener\">V\u0161eobecn\u00e1 zdravotn\u00ed poji\u0161\u0165ovna \u010cR<\/a><\/li>\n<\/ul>\n\n\n\n<h4 class=\"wp-block-heading\">Dal\u0161\u00ed organizace a port\u00e1ly<\/h4>\n\n\n\n<ul class=\"wp-block-list\">\n<li><a href=\"https:\/\/www.agentura-cas.cz\/\" target=\"_blank\" rel=\"noreferrer noopener\">\u010cesk\u00e1 agentura pro standardizaci<\/a><\/li>\n\n\n\n<li><a href=\"http:\/\/www.coi.cz\/\" target=\"_blank\" rel=\"noreferrer noopener\">\u010cesk\u00e1 obchodn\u00ed inspekce <\/a><\/li>\n\n\n\n<li><a href=\"http:\/\/www.csq.cz\/\" target=\"_blank\" rel=\"noreferrer noopener\">\u010cesk\u00e1 spole\u010dnost pro jakost <\/a><\/li>\n\n\n\n<li><a href=\"https:\/\/docs.google.com\/forms\/d\/1oC7FVEwAlPYgMcVeERfwZvAsDFKCg8vRZegsNccQwRM\/viewform?sid=847b1baacc48ebf&amp;token=cDFuNT0BAAA.71h0AwrmYUmHGyOM-lTXOQ.zbsg3Wu7MXMmN9DEDBhoIA\" target=\"_blank\" rel=\"noreferrer noopener\">EUROBAROMETR <\/a><\/li>\n\n\n\n<li><a href=\"http:\/\/www.statnisprava.cz\/\" target=\"_blank\" rel=\"noreferrer noopener\">Informa\u010dn\u00ed port\u00e1l st\u00e1tn\u00ed spr\u00e1vy<\/a><\/li>\n\n\n\n<li><a href=\"https:\/\/www.estav.cz\/\" target=\"_blank\" rel=\"noreferrer noopener\">Zpravodajstv\u00ed z oblasti stavebnictv\u00ed<\/a><\/li>\n\n\n\n<li><a href=\"http:\/\/www.webarchiv.cz\/\" target=\"_blank\" rel=\"noreferrer noopener\">WebArchiv &#8211; projekt NK \u010cR<\/a><\/li>\n<\/ul>\n\n\n\n<hr class=\"wp-block-separator has-css-opacity is-style-wide\"\/>\n\n\n\n<p><strong>POKRA\u010cOVAT D\u00c1L:&nbsp;<\/strong>&nbsp;<br><a rel=\"noreferrer noopener\" href=\"https:\/\/www.cai.cz\/?page_id=1746\" target=\"_blank\"><span style=\"text-decoration: underline;\">\u00da\u0159edn\u00ed deska<\/span><\/a>   &nbsp;&nbsp;<span style=\"text-decoration: underline;\"><a rel=\"noreferrer noopener\" href=\"https:\/\/www.cai.cz\/?page_id=1920\" target=\"_blank\">Statut\u00e1rn\u00ed dokumenty<\/a><\/span>   &nbsp;&nbsp;<span style=\"text-decoration: underline;\"><a rel=\"noreferrer noopener\" href=\"https:\/\/www.cai.cz\/?page_id=1923\" target=\"_blank\">Org\u00e1ny \u010cIA<\/a><\/span>   &nbsp;&nbsp;<a rel=\"noreferrer noopener\" href=\"https:\/\/www.cai.cz\/?page_id=2211\" target=\"_blank\"><span style=\"text-decoration: underline;\">Poradn\u00ed org\u00e1ny \u010cIA<\/span><\/a>   &nbsp;&nbsp;<span style=\"text-decoration: underline;\"><a rel=\"noreferrer noopener\" href=\"https:\/\/www.cai.cz\/?page_id=1925\" target=\"_blank\">V\u00fdro\u010dn\u00ed zpr\u00e1vy<\/a><\/span>   &nbsp;&nbsp;<a href=\"https:\/\/www.cai.cz\/?page_id=1765\" target=\"_blank\" rel=\"noreferrer noopener\">Legislativa<\/a>   &nbsp;&nbsp;<a rel=\"noreferrer noopener\" href=\"https:\/\/www.cai.cz\/?page_id=1963\" target=\"_blank\"><span style=\"text-decoration: underline;\">Publikace<\/span><\/a>   &nbsp;&nbsp;<span style=\"text-decoration: underline;\"><a rel=\"noreferrer noopener\" href=\"https:\/\/www.cai.cz\/?page_id=1753\" target=\"_blank\">CTN<\/a><\/span>   &nbsp;&nbsp;<a rel=\"noreferrer noopener\" href=\"https:\/\/www.cai.cz\/?page_id=1768\" target=\"_blank\"><span style=\"text-decoration: underline;\">Pracovn\u00ed nab\u00eddky<\/span><\/a>   &nbsp;&nbsp;<span style=\"text-decoration: underline;\"><a rel=\"noreferrer noopener\" href=\"https:\/\/www.cai.cz\/?page_id=1771\" target=\"_blank\">Ve\u0159ejn\u00e9 projedn\u00e1v\u00e1n\u00ed<\/a><\/span>   &nbsp;&nbsp;<br><span style=\"text-decoration: underline;\"><a rel=\"noreferrer noopener\" href=\"https:\/\/www.cai.cz\/?page_id=1928\" target=\"_blank\">Vz\u00e1jemn\u00e9 hodnocen\u00ed<\/a><\/span>   &nbsp;&nbsp;<span style=\"text-decoration: underline;\"><a rel=\"noreferrer noopener\" href=\"https:\/\/www.cai.cz\/?page_id=15395\" target=\"_blank\">Ochrana oznamovatel\u016f<\/a><\/span>   &nbsp;&nbsp;<span style=\"text-decoration: underline;\"><a rel=\"noreferrer noopener\" href=\"https:\/\/www.cai.cz\/?page_id=19432\" target=\"_blank\">Intern\u00ed protikorup\u010dn\u00ed program<\/a><\/span>   &nbsp;&nbsp;<span style=\"text-decoration: underline;\"><a rel=\"noreferrer noopener\" href=\"https:\/\/www.cai.cz\/?page_id=17508\" target=\"_blank\">Politika nestrannosti<\/a><\/span><\/p>\n","protected":false},"excerpt":{"rendered":"<p>Organizace se kter\u00fdmi m\u00e1 \u010cIA uzav\u0159enou dohodu o spolupr\u00e1ci: Dal\u0161\u00ed organizace a port\u00e1ly POKRA\u010cOVAT D\u00c1L:&nbsp;&nbsp;\u00da\u0159edn\u00ed deska &nbsp;&nbsp;Statut\u00e1rn\u00ed dokumenty &nbsp;&nbsp;Org\u00e1ny \u010cIA &nbsp;&nbsp;Poradn\u00ed org\u00e1ny \u010cIA &nbsp;&nbsp;V\u00fdro\u010dn\u00ed zpr\u00e1vy&hellip;<\/p>\n","protected":false},"author":2,"featured_media":0,"parent":23,"menu_order":9,"comment_status":"closed","ping_status":"closed","template":"","meta":{"_acf_changed":false,"_price":"","_stock":"","_tribe_ticket_header":"","_tribe_default_ticket_provider":"","_tribe_ticket_capacity":"0","_ticket_start_date":"","_ticket_end_date":"","_tribe_ticket_show_description":"","_tribe_ticket_show_not_going":false,"_tribe_ticket_use_global_stock":"","_tribe_ticket_global_stock_level":"","_global_stock_mode":"","_global_stock_cap":"","_tribe_rsvp_for_event":"","_tribe_ticket_going_count":"","_tribe_ticket_not_going_count":"","_tribe_tickets_list":"[]","_tribe_ticket_has_attendee_info_fields":false,"footnotes":"","_tec_slr_enabled":"","_tec_slr_layout":""},"class_list":["post-1777","page","type-page","status-publish","hentry"],"acf":[],"ticketed":false,"_links":{"self":[{"href":"https:\/\/www.cai.cz\/index.php?rest_route=\/wp\/v2\/pages\/1777","targetHints":{"allow":["GET"]}}],"collection":[{"href":"https:\/\/www.cai.cz\/index.php?rest_route=\/wp\/v2\/pages"}],"about":[{"href":"https:\/\/www.cai.cz\/index.php?rest_route=\/wp\/v2\/types\/page"}],"author":[{"embeddable":true,"href":"https:\/\/www.cai.cz\/index.php?rest_route=\/wp\/v2\/users\/2"}],"replies":[{"embeddable":true,"href":"https:\/\/www.cai.cz\/index.php?rest_route=%2Fwp%2Fv2%2Fcomments&post=1777"}],"version-history":[{"count":19,"href":"https:\/\/www.cai.cz\/index.php?rest_route=\/wp\/v2\/pages\/1777\/revisions"}],"predecessor-version":[{"id":19519,"href":"https:\/\/www.cai.cz\/index.php?rest_route=\/wp\/v2\/pages\/1777\/revisions\/19519"}],"up":[{"embeddable":true,"href":"https:\/\/www.cai.cz\/index.php?rest_route=\/wp\/v2\/pages\/23"}],"wp:attachment":[{"href":"https:\/\/www.cai.cz\/index.php?rest_route=%2Fwp%2Fv2%2Fmedia&parent=1777"}],"curies":[{"name":"wp","href":"https:\/\/api.w.org\/{rel}","templated":true}]}}