{"id":1780,"date":"2018-09-27T07:55:15","date_gmt":"2018-09-27T05:55:15","guid":{"rendered":"http:\/\/srvwww1.cai.internal\/?page_id=1780"},"modified":"2024-04-08T07:09:34","modified_gmt":"2024-04-08T05:09:34","slug":"publikace-a-dokumenty","status":"publish","type":"page","link":"https:\/\/www.cai.cz\/?page_id=1780","title":{"rendered":"Publikace a dokumenty"},"content":{"rendered":"\n<p>\u010cesk\u00e1 agentura pro standardizaci zve\u0159ejnila \u010desk\u00fd p\u0159eklad dokumentu Agentury Evropsk\u00e9 unie pro \u017eeleznice (ERA) Technical document MNB &#8211; Assessment scheme 000MRA 1044 ver 1.1.<\/p>\n\n\n\n<div class=\"wp-block-file\"><a id=\"wp-block-file--media-7e24b724-6b7b-45c7-a547-8e91e976a246\" href=\"https:\/\/www.cai.cz\/wp-content\/uploads\/2019\/02\/ERA-000MRA1044-ver_1_1-002.pdf\" target=\"_blank\" rel=\"noreferrer noopener\">ERA 000MRA1044 ver_1_1<\/a><a href=\"https:\/\/www.cai.cz\/wp-content\/uploads\/2019\/02\/ERA-000MRA1044-ver_1_1-002.pdf\" class=\"wp-block-file__button wp-element-button\" download aria-describedby=\"wp-block-file--media-7e24b724-6b7b-45c7-a547-8e91e976a246\">St\u00e1hnout<\/a><\/div>\n\n\n<p>Dubnov\u00fd <a href=\"https:\/\/www.cai.cz\/wp-content\/uploads\/2024\/04\/JCTLM-Newsletter-2018.pdf\" target=\"_blank\" rel=\"noopener\">Newsletter JCTLM<\/a> (Joint Committee for Traceability in Laboratory Medicine) informuje o jmenov\u00e1n\u00ed ing. M. Bedn\u00e1\u0159ov\u00e9 \u00a0z\u00e1stupcem ILAC ve v\u00fdkonn\u00e9m v\u00fdboru <a href=\"https:\/\/www.jctlm.org\/\" target=\"_blank\" rel=\"noopener\">JCTLM<\/a>, kter\u00fd je spole\u010dnou iniciativou <a href=\"https:\/\/www.bipm.org\/en\/committees\/jc\/jctlm\/\" target=\"_blank\" rel=\"noopener\">BIPM<\/a>, <a href=\"http:\/\/www.ifcc.org\/\" target=\"_blank\" rel=\"noopener\">IFCC<\/a> a <a href=\"http:\/\/ilac.org\/\" target=\"_blank\" rel=\"noopener\">ILAC<\/a> pro podporu mezin\u00e1rodn\u00ed srovnatelnosti v\u00fdsledk\u016f, spolehlivosti a ekvivalence v\u00fdsledk\u016f m\u011b\u0159en\u00ed v laboratorn\u00ed medic\u00edn\u011b.<\/p>\n\n\n<hr class=\"wp-block-separator has-css-opacity is-style-wide\"\/>\n\n\n\n<p><strong>POKRA\u010cOVAT D\u00c1L:<\/strong>&nbsp;<br><a href=\"https:\/\/www.cai.cz\/?page_id=55\">Mezin\u00e1rodn\u00ed spolupr\u00e1ce &gt;<\/a>   <a href=\"https:\/\/www.cai.cz\/?page_id=1783\">Zahrani\u010dn\u00ed projekty \u010cIA<\/a> &nbsp; <a href=\"https:\/\/www.cai.cz\/?page_id=1786\">Rezoluce <\/a><a href=\"https:\/\/www.cai.cz\/?page_id=1805\">EA, ILAC, IAF<\/a>&nbsp; <a href=\"https:\/\/www.cai.cz\/?page_id=1789\">Sv\u011btov\u00fd den akreditace<\/a>&nbsp; <a href=\"https:\/\/www.cai.cz\/?page_id=1792\">Multilater\u00e1ln\u00ed dohody o vz\u00e1jemn\u00e9m uzn\u00e1v\u00e1n\u00ed MLA\/MRA<\/a>&nbsp;&nbsp; <a href=\"https:\/\/www.cai.cz\/?page_id=1795\">Public Sector Assurance<\/a><\/p>\n","protected":false},"excerpt":{"rendered":"<p>\u010cesk\u00e1 agentura pro standardizaci zve\u0159ejnila \u010desk\u00fd p\u0159eklad dokumentu Agentury Evropsk\u00e9 unie pro \u017eeleznice (ERA) Technical document MNB &#8211; Assessment scheme 000MRA 1044 ver 1.1. Dubnov\u00fd&hellip;<\/p>\n","protected":false},"author":2,"featured_media":0,"parent":55,"menu_order":1,"comment_status":"closed","ping_status":"closed","template":"","meta":{"_acf_changed":false,"_price":"","_stock":"","_tribe_ticket_header":"","_tribe_default_ticket_provider":"","_tribe_ticket_capacity":"0","_ticket_start_date":"","_ticket_end_date":"","_tribe_ticket_show_description":"","_tribe_ticket_show_not_going":false,"_tribe_ticket_use_global_stock":"","_tribe_ticket_global_stock_level":"","_global_stock_mode":"","_global_stock_cap":"","_tribe_rsvp_for_event":"","_tribe_ticket_going_count":"","_tribe_ticket_not_going_count":"","_tribe_tickets_list":"[]","_tribe_ticket_has_attendee_info_fields":false,"footnotes":"","_tec_slr_enabled":"","_tec_slr_layout":""},"class_list":["post-1780","page","type-page","status-publish","hentry"],"acf":[],"ticketed":false,"_links":{"self":[{"href":"https:\/\/www.cai.cz\/index.php?rest_route=\/wp\/v2\/pages\/1780","targetHints":{"allow":["GET"]}}],"collection":[{"href":"https:\/\/www.cai.cz\/index.php?rest_route=\/wp\/v2\/pages"}],"about":[{"href":"https:\/\/www.cai.cz\/index.php?rest_route=\/wp\/v2\/types\/page"}],"author":[{"embeddable":true,"href":"https:\/\/www.cai.cz\/index.php?rest_route=\/wp\/v2\/users\/2"}],"replies":[{"embeddable":true,"href":"https:\/\/www.cai.cz\/index.php?rest_route=%2Fwp%2Fv2%2Fcomments&post=1780"}],"version-history":[{"count":13,"href":"https:\/\/www.cai.cz\/index.php?rest_route=\/wp\/v2\/pages\/1780\/revisions"}],"predecessor-version":[{"id":18270,"href":"https:\/\/www.cai.cz\/index.php?rest_route=\/wp\/v2\/pages\/1780\/revisions\/18270"}],"up":[{"embeddable":true,"href":"https:\/\/www.cai.cz\/index.php?rest_route=\/wp\/v2\/pages\/55"}],"wp:attachment":[{"href":"https:\/\/www.cai.cz\/index.php?rest_route=%2Fwp%2Fv2%2Fmedia&parent=1780"}],"curies":[{"name":"wp","href":"https:\/\/api.w.org\/{rel}","templated":true}]}}