{"id":1786,"date":"2018-09-27T07:56:39","date_gmt":"2018-09-27T05:56:39","guid":{"rendered":"http:\/\/srvwww1.cai.internal\/?page_id=1786"},"modified":"2025-11-21T12:24:40","modified_gmt":"2025-11-21T11:24:40","slug":"rezoluce-ea-ilac-iaf","status":"publish","type":"page","link":"https:\/\/www.cai.cz\/?page_id=1786","title":{"rendered":"Rezoluce EA, ILAC, IAF, Global Accreditation Cooperation Incorporated"},"content":{"rendered":"\n<h2 class=\"wp-block-heading\">2025<\/h2>\n\n\n\n<div class=\"wp-block-file\"><a id=\"wp-block-file--media-b6d4a9b4-99f1-453f-996a-4457c61c3569\" href=\"https:\/\/www.cai.cz\/wp-content\/uploads\/2025\/11\/Resolutions-of-the-59th-EA-GA.pdf\" target=\"_blank\" rel=\"noreferrer noopener\">Resolutions EA 59th General Assembly<\/a><a href=\"https:\/\/www.cai.cz\/wp-content\/uploads\/2025\/11\/Resolutions-of-the-59th-EA-GA.pdf\" class=\"wp-block-file__button wp-element-button\" download aria-describedby=\"wp-block-file--media-b6d4a9b4-99f1-453f-996a-4457c61c3569\">St\u00e1hnout<\/a><\/div>\n\n\n\n<div class=\"wp-block-file\"><a id=\"wp-block-file--media-b6d4a9b4-99f1-453f-996a-4457c61c3569\" href=\"https:\/\/www.cai.cz\/wp-content\/uploads\/2025\/10\/Global-Accreditation-Cooperation-Incorporated-Bangkok-2025-Approved-GA02-Resolutions.pdf\" target=\"_blank\" rel=\"noreferrer noopener\">Resolutions Global Accreditation Cooperation Incorporated 2nd General Assembly<\/a><a href=\"https:\/\/www.cai.cz\/wp-content\/uploads\/2025\/10\/Global-Accreditation-Cooperation-Incorporated-Bangkok-2025-Approved-GA02-Resolutions.pdf\" class=\"wp-block-file__button wp-element-button\" download aria-describedby=\"wp-block-file--media-b6d4a9b4-99f1-453f-996a-4457c61c3569\">St\u00e1hnout<\/a><\/div>\n\n\n\n<div class=\"wp-block-file\"><a id=\"wp-block-file--media-b6d4a9b4-99f1-453f-996a-4457c61c3569\" href=\"https:\/\/www.cai.cz\/wp-content\/uploads\/2025\/05\/Resolutions-of-the-57th-EA-GA.pdf\" target=\"_blank\" rel=\"noreferrer noopener\">Resolutions EA 57th General Assembly<\/a><a href=\"https:\/\/www.cai.cz\/wp-content\/uploads\/2025\/05\/Resolutions-of-the-57th-EA-GA.pdf\" class=\"wp-block-file__button wp-element-button\" download aria-describedby=\"wp-block-file--media-b6d4a9b4-99f1-453f-996a-4457c61c3569\">St\u00e1hnout<\/a><\/div>\n\n\n\n<h2 class=\"wp-block-heading\">2024<\/h2>\n\n\n\n<div class=\"wp-block-file\"><a id=\"wp-block-file--media-b6d4a9b4-99f1-453f-996a-4457c61c3569\" href=\"https:\/\/www.cai.cz\/wp-content\/uploads\/2024\/11\/AI-8-EAGA2411-10-GA56-Resolutions-21Nov2024-Approved.pdf\" target=\"_blank\" rel=\"noreferrer noopener\">Resolutions EA 56th General Assembly<\/a><a href=\"https:\/\/www.cai.cz\/wp-content\/uploads\/2024\/11\/AI-8-EAGA2411-10-GA56-Resolutions-21Nov2024-Approved.pdf\" class=\"wp-block-file__button wp-element-button\" download aria-describedby=\"wp-block-file--media-b6d4a9b4-99f1-453f-996a-4457c61c3569\">St\u00e1hnout<\/a><\/div>\n\n\n\n<div class=\"wp-block-file\"><a id=\"wp-block-file--media-b6d4a9b4-99f1-453f-996a-4457c61c3569\" href=\"https:\/\/www.cai.cz\/wp-content\/uploads\/2024\/11\/Adopted-Resolutions-28th-ILAC-GA-10-Oct-2024.pdf\" target=\"_blank\" rel=\"noreferrer noopener\">Resolutions 28th ILAC General Assembly<\/a><a href=\"https:\/\/www.cai.cz\/wp-content\/uploads\/2024\/11\/Adopted-Resolutions-28th-ILAC-GA-10-Oct-2024.pdf\" class=\"wp-block-file__button wp-element-button\" download aria-describedby=\"wp-block-file--media-b6d4a9b4-99f1-453f-996a-4457c61c3569\">St\u00e1hnout<\/a><\/div>\n\n\n\n<div class=\"wp-block-file\"><a id=\"wp-block-file--media-b6d4a9b4-99f1-453f-996a-4457c61c3569\" href=\"https:\/\/www.cai.cz\/wp-content\/uploads\/2024\/08\/Dokument-Acrobatu.pdf\" target=\"_blank\" rel=\"noreferrer noopener\">Resolutions EA 55th General Assembly<\/a><a href=\"https:\/\/www.cai.cz\/wp-content\/uploads\/2024\/08\/Dokument-Acrobatu.pdf\" class=\"wp-block-file__button wp-element-button\" download aria-describedby=\"wp-block-file--media-b6d4a9b4-99f1-453f-996a-4457c61c3569\">St\u00e1hnout<\/a><\/div>\n\n\n\n<h2>2023<\/h2>\n\n\n\n<div class=\"wp-block-file\"><a id=\"wp-block-file--media-b6d4a9b4-99f1-453f-996a-4457c61c3569\" href=\"https:\/\/www.cai.cz\/wp-content\/uploads\/2024\/08\/AI-8-EAGA2311-27-GA54-Resolutions-23Nov2023.pdf\" target=\"_blank\" rel=\"noreferrer noopener\">Resolutions EA 54th General Assembly<\/a><a href=\"https:\/\/www.cai.cz\/wp-content\/uploads\/2024\/08\/AI-8-EAGA2311-27-GA54-Resolutions-23Nov2023.pdf\" class=\"wp-block-file__button wp-element-button\" download aria-describedby=\"wp-block-file--media-b6d4a9b4-99f1-453f-996a-4457c61c3569\">St\u00e1hnout<\/a><\/div>\n\n\n\n<div class=\"wp-block-file\"><a id=\"wp-block-file--media-b6d4a9b4-99f1-453f-996a-4457c61c3569\" href=\"https:\/\/www.cai.cz\/wp-content\/uploads\/2023\/11\/Adopted-Resolutions-27th-ILAC-GA-15-Nov-2023-1.pdf\" target=\"_blank\" rel=\"noreferrer noopener\">Resolutions 27th ILAC General Assembly<\/a><a href=\"https:\/\/www.cai.cz\/wp-content\/uploads\/2023\/11\/Adopted-Resolutions-27th-ILAC-GA-15-Nov-2023-1.pdf\" class=\"wp-block-file__button wp-element-button\" download aria-describedby=\"wp-block-file--media-b6d4a9b4-99f1-453f-996a-4457c61c3569\">St\u00e1hnout<\/a><\/div>\n\n\n\n<div class=\"wp-block-file\"><a id=\"wp-block-file--media-b6d4a9b4-99f1-453f-996a-4457c61c3569\" href=\"https:\/\/www.cai.cz\/wp-content\/uploads\/2023\/06\/53_EA_GA_Nosek_Resolutions.pdf\" target=\"_blank\" rel=\"noreferrer noopener\">Resolutions EA 53rd General Assembly<\/a><a href=\"https:\/\/www.cai.cz\/wp-content\/uploads\/2023\/06\/53_EA_GA_Nosek_Resolutions.pdf\" class=\"wp-block-file__button wp-element-button\" download aria-describedby=\"wp-block-file--media-b6d4a9b4-99f1-453f-996a-4457c61c3569\">St\u00e1hnout<\/a><\/div>\n\n\n\n<h2>2022<\/h2>\n\n\n\n<div class=\"wp-block-columns is-layout-flex wp-container-core-columns-is-layout-9d6595d7 wp-block-columns-is-layout-flex\">\n<div class=\"wp-block-column is-layout-flow wp-block-column-is-layout-flow\" style=\"flex-basis:100%\">\n<div class=\"wp-block-buttons is-layout-flex wp-block-buttons-is-layout-flex\"><\/div>\n<\/div>\n<\/div>\n\n\n\n<div class=\"wp-block-file\"><a id=\"wp-block-file--media-545349a1-f081-4ffa-95f7-7cd6af0b5325\" href=\"https:\/\/www.cai.cz\/wp-content\/uploads\/2022\/11\/AI-14-EAGA2211-30-RESOLUTIONS-52nd-EAGA-23Nov2022-Final-Adopted.pdf\" target=\"_blank\" rel=\"noreferrer noopener\">Resolutions EA 52nd General Assembly<\/a><a href=\"https:\/\/www.cai.cz\/wp-content\/uploads\/2022\/11\/AI-14-EAGA2211-30-RESOLUTIONS-52nd-EAGA-23Nov2022-Final-Adopted.pdf\" class=\"wp-block-file__button wp-element-button\" download aria-describedby=\"wp-block-file--media-545349a1-f081-4ffa-95f7-7cd6af0b5325\">St\u00e1hnout<\/a><\/div>\n\n\n\n<div id=\"https:\/\/www.cai.cz\/wp-content\/uploads\/2022\/11\/Adopted-Resolutions-26th-ILAC-GA-15-Nov-2022.pdf\" class=\"wp-block-file\"><a id=\"wp-block-file--media-4f420c7b-28ab-4a85-b43c-9c166522b55f\" href=\"https:\/\/www.cai.cz\/wp-content\/uploads\/2022\/11\/Adopted-Resolutions-26th-ILAC-GA-15-Nov-2022-1.pdf\" target=\"_blank\" rel=\"noreferrer noopener\">Resolutions ILAC 26th General Assembly<\/a><a href=\"https:\/\/www.cai.cz\/wp-content\/uploads\/2022\/11\/Adopted-Resolutions-26th-ILAC-GA-15-Nov-2022-1.pdf\" class=\"wp-block-file__button wp-element-button\" download aria-describedby=\"wp-block-file--media-4f420c7b-28ab-4a85-b43c-9c166522b55f\">St\u00e1hnout<\/a><\/div>\n\n\n\n<div class=\"wp-block-file\"><a id=\"wp-block-file--media-c5d4c722-4c93-4eb5-905e-24a6faf618ae\" href=\"https:\/\/www.cai.cz\/wp-content\/uploads\/2022\/05\/EAGA2205-40-EA-GA51-Resolutions-19May2022.pdf\" target=\"_blank\" rel=\"noreferrer noopener\">Resolutions EA 51st  General Assembly<\/a><a href=\"https:\/\/www.cai.cz\/wp-content\/uploads\/2022\/05\/EAGA2205-40-EA-GA51-Resolutions-19May2022.pdf\" class=\"wp-block-file__button wp-element-button\" download aria-describedby=\"wp-block-file--media-c5d4c722-4c93-4eb5-905e-24a6faf618ae\">St\u00e1hnout<\/a><\/div>\n\n\n\n<h2 class=\"wp-block-heading\">2021<\/h2>\n\n\n\n<div class=\"wp-block-file\"><a id=\"wp-block-file--media-d6d6e4bc-44ca-4053-bdee-9c776df8b4d0\" href=\"https:\/\/www.cai.cz\/wp-content\/uploads\/2021\/11\/RESOLUTIONS-50th-EAGA-25Nov2021.pdf\" target=\"_blank\" rel=\"noreferrer noopener\">Resolutions EA 50th General Assembly<\/a><a href=\"https:\/\/www.cai.cz\/wp-content\/uploads\/2021\/11\/RESOLUTIONS-50th-EAGA-25Nov2021.pdf\" class=\"wp-block-file__button wp-element-button\" download aria-describedby=\"wp-block-file--media-d6d6e4bc-44ca-4053-bdee-9c776df8b4d0\">St\u00e1hnout<\/a><\/div>\n\n\n\n<div class=\"wp-block-file\"><a id=\"wp-block-file--media-b6eba0d7-2c84-4268-8e85-07dd6a0935dc\" href=\"https:\/\/www.cai.cz\/wp-content\/uploads\/2021\/05\/EAGA2105-45-GA48-Resolutions-21May2021.pdf\" target=\"_blank\" rel=\"noreferrer noopener\">Resolutions EA 48th General Assembly<\/a><a href=\"https:\/\/www.cai.cz\/wp-content\/uploads\/2021\/05\/EAGA2105-45-GA48-Resolutions-21May2021.pdf\" class=\"wp-block-file__button wp-element-button\" download aria-describedby=\"wp-block-file--media-b6eba0d7-2c84-4268-8e85-07dd6a0935dc\">St\u00e1hnout<\/a><\/div>\n\n\n\n<div class=\"wp-block-file\"><a id=\"wp-block-file--media-76bd0708-1299-4860-825b-f9d5c360c5a6\" href=\"https:\/\/www.cai.cz\/wp-content\/uploads\/2021\/05\/EAGA2103-3-RESOLUTIONS-47th-EAGA-12March2021.pdf\" target=\"_blank\" rel=\"noreferrer noopener\">Resolutions EA 47th  General Assembly<\/a><a href=\"https:\/\/www.cai.cz\/wp-content\/uploads\/2021\/05\/EAGA2103-3-RESOLUTIONS-47th-EAGA-12March2021.pdf\" class=\"wp-block-file__button wp-element-button\" download aria-describedby=\"wp-block-file--media-76bd0708-1299-4860-825b-f9d5c360c5a6\">St\u00e1hnout<\/a><\/div>\n\n\n\n<div class=\"wp-block-file\"><a id=\"wp-block-file--media-6346320b-3faa-4da4-9e4b-c05cda5482a7\" href=\"https:\/\/www.cai.cz\/wp-content\/uploads\/2021\/11\/Adopted-Resolutions-25th-ILAC-GA-02-Nov-2021.pdf\" target=\"_blank\" rel=\"noreferrer noopener\">Resolutions 25th ILAC General Assembly<\/a><a href=\"https:\/\/www.cai.cz\/wp-content\/uploads\/2021\/11\/Adopted-Resolutions-25th-ILAC-GA-02-Nov-2021.pdf\" class=\"wp-block-file__button wp-element-button\" download aria-describedby=\"wp-block-file--media-6346320b-3faa-4da4-9e4b-c05cda5482a7\">St\u00e1hnout<\/a><\/div>\n\n\n\n<h2 class=\"wp-block-heading\">2020<\/h2>\n\n\n\n<div class=\"wp-block-file\"><a id=\"wp-block-file--media-f132df2a-278f-4a30-8882-0ad1d79b07ea\" href=\"https:\/\/www.cai.cz\/wp-content\/uploads\/2020\/12\/Resolutions-EA-46th-General-Assembly.pdf\" target=\"_blank\" rel=\"noreferrer noopener\">Resolutions EA 46th General Assembly<\/a><a href=\"https:\/\/www.cai.cz\/wp-content\/uploads\/2020\/12\/Resolutions-EA-46th-General-Assembly.pdf\" class=\"wp-block-file__button wp-element-button\" download aria-describedby=\"wp-block-file--media-f132df2a-278f-4a30-8882-0ad1d79b07ea\">St\u00e1hnout<\/a><\/div>\n\n\n\n<div class=\"wp-block-file\"><a id=\"wp-block-file--media-384ed590-1f3f-4e82-9829-121449856157\" href=\"https:\/\/www.cai.cz\/wp-content\/uploads\/2020\/11\/GA-34_15-IAF-2020-Approved-GA-Resolutions-10112020.pdf\" target=\"_blank\" rel=\"noreferrer noopener\">Resolutions 34th IAF General Assembly<\/a><a href=\"https:\/\/www.cai.cz\/wp-content\/uploads\/2020\/11\/GA-34_15-IAF-2020-Approved-GA-Resolutions-10112020.pdf\" class=\"wp-block-file__button wp-element-button\" download aria-describedby=\"wp-block-file--media-384ed590-1f3f-4e82-9829-121449856157\">St\u00e1hnout<\/a><\/div>\n\n\n\n<div class=\"wp-block-file\"><a id=\"wp-block-file--media-dd3ea04c-d19d-4871-973b-8828780814a0\" href=\"https:\/\/www.cai.cz\/wp-content\/uploads\/2020\/05\/EAGA2005-29-GA45-Resolutions-14May2020.pdf\" target=\"_blank\" rel=\"noreferrer noopener\">Resolutions EA 45th General Assembly<\/a><a href=\"https:\/\/www.cai.cz\/wp-content\/uploads\/2020\/05\/EAGA2005-29-GA45-Resolutions-14May2020.pdf\" class=\"wp-block-file__button wp-element-button\" download aria-describedby=\"wp-block-file--media-dd3ea04c-d19d-4871-973b-8828780814a0\">St\u00e1hnout<\/a><\/div>\n\n\n\n<div class=\"wp-block-file\"><a id=\"wp-block-file--media-ce0065df-81d9-4cba-a58e-5e5c578c6f39\" href=\"https:\/\/www.cai.cz\/wp-content\/uploads\/2020\/11\/Adopted-Resolutions-24th-ILAC-GA-22-Oct-2020_Rev1.pdf\" target=\"_blank\" rel=\"noreferrer noopener\">Resolutions 24th ILAC General Assembly<\/a><a href=\"https:\/\/www.cai.cz\/wp-content\/uploads\/2020\/11\/Adopted-Resolutions-24th-ILAC-GA-22-Oct-2020_Rev1.pdf\" class=\"wp-block-file__button wp-element-button\" download aria-describedby=\"wp-block-file--media-ce0065df-81d9-4cba-a58e-5e5c578c6f39\">St\u00e1hnout<\/a><\/div>\n\n\n\n<h2 class=\"wp-block-heading\">2019<\/h2>\n\n\n\n<div class=\"wp-block-file\"><a id=\"wp-block-file--media-67bf5a43-7a5c-43b0-8896-4af18ecfe47d\" href=\"https:\/\/www.cai.cz\/wp-content\/uploads\/2019\/11\/Resolutions-EA-44th-General-Assembly-1.pdf\" target=\"_blank\" rel=\"noreferrer noopener\">Resolutions EA 44th General Assembly<\/a><a href=\"https:\/\/www.cai.cz\/wp-content\/uploads\/2019\/11\/Resolutions-EA-44th-General-Assembly-1.pdf\" class=\"wp-block-file__button wp-element-button\" download aria-describedby=\"wp-block-file--media-67bf5a43-7a5c-43b0-8896-4af18ecfe47d\">St\u00e1hnout<\/a><\/div>\n\n\n\n<div class=\"wp-block-file\"><a id=\"wp-block-file--media-621b928e-2777-4c9d-a91e-1657672c88c9\" href=\"https:\/\/www.cai.cz\/wp-content\/uploads\/2019\/11\/Resoulutions-23rd-ILAC-General-Assembly.pdf\" target=\"_blank\" rel=\"noreferrer noopener\">Resolutions 23rd ILAC General Assembly<\/a><a href=\"https:\/\/www.cai.cz\/wp-content\/uploads\/2019\/11\/Resoulutions-23rd-ILAC-General-Assembly.pdf\" class=\"wp-block-file__button wp-element-button\" download aria-describedby=\"wp-block-file--media-621b928e-2777-4c9d-a91e-1657672c88c9\">St\u00e1hnout<\/a><\/div>\n\n\n\n<div class=\"wp-block-file\"><a id=\"wp-block-file--media-aa8aef5c-ff13-44d4-bfe5-bb4d3de0af26\" href=\"https:\/\/www.cai.cz\/wp-content\/uploads\/2019\/11\/Resoulutions-33rd-IAF-General-Assembly.pdf\" target=\"_blank\" rel=\"noreferrer noopener\">Resolutions 33rd IAF General Assembly<\/a><a href=\"https:\/\/www.cai.cz\/wp-content\/uploads\/2019\/11\/Resoulutions-33rd-IAF-General-Assembly.pdf\" class=\"wp-block-file__button wp-element-button\" download aria-describedby=\"wp-block-file--media-aa8aef5c-ff13-44d4-bfe5-bb4d3de0af26\">St\u00e1hnout<\/a><\/div>\n\n\n\n<div class=\"wp-block-file\"><a id=\"wp-block-file--media-864596b6-1975-4e1a-b2b1-8b102dcc9a70\" href=\"https:\/\/www.cai.cz\/wp-content\/uploads\/2019\/05\/Resolutions-EA-43rd-General-Assembly.pdf\" target=\"_blank\" rel=\"noreferrer noopener\">Resolutions EA 43rd General Assembly<\/a><a href=\"https:\/\/www.cai.cz\/wp-content\/uploads\/2019\/05\/Resolutions-EA-43rd-General-Assembly.pdf\" class=\"wp-block-file__button wp-element-button\" download aria-describedby=\"wp-block-file--media-864596b6-1975-4e1a-b2b1-8b102dcc9a70\">St\u00e1hnout<\/a><\/div>\n\n\n\n<h2 class=\"wp-block-heading\">2018<\/h2>\n\n\n\n<div class=\"wp-block-file\"><a id=\"wp-block-file--media-41bc8596-e31c-4b29-8ba1-bcb0be72a2cc\" href=\"https:\/\/www.cai.cz\/wp-content\/uploads\/2019\/02\/42nd-ea-general-assembly-nov-2018-approved-resolutions-1-1.pdf\" target=\"_blank\" rel=\"noreferrer noopener\">Resolutions EA 42nd General Assembly<\/a><a href=\"https:\/\/www.cai.cz\/wp-content\/uploads\/2019\/02\/42nd-ea-general-assembly-nov-2018-approved-resolutions-1-1.pdf\" class=\"wp-block-file__button wp-element-button\" download aria-describedby=\"wp-block-file--media-41bc8596-e31c-4b29-8ba1-bcb0be72a2cc\">St\u00e1hnout<\/a><\/div>\n\n\n\n<div class=\"wp-block-file\"><a id=\"wp-block-file--media-416f71cc-25a5-40e9-b498-a7b4d345f71c\" href=\"https:\/\/www.cai.cz\/wp-content\/uploads\/2019\/02\/resolutions-22nd-ilac-ga-31-oct-20181.pdf\" target=\"_blank\" rel=\"noreferrer noopener\">Resolutions IlAC 22nd General Assembly<\/a><a href=\"https:\/\/www.cai.cz\/wp-content\/uploads\/2019\/02\/resolutions-22nd-ilac-ga-31-oct-20181.pdf\" class=\"wp-block-file__button wp-element-button\" download aria-describedby=\"wp-block-file--media-416f71cc-25a5-40e9-b498-a7b4d345f71c\">St\u00e1hnout<\/a><\/div>\n\n\n\n<div class=\"wp-block-file\"><a id=\"wp-block-file--media-176d0aa4-e716-42cf-af52-a5a1f9a83de8\" href=\"https:\/\/www.cai.cz\/wp-content\/uploads\/2019\/02\/iafsingaporegaresolutions-311020181.pdf\" target=\"_blank\" rel=\"noreferrer noopener\">Resolutions IAF 32nd General Assembly<\/a><a href=\"https:\/\/www.cai.cz\/wp-content\/uploads\/2019\/02\/iafsingaporegaresolutions-311020181.pdf\" class=\"wp-block-file__button wp-element-button\" download aria-describedby=\"wp-block-file--media-176d0aa4-e716-42cf-af52-a5a1f9a83de8\">St\u00e1hnout<\/a><\/div>\n\n\n\n<div class=\"wp-block-file\"><a id=\"wp-block-file--media-deaecf87-d6db-4e71-81d6-6cbb76f5904f\" href=\"https:\/\/www.cai.cz\/wp-content\/uploads\/2019\/02\/ai_16-eaga-18-60-ga41-resolutions-17may2018rev-1-1-1.pdf\" target=\"_blank\" rel=\"noreferrer noopener\">Resolutions EA 41st General Assembly<\/a><a href=\"https:\/\/www.cai.cz\/wp-content\/uploads\/2019\/02\/ai_16-eaga-18-60-ga41-resolutions-17may2018rev-1-1-1.pdf\" class=\"wp-block-file__button wp-element-button\" download aria-describedby=\"wp-block-file--media-deaecf87-d6db-4e71-81d6-6cbb76f5904f\">St\u00e1hnout<\/a><\/div>\n\n\n\n<h2 class=\"wp-block-heading\">2017<\/h2>\n\n\n\n<div class=\"wp-block-file\"><a id=\"wp-block-file--media-d9b1ac84-ebfc-4479-a223-03202a3fd681\" href=\"https:\/\/www.cai.cz\/wp-content\/uploads\/2019\/02\/m40-resolutions_nov-2017-berlin_revised21nov2017-adopted11.pdf\" target=\"_blank\" rel=\"noreferrer noopener\">Resolutions EA 40th General Assembly<\/a><a href=\"https:\/\/www.cai.cz\/wp-content\/uploads\/2019\/02\/m40-resolutions_nov-2017-berlin_revised21nov2017-adopted11.pdf\" class=\"wp-block-file__button wp-element-button\" download aria-describedby=\"wp-block-file--media-d9b1ac84-ebfc-4479-a223-03202a3fd681\">St\u00e1hnout<\/a><\/div>\n\n\n\n<div class=\"wp-block-file\"><a id=\"wp-block-file--media-eded1d3e-f794-41fd-a202-b115b723c1c9\" href=\"https:\/\/www.cai.cz\/wp-content\/uploads\/2019\/02\/adopted-resolutions-21st-ilac-ga-30-oct-20171.pdf\" target=\"_blank\" rel=\"noreferrer noopener\">Resolutions ILAC 21st General Assembly<\/a><a href=\"https:\/\/www.cai.cz\/wp-content\/uploads\/2019\/02\/adopted-resolutions-21st-ilac-ga-30-oct-20171.pdf\" class=\"wp-block-file__button wp-element-button\" download aria-describedby=\"wp-block-file--media-eded1d3e-f794-41fd-a202-b115b723c1c9\">St\u00e1hnout<\/a><\/div>\n\n\n\n<div class=\"wp-block-file\"><a id=\"wp-block-file--media-50744e4b-e14c-444f-b37b-80df7cfee2c7\" href=\"https:\/\/www.cai.cz\/wp-content\/uploads\/2019\/02\/vancouvergaresolutions_final1.pdf\" target=\"_blank\" rel=\"noreferrer noopener\">Resolutions IAF 31st General Assembly<\/a><a href=\"https:\/\/www.cai.cz\/wp-content\/uploads\/2019\/02\/vancouvergaresolutions_final1.pdf\" class=\"wp-block-file__button wp-element-button\" download aria-describedby=\"wp-block-file--media-50744e4b-e14c-444f-b37b-80df7cfee2c7\">St\u00e1hnout<\/a><\/div>\n\n\n\n<div class=\"wp-block-file\"><a id=\"wp-block-file--media-5284ce35-eaf3-41c0-9a39-5bd288edee49\" href=\"https:\/\/www.cai.cz\/wp-content\/uploads\/2019\/02\/eaga-m39-resolutions_approved-24-may-20171.pdf\" target=\"_blank\" rel=\"noreferrer noopener\">Resolutions EA 39th General Assembly<\/a><a href=\"https:\/\/www.cai.cz\/wp-content\/uploads\/2019\/02\/eaga-m39-resolutions_approved-24-may-20171.pdf\" class=\"wp-block-file__button wp-element-button\" download aria-describedby=\"wp-block-file--media-5284ce35-eaf3-41c0-9a39-5bd288edee49\">St\u00e1hnout<\/a><\/div>\n\n\n\n<h2 class=\"wp-block-heading\">2016<\/h2>\n\n\n\n<div class=\"wp-block-file\"><a id=\"wp-block-file--media-779c9a99-dba9-4e04-9410-7a29a98e186a\" href=\"https:\/\/www.cai.cz\/wp-content\/uploads\/2019\/02\/ai_14-eaga-16-109rev-resolutions-38th-ea-ga-final-approved.docx\" target=\"_blank\" rel=\"noreferrer noopener\">Resolution EA 38th General Assembly<\/a><a href=\"https:\/\/www.cai.cz\/wp-content\/uploads\/2019\/02\/ai_14-eaga-16-109rev-resolutions-38th-ea-ga-final-approved.docx\" class=\"wp-block-file__button wp-element-button\" download aria-describedby=\"wp-block-file--media-779c9a99-dba9-4e04-9410-7a29a98e186a\">St\u00e1hnout<\/a><\/div>\n\n\n\n<div class=\"wp-block-file\"><a id=\"wp-block-file--media-1c146944-d914-40fa-bdcb-adc27a63d65c\" href=\"https:\/\/www.cai.cz\/wp-content\/uploads\/2019\/02\/adopted-resolutions-20th-ilac-ga-4-nov-20161.pdf\" target=\"_blank\" rel=\"noreferrer noopener\">Resolutions ILAC 20th General Assembly<\/a><a href=\"https:\/\/www.cai.cz\/wp-content\/uploads\/2019\/02\/adopted-resolutions-20th-ilac-ga-4-nov-20161.pdf\" class=\"wp-block-file__button wp-element-button\" download aria-describedby=\"wp-block-file--media-1c146944-d914-40fa-bdcb-adc27a63d65c\">St\u00e1hnout<\/a><\/div>\n\n\n\n<div class=\"wp-block-file\"><a id=\"wp-block-file--media-be055954-758d-4eff-977c-5a13a2c6f49c\" href=\"https:\/\/www.cai.cz\/wp-content\/uploads\/2019\/02\/newdelhigaresolutionsfinal20161.pdf\" target=\"_blank\" rel=\"noreferrer noopener\">Resolutions IAF 30th General Aswsembly<\/a><a href=\"https:\/\/www.cai.cz\/wp-content\/uploads\/2019\/02\/newdelhigaresolutionsfinal20161.pdf\" class=\"wp-block-file__button wp-element-button\" download aria-describedby=\"wp-block-file--media-be055954-758d-4eff-977c-5a13a2c6f49c\">St\u00e1hnout<\/a><\/div>\n\n\n\n<div class=\"wp-block-file\"><a id=\"wp-block-file--media-bf12d9f0-aed7-4f78-96e7-f048cf53f31e\" href=\"https:\/\/www.cai.cz\/wp-content\/uploads\/2019\/02\/37th-ea-general-assemby-approved-resolutions-1-1.pdf\" target=\"_blank\" rel=\"noreferrer noopener\">Resolutions EA 37th General Assembly<\/a><a href=\"https:\/\/www.cai.cz\/wp-content\/uploads\/2019\/02\/37th-ea-general-assemby-approved-resolutions-1-1.pdf\" class=\"wp-block-file__button wp-element-button\" download aria-describedby=\"wp-block-file--media-bf12d9f0-aed7-4f78-96e7-f048cf53f31e\">St\u00e1hnout<\/a><\/div>\n\n\n\n<hr class=\"wp-block-separator has-css-opacity is-style-wide\"\/>\n\n\n\n<p><strong>POKRA\u010cOVAT D\u00c1L:<\/strong>&nbsp;<br><a href=\"https:\/\/www.cai.cz\/?page_id=55\">Mezin\u00e1rodn\u00ed spolupr\u00e1ce &gt;<\/a>    <a href=\"https:\/\/www.cai.cz\/?page_id=1780\">Publikace a dokumenty <\/a>&nbsp; <a href=\"https:\/\/www.cai.cz\/?page_id=1783\">Zahrani\u010dn\u00ed projekty \u010cIA<\/a> &nbsp; <a href=\"https:\/\/www.cai.cz\/?page_id=1789\">Sv\u011btov\u00fd den akreditace<\/a>&nbsp; <a href=\"https:\/\/www.cai.cz\/?page_id=1792\">Multilater\u00e1ln\u00ed dohody o vz\u00e1jemn\u00e9m uzn\u00e1v\u00e1n\u00ed MLA\/MRA<\/a><a href=\"https:\/\/www.cai.cz\/?page_id=1814\">&nbsp;&nbsp; <\/a><a href=\"https:\/\/www.cai.cz\/?page_id=1795\">Public Sector Assurance<\/a><\/p>\n\n\n<p><!--EndFragment--><\/p>\n<p>\u00a0<\/p>","protected":false},"excerpt":{"rendered":"<p>2025 2024 2023 2022 2021 2020 2019 2018 2017 2016 POKRA\u010cOVAT D\u00c1L:&nbsp;Mezin\u00e1rodn\u00ed spolupr\u00e1ce &gt; Publikace a dokumenty &nbsp; Zahrani\u010dn\u00ed projekty \u010cIA &nbsp; Sv\u011btov\u00fd den akreditace&nbsp;&hellip;<\/p>\n","protected":false},"author":2,"featured_media":0,"parent":55,"menu_order":3,"comment_status":"closed","ping_status":"closed","template":"","meta":{"_acf_changed":false,"_price":"","_stock":"","_tribe_ticket_header":"","_tribe_default_ticket_provider":"","_tribe_ticket_capacity":"0","_ticket_start_date":"","_ticket_end_date":"","_tribe_ticket_show_description":"","_tribe_ticket_show_not_going":false,"_tribe_ticket_use_global_stock":"","_tribe_ticket_global_stock_level":"","_global_stock_mode":"","_global_stock_cap":"","_tribe_rsvp_for_event":"","_tribe_ticket_going_count":"","_tribe_ticket_not_going_count":"","_tribe_tickets_list":"[]","_tribe_ticket_has_attendee_info_fields":false,"footnotes":"","_tec_slr_enabled":"","_tec_slr_layout":""},"class_list":["post-1786","page","type-page","status-publish","hentry"],"acf":[],"ticketed":false,"_links":{"self":[{"href":"https:\/\/www.cai.cz\/index.php?rest_route=\/wp\/v2\/pages\/1786","targetHints":{"allow":["GET"]}}],"collection":[{"href":"https:\/\/www.cai.cz\/index.php?rest_route=\/wp\/v2\/pages"}],"about":[{"href":"https:\/\/www.cai.cz\/index.php?rest_route=\/wp\/v2\/types\/page"}],"author":[{"embeddable":true,"href":"https:\/\/www.cai.cz\/index.php?rest_route=\/wp\/v2\/users\/2"}],"replies":[{"embeddable":true,"href":"https:\/\/www.cai.cz\/index.php?rest_route=%2Fwp%2Fv2%2Fcomments&post=1786"}],"version-history":[{"count":55,"href":"https:\/\/www.cai.cz\/index.php?rest_route=\/wp\/v2\/pages\/1786\/revisions"}],"predecessor-version":[{"id":21589,"href":"https:\/\/www.cai.cz\/index.php?rest_route=\/wp\/v2\/pages\/1786\/revisions\/21589"}],"up":[{"embeddable":true,"href":"https:\/\/www.cai.cz\/index.php?rest_route=\/wp\/v2\/pages\/55"}],"wp:attachment":[{"href":"https:\/\/www.cai.cz\/index.php?rest_route=%2Fwp%2Fv2%2Fmedia&parent=1786"}],"curies":[{"name":"wp","href":"https:\/\/api.w.org\/{rel}","templated":true}]}}