{"id":1792,"date":"2018-09-27T07:57:56","date_gmt":"2018-09-27T05:57:56","guid":{"rendered":"http:\/\/srvwww1.cai.internal\/?page_id=1792"},"modified":"2024-04-10T12:21:48","modified_gmt":"2024-04-10T10:21:48","slug":"multilateralni-dohody-o-vzajemnem-uznavani-mla-mra","status":"publish","type":"page","link":"https:\/\/www.cai.cz\/?page_id=1792","title":{"rendered":"Multilater\u00e1ln\u00ed dohody o vz\u00e1jemn\u00e9m uzn\u00e1v\u00e1n\u00ed MLA\/MRA"},"content":{"rendered":"\n<p>Na z\u00e1klad\u011b kladn\u00fdch v\u00fdsledk\u016f mezin\u00e1rodn\u00edch audit\u016f (tzv. evaluace) je \u010cIA v sou\u010dasn\u00e9 dob\u011b signat\u00e1\u0159em n\u00e1sleduj\u00edc\u00edch dohod o vz\u00e1jemn\u00e9m uzn\u00e1v\u00e1n\u00ed v\u00fdsledk\u016f akreditace:<\/p>\n\n\n\n<div class=\"wp-block-file\"><a id=\"wp-block-file--media-f89f6eb4-a6a0-4195-a872-4ab7218e68ad\" href=\"https:\/\/www.cai.cz\/wp-content\/uploads\/2023\/11\/EA_MLA_2023.pdf\" target=\"_blank\" rel=\"noreferrer noopener\">Dohoda o vz\u00e1jemn\u00e9m uzn\u00e1v\u00e1n\u00ed v\u00fdsledk\u016f akreditace EA <\/a><a href=\"https:\/\/www.cai.cz\/wp-content\/uploads\/2023\/11\/EA_MLA_2023.pdf\" class=\"wp-block-file__button wp-element-button\" download aria-describedby=\"wp-block-file--media-f89f6eb4-a6a0-4195-a872-4ab7218e68ad\">St\u00e1hnout<\/a><\/div>\n\n\n\n<p>v oblasti:<\/p>\n\n\n\n<ul class=\"wp-block-list\">\n<li>zkou\u0161en\u00ed od 24. listopadu 1998<\/li>\n<\/ul>\n\n\n\n<ul class=\"wp-block-list\">\n<li>kalibrace od 24. listopadu 1998<\/li>\n<\/ul>\n\n\n\n<ul class=\"wp-block-list\">\n<li>certifikace produkt\u016f od 24. listopadu 1998<\/li>\n<\/ul>\n\n\n\n<ul class=\"wp-block-list\">\n<li>certifikace osob od 24. listopadu 1998<\/li>\n<\/ul>\n\n\n\n<ul class=\"wp-block-list\">\n<li>certifikace syst\u00e9m\u016f managementu od 24. listopadu 1998<\/li>\n<\/ul>\n\n\n\n<ul class=\"wp-block-list\">\n<li>inspekce od 17. \u0159\u00edjna 2003<\/li>\n<\/ul>\n\n\n\n<ul class=\"wp-block-list\">\n<li>ov\u011b\u0159ov\u00e1n\u00ed od 3. \u0159\u00edjna 2013 \/ 29. srpna 2023 (pro ISO\/IEC 17029)<\/li>\n<\/ul>\n\n\n\n<ul class=\"wp-block-list\">\n<li>poskytov\u00e1n\u00ed zkou\u0161en\u00ed zp\u016fsobilosti od 27. dubna 2017<\/li>\n<\/ul>\n\n\n\n<ul class=\"wp-block-list\">\n<li>v\u00fdrobc\u016f referen\u010dn\u00edch materi\u00e1l\u016f od 9. kv\u011btna 2019<\/li>\n<\/ul>\n\n\n\n<p>EA MLA je evropsk\u00e1 dohoda, jej\u00edm\u017e prost\u0159ednictv\u00edm si signat\u00e1\u0159i dohody navz\u00e1jem uzn\u00e1vaj\u00ed ud\u011blen\u00e9 akreditace a protokoly, zpr\u00e1vy a certifik\u00e1ty vydan\u00e9 osobami akreditovan\u00fdmi signat\u00e1\u0159i. Tato smlouva pokr\u00fdv\u00e1 r\u016fzn\u00e9 oblasti a m\u00e1 zaveden transparentn\u00ed syst\u00e9m pravideln\u00fdch vz\u00e1jemn\u00fdch hodnocen\u00ed (evaluac\u00ed). Aktu\u00e1ln\u00ed seznam signat\u00e1\u0159\u016f EA MLA je dostupn\u00fd na <a href=\"https:\/\/european-accreditation.org\/ea-members\/directory-of-ea-members-and-mla-signatories\/\" target=\"_blank\" rel=\"noreferrer noopener\"> webu EA<\/a>.<\/p>\n\n\n\n<div class=\"wp-block-file\"><a id=\"wp-block-file--media-218aa822-b243-4aa3-99b3-2533662ff43e\" href=\"https:\/\/www.cai.cz\/wp-content\/uploads\/2020\/04\/SIGNATURE-SHEET-ILAC-ARRANGEMENT-CAI-21-April-2020-2019-to-include-RMP.pdf\" target=\"_blank\" rel=\"noreferrer noopener\">Dohoda o vz\u00e1jemn\u00e9m uzn\u00e1v\u00e1n\u00ed v\u00fdsledk\u016f akreditace ILAC<\/a><a href=\"https:\/\/www.cai.cz\/wp-content\/uploads\/2020\/04\/SIGNATURE-SHEET-ILAC-ARRANGEMENT-CAI-21-April-2020-2019-to-include-RMP.pdf\" class=\"wp-block-file__button wp-element-button\" download aria-describedby=\"wp-block-file--media-218aa822-b243-4aa3-99b3-2533662ff43e\">St\u00e1hnout<\/a><\/div>\n\n\n\n<p>v oblasti:<\/p>\n\n\n\n<ul class=\"wp-block-list\">\n<li>zkou\u0161en\u00ed od 2.&nbsp;listopadu 2000<\/li>\n<\/ul>\n\n\n\n<ul class=\"wp-block-list\">\n<li>kalibrace od 2.&nbsp;listopadu 2000<\/li>\n<\/ul>\n\n\n\n<ul class=\"wp-block-list\">\n<li>inspekce od 24. \u0159\u00edjna 2012<\/li>\n<\/ul>\n\n\n\n<ul class=\"wp-block-list\">\n<li>poskytov\u00e1n\u00ed zkou\u0161en\u00ed zp\u016fsobilosti od 30. kv\u011btna 2019<\/li>\n<\/ul>\n\n\n\n<ul class=\"wp-block-list\">\n<li>v\u00fdrobci referen\u010dn\u00edch materi\u00e1l\u016f od 21. dubna 2020<\/li>\n<\/ul>\n\n\n\n<p>ILAC MRA poskytuje d\u016fv\u011bru v akredita\u010dn\u00ed org\u00e1ny a v jejich schopnost rozhodnout o zp\u016fsobilosti laborato\u0159\u00ed prov\u00e1d\u011bt zkou\u0161en\u00ed a kalibraci a inspek\u010dn\u00edch org\u00e1n\u016f prov\u00e1d\u011bt inspekce. Aktu\u00e1ln\u00ed seznam signat\u00e1\u0159\u016f ILAC MRA, v\u010detn\u011b \u010dinnost\u00ed, kter\u00e9 jsou pokryty ILAC MRA je dostupn\u00fd podle kategori\u00ed \u010dlenstv\u00ed na <a href=\"http:\/\/ilac.org\/signatory-search\/\" target=\"_blank\" rel=\"noreferrer noopener\">webu ILAC<\/a>.<\/p>\n\n\n\n<div class=\"wp-block-file\"><a id=\"wp-block-file--media-f7459b97-92ed-44be-9215-c2a66de2bae3\" href=\"https:\/\/www.cai.cz\/wp-content\/uploads\/2019\/02\/mla_iaf_20161.pdf\" target=\"_blank\" rel=\"noreferrer noopener\"> Dohoda o vz\u00e1jemn\u00e9m uzn\u00e1v\u00e1n\u00ed\u00a0 v\u00fdsledk\u016f akreditace IAF MLA<\/a><a href=\"https:\/\/www.cai.cz\/wp-content\/uploads\/2019\/02\/mla_iaf_20161.pdf\" class=\"wp-block-file__button wp-element-button\" download aria-describedby=\"wp-block-file--media-f7459b97-92ed-44be-9215-c2a66de2bae3\">St\u00e1hnout<\/a><\/div>\n\n\n\n<p>v oblasti:<\/p>\n\n\n\n<ul class=\"wp-block-list\">\n<li>certifikace syst\u00e9m\u016f managementu\n<ul class=\"wp-block-list\">\n<li>ISO 9001 (QMS) od 29. z\u00e1\u0159\u00ed 1999<\/li>\n\n\n\n<li>ISO 14001 (EMS) od 9. \u0159\u00edjna 2004<\/li>\n\n\n\n<li>ISO\/IEC 27001 (ISMS) od 5. dubna 2018<\/li>\n\n\n\n<li>ISO 22000 (FSMS) od 5. dubna 2018<\/li>\n\n\n\n<li>ISO 13485 (MDMS) od 5. dubna 2018<\/li>\n\n\n\n<li>ISO 50001 (EnMS) od 5. dubna 2018<\/li>\n\n\n\n<li>ISO 45001 (OHSMS) od 5. \u00fanora 2020<\/li>\n<\/ul>\n<\/li>\n<\/ul>\n\n\n\n<ul class=\"wp-block-list\">\n<li>certifikace produkt\u016f od 9. \u0159\u00edjna 2004\n<ul class=\"wp-block-list\">\n<li>certifikace produkt\u016f ve sch\u00e9matu GlobalG.A.P. IFA CPCCs od 22. kv\u011btna 2014<\/li>\n<\/ul>\n<\/li>\n<\/ul>\n\n\n\n<ul class=\"wp-block-list\">\n<li>certifikace osob od 20. \u0159\u00edjna 2016<\/li>\n<\/ul>\n\n\n\n<ul class=\"wp-block-list\">\n<li>validace a ov\u011b\u0159ov\u00e1n\u00ed od 11. kv\u011btna 2018 <\/li>\n<\/ul>\n\n\n\n<div class=\"wp-block-file\"><a id=\"wp-block-file--media-307cd2c6-da71-477a-b28a-898cc5e0e4b4\" href=\"https:\/\/www.cai.cz\/wp-content\/uploads\/2019\/05\/IAF_MLA_GHG.pdf\" target=\"_blank\" rel=\"noreferrer noopener\">IAF MLA GHG<\/a><a href=\"https:\/\/www.cai.cz\/wp-content\/uploads\/2019\/05\/IAF_MLA_GHG.pdf\" class=\"wp-block-file__button wp-element-button\" download aria-describedby=\"wp-block-file--media-307cd2c6-da71-477a-b28a-898cc5e0e4b4\">St\u00e1hnout<\/a><\/div>\n\n\n\n<p>IAF MLA poskytuje d\u016fv\u011bru v akredita\u010dn\u00ed org\u00e1ny a v jejich schopnost rozhodnout o zp\u016fsobilosti certifika\u010dn\u00edch org\u00e1n\u016f prov\u00e1d\u011bt certifikace. Aktu\u00e1ln\u00ed seznam signat\u00e1\u0159\u016f IAF MLA, v\u010detn\u011b oblast\u00ed, kter\u00e9 smlouva pokr\u00fdv\u00e1, je dostupn\u00fd na <a href=\"http:\/\/www.iaf.nu\/articles\/IAF_Members__Signatories\/4\" target=\"_blank\" rel=\"noreferrer noopener\">webu IAF<\/a>.<\/p>\n\n\n\n<p>Mezin\u00e1rodn\u00ed akredita\u010dn\u00ed f\u00f3rum (IAF) se spolupr\u00e1ci s extern\u00ed firmou spustilo celosv\u011btovou datab\u00e1zi akreditovan\u00fdch certifik\u00e1t\u016f syst\u00e9mu managementu (tzv. IAFCertSearch), kter\u00e1 podnik\u016fm a vl\u00e1d\u00e1m poskytuje mo\u017enost digit\u00e1ln\u011b validovat certifik\u00e1ty za \u00fa\u010delem ur\u010den\u00ed, zda je certifik\u00e1t platn\u00fd a zda je certifika\u010dn\u00ed org\u00e1n, kter\u00fd&nbsp;certifik\u00e1t vydal&nbsp;akreditov\u00e1n v dan\u00e9m rozsahu.<\/p>\n\n\n\n<p>P\u0159\u00edstup do datab\u00e1ze je mo\u017en\u00fd na <a href=\"https:\/\/www.iafcertsearch.org\/\" target=\"_blank\" rel=\"noreferrer noopener\">https:\/\/www.iafcertsearch.org\/<\/a>.<\/p>\n\n\n\n<div class=\"wp-block-file\"><a id=\"wp-block-file--media-50bb4e67-a8c4-487e-986d-bb7322160959\" href=\"https:\/\/www.cai.cz\/wp-content\/uploads\/2019\/02\/Protocol-mutual-acceptance1.pdf\" target=\"_blank\" rel=\"noreferrer noopener\"> Dohoda EU a Kanady pro oblast telekomunikac\u00ed a EMC<\/a><a href=\"https:\/\/www.cai.cz\/wp-content\/uploads\/2019\/02\/Protocol-mutual-acceptance1.pdf\" class=\"wp-block-file__button wp-element-button\" download aria-describedby=\"wp-block-file--media-50bb4e67-a8c4-487e-986d-bb7322160959\">St\u00e1hnout<\/a><\/div>\n\n\n\n<p>Multilater\u00e1ln\u00ed dohoda pro oblast telekomunikac\u00ed a EMC mezi EU a Kanadou je nyn\u00ed nahrazena Protokolem CETA o vz\u00e1jemn\u00e9m uzn\u00e1v\u00e1n\u00ed v\u00fdsledk\u016f posuzov\u00e1n\u00ed shody.<\/p>\n\n\n\n<p>\u010cIA se automaticky st\u00e1v\u00e1 n\u00e1rodn\u00ed akredita\u010dn\u00ed autoritou pro tuto oblast, stejn\u011b jako ostatn\u00ed signat\u00e1\u0159i p\u0159edch\u00e1zej\u00edc\u00ed multilater\u00e1ln\u00ed dohody.<\/p>\n\n\n\n<hr class=\"wp-block-separator has-css-opacity is-style-wide\"\/>\n\n\n\n<p><strong>POKRA\u010cOVAT D\u00c1L:<\/strong>&nbsp;<br><a href=\"https:\/\/www.cai.cz\/?page_id=55\">Mezin\u00e1rodn\u00ed spolupr\u00e1ce &gt;<\/a>   <a href=\"https:\/\/www.cai.cz\/?page_id=1780\">Publikace a dokumenty<\/a> &nbsp; <a href=\"https:\/\/www.cai.cz\/?page_id=1783\">Zahrani\u010dn\u00ed projekty \u010cIA<\/a> &nbsp; <a href=\"https:\/\/www.cai.cz\/?page_id=1786\">Rezoluce EA, ILAC, IAF<\/a> &nbsp; <a href=\"https:\/\/www.cai.cz\/?page_id=1795\">Public Sector Assurance<\/a><\/p>\n\n\n<p><!--EndFragment--><\/p>\n<p>\u00a0<\/p>","protected":false},"excerpt":{"rendered":"<p>Na z\u00e1klad\u011b kladn\u00fdch v\u00fdsledk\u016f mezin\u00e1rodn\u00edch audit\u016f (tzv. evaluace) je \u010cIA v sou\u010dasn\u00e9 dob\u011b signat\u00e1\u0159em n\u00e1sleduj\u00edc\u00edch dohod o vz\u00e1jemn\u00e9m uzn\u00e1v\u00e1n\u00ed v\u00fdsledk\u016f akreditace: v oblasti: EA MLA&hellip;<\/p>\n","protected":false},"author":2,"featured_media":0,"parent":55,"menu_order":5,"comment_status":"closed","ping_status":"closed","template":"","meta":{"_acf_changed":false,"_price":"","_stock":"","_tribe_ticket_header":"","_tribe_default_ticket_provider":"","_tribe_ticket_capacity":"0","_ticket_start_date":"","_ticket_end_date":"","_tribe_ticket_show_description":"","_tribe_ticket_show_not_going":false,"_tribe_ticket_use_global_stock":"","_tribe_ticket_global_stock_level":"","_global_stock_mode":"","_global_stock_cap":"","_tribe_rsvp_for_event":"","_tribe_ticket_going_count":"","_tribe_ticket_not_going_count":"","_tribe_tickets_list":"[]","_tribe_ticket_has_attendee_info_fields":false,"footnotes":"","_tec_slr_enabled":"","_tec_slr_layout":""},"class_list":["post-1792","page","type-page","status-publish","hentry"],"acf":[],"ticketed":false,"_links":{"self":[{"href":"https:\/\/www.cai.cz\/index.php?rest_route=\/wp\/v2\/pages\/1792","targetHints":{"allow":["GET"]}}],"collection":[{"href":"https:\/\/www.cai.cz\/index.php?rest_route=\/wp\/v2\/pages"}],"about":[{"href":"https:\/\/www.cai.cz\/index.php?rest_route=\/wp\/v2\/types\/page"}],"author":[{"embeddable":true,"href":"https:\/\/www.cai.cz\/index.php?rest_route=\/wp\/v2\/users\/2"}],"replies":[{"embeddable":true,"href":"https:\/\/www.cai.cz\/index.php?rest_route=%2Fwp%2Fv2%2Fcomments&post=1792"}],"version-history":[{"count":20,"href":"https:\/\/www.cai.cz\/index.php?rest_route=\/wp\/v2\/pages\/1792\/revisions"}],"predecessor-version":[{"id":18468,"href":"https:\/\/www.cai.cz\/index.php?rest_route=\/wp\/v2\/pages\/1792\/revisions\/18468"}],"up":[{"embeddable":true,"href":"https:\/\/www.cai.cz\/index.php?rest_route=\/wp\/v2\/pages\/55"}],"wp:attachment":[{"href":"https:\/\/www.cai.cz\/index.php?rest_route=%2Fwp%2Fv2%2Fmedia&parent=1792"}],"curies":[{"name":"wp","href":"https:\/\/api.w.org\/{rel}","templated":true}]}}