{"id":1795,"date":"2018-09-27T07:58:49","date_gmt":"2018-09-27T05:58:49","guid":{"rendered":"http:\/\/srvwww1.cai.internal\/?page_id=1795"},"modified":"2024-04-08T08:11:31","modified_gmt":"2024-04-08T06:11:31","slug":"public-sector-assurance","status":"publish","type":"page","link":"https:\/\/www.cai.cz\/?page_id=1795","title":{"rendered":"Public Sector Assurance"},"content":{"rendered":"<div class=\"wp-block-image\">\n<figure class=\"alignright\"><img loading=\"lazy\" decoding=\"async\" width=\"200\" height=\"185\" src=\"https:\/\/www.cai.cz\/wp-content\/uploads\/2019\/02\/psa-logo-v2.png\" alt=\"\" class=\"wp-image-2881\"\/><\/figure>\n<\/div>\n\n<p>Mezin\u00e1rodn\u00ed organizace ILAC a IAF vytvo\u0159ily v \u00fazk\u00e9 spolupr\u00e1ci s IEC, ISO a IIOC (Nez\u00e1visl\u00e1 mezin\u00e1rodn\u00ed organizace pro certifikaci) novou webovou str\u00e1nku Public Sector Assurance.<\/p>\n<p>C\u00edlem webov\u00e9 str\u00e1nky Public Sector Assurance je prezentovat p\u0159\u00edklady z cel\u00e9ho sv\u011bta, kde ve\u0159ejn\u00e1 spr\u00e1va vyu\u017e\u00edv\u00e1 akreditovan\u00e9 posuzov\u00e1n\u00ed shody jako prost\u0159edek realizace c\u00edl\u016f ve\u0159ejn\u00e9 politiky.<\/p>\n<p>Vyu\u017eit\u00ed akreditovan\u00e9ho posuzov\u00e1n\u00ed shody je ilustrov\u00e1no \u0159adou p\u0159\u00edpadov\u00fdch studi\u00ed demonstruj\u00edc\u00edch jak:<\/p>\n<ul style=\"list-style-type: disc;\">\n<li>org\u00e1ny st\u00e1tn\u00ed spr\u00e1vy mohou pos\u00edlit svou v\u00fdkonnost vyu\u017eit\u00edm akreditovan\u00e9ho posuzov\u00e1n\u00ed shody v r\u00e1mci sv\u00e9ho apar\u00e1tu,<\/li>\n<li>org\u00e1ny st\u00e1tn\u00ed spr\u00e1vy mohou podpo\u0159it v\u00fdkonnost podnik\u00e1n\u00ed t\u00edm, \u017ee podporuj\u00ed vyu\u017e\u00edv\u00e1n\u00ed akreditovan\u00e9ho posuzov\u00e1n\u00ed shody,<\/li>\n<li>akreditovan\u00e9 posuzov\u00e1n\u00ed shody m\u016f\u017ee org\u00e1n\u016fm st\u00e1tn\u00ed spr\u00e1vy pomoci plnit jejich c\u00edle,<\/li>\n<li>akreditovan\u00e9 posuzov\u00e1n\u00ed shody pom\u00e1h\u00e1 org\u00e1n\u016fm st\u00e1tn\u00ed spr\u00e1vy p\u0159i regulaci.<\/li>\n<\/ul>\n<p>V\u00edce na str\u00e1nk\u00e1ch <a href=\"http:\/\/publicsectorassurance.org\/\" target=\"_blank\" rel=\"noopener\">http:\/\/publicsectorassurance.org\/<\/a><\/p>\n\n\n<hr class=\"wp-block-separator has-css-opacity is-style-wide\"\/>\n\n\n\n<p><strong>POKRA\u010cOVAT D\u00c1L:<\/strong>&nbsp;&nbsp; <br><a href=\"https:\/\/www.cai.cz\/?page_id=55\">Mezin\u00e1rodn\u00ed spolupr\u00e1ce &gt;<\/a>&nbsp;&nbsp; <a href=\"https:\/\/www.cai.cz\/?page_id=1780\">Publikace a dokumenty<\/a> &nbsp; <a href=\"https:\/\/www.cai.cz\/?page_id=1783\">Zahrani\u010dn\u00ed projekty \u010cIA<\/a> &nbsp; <a href=\"https:\/\/www.cai.cz\/?page_id=1786\">Rezoluce EA, ILAC, IAF<\/a>&nbsp; <a href=\"https:\/\/www.cai.cz\/?page_id=1792\">Multilater\u00e1ln\u00ed dohody o vz\u00e1jemn\u00e9m uzn\u00e1v\u00e1n\u00ed MLA\/MRA<\/a><\/p>\n\n\n\n<p><a href=\"http:\/\/publicsectorassurance.org\/\"><\/a><\/p>\n\n\n","protected":false},"excerpt":{"rendered":"<p>Mezin\u00e1rodn\u00ed organizace ILAC a IAF vytvo\u0159ily v \u00fazk\u00e9 spolupr\u00e1ci s IEC, ISO a IIOC (Nez\u00e1visl\u00e1 mezin\u00e1rodn\u00ed organizace pro certifikaci) novou webovou str\u00e1nku Public Sector Assurance.&hellip;<\/p>\n","protected":false},"author":2,"featured_media":0,"parent":55,"menu_order":6,"comment_status":"closed","ping_status":"closed","template":"","meta":{"_acf_changed":false,"_price":"","_stock":"","_tribe_ticket_header":"","_tribe_default_ticket_provider":"","_tribe_ticket_capacity":"0","_ticket_start_date":"","_ticket_end_date":"","_tribe_ticket_show_description":"","_tribe_ticket_show_not_going":false,"_tribe_ticket_use_global_stock":"","_tribe_ticket_global_stock_level":"","_global_stock_mode":"","_global_stock_cap":"","_tribe_rsvp_for_event":"","_tribe_ticket_going_count":"","_tribe_ticket_not_going_count":"","_tribe_tickets_list":"[]","_tribe_ticket_has_attendee_info_fields":false,"footnotes":"","_tec_slr_enabled":"","_tec_slr_layout":""},"class_list":["post-1795","page","type-page","status-publish","hentry"],"acf":[],"ticketed":false,"_links":{"self":[{"href":"https:\/\/www.cai.cz\/index.php?rest_route=\/wp\/v2\/pages\/1795","targetHints":{"allow":["GET"]}}],"collection":[{"href":"https:\/\/www.cai.cz\/index.php?rest_route=\/wp\/v2\/pages"}],"about":[{"href":"https:\/\/www.cai.cz\/index.php?rest_route=\/wp\/v2\/types\/page"}],"author":[{"embeddable":true,"href":"https:\/\/www.cai.cz\/index.php?rest_route=\/wp\/v2\/users\/2"}],"replies":[{"embeddable":true,"href":"https:\/\/www.cai.cz\/index.php?rest_route=%2Fwp%2Fv2%2Fcomments&post=1795"}],"version-history":[{"count":7,"href":"https:\/\/www.cai.cz\/index.php?rest_route=\/wp\/v2\/pages\/1795\/revisions"}],"predecessor-version":[{"id":18318,"href":"https:\/\/www.cai.cz\/index.php?rest_route=\/wp\/v2\/pages\/1795\/revisions\/18318"}],"up":[{"embeddable":true,"href":"https:\/\/www.cai.cz\/index.php?rest_route=\/wp\/v2\/pages\/55"}],"wp:attachment":[{"href":"https:\/\/www.cai.cz\/index.php?rest_route=%2Fwp%2Fv2%2Fmedia&parent=1795"}],"curies":[{"name":"wp","href":"https:\/\/api.w.org\/{rel}","templated":true}]}}