{"id":1798,"date":"2018-09-27T08:00:54","date_gmt":"2018-09-27T06:00:54","guid":{"rendered":"http:\/\/srvwww1.cai.internal\/?page_id=1798"},"modified":"2024-04-05T18:56:34","modified_gmt":"2024-04-05T16:56:34","slug":"laboratore","status":"publish","type":"page","link":"https:\/\/www.cai.cz\/?page_id=1798","title":{"rendered":"Laborato\u0159e"},"content":{"rendered":"\n<hr class=\"wp-block-separator has-css-opacity is-style-wide\"\/>\n\n\n<div class=\"wp-block-image is-style-rounded\">\n<figure class=\"alignright is-resized\"><img loading=\"lazy\" decoding=\"async\" src=\"https:\/\/www.cai.cz\/wp-content\/uploads\/2018\/10\/zkusebni-laboratore2-300x200.jpg\" alt=\"\" class=\"wp-image-2025\" width=\"411\" height=\"274\" srcset=\"https:\/\/www.cai.cz\/wp-content\/uploads\/2018\/10\/zkusebni-laboratore2-300x200.jpg 300w, https:\/\/www.cai.cz\/wp-content\/uploads\/2018\/10\/zkusebni-laboratore2-768x512.jpg 768w, https:\/\/www.cai.cz\/wp-content\/uploads\/2018\/10\/zkusebni-laboratore2-1024x683.jpg 1024w\" sizes=\"auto, (max-width: 411px) 100vw, 411px\" \/><\/figure>\n<\/div>\n\n\n<p><strong>POKRA\u010cOVAT D\u00c1L:<\/strong> <br><span style=\"text-decoration: underline;\">Akreditace &gt;<\/span>&nbsp;&nbsp;&nbsp;<span style=\"text-decoration: underline;\"><a href=\"https:\/\/www.cai.cz\/?page_id=2004\">Fyzik\u00e1ln\u011b-mechanick\u00e9 laborato\u0159e<\/a><\/span>&nbsp;&nbsp;&nbsp;<span style=\"text-decoration: underline;\"><a href=\"https:\/\/www.cai.cz\/?page_id=2006\">Chemick\u00e9 a mikrobiologick\u00e9 laborato\u0159e<\/a><\/span>&nbsp;&nbsp;&nbsp;<br><a href=\"https:\/\/www.cai.cz\/?page_id=2008\"><span style=\"text-decoration: underline;\">Zdravotnick\u00e9 laborato\u0159e<\/span><\/a>&nbsp;&nbsp;&nbsp;<span style=\"text-decoration: underline;\"><a href=\"https:\/\/www.cai.cz\/?page_id=2010\">Kalibra\u010dn\u00ed laborato\u0159e<\/a><\/span><\/p>\n","protected":false},"excerpt":{"rendered":"<p>POKRA\u010cOVAT D\u00c1L: Akreditace &gt;&nbsp;&nbsp;&nbsp;Fyzik\u00e1ln\u011b-mechanick\u00e9 laborato\u0159e&nbsp;&nbsp;&nbsp;Chemick\u00e9 a mikrobiologick\u00e9 laborato\u0159e&nbsp;&nbsp;&nbsp;Zdravotnick\u00e9 laborato\u0159e&nbsp;&nbsp;&nbsp;Kalibra\u010dn\u00ed laborato\u0159e<\/p>\n","protected":false},"author":2,"featured_media":2025,"parent":54,"menu_order":1,"comment_status":"closed","ping_status":"closed","template":"","meta":{"_acf_changed":false,"_price":"","_stock":"","_tribe_ticket_header":"","_tribe_default_ticket_provider":"","_tribe_ticket_capacity":"0","_ticket_start_date":"","_ticket_end_date":"","_tribe_ticket_show_description":"","_tribe_ticket_show_not_going":false,"_tribe_ticket_use_global_stock":"","_tribe_ticket_global_stock_level":"","_global_stock_mode":"","_global_stock_cap":"","_tribe_rsvp_for_event":"","_tribe_ticket_going_count":"","_tribe_ticket_not_going_count":"","_tribe_tickets_list":"[]","_tribe_ticket_has_attendee_info_fields":false,"footnotes":"","_tec_slr_enabled":"","_tec_slr_layout":""},"class_list":["post-1798","page","type-page","status-publish","has-post-thumbnail","hentry"],"acf":[],"ticketed":false,"_links":{"self":[{"href":"https:\/\/www.cai.cz\/index.php?rest_route=\/wp\/v2\/pages\/1798","targetHints":{"allow":["GET"]}}],"collection":[{"href":"https:\/\/www.cai.cz\/index.php?rest_route=\/wp\/v2\/pages"}],"about":[{"href":"https:\/\/www.cai.cz\/index.php?rest_route=\/wp\/v2\/types\/page"}],"author":[{"embeddable":true,"href":"https:\/\/www.cai.cz\/index.php?rest_route=\/wp\/v2\/users\/2"}],"replies":[{"embeddable":true,"href":"https:\/\/www.cai.cz\/index.php?rest_route=%2Fwp%2Fv2%2Fcomments&post=1798"}],"version-history":[{"count":9,"href":"https:\/\/www.cai.cz\/index.php?rest_route=\/wp\/v2\/pages\/1798\/revisions"}],"predecessor-version":[{"id":18248,"href":"https:\/\/www.cai.cz\/index.php?rest_route=\/wp\/v2\/pages\/1798\/revisions\/18248"}],"up":[{"embeddable":true,"href":"https:\/\/www.cai.cz\/index.php?rest_route=\/wp\/v2\/pages\/54"}],"wp:featuredmedia":[{"embeddable":true,"href":"https:\/\/www.cai.cz\/index.php?rest_route=\/wp\/v2\/media\/2025"}],"wp:attachment":[{"href":"https:\/\/www.cai.cz\/index.php?rest_route=%2Fwp%2Fv2%2Fmedia&parent=1798"}],"curies":[{"name":"wp","href":"https:\/\/api.w.org\/{rel}","templated":true}]}}