{"id":1802,"date":"2018-09-27T08:02:59","date_gmt":"2018-09-27T06:02:59","guid":{"rendered":"http:\/\/srvwww1.cai.internal\/?page_id=1802"},"modified":"2026-05-04T12:15:02","modified_gmt":"2026-05-04T10:15:02","slug":"inspekcni-organy","status":"publish","type":"page","link":"https:\/\/www.cai.cz\/?page_id=1802","title":{"rendered":"Inspek\u010dn\u00ed org\u00e1ny"},"content":{"rendered":"\n<p><em>Akreditac\u00ed se rozum\u00ed ofici\u00e1ln\u00ed uzn\u00e1n\u00ed (reprezentovan\u00e9 vyd\u00e1n\u00edm Osv\u011bd\u010den\u00ed o akreditaci), \u017ee inspek\u010dn\u00ed org\u00e1n je zp\u016fsobil\u00fd prov\u00e1d\u011bt inspekce<\/em>.<\/p>\n\n\n\n<p>Akreditace inspek\u010dn\u00edch org\u00e1n\u016f se \u0159\u00edd\u00ed po\u017eadavky normy&nbsp; \u010cSN EN ISO\/IEC 17020:2012 (Posuzov\u00e1n\u00ed shody &#8211; Po\u017eadavky pro \u010dinnost r\u016fzn\u00fdch typ\u016f org\u00e1n\u016f prov\u00e1d\u011bj\u00edc\u00edch inspekci). V\u00fdklad k aplikaci t\u00e9to normy je uveden v dokumentu ILAC-P15:05\/2020 &#8211; Aplikace normy ISO\/IEC 17020:2012 pro akreditaci inspek\u010dn\u00edch org\u00e1n\u016f a MPA 80-01-.. Oba uveden\u00e9 dokumenty&nbsp;jsou&nbsp;dostupn\u00e9 na webov\u00fdch str\u00e1nk\u00e1ch \u010cIA.<\/p>\n\n\n\n<p>Podle postupu, kter\u00fd byl odsouhlasen na zased\u00e1n\u00ed ILAC, byla platnost v\u0161ech osv\u011bd\u010den\u00ed, vydan\u00fdch podle \u010cSN EN ISO\/IEC&nbsp;17020:2005, ke dni 1.3.2015 ukon\u010dena. D\u016fvodem je skute\u010dnost, \u017ee byla vyd\u00e1na podle ji\u017e neplatn\u00e9 normy.<\/p>\n\n\n\n<p>Pokud bude inspek\u010dn\u00ed org\u00e1n&nbsp;po\u017eadovat akreditaci nestandardn\u00edch inspek\u010dn\u00edch metod (nejsou zalo\u017eeny na po\u017eadavc\u00edch norem, p\u0159edpis\u016f, evropsk\u00fdch nebo sektorov\u00fdch dokument\u016f, kter\u00e9 jsou obecn\u011b uzn\u00e1v\u00e1ny), mus\u00ed je\u0161t\u011b p\u0159ed pod\u00e1n\u00edm sv\u00e9 \u017e\u00e1dosti&nbsp;po\u017e\u00e1dat o p\u0159ezkoum\u00e1n\u00ed takov\u00e9 metody.&nbsp;P\u0159i&nbsp;p\u0159ezkoum\u00e1n\u00ed&nbsp;nestandardn\u00edch inspek\u010dn\u00edch metod budou vyu\u017eity&nbsp;dokumenty&nbsp;<strong>EA-01\/22A-AB:2023<\/strong>&nbsp;a&nbsp;<strong>MPA 70-01-24 Postup pro prov\u011b\u0159en\u00ed podklad\u016f u sektorov\u00fdch certifika\u010dn\u00edch sch\u00e9mat a nestandardn\u00edch inspek\u010dn\u00edch metod<\/strong>.<\/p>\n\n\n\n<figure class=\"wp-block-table\"><table class=\"has-fixed-layout\"><thead><tr><th><strong>Pozice a osoba za danou oblast<\/strong><\/th><th><strong>Telefonn\u00ed \u010d\u00edslo<\/strong><\/th><th><strong>E-mail<\/strong><\/th><\/tr><\/thead><tbody><tr><td><strong>Garant<\/strong><span class=\"notranslate\">&nbsp;&nbsp;Ing. Milan Svoboda<\/span><\/td><td>272 096 208, 724 797 770<\/td><td><span class=\"notranslate\"><a href=\"mailto:svobodam@cai.cz\" target=\"_blank\" rel=\"noreferrer noopener\">svobodam@cai.cz<\/a><\/span><\/td><\/tr><tr><td><strong>Z\u00e1stupce garanta<\/strong><span class=\"notranslate\">&nbsp;&nbsp;Ing. Julie Koval\u010dukov\u00e1<\/span><\/td><td>272 096 214, 606 078 923<\/td><td><span class=\"notranslate\"><a href=\"mailto:kovalcukovaj@cai.cz\">kovalcukovaj@cai.cz<\/a><\/span><\/td><\/tr><\/tbody><\/table><\/figure>\n\n\n\n<hr class=\"wp-block-separator has-css-opacity is-style-wide\"\/>\n\n\n\n<h4 class=\"wp-block-heading\"><span style=\"text-decoration: underline;\"><a href=\"https:\/\/www.cai.cz\/?cat=74\">Informa\u010dn\u00ed dopisy<\/a><\/span><\/h4>\n\n\n\n<hr class=\"wp-block-separator has-css-opacity is-style-wide\"\/>\n\n\n\n<h4 class=\"wp-block-heading\"><a href=\"https:\/\/www.cai.cz\/?page_id=1674\"><span style=\"text-decoration: underline;\">Dokumenty ke sta\u017een\u00ed<\/span><\/a><\/h4>\n\n\n\n<hr class=\"wp-block-separator has-css-opacity is-style-wide\"\/>\n\n\n\n<p><strong>POKRA\u010cOVAT D\u00c1L:<\/strong>&nbsp;<br><span style=\"text-decoration: underline;\">Akreditace &gt;<\/span><\/p>\n","protected":false},"excerpt":{"rendered":"<p>Akreditac\u00ed se rozum\u00ed ofici\u00e1ln\u00ed uzn\u00e1n\u00ed (reprezentovan\u00e9 vyd\u00e1n\u00edm Osv\u011bd\u010den\u00ed o akreditaci), \u017ee inspek\u010dn\u00ed org\u00e1n je zp\u016fsobil\u00fd prov\u00e1d\u011bt inspekce. Akreditace inspek\u010dn\u00edch org\u00e1n\u016f se \u0159\u00edd\u00ed po\u017eadavky normy&nbsp; \u010cSN&hellip;<\/p>\n","protected":false},"author":2,"featured_media":0,"parent":54,"menu_order":2,"comment_status":"closed","ping_status":"closed","template":"","meta":{"_acf_changed":false,"_price":"","_stock":"","_tribe_ticket_header":"","_tribe_default_ticket_provider":"","_tribe_ticket_capacity":"0","_ticket_start_date":"","_ticket_end_date":"","_tribe_ticket_show_description":"","_tribe_ticket_show_not_going":false,"_tribe_ticket_use_global_stock":"","_tribe_ticket_global_stock_level":"","_global_stock_mode":"","_global_stock_cap":"","_tribe_rsvp_for_event":"","_tribe_ticket_going_count":"","_tribe_ticket_not_going_count":"","_tribe_tickets_list":"[]","_tribe_ticket_has_attendee_info_fields":false,"footnotes":"","_tec_slr_enabled":"","_tec_slr_layout":""},"class_list":["post-1802","page","type-page","status-publish","hentry"],"acf":[],"ticketed":false,"_links":{"self":[{"href":"https:\/\/www.cai.cz\/index.php?rest_route=\/wp\/v2\/pages\/1802","targetHints":{"allow":["GET"]}}],"collection":[{"href":"https:\/\/www.cai.cz\/index.php?rest_route=\/wp\/v2\/pages"}],"about":[{"href":"https:\/\/www.cai.cz\/index.php?rest_route=\/wp\/v2\/types\/page"}],"author":[{"embeddable":true,"href":"https:\/\/www.cai.cz\/index.php?rest_route=\/wp\/v2\/users\/2"}],"replies":[{"embeddable":true,"href":"https:\/\/www.cai.cz\/index.php?rest_route=%2Fwp%2Fv2%2Fcomments&post=1802"}],"version-history":[{"count":13,"href":"https:\/\/www.cai.cz\/index.php?rest_route=\/wp\/v2\/pages\/1802\/revisions"}],"predecessor-version":[{"id":24007,"href":"https:\/\/www.cai.cz\/index.php?rest_route=\/wp\/v2\/pages\/1802\/revisions\/24007"}],"up":[{"embeddable":true,"href":"https:\/\/www.cai.cz\/index.php?rest_route=\/wp\/v2\/pages\/54"}],"wp:attachment":[{"href":"https:\/\/www.cai.cz\/index.php?rest_route=%2Fwp%2Fv2%2Fmedia&parent=1802"}],"curies":[{"name":"wp","href":"https:\/\/api.w.org\/{rel}","templated":true}]}}