{"id":1805,"date":"2018-09-27T08:03:46","date_gmt":"2018-09-27T06:03:46","guid":{"rendered":"http:\/\/srvwww1.cai.internal\/?page_id=1805"},"modified":"2025-02-11T09:55:08","modified_gmt":"2025-02-11T08:55:08","slug":"certifikacni-organy","status":"publish","type":"page","link":"https:\/\/www.cai.cz\/?page_id=1805","title":{"rendered":"Certifika\u010dn\u00ed org\u00e1ny"},"content":{"rendered":"\n<hr class=\"wp-block-separator has-css-opacity is-style-wide\"\/>\n\n\n\n<figure class=\"wp-block-gallery alignright has-nested-images columns-default is-cropped aligncenter wp-block-gallery-1 is-layout-flex wp-block-gallery-is-layout-flex\">\n<figure class=\"wp-block-image is-style-rounded\"><img loading=\"lazy\" decoding=\"async\" width=\"1024\" height=\"683\" data-id=\"4062\" src=\"https:\/\/www.cai.cz\/wp-content\/uploads\/2019\/02\/certifikace-produktu-1024x683.jpg\" alt=\"\" class=\"wp-image-4062\" srcset=\"https:\/\/www.cai.cz\/wp-content\/uploads\/2019\/02\/certifikace-produktu-1024x683.jpg 1024w, https:\/\/www.cai.cz\/wp-content\/uploads\/2019\/02\/certifikace-produktu-300x200.jpg 300w, https:\/\/www.cai.cz\/wp-content\/uploads\/2019\/02\/certifikace-produktu-768x512.jpg 768w\" sizes=\"auto, (max-width: 1024px) 100vw, 1024px\" \/><\/figure>\n<\/figure>\n\n\n\n<p><strong>POKRA\u010cOVAT D\u00c1L: \u00a0<\/strong><br><strong> <\/strong><span style=\"text-decoration: underline;\">Akreditace ><\/span> \u00a0 <span style=\"text-decoration: underline;\"><a href=\"https:\/\/www.cai.cz\/?page_id=3576\">Certifika\u010dn\u00ed org\u00e1ny certifikuj\u00edc\u00ed osoby<\/a><\/span> \u00a0\u00a0 <a href=\"https:\/\/www.cai.cz\/?page_id=3593\"><span style=\"text-decoration: underline;\">Certifika\u010dn\u00ed org\u00e1ny certifikuj\u00edc\u00ed produkty<\/span><\/a>\u00a0 \u00a0\u00a0<br><a href=\"https:\/\/www.cai.cz\/?page_id=3603\"><span style=\"text-decoration: underline;\">Certifika\u010dn\u00ed org\u00e1ny certifikuj\u00edc\u00ed syst\u00e9my managementu (v\u010d. EMAS)<\/span><\/a><\/p>\n","protected":false},"excerpt":{"rendered":"<p>POKRA\u010cOVAT D\u00c1L: \u00a0 Akreditace > \u00a0 Certifika\u010dn\u00ed org\u00e1ny certifikuj\u00edc\u00ed osoby \u00a0\u00a0 Certifika\u010dn\u00ed org\u00e1ny certifikuj\u00edc\u00ed produkty\u00a0 \u00a0\u00a0Certifika\u010dn\u00ed org\u00e1ny certifikuj\u00edc\u00ed syst\u00e9my managementu (v\u010d. EMAS)<\/p>\n","protected":false},"author":2,"featured_media":0,"parent":54,"menu_order":3,"comment_status":"closed","ping_status":"closed","template":"","meta":{"_acf_changed":false,"_price":"","_stock":"","_tribe_ticket_header":"","_tribe_default_ticket_provider":"","_tribe_ticket_capacity":"0","_ticket_start_date":"","_ticket_end_date":"","_tribe_ticket_show_description":"","_tribe_ticket_show_not_going":false,"_tribe_ticket_use_global_stock":"","_tribe_ticket_global_stock_level":"","_global_stock_mode":"","_global_stock_cap":"","_tribe_rsvp_for_event":"","_tribe_ticket_going_count":"","_tribe_ticket_not_going_count":"","_tribe_tickets_list":"[]","_tribe_ticket_has_attendee_info_fields":false,"footnotes":"","_tec_slr_enabled":"","_tec_slr_layout":""},"class_list":["post-1805","page","type-page","status-publish","hentry"],"acf":[],"ticketed":false,"_links":{"self":[{"href":"https:\/\/www.cai.cz\/index.php?rest_route=\/wp\/v2\/pages\/1805","targetHints":{"allow":["GET"]}}],"collection":[{"href":"https:\/\/www.cai.cz\/index.php?rest_route=\/wp\/v2\/pages"}],"about":[{"href":"https:\/\/www.cai.cz\/index.php?rest_route=\/wp\/v2\/types\/page"}],"author":[{"embeddable":true,"href":"https:\/\/www.cai.cz\/index.php?rest_route=\/wp\/v2\/users\/2"}],"replies":[{"embeddable":true,"href":"https:\/\/www.cai.cz\/index.php?rest_route=%2Fwp%2Fv2%2Fcomments&post=1805"}],"version-history":[{"count":14,"href":"https:\/\/www.cai.cz\/index.php?rest_route=\/wp\/v2\/pages\/1805\/revisions"}],"predecessor-version":[{"id":19734,"href":"https:\/\/www.cai.cz\/index.php?rest_route=\/wp\/v2\/pages\/1805\/revisions\/19734"}],"up":[{"embeddable":true,"href":"https:\/\/www.cai.cz\/index.php?rest_route=\/wp\/v2\/pages\/54"}],"wp:attachment":[{"href":"https:\/\/www.cai.cz\/index.php?rest_route=%2Fwp%2Fv2%2Fmedia&parent=1805"}],"curies":[{"name":"wp","href":"https:\/\/api.w.org\/{rel}","templated":true}]}}