{"id":1808,"date":"2018-09-27T08:04:44","date_gmt":"2018-09-27T06:04:44","guid":{"rendered":"http:\/\/srvwww1.cai.internal\/?page_id=1808"},"modified":"2024-08-26T16:02:08","modified_gmt":"2024-08-26T14:02:08","slug":"overovatele-vykazu-emisi-sklenikovych-plynu","status":"publish","type":"page","link":"https:\/\/www.cai.cz\/?page_id=1808","title":{"rendered":"Valida\u010dn\u00ed a ov\u011b\u0159ovac\u00ed org\u00e1ny"},"content":{"rendered":"\n<p>&#8222;Akreditac\u00ed se rozum\u00ed ofici\u00e1ln\u00ed uzn\u00e1n\u00ed (reprezentovan\u00e9 vyd\u00e1n\u00edm Osv\u011bd\u010den\u00ed o akreditaci), \u017ee subjekt akreditace&nbsp;&nbsp;je zp\u016fsobil\u00fd prov\u00e1d\u011bt specifick\u00e9 \u010dinnosti.&#8220;<\/p>\n\n\n\n<p>Akreditace valida\u010dn\u00edch a ov\u011b\u0159ovac\u00edch org\u00e1n\u016f je prov\u00e1d\u011bna podle normy <strong>\u010cSN EN ISO\/IEC 17029:2020<\/strong> Posuzov\u00e1n\u00ed shody \u2013 Obecn\u00e9 z\u00e1sady a po\u017eadavky na valida\u010dn\u00ed a ov\u011b\u0159ovac\u00ed org\u00e1ny. Pro ov\u011b\u0159ov\u00e1n\u00ed a validov\u00e1n\u00ed environment\u00e1ln\u00edch informac\u00ed jsou d\u00e1le aplikovateln\u00e9 po\u017eadavky normy <strong>\u010cSN EN ISO 14065:2022<\/strong> Obecn\u00e9 z\u00e1sady a po\u017eadavky na org\u00e1ny validuj\u00edc\u00ed a ov\u011b\u0159uj\u00edc\u00ed environment\u00e1ln\u00ed informace. Normativn\u00ed po\u017eadavky jsou d\u00e1le up\u0159esn\u011bny v\u00a0metodick\u00e9m pokynu <strong>MPA 40-02<\/strong>&#8211; \u201eK aplikaci \u010cSN EN ISO\/IEC 17029:2020. Posuzov\u00e1n\u00ed shody \u2013 Obecn\u00e9 z\u00e1sady a po\u017eadavky na valida\u010dn\u00ed a ov\u011b\u0159ovac\u00ed org\u00e1ny v\u00a0akredita\u010dn\u00edm syst\u00e9mu \u010cesk\u00e9 republiky\u201c.<\/p>\n\n\n\n<p>Dal\u0161\u00edmi dokumenty k akreditaci ov\u011b\u0159ovatel\u016f podle \u010cSN EN ISO\/IEC 17029:2020 jsou:<\/p>\n\n\n\n<ul class=\"wp-block-list\">\n<li>EA 6\/03 M:2022 \u2013 Dokument EA pro akreditaci ov\u011b\u0159ovac\u00edch org\u00e1n\u016f pro \u00fa\u010dely sm\u011brnice EU o vytvo\u0159en\u00ed syst\u00e9mu pro obchodov\u00e1n\u00ed s povolenkami na emise sklen\u00edkov\u00fdch plyn\u016f;<\/li>\n\n\n\n<li>IAF MD6:2023 Z\u00e1vazn\u00fd dokument IAF pro Aplikaci ISO 14065:2020.<\/li>\n<\/ul>\n\n\n\n<p>Oba tyto dokumenty jsou v \u010desk\u00e9m p\u0159ekladu dostupn\u00e9 na t\u011bchto str\u00e1nk\u00e1ch v \u010d\u00e1sti <a href=\"https:\/\/www.cai.cz\/?page_id=2965\" target=\"_blank\" rel=\"noreferrer noopener\">Dokumenty EA, ILAC, IAF a FALB<\/a>.<\/p>\n\n\n\n<p><strong>\u0160ablona pro ozn\u00e1men\u00ed u\u010din\u011bn\u00e9 ov\u011b\u0159ovatelem pro pln\u011bn\u00ed po\u017eadavk\u016f \u010dl\u00e1nku 77 prov\u00e1d\u011bc\u00edho na\u0159\u00edzen\u00ed Komise (EU) 2018\/2067 je v anglick\u00e9 verzi dostupn\u00e1 na\u00a0str\u00e1nk\u00e1ch Komise <u><a href=\"https:\/\/climate.ec.europa.eu\/document\/download\/31c3bd57-556a-43b8-a903-9fcea54fc6cf_en?filename=notification_template_en.xlsx\" target=\"_blank\" rel=\"noreferrer noopener\">ZDE<\/a><\/u><\/strong>.<\/p>\n\n\n\n<figure class=\"wp-block-table\"><table><thead><tr><th><strong>Identifikace ov\u011b\u0159ovatele<\/strong><\/th><th><strong>\u010clensk\u00e9 st\u00e1ty, v nich\u017e ov\u011b\u0159ovatel prov\u00e1d\u00ed ov\u011b\u0159ov\u00e1n\u00ed<\/strong><\/th><\/tr><\/thead><tbody><tr><td>3179 \u2013 Technick\u00fd a zku\u0161ebn\u00ed \u00fastav stavebn\u00ed Praha, s.p.<br>Ov\u011b\u0159ovac\u00ed org\u00e1n pro ov\u011b\u0159ov\u00e1n\u00ed emis\u00ed sklen\u00edkov\u00fdch plyn\u016f<\/td><td>CZ<\/td><\/tr><tr><td>3180 \u2013 T\u00dcV NORD Czech, s.r.o.<br>Ov\u011b\u0159ovac\u00ed org\u00e1n emis\u00ed sklen\u00edkov\u00fdch plyn\u016f (OO GHG)<\/td><td>CZ, HR, SK<\/td><\/tr><tr><td>3182 \u2013 BUREAU VERITAS CERTIFICATION CZ, s.r.o.<br>Ov\u011b\u0159ovac\u00ed a valida\u010dn\u00ed org\u00e1n<\/td><td>BG, CZ, HU, PL, SK <\/td><\/tr><tr><td>3185 \u2013 VERIFIKACE CZ, s.r.o.<br>Ov\u011b\u0159ovac\u00ed org\u00e1n VERIFIKACE CZ<\/td><td>BG, CZ, HU, PL, SK <\/td><\/tr><tr><td>3191 \u2013 TECHNICK\u00c9 SLU\u017dBY OCHRANY OVZDU\u0160\u00cd OSTRAVA spol. s r.o.<br>Odd\u011blen\u00ed certifikace emis\u00ed sklen\u00edkov\u00fdch plyn\u016f<\/td><td>CZ<\/td><\/tr><tr><td>3262 &#8211; SGS Czech Republic, s.r.o.<br>Valida\u010dn\u00ed a ov\u011b\u0159ovac\u00ed org\u00e1n<\/td><td>CZ<\/td><\/tr><\/tbody><\/table><\/figure>\n\n\n\n<figure class=\"wp-block-table\">\n<table class=\"has-fixed-layout\" style=\"width: 100%; height: 152px;\">\n<thead>\n<tr style=\"height: 34px;\">\n<th style=\"height: 34px;\"><strong>Pozice a osoba za danou oblast<\/strong><\/th>\n<th style=\"height: 34px;\"><strong>Telefonn\u00ed \u010d\u00edslo<\/strong><\/th>\n<th style=\"height: 34px;\"><strong>E-mail<\/strong><\/th>\n<\/tr>\n<\/thead>\n<tbody>\n<tr style=\"height: 34px;\">\n<td style=\"height: 34px;\"><strong>Garant<\/strong>\u00a0\u00a0Ing. Tom\u00e1\u0161 Mikuta<\/td>\n<td style=\"height: 34px;\">272 096 216, 722 169 119<\/td>\n<td style=\"height: 34px;\"><a href=\"mailto:mikutat@cai.cz\" target=\"_blank\" rel=\"noreferrer noopener\">mikutat@cai.cz<\/a><\/td>\n<\/tr>\n<tr style=\"height: 33px;\">\n<td style=\"height: 33px;\"><strong>Z\u00e1stupce garanta<\/strong>\u00a0\u00a0Ing. Jana Vymazalov\u00e1<\/td>\n<td style=\"height: 33px;\">545 555 413, 607 042 492<\/td>\n<td style=\"height: 33px;\"><a href=\"mailto:vymazalovaj@cai.cz\">vymazalovaj@cai.cz<\/a><\/td>\n<\/tr>\n<tr style=\"height: 51px;\">\n<td style=\"height: 51px;\" colspan=\"2\">Ve\u0161kerou komunikaci ohledn\u011b ozn\u00e1men\u00ed u\u010din\u011bn\u00fdch ov\u011b\u0159ovatelem a dal\u0161\u00ed obecn\u00e9 z\u00e1le\u017eitosti \/ dotazy lze zas\u00edlat na:<\/td>\n<td style=\"height: 51px;\"><a href=\"mailto:ghg@cai.cz\">ghg@cai.cz<\/a><\/td>\n<\/tr>\n<\/tbody>\n<\/table>\n<\/figure>\n\n\n\n<hr class=\"wp-block-separator has-css-opacity is-style-wide\"\/>\n\n\n\n<h4 class=\"wp-block-heading\"><a href=\"https:\/\/www.cai.cz\/?cat=168\">Informa\u010dn\u00ed dopisy<\/a><\/h4>\n\n\n\n<hr class=\"wp-block-separator has-css-opacity is-style-wide\"\/>\n\n\n\n<h4 class=\"wp-block-heading\"><a href=\"https:\/\/www.cai.cz\/?page_id=1674\">Dokumenty ke sta\u017een\u00ed<\/a><\/h4>\n\n\n\n<hr class=\"wp-block-separator has-css-opacity is-style-wide\"\/>\n\n\n\n<p><strong>POKRA\u010cOVAT D\u00c1L: <\/strong> <br><a href=\"https:\/\/www.cai.cz\/?page_id=54\">Akreditace &gt;<\/a><\/p>\n","protected":false},"excerpt":{"rendered":"<p>&#8222;Akreditac\u00ed se rozum\u00ed ofici\u00e1ln\u00ed uzn\u00e1n\u00ed (reprezentovan\u00e9 vyd\u00e1n\u00edm Osv\u011bd\u010den\u00ed o akreditaci), \u017ee subjekt akreditace&nbsp;&nbsp;je zp\u016fsobil\u00fd prov\u00e1d\u011bt specifick\u00e9 \u010dinnosti.&#8220; Akreditace valida\u010dn\u00edch a ov\u011b\u0159ovac\u00edch org\u00e1n\u016f je prov\u00e1d\u011bna podle&hellip;<\/p>\n","protected":false},"author":2,"featured_media":0,"parent":54,"menu_order":4,"comment_status":"closed","ping_status":"closed","template":"","meta":{"_acf_changed":false,"_price":"","_stock":"","_tribe_ticket_header":"","_tribe_default_ticket_provider":"","_tribe_ticket_capacity":"0","_ticket_start_date":"","_ticket_end_date":"","_tribe_ticket_show_description":"","_tribe_ticket_show_not_going":false,"_tribe_ticket_use_global_stock":"","_tribe_ticket_global_stock_level":"","_global_stock_mode":"","_global_stock_cap":"","_tribe_rsvp_for_event":"","_tribe_ticket_going_count":"","_tribe_ticket_not_going_count":"","_tribe_tickets_list":"[]","_tribe_ticket_has_attendee_info_fields":false,"footnotes":"","_tec_slr_enabled":"","_tec_slr_layout":""},"class_list":["post-1808","page","type-page","status-publish","hentry"],"acf":[],"ticketed":false,"_links":{"self":[{"href":"https:\/\/www.cai.cz\/index.php?rest_route=\/wp\/v2\/pages\/1808","targetHints":{"allow":["GET"]}}],"collection":[{"href":"https:\/\/www.cai.cz\/index.php?rest_route=\/wp\/v2\/pages"}],"about":[{"href":"https:\/\/www.cai.cz\/index.php?rest_route=\/wp\/v2\/types\/page"}],"author":[{"embeddable":true,"href":"https:\/\/www.cai.cz\/index.php?rest_route=\/wp\/v2\/users\/2"}],"replies":[{"embeddable":true,"href":"https:\/\/www.cai.cz\/index.php?rest_route=%2Fwp%2Fv2%2Fcomments&post=1808"}],"version-history":[{"count":27,"href":"https:\/\/www.cai.cz\/index.php?rest_route=\/wp\/v2\/pages\/1808\/revisions"}],"predecessor-version":[{"id":19720,"href":"https:\/\/www.cai.cz\/index.php?rest_route=\/wp\/v2\/pages\/1808\/revisions\/19720"}],"up":[{"embeddable":true,"href":"https:\/\/www.cai.cz\/index.php?rest_route=\/wp\/v2\/pages\/54"}],"wp:attachment":[{"href":"https:\/\/www.cai.cz\/index.php?rest_route=%2Fwp%2Fv2%2Fmedia&parent=1808"}],"curies":[{"name":"wp","href":"https:\/\/api.w.org\/{rel}","templated":true}]}}