{"id":1811,"date":"2018-09-27T08:06:01","date_gmt":"2018-09-27T06:06:01","guid":{"rendered":"http:\/\/srvwww1.cai.internal\/?page_id=1811"},"modified":"2026-03-12T12:31:12","modified_gmt":"2026-03-12T11:31:12","slug":"poskytovatele-pt","status":"publish","type":"page","link":"https:\/\/www.cai.cz\/?page_id=1811","title":{"rendered":"Poskytovatel\u00e9 PT"},"content":{"rendered":"\n<p>\u010cesk\u00fd institut pro akreditaci, o.p.s. od 1. 7. 2025 p\u0159ij\u00edm\u00e1 \u017e\u00e1dosti o akreditaci podle \u010cSN EN ISO\/IEC 17043:2023 v souladu s pov\u011b\u0159en\u00edm Ministerstva pr\u016fmyslu a obchodu \u010cR k prov\u00e1d\u011bn\u00ed akreditace poskytovatel\u016f zkou\u0161en\u00ed zp\u016fsobilosti ve smyslu \u00a715 z\u00e1kona \u010d. 22\/1997 Sb., o technick\u00fdch po\u017eadavc\u00edch na v\u00fdrobky.<\/p>\n\n\n\n<p>\u201eAkreditac\u00ed se rozum\u00ed ofici\u00e1ln\u00ed uzn\u00e1n\u00ed (reprezentovan\u00e9 vyd\u00e1n\u00edm Osv\u011bd\u010den\u00ed o akreditaci), \u017ee subjekt akreditace je zp\u016fsobil\u00fd prov\u00e1d\u011bt specifick\u00e9 \u010dinnosti.\u201c<\/p>\n\n\n\n<p>Akreditace poskytovatel\u016f zkou\u0161en\u00ed zp\u016fsobilosti je prov\u00e1d\u011bna podle normy \u010cSN EN ISO\/IEC 17043:2023 Posuzov\u00e1n\u00ed shody \u2013 Obecn\u00e9 po\u017eadavky na kompetenci poskytovatel\u016f zkou\u0161en\u00ed zp\u016fsobilosti. Po\u017eadavky t\u00e9to normy jsou up\u0159esn\u011bny v dokumentu MPA 20-01-25 metodick\u00fd pokyn \u201eK aplikaci \u010cSN EN ISO\/IEC 17043:2023 Posuzov\u00e1n\u00ed shody \u2013 Obecn\u00e9 po\u017eadavky na kompetenci poskytovatel\u016f zkou\u0161en\u00ed zp\u016fsobilosti v akredita\u010dn\u00edm syst\u00e9mu \u010cesk\u00e9 republiky\u201c.<\/p>\n\n\n\n<p>Z\u00e1kladn\u00ed kroky procesu akreditace (pod\u00e1n\u00ed \u017e\u00e1dosti, pr\u016fb\u011bh posuzov\u00e1n\u00ed, realizace dozorov\u00fdch n\u00e1v\u0161t\u011bv) a s t\u00edm spojen\u00e9 administrativn\u00ed \u010dinnosti jsou pops\u00e1ny v dokumentu MPA 00-01-.. \u201eZ\u00e1kladn\u00ed pravidla akredita\u010dn\u00edho procesu\u201c. Dokument MPA 00-02-.. \u201eP\u0159edpisov\u00e1 z\u00e1kladna akredita\u010dn\u00edho procesu\u201c obsahuje p\u0159ehled v\u0161ech dokument\u016f vyu\u017e\u00edvan\u00fdch k procesu akreditace poskytovatel\u016f zkou\u0161en\u00ed zp\u016fsobilosti v\u010detn\u011b dokument\u016f organizac\u00ed EA a ILAC.<\/p>\n\n\n\n<p>Osv\u011bd\u010den\u00ed o akreditaci podle \u010cSN EN ISO\/IEC 17043:2010 z\u016fst\u00e1vaj\u00ed v&nbsp;platnosti do konce p\u0159echodn\u00e9ho obdob\u00ed tj. do 31. 5. 2026, pokud jejich platnost nen\u00ed stanoven\u00e1 na datum d\u0159\u00edv\u011bj\u0161\u00ed. V&nbsp;p\u0159\u00edpad\u011b dotaz\u016f se obracejte na garanta.<\/p>\n\n\n\n<p><\/p>\n\n\n\n<figure class=\"wp-block-table\"><table class=\"has-fixed-layout\"><thead><tr><th><strong>Pozice a osoba za danou oblast<\/strong><\/th><th><strong>Telefonn\u00ed \u010d\u00edslo<\/strong><\/th><th><strong>E-mail<\/strong><\/th><\/tr><\/thead><tbody><tr><td><strong>Garant<\/strong>&nbsp;&nbsp;Ing. et Ing. Marek Vysko\u010dil<\/td><td>272 096 213, 702 238 806<\/td><td><a href=\"mailto:vyskocilm@cai.cz\" target=\"_blank\" rel=\"noreferrer noopener\">vyskocilm@cai.cz<\/a><\/td><\/tr><tr><td><strong>Z\u00e1stupce garanta<\/strong>&nbsp;&nbsp;Ing. Martina Bedn\u00e1\u0159ov\u00e1<\/td><td>272 096 205, 724 797 773<\/td><td><a href=\"mailto:bednarovam@cai.cz\">bednarovam@cai.cz<\/a><\/td><\/tr><\/tbody><\/table><\/figure>\n\n\n\n<hr class=\"wp-block-separator has-css-opacity is-style-wide\"\/>\n\n\n\n<h4 class=\"wp-block-heading\"><a href=\"https:\/\/www.cai.cz\/?cat=487\" data-type=\"category\" data-id=\"487\" target=\"_blank\" rel=\"noreferrer noopener\">Informa\u010dn\u00ed dopisy<\/a><\/h4>\n\n\n\n<hr class=\"wp-block-separator has-css-opacity is-style-wide\"\/>\n\n\n\n<h4 class=\"wp-block-heading\"><a href=\"https:\/\/www.cai.cz\/?page_id=1674\">Dokumenty ke sta\u017een\u00ed<\/a><\/h4>\n\n\n\n<hr class=\"wp-block-separator has-css-opacity is-style-wide\"\/>\n\n\n\n<p><strong>POKRA\u010cOVAT D\u00c1L:<\/strong> <br><a href=\"https:\/\/www.cai.cz\/?page_id=4367\">Zkou\u0161en\u00ed zp\u016fsobilosti (PT)<\/a><br><a href=\"https:\/\/www.cai.cz\/?page_id=54\">Akreditace &gt;<\/a>&nbsp;  <a href=\"https:\/\/www.cai.cz\/?page_id=1798\">Laborato\u0159e<\/a>   <a href=\"https:\/\/www.cai.cz\/?page_id=1802\">Inspek\u010dn\u00ed org\u00e1ny<\/a>&nbsp;&nbsp;&nbsp;<a href=\"https:\/\/www.cai.cz\/?page_id=1805\">Certifika\u010dn\u00ed org\u00e1ny<\/a>&nbsp;  <a href=\"https:\/\/www.cai.cz\/?page_id=1808\">Ov\u011b\u0159ovatel\u00e9 v\u00fdkaz\u016f emis\u00ed sklen\u00edkov\u00fdch plyn\u016f<\/a>&nbsp;&nbsp;  <a href=\"https:\/\/www.cai.cz\/?page_id=1814\">V\u00fdrobci referen\u010dn\u00edch materi\u00e1l\u016f<\/a><br><\/p>\n","protected":false},"excerpt":{"rendered":"<p>\u010cesk\u00fd institut pro akreditaci, o.p.s. od 1. 7. 2025 p\u0159ij\u00edm\u00e1 \u017e\u00e1dosti o akreditaci podle \u010cSN EN ISO\/IEC 17043:2023 v souladu s pov\u011b\u0159en\u00edm Ministerstva pr\u016fmyslu a&hellip;<\/p>\n","protected":false},"author":2,"featured_media":0,"parent":54,"menu_order":4,"comment_status":"closed","ping_status":"closed","template":"","meta":{"_acf_changed":false,"_price":"","_stock":"","_tribe_ticket_header":"","_tribe_default_ticket_provider":"","_tribe_ticket_capacity":"0","_ticket_start_date":"","_ticket_end_date":"","_tribe_ticket_show_description":"","_tribe_ticket_show_not_going":false,"_tribe_ticket_use_global_stock":"","_tribe_ticket_global_stock_level":"","_global_stock_mode":"","_global_stock_cap":"","_tribe_rsvp_for_event":"","_tribe_ticket_going_count":"","_tribe_ticket_not_going_count":"","_tribe_tickets_list":"[]","_tribe_ticket_has_attendee_info_fields":false,"footnotes":"","_tec_slr_enabled":"","_tec_slr_layout":""},"class_list":["post-1811","page","type-page","status-publish","hentry"],"acf":[],"ticketed":false,"_links":{"self":[{"href":"https:\/\/www.cai.cz\/index.php?rest_route=\/wp\/v2\/pages\/1811","targetHints":{"allow":["GET"]}}],"collection":[{"href":"https:\/\/www.cai.cz\/index.php?rest_route=\/wp\/v2\/pages"}],"about":[{"href":"https:\/\/www.cai.cz\/index.php?rest_route=\/wp\/v2\/types\/page"}],"author":[{"embeddable":true,"href":"https:\/\/www.cai.cz\/index.php?rest_route=\/wp\/v2\/users\/2"}],"replies":[{"embeddable":true,"href":"https:\/\/www.cai.cz\/index.php?rest_route=%2Fwp%2Fv2%2Fcomments&post=1811"}],"version-history":[{"count":23,"href":"https:\/\/www.cai.cz\/index.php?rest_route=\/wp\/v2\/pages\/1811\/revisions"}],"predecessor-version":[{"id":22127,"href":"https:\/\/www.cai.cz\/index.php?rest_route=\/wp\/v2\/pages\/1811\/revisions\/22127"}],"up":[{"embeddable":true,"href":"https:\/\/www.cai.cz\/index.php?rest_route=\/wp\/v2\/pages\/54"}],"wp:attachment":[{"href":"https:\/\/www.cai.cz\/index.php?rest_route=%2Fwp%2Fv2%2Fmedia&parent=1811"}],"curies":[{"name":"wp","href":"https:\/\/api.w.org\/{rel}","templated":true}]}}