{"id":1814,"date":"2018-09-27T08:08:10","date_gmt":"2018-09-27T06:08:10","guid":{"rendered":"http:\/\/srvwww1.cai.internal\/?page_id=1814"},"modified":"2024-04-05T18:32:30","modified_gmt":"2024-04-05T16:32:30","slug":"vyrobci-referencnich-materialu","status":"publish","type":"page","link":"https:\/\/www.cai.cz\/?page_id=1814","title":{"rendered":"V\u00fdrobci referen\u010dn\u00edch materi\u00e1l\u016f"},"content":{"rendered":"\n<p>&#8222;Akreditac\u00ed se rozum\u00ed ofici\u00e1ln\u00ed uzn\u00e1n\u00ed (reprezentovan\u00e9 vyd\u00e1n\u00edm Osv\u011bd\u010den\u00ed o akreditaci), \u017ee subjekt akreditace &nbsp;je zp\u016fsobil\u00fd prov\u00e1d\u011bt specifick\u00e9 \u010dinnosti.&#8220;<\/p>\n\n\n\n<p>Akreditace v\u00fdrobc\u016f referen\u010dn\u00edch materi\u00e1l\u016f (VRM) je prov\u00e1d\u011bna&nbsp; podle normy \u010cSN EN ISO 17034:2017 Posuzov\u00e1n\u00ed shody \u2013 V\u0161eobecn\u00e9 po\u017eadavky na kompetenci v\u00fdrobc\u016f referen\u010dn\u00edch materi\u00e1l\u016f a podle metodick\u00e9ho pokynu MPA 20-02-17 k&nbsp;aplikaci normy \u010cSN EN ISO 17034:2017 v&nbsp;akredita\u010dn\u00edm syst\u00e9mu \u010cesk\u00e9 republiky.<\/p>\n\n\n\n<figure class=\"wp-block-table\"><table class=\"has-fixed-layout\"><thead><tr><th><strong>Pozice a osoba za danou oblast<\/strong><\/th><th><strong>Telefonn\u00ed \u010d\u00edslo<\/strong><\/th><th><strong>E-mail<\/strong><\/th><\/tr><\/thead><tbody><tr><td><strong>Garant<\/strong>&nbsp;&nbsp;Ing. Dana Dominov\u00e1<\/td><td>545 555 410, 724 797 781<\/td><td><a href=\"mailto:dominovad@cai.cz\" target=\"_blank\" rel=\"noreferrer noopener\">dominovad@cai.cz<\/a><\/td><\/tr><tr><td><strong>Z\u00e1stupce garanta<\/strong>&nbsp;&nbsp;Ing. Martin Valenta<\/td><td>272 096 199, 702 124 744<\/td><td> <a href=\"mailto:valentam@cai.cz\">valentam@cai.cz<\/a><\/td><\/tr><\/tbody><\/table><\/figure>\n\n\n\n<hr class=\"wp-block-separator has-css-opacity is-style-wide\"\/>\n\n\n\n<h4 class=\"wp-block-heading\"><a href=\"https:\/\/www.cai.cz\/?cat=170\">V\u0161echna ozn\u00e1men\u00ed VRM<\/a><\/h4>\n\n\n\n<p><a href=\"https:\/\/www.cai.cz\/?p=11448\">Nov\u00e1 multilater\u00e1ln\u00ed dohoda pro oblast akreditace v\u00fdrobc\u016f referen\u010dn\u00edch materi\u00e1l\u016f<\/a><\/p>\n\n\n\n<hr class=\"wp-block-separator has-css-opacity is-style-wide\"\/>\n\n\n\n<h4 class=\"wp-block-heading\"><a href=\"https:\/\/www.cai.cz\/?page_id=1674\">Dokumenty ke sta\u017een\u00ed<\/a><\/h4>\n","protected":false},"excerpt":{"rendered":"<p>&#8222;Akreditac\u00ed se rozum\u00ed ofici\u00e1ln\u00ed uzn\u00e1n\u00ed (reprezentovan\u00e9 vyd\u00e1n\u00edm Osv\u011bd\u010den\u00ed o akreditaci), \u017ee subjekt akreditace &nbsp;je zp\u016fsobil\u00fd prov\u00e1d\u011bt specifick\u00e9 \u010dinnosti.&#8220; Akreditace v\u00fdrobc\u016f referen\u010dn\u00edch materi\u00e1l\u016f (VRM) je prov\u00e1d\u011bna&nbsp;&hellip;<\/p>\n","protected":false},"author":2,"featured_media":0,"parent":54,"menu_order":6,"comment_status":"closed","ping_status":"closed","template":"","meta":{"_acf_changed":false,"_price":"","_stock":"","_tribe_ticket_header":"","_tribe_default_ticket_provider":"","_tribe_ticket_capacity":"0","_ticket_start_date":"","_ticket_end_date":"","_tribe_ticket_show_description":"","_tribe_ticket_show_not_going":false,"_tribe_ticket_use_global_stock":"","_tribe_ticket_global_stock_level":"","_global_stock_mode":"","_global_stock_cap":"","_tribe_rsvp_for_event":"","_tribe_ticket_going_count":"","_tribe_ticket_not_going_count":"","_tribe_tickets_list":"[]","_tribe_ticket_has_attendee_info_fields":false,"footnotes":"","_tec_slr_enabled":"","_tec_slr_layout":""},"class_list":["post-1814","page","type-page","status-publish","hentry"],"acf":[],"ticketed":false,"_links":{"self":[{"href":"https:\/\/www.cai.cz\/index.php?rest_route=\/wp\/v2\/pages\/1814","targetHints":{"allow":["GET"]}}],"collection":[{"href":"https:\/\/www.cai.cz\/index.php?rest_route=\/wp\/v2\/pages"}],"about":[{"href":"https:\/\/www.cai.cz\/index.php?rest_route=\/wp\/v2\/types\/page"}],"author":[{"embeddable":true,"href":"https:\/\/www.cai.cz\/index.php?rest_route=\/wp\/v2\/users\/2"}],"replies":[{"embeddable":true,"href":"https:\/\/www.cai.cz\/index.php?rest_route=%2Fwp%2Fv2%2Fcomments&post=1814"}],"version-history":[{"count":17,"href":"https:\/\/www.cai.cz\/index.php?rest_route=\/wp\/v2\/pages\/1814\/revisions"}],"predecessor-version":[{"id":18242,"href":"https:\/\/www.cai.cz\/index.php?rest_route=\/wp\/v2\/pages\/1814\/revisions\/18242"}],"up":[{"embeddable":true,"href":"https:\/\/www.cai.cz\/index.php?rest_route=\/wp\/v2\/pages\/54"}],"wp:attachment":[{"href":"https:\/\/www.cai.cz\/index.php?rest_route=%2Fwp%2Fv2%2Fmedia&parent=1814"}],"curies":[{"name":"wp","href":"https:\/\/api.w.org\/{rel}","templated":true}]}}