{"id":1817,"date":"2018-09-27T08:10:02","date_gmt":"2018-09-27T06:10:02","guid":{"rendered":"http:\/\/srvwww1.cai.internal\/?page_id=1817"},"modified":"2024-08-05T08:20:06","modified_gmt":"2024-08-05T06:20:06","slug":"akreditacni-znacky","status":"publish","type":"page","link":"https:\/\/www.cai.cz\/?page_id=1817","title":{"rendered":"Akredita\u010dn\u00ed zna\u010dky"},"content":{"rendered":"\n<p>Pravidla pro pou\u017e\u00edv\u00e1n\u00ed a vzory akredita\u010dn\u00edch zna\u010dek jsou uvedeny v MPA 00-04-..\u00a0<\/p>\n<p>Platn\u00e9 zn\u011bn\u00ed tohoto MPA je um\u00edst\u011bno v sekci <a href=\"https:\/\/www.cai.cz\/?page_id=2961\">Dokumenty MPA \u2013 v\u0161echny oblasti akreditace.<\/a>\u00a0<\/p>\n\n\n\n<hr class=\"wp-block-separator has-css-opacity is-style-wide\"\/>\n\n\n\n<p><strong>POKRA\u010cOVAT D\u00c1L:<\/strong> <br><a href=\"https:\/\/www.cai.cz\/?page_id=54\">Akreditace &gt;<\/a><\/p>\n","protected":false},"excerpt":{"rendered":"<p>Pravidla pro pou\u017e\u00edv\u00e1n\u00ed a vzory akredita\u010dn\u00edch zna\u010dek jsou uvedeny v MPA 00-04-..\u00a0 Platn\u00e9 zn\u011bn\u00ed tohoto MPA je um\u00edst\u011bno v sekci Dokumenty MPA \u2013 v\u0161echny oblasti&hellip;<\/p>\n","protected":false},"author":2,"featured_media":0,"parent":54,"menu_order":7,"comment_status":"closed","ping_status":"closed","template":"","meta":{"_acf_changed":false,"_price":"","_stock":"","_tribe_ticket_header":"","_tribe_default_ticket_provider":"","_tribe_ticket_capacity":"0","_ticket_start_date":"","_ticket_end_date":"","_tribe_ticket_show_description":"","_tribe_ticket_show_not_going":false,"_tribe_ticket_use_global_stock":"","_tribe_ticket_global_stock_level":"","_global_stock_mode":"","_global_stock_cap":"","_tribe_rsvp_for_event":"","_tribe_ticket_going_count":"","_tribe_ticket_not_going_count":"","_tribe_tickets_list":"[]","_tribe_ticket_has_attendee_info_fields":false,"footnotes":"","_tec_slr_enabled":"","_tec_slr_layout":""},"class_list":["post-1817","page","type-page","status-publish","hentry"],"acf":[],"ticketed":false,"_links":{"self":[{"href":"https:\/\/www.cai.cz\/index.php?rest_route=\/wp\/v2\/pages\/1817","targetHints":{"allow":["GET"]}}],"collection":[{"href":"https:\/\/www.cai.cz\/index.php?rest_route=\/wp\/v2\/pages"}],"about":[{"href":"https:\/\/www.cai.cz\/index.php?rest_route=\/wp\/v2\/types\/page"}],"author":[{"embeddable":true,"href":"https:\/\/www.cai.cz\/index.php?rest_route=\/wp\/v2\/users\/2"}],"replies":[{"embeddable":true,"href":"https:\/\/www.cai.cz\/index.php?rest_route=%2Fwp%2Fv2%2Fcomments&post=1817"}],"version-history":[{"count":6,"href":"https:\/\/www.cai.cz\/index.php?rest_route=\/wp\/v2\/pages\/1817\/revisions"}],"predecessor-version":[{"id":18905,"href":"https:\/\/www.cai.cz\/index.php?rest_route=\/wp\/v2\/pages\/1817\/revisions\/18905"}],"up":[{"embeddable":true,"href":"https:\/\/www.cai.cz\/index.php?rest_route=\/wp\/v2\/pages\/54"}],"wp:attachment":[{"href":"https:\/\/www.cai.cz\/index.php?rest_route=%2Fwp%2Fv2%2Fmedia&parent=1817"}],"curies":[{"name":"wp","href":"https:\/\/api.w.org\/{rel}","templated":true}]}}