{"id":1876,"date":"2018-10-04T14:58:13","date_gmt":"2018-10-04T12:58:13","guid":{"rendered":"http:\/\/srvwww1.cai.internal\/?page_id=1876"},"modified":"2019-02-23T13:10:58","modified_gmt":"2019-02-23T12:10:58","slug":"logo-cia","status":"publish","type":"page","link":"https:\/\/www.cai.cz\/?page_id=1876","title":{"rendered":"Logo \u010cIA"},"content":{"rendered":"\n<hr class=\"wp-block-separator is-style-wide\"\/>\n\n\n\n<h3 class=\"wp-block-heading\">Jak\u00fdm zp\u016fsobem lze pou\u017e\u00edvat logo \u010cIA?<\/h3>\n\n\n\n<p>Logo \u010cIA pou\u017e\u00edv\u00e1 pouze \u010cIA. Pokud by cht\u011bl subjekt pou\u017e\u00edt logo \u010cIA k obecn\u00e9 propagaci \u010cIA nebo akredita\u010dn\u00edho syst\u00e9mu \u010cR, je mo\u017en\u00e9 elektronickou formu poskytnout, ale za individu\u00e1ln\u011b stanoven\u00fdch a d\u00e1le sledovan\u00fdch podm\u00ednek (zpravidla je nutn\u00e9 osobn\u00ed jedn\u00e1n\u00ed, p\u0159i kter\u00e9m jsou vy\u017eadov\u00e1ny p\u0159esn\u00e9 \u00fadaje o zam\u00fd\u0161len\u00e9m u\u017eit\u00ed loga).<\/p>\n\n\n\n<p>Subjekty posuzov\u00e1n\u00ed shody, kter\u00fdm byla ud\u011blena akreditace, mohou pou\u017e\u00edvat pouze jim p\u0159id\u011blenou akredita\u010dn\u00ed zna\u010dku nebo kombinovanou akredita\u010dn\u00ed zna\u010dku, a to za podm\u00ednek specifikovan\u00fdch v MPA 00-04-&#8230;<\/p>\n\n\n\n<hr class=\"wp-block-separator is-style-wide\"\/>\n\n\n\n<p><strong>POKRA\u010cOVAT D\u00c1L: <\/strong> <br><a href=\"https:\/\/www.cai.cz\/?page_id=1728\">\u010cast\u00e9 dotazy ><\/a><br><\/p>\n","protected":false},"excerpt":{"rendered":"<p>Jak\u00fdm zp\u016fsobem lze pou\u017e\u00edvat logo \u010cIA? Logo \u010cIA pou\u017e\u00edv\u00e1 pouze \u010cIA. Pokud by cht\u011bl subjekt pou\u017e\u00edt logo \u010cIA k obecn\u00e9 propagaci \u010cIA nebo akredita\u010dn\u00edho syst\u00e9mu&hellip;<\/p>\n","protected":false},"author":2,"featured_media":0,"parent":1728,"menu_order":0,"comment_status":"closed","ping_status":"closed","template":"","meta":{"_acf_changed":false,"_price":"","_stock":"","_tribe_ticket_header":"","_tribe_default_ticket_provider":"","_tribe_ticket_capacity":"0","_ticket_start_date":"","_ticket_end_date":"","_tribe_ticket_show_description":"","_tribe_ticket_show_not_going":false,"_tribe_ticket_use_global_stock":"","_tribe_ticket_global_stock_level":"","_global_stock_mode":"","_global_stock_cap":"","_tribe_rsvp_for_event":"","_tribe_ticket_going_count":"","_tribe_ticket_not_going_count":"","_tribe_tickets_list":"[]","_tribe_ticket_has_attendee_info_fields":false,"footnotes":"","_tec_slr_enabled":"","_tec_slr_layout":""},"class_list":["post-1876","page","type-page","status-publish","hentry"],"acf":[],"ticketed":false,"_links":{"self":[{"href":"https:\/\/www.cai.cz\/index.php?rest_route=\/wp\/v2\/pages\/1876","targetHints":{"allow":["GET"]}}],"collection":[{"href":"https:\/\/www.cai.cz\/index.php?rest_route=\/wp\/v2\/pages"}],"about":[{"href":"https:\/\/www.cai.cz\/index.php?rest_route=\/wp\/v2\/types\/page"}],"author":[{"embeddable":true,"href":"https:\/\/www.cai.cz\/index.php?rest_route=\/wp\/v2\/users\/2"}],"replies":[{"embeddable":true,"href":"https:\/\/www.cai.cz\/index.php?rest_route=%2Fwp%2Fv2%2Fcomments&post=1876"}],"version-history":[{"count":6,"href":"https:\/\/www.cai.cz\/index.php?rest_route=\/wp\/v2\/pages\/1876\/revisions"}],"predecessor-version":[{"id":4124,"href":"https:\/\/www.cai.cz\/index.php?rest_route=\/wp\/v2\/pages\/1876\/revisions\/4124"}],"up":[{"embeddable":true,"href":"https:\/\/www.cai.cz\/index.php?rest_route=\/wp\/v2\/pages\/1728"}],"wp:attachment":[{"href":"https:\/\/www.cai.cz\/index.php?rest_route=%2Fwp%2Fv2%2Fmedia&parent=1876"}],"curies":[{"name":"wp","href":"https:\/\/api.w.org\/{rel}","templated":true}]}}