{"id":1923,"date":"2018-10-05T11:38:42","date_gmt":"2018-10-05T09:38:42","guid":{"rendered":"http:\/\/srvwww1.cai.internal\/?page_id=1923"},"modified":"2025-06-05T15:52:35","modified_gmt":"2025-06-05T13:52:35","slug":"organy-cia","status":"publish","type":"page","link":"https:\/\/www.cai.cz\/?page_id=1923","title":{"rendered":"Org\u00e1ny \u010cIA"},"content":{"rendered":"\n<p><strong>Slo\u017een\u00ed org\u00e1n\u016f \u010cesk\u00e9ho institutu pro akreditaci, o.p.s.<\/strong><br> (stav k 1. 6. 2025)<\/p>\n\n\n\n<figure class=\"wp-block-table\"><table><tbody><tr><td><strong>1. \u0158editel (statut\u00e1rn\u00ed org\u00e1n)<\/strong><\/td><\/tr><tr><td>Ing. Ji\u0159\u00ed R\u016f\u017ei\u010dka, MBA, Ph.D.<\/td><\/tr><tr><td><strong>2. Spr\u00e1vn\u00ed rada&nbsp;<\/strong><\/td><\/tr><tr><td> Ing. Jan Prok\u0161, Ph.D. <\/td><td>p\u0159edstavitel hospod\u00e1\u0159sk\u00fdch a soci\u00e1ln\u00edch partner\u016f (Svaz pr\u016fmyslu a dopravy \u010cR) <br> <\/td><\/tr><tr><td>Ing. Eva Pr\u016f\u0161ov\u00e1, LL.M.<\/td><td>p\u0159edstavitelka org\u00e1n\u016f st\u00e1tn\u00ed spr\u00e1vy (Ministerstvo pr\u016fmyslu a obchodu)<\/td><\/tr><tr><td>prof. MUDr. Tom\u00e1\u0161 Zima, DrSc., MBA <\/td><td><strong>p\u0159edseda Spr\u00e1vn\u00ed rady<\/strong> <br>p\u0159edstavitel sdru\u017een\u00ed&nbsp;akreditovan\u00fdch subjekt\u016f<\/td><\/tr><tr><td><strong>3. Dozor\u010d\u00ed rada<\/strong><\/td><\/tr><tr><td>Ing. Stanislav Bene\u0161<\/td><td>p\u0159edstavitel org\u00e1n\u016f st\u00e1tn\u00ed spr\u00e1vy (Ministerstvo pr\u016fmyslu a obchodu)<\/td><\/tr><tr><td>Mgr. Ji\u0159\u00ed He\u0161<\/td><td><br>p\u0159edstavitel akreditovan\u00fdch subjekt\u016f <\/td><\/tr><tr><td>Ing. Pavel \u0160ev\u010d\u00edk, Ph.D.<\/td><td>p\u0159edstavitel hospod\u00e1\u0159sk\u00fdch a soci\u00e1ln\u00edch partner\u016f (Svaz podnikatel\u016f ve stavebnictv\u00ed v \u010cR)<\/td><\/tr><tr><td><strong>4. Rada pro akreditaci (odborn\u00fd poradn\u00ed org\u00e1n)<\/strong><\/td><\/tr><tr><td><strong>A. \u010clenov\u00e9 s&nbsp;pr\u00e1vem hlasovac\u00edm<\/strong><\/td><\/tr><tr><td><strong>1) P\u0159edstavitel\u00e9 org\u00e1n\u016f st\u00e1tn\u00ed spr\u00e1vy<\/strong><\/td><\/tr><tr><td>Mgr.&nbsp;Jakub Korec<\/td><td>Ministerstvo pr\u016fmyslu a obchodu<\/td><\/tr><tr><td>Ing. Ji\u0159\u00ed \u0160m\u00edd, Ph.D.<\/td><td>Ministerstvo dopravy<\/td><\/tr><tr><td>Mgr. Lenka Hyn\u0161tov\u00e1<\/td><td>Ministerstvo zdravotnictv\u00ed<\/td><\/tr><tr><td>Ing. Ta\u0165jana Kolesnikov\u00e1<\/td><td>Ministerstvo \u017eivotn\u00edho prost\u0159ed\u00ed<\/td><\/tr><tr><td>MVDr.&nbsp;Ing. Dana T\u0159\u00edska<\/td><td>Ministerstvo zem\u011bd\u011blstv\u00ed<\/td><\/tr><tr><td>Mgr. et Mgr. Franti\u0161ek Paulus, Ph.D.<\/td><td>Ministerstvo vnitra, G\u0158 Hasi\u010dsk\u00e9ho z\u00e1chrann\u00e9ho sboru \u010cR<\/td><\/tr><tr><td>Ing. Bc. Richard Maxmilian Sicha<\/td><td>Ministerstvo obrany, \u00da\u0159ad pro obrannou&nbsp;standardizaci, katalogizaci a st\u00e1tn\u00ed ov\u011b\u0159ov\u00e1n\u00ed jakosti<\/td><\/tr><tr><td>JUDr. V\u011bra V\u00e1\u0148ov\u00e1<\/td><td>Ministerstvo pr\u00e1ce a soci\u00e1ln\u00edch v\u011bc\u00ed<\/td><\/tr><tr><td>Ing. Jitka Kab\u00e1tkov\u00e1<\/td><td>\u00da\u0159ad pro technickou normalizaci, metrologii a st\u00e1tn\u00ed&nbsp;zku\u0161ebnictv\u00ed<\/td><\/tr><tr><td>Dr. Ing. Milan Hort<\/td><td>St\u00e1tn\u00ed \u00fa\u0159ad pro jadernou bezpe\u010dnost<\/td><\/tr><tr><td><strong>2) P\u0159edstavitel\u00e9 hospod\u00e1\u0159sk\u00fdch a soci\u00e1ln\u00edch partner\u016f<\/strong><\/td><\/tr><tr><td>neobsazeno<\/td><td>Svaz pr\u016fmyslu a dopravy*)<\/td><\/tr><tr><td>Ing. Petr Svoboda<\/td><td>Svaz podnikatel\u016f ve stavebnictv\u00ed*)<\/td><\/tr><tr><td>RNDr. Pavel Mal\u010d\u00edk<\/td><td>Asociace textiln\u00edho, od\u011bvn\u00edho a ko\u017eed\u011bln\u00e9ho pr\u016fmyslu*) <\/td><\/tr><tr><td>Ing. Radim Kliment<\/td><td>Konfederace zam\u011bstnavatelsk\u00fdch a podnikatelsk\u00fdch svaz\u016f <\/td><\/tr><tr><td>Ing. Alexander \u0160afa\u0159\u00edk-P\u0161trosz<\/td><td>Hospod\u00e1\u0159sk\u00e1 komora \u010cR<\/td><\/tr><tr><td>Ing. Kryst\u00fdna Krausov\u00e1<\/td><td>Agr\u00e1rn\u00ed komora \u010cR<\/td><\/tr><tr><td>Ing. Libor Dupal<\/td><td>Spot\u0159ebitelsk\u00fd poradn\u00ed v\u00fdbor<\/td><\/tr><tr><td>MUDr. Helena Sajdlov\u00e1<\/td><td>V\u0161eobecn\u00e1 zdravotn\u00ed poji\u0161\u0165ovna \u010cR<\/td><\/tr><tr><td>prof. MUDr. Dalibor Val\u00edk, Ph.D.<\/td><td>\u010cesk\u00e1 l\u00e9ka\u0159sk\u00e1 spole\u010dnost J. E. Purkyn\u011b<\/td><\/tr><tr><td><strong>3) P\u0159edstavitel\u00e9 akredita\u010dn\u00edho syst\u00e9mu \u010cR<\/strong><\/td><\/tr><tr><td>Ing. Daniel Kudl\u00e1\u010dek, MBA<\/td><td>Sdru\u017een\u00ed \u010desk\u00fdch zku\u0161eben a laborato\u0159\u00ed (EUROLAB-CZ)<\/td><\/tr><tr><td>Ing. Vlastimil Ku\u010dera, Ph.D.<\/td><td>Svaz zku\u0161eben pro v\u00fdstavbu (EUROLAB-CZ)<\/td><\/tr><tr><td>\u00a0Ing. Ale\u0161 Onderek<\/td><td>Asociace akreditovan\u00fdch a autorizovan\u00fdch organizac\u00ed (EUROLAB-CZ)<\/td><\/tr><tr><td>Ing. Daniel \u0160\u0165astn\u00fd<\/td><td>\u010cesk\u00e9 kalibra\u010dn\u00ed sdru\u017een\u00ed<\/td><\/tr><tr><td>Ing. Pavel Van\u011bk<\/td><td>Sdru\u017een\u00ed pro certifikaci v\u00fdrobk\u016f<\/td><\/tr><tr><td>Ing. Tom\u00e1\u0161 Hru\u0161ka<\/td><td>Sdru\u017een\u00ed pro certifikaci syst\u00e9m\u016f jakosti<\/td><\/tr><tr><td>Ing. Romana Hofmanov\u00e1<\/td><td>Sdru\u017een\u00ed&nbsp;organizac\u00ed pro certifikaci pracovn\u00edk\u016f<\/td><\/tr><tr><td>Ing. Pavel Charv\u00e1t<\/td><td>\u010cesk\u00e9 n\u00e1rodn\u00ed certifika\u010dn\u00ed f\u00f3rum<\/td><\/tr><tr><td>doc. RNDr. Ji\u0159\u00ed Tesa\u0159, Ph.D.<\/td><td>\u010cesk\u00fd metrologick\u00fd institut<\/td><\/tr><tr><td>Ing. Tom\u00e1\u0161 Zaj\u00edc, MBA<\/td><td>Inspek\u010dn\u00ed org\u00e1ny<\/td><\/tr><tr><td><strong>B. \u010clenov\u00e9 s&nbsp;hlasem poradn\u00edm<\/strong><\/td><\/tr><tr><td>Milan T\u011b\u0161\u00ednsk\u00fd<\/td><td>\u010ceskomoravsk\u00e1 konfederace odborov\u00fdch svaz\u016f<\/td><\/tr><tr><td>JUDr. Ing. Josef Sta\u0161a, CSc.<\/td><td>Pr\u00e1vnick\u00e1 fakulta Univerzity Karlovy<\/td><\/tr><tr><td><\/td><td><\/td><\/tr><tr><td>*) \u010clen Konfederace zam\u011bstnavatelsk\u00fdch a podnikatelsk\u00fdch svaz\u016f \u010cR<\/td><\/tr><\/tbody><\/table><\/figure>\n\n\n\n<hr class=\"wp-block-separator has-css-opacity is-style-wide\"\/>\n\n\n\n<p><strong>POKRA\u010cOVAT D\u00c1L:&nbsp;<\/strong>&nbsp;<br><a rel=\"noreferrer noopener\" href=\"https:\/\/www.cai.cz\/?page_id=1746\" target=\"_blank\"><span style=\"text-decoration: underline;\">\u00da\u0159edn\u00ed deska<\/span><\/a>   &nbsp;&nbsp;<span style=\"text-decoration: underline;\"><a rel=\"noreferrer noopener\" href=\"https:\/\/www.cai.cz\/?page_id=1920\" target=\"_blank\">Statut\u00e1rn\u00ed dokumenty<\/a><\/span>   &nbsp;&nbsp;<a rel=\"noreferrer noopener\" href=\"https:\/\/www.cai.cz\/?page_id=2211\" target=\"_blank\"><span style=\"text-decoration: underline;\">Poradn\u00ed org\u00e1ny \u010cIA<\/span><\/a>   &nbsp;&nbsp;<span style=\"text-decoration: underline;\"><a rel=\"noreferrer noopener\" href=\"https:\/\/www.cai.cz\/?page_id=1925\" target=\"_blank\">V\u00fdro\u010dn\u00ed zpr\u00e1vy<\/a><\/span>   &nbsp;&nbsp;<a rel=\"noreferrer noopener\" href=\"https:\/\/www.cai.cz\/?page_id=1765\" target=\"_blank\">Legislativa<\/a>   &nbsp;&nbsp;<a rel=\"noreferrer noopener\" href=\"https:\/\/www.cai.cz\/?page_id=1963\" target=\"_blank\"><span style=\"text-decoration: underline;\">Publikace<\/span><\/a>   &nbsp;&nbsp;<span style=\"text-decoration: underline;\"><a rel=\"noreferrer noopener\" href=\"https:\/\/www.cai.cz\/?page_id=1753\" target=\"_blank\">CTN<\/a><\/span>   &nbsp;&nbsp;<a rel=\"noreferrer noopener\" href=\"https:\/\/www.cai.cz\/?page_id=1768\" target=\"_blank\"><span style=\"text-decoration: underline;\">Pracovn\u00ed nab\u00eddky<\/span><\/a>   &nbsp;&nbsp;<span style=\"text-decoration: underline;\"><a rel=\"noreferrer noopener\" href=\"https:\/\/www.cai.cz\/?page_id=1771\" target=\"_blank\">Ve\u0159ejn\u00e9 projedn\u00e1v\u00e1n\u00ed<\/a><\/span>   &nbsp;&nbsp;<br><span style=\"text-decoration: underline;\"><a rel=\"noreferrer noopener\" href=\"https:\/\/www.cai.cz\/?page_id=1928\" target=\"_blank\">Vz\u00e1jemn\u00e9 hodnocen\u00ed<\/a><\/span>   &nbsp;&nbsp;<span style=\"text-decoration: underline;\"><a rel=\"noreferrer noopener\" href=\"https:\/\/www.cai.cz\/?page_id=15395\" target=\"_blank\">Ochrana oznamovatel\u016f<\/a><\/span>   &nbsp;&nbsp;<span style=\"text-decoration: underline;\"><a rel=\"noreferrer noopener\" href=\"https:\/\/www.cai.cz\/?page_id=19432\" target=\"_blank\">Intern\u00ed protikorup\u010dn\u00ed program<\/a><\/span>   &nbsp;&nbsp;<span style=\"text-decoration: underline;\"><a rel=\"noreferrer noopener\" href=\"https:\/\/www.cai.cz\/?page_id=17508\" target=\"_blank\">Politika nestrannosti<\/a><\/span>   &nbsp;&nbsp;<span style=\"text-decoration: underline;\"><a href=\"https:\/\/www.cai.cz\/?page_id=1777\">Odkazy<\/a><\/span><\/p>\n","protected":false},"excerpt":{"rendered":"<p>Slo\u017een\u00ed org\u00e1n\u016f \u010cesk\u00e9ho institutu pro akreditaci, o.p.s. (stav k 1. 6. 2025) 1. \u0158editel (statut\u00e1rn\u00ed org\u00e1n) Ing. Ji\u0159\u00ed R\u016f\u017ei\u010dka, MBA, Ph.D. 2. Spr\u00e1vn\u00ed rada&nbsp; Ing.&hellip;<\/p>\n","protected":false},"author":2,"featured_media":0,"parent":23,"menu_order":3,"comment_status":"closed","ping_status":"closed","template":"","meta":{"_acf_changed":false,"_price":"","_stock":"","_tribe_ticket_header":"","_tribe_default_ticket_provider":"","_tribe_ticket_capacity":"0","_ticket_start_date":"","_ticket_end_date":"","_tribe_ticket_show_description":"","_tribe_ticket_show_not_going":false,"_tribe_ticket_use_global_stock":"","_tribe_ticket_global_stock_level":"","_global_stock_mode":"","_global_stock_cap":"","_tribe_rsvp_for_event":"","_tribe_ticket_going_count":"","_tribe_ticket_not_going_count":"","_tribe_tickets_list":"[]","_tribe_ticket_has_attendee_info_fields":false,"footnotes":"","_tec_slr_enabled":"","_tec_slr_layout":""},"class_list":["post-1923","page","type-page","status-publish","hentry"],"acf":[],"ticketed":false,"_links":{"self":[{"href":"https:\/\/www.cai.cz\/index.php?rest_route=\/wp\/v2\/pages\/1923","targetHints":{"allow":["GET"]}}],"collection":[{"href":"https:\/\/www.cai.cz\/index.php?rest_route=\/wp\/v2\/pages"}],"about":[{"href":"https:\/\/www.cai.cz\/index.php?rest_route=\/wp\/v2\/types\/page"}],"author":[{"embeddable":true,"href":"https:\/\/www.cai.cz\/index.php?rest_route=\/wp\/v2\/users\/2"}],"replies":[{"embeddable":true,"href":"https:\/\/www.cai.cz\/index.php?rest_route=%2Fwp%2Fv2%2Fcomments&post=1923"}],"version-history":[{"count":47,"href":"https:\/\/www.cai.cz\/index.php?rest_route=\/wp\/v2\/pages\/1923\/revisions"}],"predecessor-version":[{"id":20345,"href":"https:\/\/www.cai.cz\/index.php?rest_route=\/wp\/v2\/pages\/1923\/revisions\/20345"}],"up":[{"embeddable":true,"href":"https:\/\/www.cai.cz\/index.php?rest_route=\/wp\/v2\/pages\/23"}],"wp:attachment":[{"href":"https:\/\/www.cai.cz\/index.php?rest_route=%2Fwp%2Fv2%2Fmedia&parent=1923"}],"curies":[{"name":"wp","href":"https:\/\/api.w.org\/{rel}","templated":true}]}}