{"id":1925,"date":"2018-10-05T11:39:07","date_gmt":"2018-10-05T09:39:07","guid":{"rendered":"http:\/\/srvwww1.cai.internal\/?page_id=1925"},"modified":"2025-06-12T10:47:52","modified_gmt":"2025-06-12T08:47:52","slug":"vyrocni-zpravy","status":"publish","type":"page","link":"https:\/\/www.cai.cz\/?page_id=1925","title":{"rendered":"V\u00fdro\u010dn\u00ed zpr\u00e1vy \u010cIA"},"content":{"rendered":"\n<p><a href=\"https:\/\/www.cai.cz\/wp-content\/uploads\/2025\/06\/CIA_VZ_2024_WEB.pdf\">V\u00fdro\u010dn\u00ed zpr\u00e1va \u010cIA za rok 2024<\/a><\/p>\n\n\n\n<p><a rel=\"noreferrer noopener\" href=\"https:\/\/www.cai.cz\/wp-content\/uploads\/2024\/06\/CIA_VZ2023_CZ_EN_web.pdf\" target=\"_blank\">V\u00fdro\u010dn\u00ed zpr\u00e1va \u010cIA za rok 2023<\/a><\/p>\n\n\n\n<p><a rel=\"noreferrer noopener\" href=\"https:\/\/www.cai.cz\/wp-content\/uploads\/2023\/06\/CIA_vyrocka2022_web_-1.pdf\" target=\"_blank\">V\u00fdro\u010dn\u00ed zpr\u00e1va \u010cIA za rok 2022<\/a><\/p>\n\n\n\n<p><a rel=\"noreferrer noopener\" href=\"https:\/\/www.cai.cz\/wp-content\/uploads\/2022\/06\/CIA_VZ_2021_fin.pdf\" target=\"_blank\">V\u00fdro\u010dn\u00ed zpr\u00e1va \u010cIA za rok 2021<\/a><\/p>\n\n\n\n<p><a href=\"https:\/\/www.cai.cz\/wp-content\/uploads\/2021\/06\/Vyrocni-zprava-2020-FINAL.pdf\" target=\"_blank\" rel=\"noreferrer noopener\">V\u00fdro\u010dn\u00ed zpr\u00e1va \u010cIA za rok 2020<\/a><\/p>\n\n\n\n<p><a href=\"https:\/\/www.cai.cz\/wp-content\/uploads\/2020\/06\/Vyrocni-zprava-2019-CZ.pdf\" target=\"_blank\" rel=\"noreferrer noopener\">V\u00fdro\u010dn\u00ed zpr\u00e1va \u010cIA za rok 2019<\/a><\/p>\n\n\n\n<p><a rel=\"noreferrer noopener\" aria-label=\" (otev\u0159e se na nov\u00e9 z\u00e1lo\u017ece)\" href=\"https:\/\/www.cai.cz\/wp-content\/uploads\/2019\/06\/VZ_CIA2018_210x297_CZ.pdf\" target=\"_blank\">V\u00fdro\u010dn\u00ed zpr\u00e1va \u010cIA za rok 2018<\/a><\/p>\n\n\n\n<p><span style=\"text-decoration: underline;\"><a href=\"https:\/\/www.cai.cz\/wp-content\/uploads\/2018\/12\/cia_vyrocni-zprava_2017_elektronicka.pdf\" target=\"_blank\" rel=\"noreferrer noopener\">V\u00fdro\u010dn\u00ed zpr\u00e1va \u010cIA za rok 2017<\/a><\/span><\/p>\n\n\n\n<p><a href=\"https:\/\/www.cai.cz\/wp-content\/uploads\/2018\/12\/cia_vyrocka_cz_aj_2016_final.pdf\" target=\"_blank\" rel=\"noreferrer noopener\"><span style=\"text-decoration: underline;\">V\u00fdro\u010dn\u00ed zpr\u00e1va \u010cIA za rok 2016<\/span><\/a><\/p>\n\n\n\n<p><a href=\"https:\/\/www.cai.cz\/wp-content\/uploads\/2018\/12\/vz2015_final.pdf\"><span style=\"text-decoration: underline;\">V\u00fdro\u010dn\u00ed zpr\u00e1va \u010cIA za rok 2<\/span><\/a><span style=\"text-decoration: underline;\"><a href=\"https:\/\/www.cai.cz\/wp-content\/uploads\/2018\/12\/vz2015_final.pdf\" target=\"_blank\" rel=\"noreferrer noopener\">0<\/a><\/span><a href=\"https:\/\/www.cai.cz\/wp-content\/uploads\/2018\/12\/vz2015_final.pdf\"><span style=\"text-decoration: underline;\">15<\/span><\/a><\/p>\n\n\n\n<p><a href=\"https:\/\/www.cai.cz\/wp-content\/uploads\/2018\/12\/cia_vyrocka_cz_aj_2014_final.pdf\" target=\"_blank\" rel=\"noreferrer noopener\"><span style=\"text-decoration: underline;\">V\u00fdro\u010dn\u00ed zpr\u00e1va \u010cIA za rok 2014<\/span><\/a><\/p>\n\n\n\n<p><a href=\"https:\/\/www.cai.cz\/wp-content\/uploads\/2018\/12\/cia_vyrocka_cz_aj_2013_final.pdf\" target=\"_blank\" rel=\"noreferrer noopener\"><span style=\"text-decoration: underline;\">V\u00fdro\u010dn\u00ed zpr\u00e1va \u010cIA za rok 2013<\/span><\/a><\/p>\n\n\n\n<p><a href=\"https:\/\/www.cai.cz\/wp-content\/uploads\/2018\/12\/cia_vz2012_final.pdf\" target=\"_blank\" rel=\"noreferrer noopener\"><span style=\"text-decoration: underline;\">V\u00fdro\u010dn\u00ed zpr\u00e1va \u010cIA za rok 2012<\/span><\/a><\/p>\n\n\n\n<p><a href=\"https:\/\/www.cai.cz\/wp-content\/uploads\/2018\/12\/CIA_VZ_2011.pdf\" target=\"_blank\" rel=\"noreferrer noopener\"><span style=\"text-decoration: underline;\">V\u00fdro\u010dn\u00ed zpr\u00e1va \u010cIA za rok 2011<\/span><\/a><\/p>\n\n\n\n<p><a href=\"https:\/\/www.cai.cz\/wp-content\/uploads\/2018\/12\/vyrocni_zprava_2010.pdf\" target=\"_blank\" rel=\"noreferrer noopener\"><span style=\"text-decoration: underline;\">V\u00fdro\u010dn\u00ed zpr\u00e1va \u010cIA za rok 2010<\/span><\/a><\/p>\n\n\n\n<p><a href=\"https:\/\/www.cai.cz\/wp-content\/uploads\/2018\/12\/Vyrocni_zprava_2009.pdf\"><span style=\"text-decoration: underline;\">V\u00fdro\u010dn\u00ed zpr\u00e1va \u010cIA za rok 2<\/span><\/a><span style=\"text-decoration: underline;\"><a href=\"https:\/\/www.cai.cz\/wp-content\/uploads\/2018\/12\/Vyrocni_zprava_2009.pdf\" target=\"_blank\" rel=\"noreferrer noopener\">0<\/a><\/span><a href=\"https:\/\/www.cai.cz\/wp-content\/uploads\/2018\/12\/Vyrocni_zprava_2009.pdf\"><span style=\"text-decoration: underline;\">09<\/span><\/a><\/p>\n\n\n\n<p><span style=\"text-decoration: underline;\"><a href=\"https:\/\/www.cai.cz\/wp-content\/uploads\/2018\/12\/Vyrocni_zprava_2008.pdf\" target=\"_blank\" rel=\"noreferrer noopener\">V\u00fdro\u010dn\u00ed zpr\u00e1va \u010cIA za rok 2008<\/a><\/span><\/p>\n\n\n\n<hr class=\"wp-block-separator has-css-opacity is-style-wide\"\/>\n\n\n\n<p><strong>POKRA\u010cOVAT D\u00c1L:&nbsp;<\/strong>&nbsp;<br><a rel=\"noreferrer noopener\" href=\"https:\/\/www.cai.cz\/?page_id=1925\" target=\"_blank\"><span style=\"text-decoration: underline;\">V\u00fdro\u010dn\u00ed zpr\u00e1vy<\/span><\/a>   &nbsp;&nbsp;&gt;   &nbsp;&nbsp;<br><a rel=\"noreferrer noopener\" href=\"https:\/\/www.cai.cz\/?page_id=1940\" target=\"_blank\">V\u00fdro\u010dn\u00ed zpr\u00e1vy \u010cIA ve smyslu z\u00e1kona \u010d. 106\/1999 Sb.<\/a><br><br><span style=\"text-decoration: underline;\"><a rel=\"noreferrer noopener\" href=\"https:\/\/www.cai.cz\/?page_id=23\" target=\"_blank\">O n\u00e1s<\/a><\/span>   &nbsp;&nbsp;&gt;   &nbsp;&nbsp;<br><span style=\"text-decoration: underline;\"><a rel=\"noreferrer noopener\" href=\"https:\/\/www.cai.cz\/?page_id=1920\" target=\"_blank\">Statut\u00e1rn\u00ed dokumenty<\/a><\/span>   &nbsp;&nbsp;<span style=\"text-decoration: underline;\"><a rel=\"noreferrer noopener\" href=\"https:\/\/www.cai.cz\/?page_id=1923\" target=\"_blank\">Org\u00e1ny \u010cIA<\/a><\/span>   &nbsp;&nbsp;<a rel=\"noreferrer noopener\" href=\"https:\/\/www.cai.cz\/?page_id=2211\" target=\"_blank\"><span style=\"text-decoration: underline;\">Poradn\u00ed org\u00e1ny \u010cIA<\/span><\/a>   &nbsp;&nbsp;<span style=\"text-decoration: underline;\"><a rel=\"noreferrer noopener\" href=\"https:\/\/www.cai.cz\/?page_id=1925\" target=\"_blank\">V\u00fdro\u010dn\u00ed zpr\u00e1vy<\/a><\/span>   &nbsp;&nbsp;<a rel=\"noreferrer noopener\" href=\"https:\/\/www.cai.cz\/?page_id=1765\" target=\"_blank\">Legislativa<\/a>   &nbsp;&nbsp;<a rel=\"noreferrer noopener\" href=\"https:\/\/www.cai.cz\/?page_id=1963\" target=\"_blank\"><span style=\"text-decoration: underline;\">Publikace<\/span><\/a>   &nbsp;&nbsp;<span style=\"text-decoration: underline;\"><a rel=\"noreferrer noopener\" href=\"https:\/\/www.cai.cz\/?page_id=1753\" target=\"_blank\">CTN<\/a><\/span>   &nbsp;&nbsp;<a rel=\"noreferrer noopener\" href=\"https:\/\/www.cai.cz\/?page_id=1768\" target=\"_blank\"><span style=\"text-decoration: underline;\">Pracovn\u00ed nab\u00eddky<\/span><\/a>   &nbsp;&nbsp;<span style=\"text-decoration: underline;\"><a rel=\"noreferrer noopener\" href=\"https:\/\/www.cai.cz\/?page_id=1771\" target=\"_blank\">Ve\u0159ejn\u00e9 projedn\u00e1v\u00e1n\u00ed<\/a><\/span>   &nbsp;&nbsp;<br><span style=\"text-decoration: underline;\"><a rel=\"noreferrer noopener\" href=\"https:\/\/www.cai.cz\/?page_id=1928\" target=\"_blank\">Vz\u00e1jemn\u00e9 hodnocen\u00ed<\/a><\/span>   &nbsp;&nbsp;<span style=\"text-decoration: underline;\"><a rel=\"noreferrer noopener\" href=\"https:\/\/www.cai.cz\/?page_id=15395\" target=\"_blank\">Ochrana oznamovatel\u016f<\/a><\/span>   &nbsp;&nbsp;<span style=\"text-decoration: underline;\"><a rel=\"noreferrer noopener\" href=\"https:\/\/www.cai.cz\/?page_id=19432\" target=\"_blank\">Intern\u00ed protikorup\u010dn\u00ed program<\/a><\/span>   &nbsp;&nbsp;<span style=\"text-decoration: underline;\"><a rel=\"noreferrer noopener\" href=\"https:\/\/www.cai.cz\/?page_id=17508\" target=\"_blank\">Politika nestrannosti<\/a><\/span>   &nbsp;&nbsp;<span style=\"text-decoration: underline;\"><a href=\"https:\/\/www.cai.cz\/?page_id=1777\">Odkazy<\/a><\/span><\/p>\n","protected":false},"excerpt":{"rendered":"<p>V\u00fdro\u010dn\u00ed zpr\u00e1va \u010cIA za rok 2024 V\u00fdro\u010dn\u00ed zpr\u00e1va \u010cIA za rok 2023 V\u00fdro\u010dn\u00ed zpr\u00e1va \u010cIA za rok 2022 V\u00fdro\u010dn\u00ed zpr\u00e1va \u010cIA za rok 2021 V\u00fdro\u010dn\u00ed&hellip;<\/p>\n","protected":false},"author":2,"featured_media":0,"parent":23,"menu_order":4,"comment_status":"closed","ping_status":"closed","template":"","meta":{"_acf_changed":false,"_price":"","_stock":"","_tribe_ticket_header":"","_tribe_default_ticket_provider":"","_tribe_ticket_capacity":"0","_ticket_start_date":"","_ticket_end_date":"","_tribe_ticket_show_description":"","_tribe_ticket_show_not_going":false,"_tribe_ticket_use_global_stock":"","_tribe_ticket_global_stock_level":"","_global_stock_mode":"","_global_stock_cap":"","_tribe_rsvp_for_event":"","_tribe_ticket_going_count":"","_tribe_ticket_not_going_count":"","_tribe_tickets_list":"[]","_tribe_ticket_has_attendee_info_fields":false,"footnotes":"","_tec_slr_enabled":"","_tec_slr_layout":""},"class_list":["post-1925","page","type-page","status-publish","hentry"],"acf":[],"ticketed":false,"_links":{"self":[{"href":"https:\/\/www.cai.cz\/index.php?rest_route=\/wp\/v2\/pages\/1925","targetHints":{"allow":["GET"]}}],"collection":[{"href":"https:\/\/www.cai.cz\/index.php?rest_route=\/wp\/v2\/pages"}],"about":[{"href":"https:\/\/www.cai.cz\/index.php?rest_route=\/wp\/v2\/types\/page"}],"author":[{"embeddable":true,"href":"https:\/\/www.cai.cz\/index.php?rest_route=\/wp\/v2\/users\/2"}],"replies":[{"embeddable":true,"href":"https:\/\/www.cai.cz\/index.php?rest_route=%2Fwp%2Fv2%2Fcomments&post=1925"}],"version-history":[{"count":37,"href":"https:\/\/www.cai.cz\/index.php?rest_route=\/wp\/v2\/pages\/1925\/revisions"}],"predecessor-version":[{"id":20391,"href":"https:\/\/www.cai.cz\/index.php?rest_route=\/wp\/v2\/pages\/1925\/revisions\/20391"}],"up":[{"embeddable":true,"href":"https:\/\/www.cai.cz\/index.php?rest_route=\/wp\/v2\/pages\/23"}],"wp:attachment":[{"href":"https:\/\/www.cai.cz\/index.php?rest_route=%2Fwp%2Fv2%2Fmedia&parent=1925"}],"curies":[{"name":"wp","href":"https:\/\/api.w.org\/{rel}","templated":true}]}}