{"id":1940,"date":"2018-10-08T15:55:21","date_gmt":"2018-10-08T13:55:21","guid":{"rendered":"http:\/\/srvwww1.cai.internal\/?page_id=1940"},"modified":"2026-02-17T11:54:41","modified_gmt":"2026-02-17T10:54:41","slug":"vyrocni-zpravy-cia-ve-smyslu-zakona-c-106-1999-sb","status":"publish","type":"page","link":"https:\/\/www.cai.cz\/?page_id=1940","title":{"rendered":"V\u00fdro\u010dn\u00ed zpr\u00e1vy \u010cIA ve smyslu z\u00e1kona \u010d. 106\/1999 Sb."},"content":{"rendered":"\n<p><a href=\"https:\/\/www.cai.cz\/wp-content\/uploads\/2026\/02\/Vyrocni-zprava-106_1999-za-rok-2025.pdf\" target=\"_blank\" rel=\"noreferrer noopener\">V\u00fdro\u010dn\u00ed zpr\u00e1va \u010cIA ve smyslu z\u00e1kona \u010d. 106\/1999 Sb. za rok 2025<\/a><\/p>\n\n\n\n<p><a rel=\"noreferrer noopener\" href=\"https:\/\/www.cai.cz\/wp-content\/uploads\/2025\/06\/VZ2024_106.pdf\" target=\"_blank\">V\u00fdro\u010dn\u00ed zpr\u00e1va \u010cIA ve smyslu z\u00e1kona \u010d. 106\/1999 Sb. za rok 202<\/a>4<\/p>\n\n\n\n<p><a rel=\"noreferrer noopener\" href=\"https:\/\/www.cai.cz\/wp-content\/uploads\/2024\/02\/Vyrocni-zprava-106_1999-za-rok-2023.pdf\" target=\"_blank\">V\u00fdro\u010dn\u00ed zpr\u00e1va \u010cIA ve smyslu z\u00e1kona \u010d. 106\/1999 Sb. za rok 2023<\/a><\/p>\n\n\n\n<p><a href=\"https:\/\/www.cai.cz\/wp-content\/uploads\/2023\/01\/Vyrocni-zprava-106_1999-za-rok-2022.pdf\" target=\"_blank\" rel=\"noreferrer noopener\">V\u00fdro\u010dn\u00ed zpr\u00e1va \u010cIA ve smyslu z\u00e1kona \u010d. 106\/1999 Sb. za rok 2022<\/a><\/p>\n\n\n\n<p><a href=\"https:\/\/www.cai.cz\/wp-content\/uploads\/2022\/02\/Vyrocni-zprava-106_1999-za-rok-2021.docx\" target=\"_blank\" rel=\"noreferrer noopener\">V\u00fdro\u010dn\u00ed zpr\u00e1va \u010cIA ve smyslu z\u00e1kona \u010d. 106\/1999 Sb. za rok 2021<\/a><\/p>\n\n\n\n<p><a href=\"https:\/\/www.cai.cz\/wp-content\/uploads\/2021\/01\/VZ106_2020.pdf\" target=\"_blank\" rel=\"noreferrer noopener\" aria-label=\"V\u00fdro\u010dn\u00ed zpr\u00e1va \u010cIA ve smyslu z\u00e1kona \u010d. 106\/1999 Sb. za rok 2020 (opens in a new tab)\">V\u00fdro\u010dn\u00ed zpr\u00e1va \u010cIA ve smyslu z\u00e1kona \u010d. 106\/1999 Sb. za rok 2020<\/a><\/p>\n\n\n\n<p><a href=\"https:\/\/www.cai.cz\/wp-content\/uploads\/2020\/02\/V\u00fdro\u010dn\u00ed-zpr\u00e1va-106_1999-za-rok-2019.pdf\" target=\"_blank\" rel=\"noopener\" data-rich-text-format-boundary=\"true\">V\u00fdro\u010dn\u00ed zpr\u00e1va \u010cIA ve smyslu z\u00e1kona \u010d. 106\/1999 Sb. za rok 2019<\/a><\/p>\n\n\n\n<p><a href=\"https:\/\/www.cai.cz\/wp-content\/uploads\/2019\/02\/Vyrocni_zprava-106_1999-za-rok-2018.pdf\" target=\"_blank\" rel=\"noreferrer noopener\">V\u00fdro\u010dn\u00ed zpr\u00e1va \u010cIA ve smyslu z\u00e1kona \u010d. 106\/1999 Sb. za rok 2018<\/a><\/p>\n\n\n\n<p><span style=\"text-decoration: underline;\"><a href=\"https:\/\/www.cai.cz\/wp-content\/uploads\/2018\/10\/2017_VZ_106.pdf\" target=\"_blank\" rel=\"noreferrer noopener\">V\u00fdro\u010dn\u00ed zpr\u00e1va \u010cIA ve smyslu z\u00e1kona \u010d. 106\/1999 Sb. za rok 2017<\/a><\/span><\/p>\n\n\n\n<p><a href=\"https:\/\/www.cai.cz\/wp-content\/uploads\/2018\/10\/2016_VZ_106.pdf\" target=\"_blank\" rel=\"noreferrer noopener\"><span style=\"text-decoration: underline;\">V\u00fdro\u010dn\u00ed zpr\u00e1va \u010cIA ve smyslu z\u00e1kona \u010d. 106\/1999 Sb. za rok 2016<\/span><\/a><\/p>\n\n\n\n<p><span style=\"text-decoration: underline;\"><a href=\"https:\/\/www.cai.cz\/wp-content\/uploads\/2018\/10\/vz_106_2015.pdf\" target=\"_blank\" rel=\"noreferrer noopener\">V\u00fdro\u010dn\u00ed zpr\u00e1va \u010cIA ve smyslu z\u00e1kona \u010d. 106\/1999 Sb. za rok 2015<\/a><\/span><\/p>\n\n\n\n<p><span style=\"text-decoration: underline;\"><a href=\"https:\/\/www.cai.cz\/wp-content\/uploads\/2018\/10\/vz106_2014-pr1.pdf\" target=\"_blank\" rel=\"noreferrer noopener\">V\u00fdro\u010dn\u00ed zpr\u00e1va \u010cIA ve smyslu z\u00e1kona \u010d. 106\/1999 Sb. za rok 2014<\/a><\/span><\/p>\n\n\n\n<p><a href=\"https:\/\/www.cai.cz\/wp-content\/uploads\/2018\/10\/vz106_2013-pr1.pdf\" target=\"_blank\" rel=\"noreferrer noopener\"><span style=\"text-decoration: underline;\">V\u00fdro\u010dn\u00ed zpr\u00e1va \u010cIA ve smyslu z\u00e1kona \u010d. 106\/1999 Sb. za rok 2013<\/span><\/a><\/p>\n\n\n\n<p><span style=\"text-decoration: underline;\"><a href=\"https:\/\/www.cai.cz\/wp-content\/uploads\/2018\/10\/Vz106_2012_poskytinf_FIN.pdf\" target=\"_blank\" rel=\"noreferrer noopener\">V\u00fdro\u010dn\u00ed zpr\u00e1va \u010cIA ve smyslu z\u00e1kona \u010d. 106\/1999 Sb. za rok 2012<\/a><\/span><\/p>\n\n\n\n<p><a href=\"https:\/\/www.cai.cz\/wp-content\/uploads\/2018\/10\/Vz106_2011_FIN.pdf\" target=\"_blank\" rel=\"noreferrer noopener\"><span style=\"text-decoration: underline;\">V\u00fdro\u010dn\u00ed zpr\u00e1va \u010cIA ve smyslu z\u00e1kona \u010d. 106\/1999 Sb. za rok 2011<\/span><\/a><\/p>\n\n\n\n<hr class=\"wp-block-separator has-css-opacity is-style-wide\"\/>\n\n\n\n<p><strong>POKRA\u010cOVAT D\u00c1L:&nbsp;<\/strong>&nbsp;<br><a rel=\"noreferrer noopener\" href=\"https:\/\/www.cai.cz\/?page_id=1746\" target=\"_blank\"><span style=\"text-decoration: underline;\">\u00da\u0159edn\u00ed deska<\/span><\/a>   &nbsp;&nbsp;<span style=\"text-decoration: underline;\"><a rel=\"noreferrer noopener\" href=\"https:\/\/www.cai.cz\/?page_id=1920\" target=\"_blank\">Statut\u00e1rn\u00ed dokumenty<\/a><\/span>   &nbsp;&nbsp;<span style=\"text-decoration: underline;\"><a rel=\"noreferrer noopener\" href=\"https:\/\/www.cai.cz\/?page_id=1923\" target=\"_blank\">Org\u00e1ny \u010cIA<\/a><\/span>   &nbsp;&nbsp;<a rel=\"noreferrer noopener\" href=\"https:\/\/www.cai.cz\/?page_id=2211\" target=\"_blank\"><span style=\"text-decoration: underline;\">Poradn\u00ed org\u00e1ny \u010cIA<\/span><\/a>   &nbsp;&nbsp;<span style=\"text-decoration: underline;\"><a rel=\"noreferrer noopener\" href=\"https:\/\/www.cai.cz\/?page_id=1925\" target=\"_blank\">V\u00fdro\u010dn\u00ed zpr\u00e1vy<\/a><\/span>   &nbsp;&nbsp;<a rel=\"noreferrer noopener\" href=\"https:\/\/www.cai.cz\/?page_id=1765\" target=\"_blank\">Legislativa<\/a>   &nbsp;&nbsp;<a rel=\"noreferrer noopener\" href=\"https:\/\/www.cai.cz\/?page_id=1963\" target=\"_blank\"><span style=\"text-decoration: underline;\">Publikace<\/span><\/a>   &nbsp;&nbsp;<span style=\"text-decoration: underline;\"><a rel=\"noreferrer noopener\" href=\"https:\/\/www.cai.cz\/?page_id=1753\" target=\"_blank\">CTN<\/a><\/span>   &nbsp;&nbsp;<a rel=\"noreferrer noopener\" href=\"https:\/\/www.cai.cz\/?page_id=1768\" target=\"_blank\"><span style=\"text-decoration: underline;\">Pracovn\u00ed nab\u00eddky<\/span><\/a>   &nbsp;&nbsp;<span style=\"text-decoration: underline;\"><a rel=\"noreferrer noopener\" href=\"https:\/\/www.cai.cz\/?page_id=1771\" target=\"_blank\">Ve\u0159ejn\u00e9 projedn\u00e1v\u00e1n\u00ed<\/a><\/span>   &nbsp;&nbsp;<br><span style=\"text-decoration: underline;\"><a rel=\"noreferrer noopener\" href=\"https:\/\/www.cai.cz\/?page_id=1928\" target=\"_blank\">Vz\u00e1jemn\u00e9 hodnocen\u00ed<\/a><\/span>   &nbsp;&nbsp;<span style=\"text-decoration: underline;\"><a rel=\"noreferrer noopener\" href=\"https:\/\/www.cai.cz\/?page_id=15395\" target=\"_blank\">Ochrana oznamovatel\u016f<\/a><\/span>   &nbsp;&nbsp;<span style=\"text-decoration: underline;\"><a rel=\"noreferrer noopener\" href=\"https:\/\/www.cai.cz\/?page_id=19432\" target=\"_blank\">Intern\u00ed protikorup\u010dn\u00ed program<\/a><\/span>   &nbsp;&nbsp;<span style=\"text-decoration: underline;\"><a rel=\"noreferrer noopener\" href=\"https:\/\/www.cai.cz\/?page_id=17508\" target=\"_blank\">Politika nestrannosti<\/a><\/span>   &nbsp;&nbsp;<span style=\"text-decoration: underline;\"><a href=\"https:\/\/www.cai.cz\/?page_id=1777\">Odkazy<\/a><\/span><\/p>\n","protected":false},"excerpt":{"rendered":"<p>V\u00fdro\u010dn\u00ed zpr\u00e1va \u010cIA ve smyslu z\u00e1kona \u010d. 106\/1999 Sb. za rok 2025 V\u00fdro\u010dn\u00ed zpr\u00e1va \u010cIA ve smyslu z\u00e1kona \u010d. 106\/1999 Sb. za rok 2024 V\u00fdro\u010dn\u00ed&hellip;<\/p>\n","protected":false},"author":2,"featured_media":0,"parent":1925,"menu_order":0,"comment_status":"closed","ping_status":"closed","template":"","meta":{"_acf_changed":false,"_price":"","_stock":"","_tribe_ticket_header":"","_tribe_default_ticket_provider":"","_tribe_ticket_capacity":"0","_ticket_start_date":"","_ticket_end_date":"","_tribe_ticket_show_description":"","_tribe_ticket_show_not_going":false,"_tribe_ticket_use_global_stock":"","_tribe_ticket_global_stock_level":"","_global_stock_mode":"","_global_stock_cap":"","_tribe_rsvp_for_event":"","_tribe_ticket_going_count":"","_tribe_ticket_not_going_count":"","_tribe_tickets_list":"[]","_tribe_ticket_has_attendee_info_fields":false,"footnotes":"","_tec_slr_enabled":"","_tec_slr_layout":""},"class_list":["post-1940","page","type-page","status-publish","hentry"],"acf":[],"ticketed":false,"_links":{"self":[{"href":"https:\/\/www.cai.cz\/index.php?rest_route=\/wp\/v2\/pages\/1940","targetHints":{"allow":["GET"]}}],"collection":[{"href":"https:\/\/www.cai.cz\/index.php?rest_route=\/wp\/v2\/pages"}],"about":[{"href":"https:\/\/www.cai.cz\/index.php?rest_route=\/wp\/v2\/types\/page"}],"author":[{"embeddable":true,"href":"https:\/\/www.cai.cz\/index.php?rest_route=\/wp\/v2\/users\/2"}],"replies":[{"embeddable":true,"href":"https:\/\/www.cai.cz\/index.php?rest_route=%2Fwp%2Fv2%2Fcomments&post=1940"}],"version-history":[{"count":34,"href":"https:\/\/www.cai.cz\/index.php?rest_route=\/wp\/v2\/pages\/1940\/revisions"}],"predecessor-version":[{"id":21982,"href":"https:\/\/www.cai.cz\/index.php?rest_route=\/wp\/v2\/pages\/1940\/revisions\/21982"}],"up":[{"embeddable":true,"href":"https:\/\/www.cai.cz\/index.php?rest_route=\/wp\/v2\/pages\/1925"}],"wp:attachment":[{"href":"https:\/\/www.cai.cz\/index.php?rest_route=%2Fwp%2Fv2%2Fmedia&parent=1940"}],"curies":[{"name":"wp","href":"https:\/\/api.w.org\/{rel}","templated":true}]}}