{"id":19761,"date":"2025-02-19T16:55:26","date_gmt":"2025-02-19T15:55:26","guid":{"rendered":"https:\/\/www.cai.cz\/?page_id=19761"},"modified":"2025-02-20T09:10:03","modified_gmt":"2025-02-20T08:10:03","slug":"overeni","status":"publish","type":"page","link":"https:\/\/www.cai.cz\/?page_id=19761","title":{"rendered":"Ov\u011b\u0159en\u00ed osv\u011bd\u010den\u00ed"},"content":{"rendered":"\n<style>\n.customify-container {\n    background-color: rgba(234, 234, 234, 0.13);\n    background-image: url(https:\/\/www.cai.cz\/wp-content\/uploads\/2025\/02\/symbol_bily_rgb.png);\n    background-repeat: repeat;\n    font-family: -apple-system, BlinkMacSystemFont, \"Segoe UI\", Roboto, \"Helvetica Neue\", Arial, sans-serif;\n    text-align: center;\n}\n\nbody {\n    background-color: rgba(234, 234, 234, 0.13);\n    background-image: url(https:\/\/www3.cai.cz\/wp-content\/uploads\/2024\/03\/symbol_bily_rgb.png);\n    background-repeat: repeat;\n}\n\n.tlacitko a {\n    color: #eaecee;\n    text-align: center;\n    font-weight: 500; \n    margin-bottom: 15px;\n    text-transform: uppercase;\n    letter-spacing: 1.2px;\n    border-top-left-radius: 3px;\n    border-top-right-radius: 3px;\n    border-bottom-right-radius: 3px;\n    border-bottom-left-radius: 3px;\n    text-decoration: none;\n    padding: .8em 1em calc(.8em + 3px);\n    display: inline-block;\n    width: 380px;\n}\n.tlacitko a:hover {\n    color: white;\n    background-color: #ca4242;\n}\n.tlacitko a:after{\n    visibility: hidden;\n    color: transparent;\n}\n.tlacitko a:hover {\n    background-color: #ca4242;\n}\n.tlacitko a:after {\n    visibility: hidden;\n    color: transparent;\n}\n.tlacitko > a:before {\n    border-bottom: 0px solid transparent;\n    border-left: 0px solid #eaecee;\n    border-top: 0px solid transparent;\n}\n.akreditace a {\n    background-color: #00326a;\n}\n.zpusobilost a {\n    background-color: #ca8142;\n}\n.nabre a {\n    background-color: black;\n}\n.mezera {\n    height: 40px;\n}\n.logo {\n    margin-top: -10px;\n}\n#main {\n    position: fixed;\n    top: 50%;\n    left: 50%;\n    -webkit-transform: translate(-50%, -50%);\n    transform: translate(-50%, -50%);\n}\n<\/style>\n<div><img decoding=\"async\" src=\"https:\/\/www.cai.cz\/wp-content\/uploads\/2025\/02\/nabre-logo.png\" alt=\"N\u00e1rodn\u00ed blockchainov\u00fd registr\" width=\"240\"><\/div>\n<div class=\"tlacitko nabre\"><a href=\"https:\/\/nabre.cz\/record\/find\">N\u00c1RODN\u00cd BLOCKCHAINOV\u00dd REGISTR<\/a><\/div>\n<p class=\"mezera\"><\/p>\n<div><img decoding=\"async\" src=\"https:\/\/www.cai.cz\/wp-content\/uploads\/2025\/02\/cai-loco.png\" alt=\"\u010cesk\u00fd institut pro akreditaci, o.p.s.\" width=\"140\"><\/div><p class=\"logo\"><\/p>\n<div class=\"tlacitko akreditace\"><a href=\"https:\/\/www.cai.cz\/?page_id=4499\">Datab\u00e1ze akreditovan\u00fdch subjekt\u016f<\/a><\/div>\n<p class=\"mezera\"><\/p>\n<div><a href=\"https:\/\/www.cai.cz\/?page_id=19801&#038;lang=en\"><img loading=\"lazy\" decoding=\"async\" src=\"https:\/\/www.cai.cz\/wp-content\/uploads\/2025\/02\/gb.png\" alt=\"English\" width=\"25\" height=\"25\"\"><\/a><\/div>\n","protected":false},"excerpt":{"rendered":"<p>N\u00c1RODN\u00cd BLOCKCHAINOV\u00dd REGISTR Datab\u00e1ze akreditovan\u00fdch subjekt\u016f<\/p>\n","protected":false},"author":34,"featured_media":0,"parent":0,"menu_order":0,"comment_status":"closed","ping_status":"closed","template":"","meta":{"_acf_changed":false,"_price":"","_stock":"","_tribe_ticket_header":"","_tribe_default_ticket_provider":"","_tribe_ticket_capacity":"0","_ticket_start_date":"","_ticket_end_date":"","_tribe_ticket_show_description":"","_tribe_ticket_show_not_going":false,"_tribe_ticket_use_global_stock":"","_tribe_ticket_global_stock_level":"","_global_stock_mode":"","_global_stock_cap":"","_tribe_rsvp_for_event":"","_tribe_ticket_going_count":"","_tribe_ticket_not_going_count":"","_tribe_tickets_list":"[]","_tribe_ticket_has_attendee_info_fields":false,"footnotes":"","_tec_slr_enabled":"","_tec_slr_layout":""},"class_list":["post-19761","page","type-page","status-publish","hentry"],"acf":[],"ticketed":false,"_links":{"self":[{"href":"https:\/\/www.cai.cz\/index.php?rest_route=\/wp\/v2\/pages\/19761","targetHints":{"allow":["GET"]}}],"collection":[{"href":"https:\/\/www.cai.cz\/index.php?rest_route=\/wp\/v2\/pages"}],"about":[{"href":"https:\/\/www.cai.cz\/index.php?rest_route=\/wp\/v2\/types\/page"}],"author":[{"embeddable":true,"href":"https:\/\/www.cai.cz\/index.php?rest_route=\/wp\/v2\/users\/34"}],"replies":[{"embeddable":true,"href":"https:\/\/www.cai.cz\/index.php?rest_route=%2Fwp%2Fv2%2Fcomments&post=19761"}],"version-history":[{"count":27,"href":"https:\/\/www.cai.cz\/index.php?rest_route=\/wp\/v2\/pages\/19761\/revisions"}],"predecessor-version":[{"id":19838,"href":"https:\/\/www.cai.cz\/index.php?rest_route=\/wp\/v2\/pages\/19761\/revisions\/19838"}],"wp:attachment":[{"href":"https:\/\/www.cai.cz\/index.php?rest_route=%2Fwp%2Fv2%2Fmedia&parent=19761"}],"curies":[{"name":"wp","href":"https:\/\/api.w.org\/{rel}","templated":true}]}}