{"id":2004,"date":"2018-10-09T12:39:21","date_gmt":"2018-10-09T10:39:21","guid":{"rendered":"http:\/\/srvwww1.cai.internal\/?page_id=2004"},"modified":"2024-04-05T17:42:48","modified_gmt":"2024-04-05T15:42:48","slug":"fyzikalne-mechanicke-laboratore","status":"publish","type":"page","link":"https:\/\/www.cai.cz\/?page_id=2004","title":{"rendered":"Fyzik\u00e1ln\u011b-mechanick\u00e9 laborato\u0159e"},"content":{"rendered":"\n<p><em>&#8222;Akreditac\u00ed se rozum\u00ed ofici\u00e1ln\u00ed uzn\u00e1n\u00ed (reprezentovan\u00e9 vyd\u00e1n\u00edm Osv\u011bd\u010den\u00ed o akreditaci), \u017ee subjekt akreditace&nbsp;&nbsp;je zp\u016fsobil\u00fd prov\u00e1d\u011bt specifick\u00e9 \u010dinnosti.&#8220;<br><\/em><\/p>\n\n\n\n<p>Akreditace zku\u0161ebn\u00edch laborato\u0159\u00ed je prov\u00e1d\u011bna podle normy \u010cSN EN ISO\/IEC 17025:2018 V\u0161eobecn\u00e9 po\u017eadavky na kompetenci zku\u0161ebn\u00edch a kalibra\u010dn\u00edch laborato\u0159\u00ed a podle dokumentu MPA 10-01-.. Metodick\u00e9 pokyny pro akreditaci k aplikaci uveden\u00e9 normy v akredita\u010dn\u00edm syst\u00e9mu \u010cesk\u00e9 republiky. <\/p>\n\n\n\n<figure class=\"wp-block-table\"><table class=\"has-fixed-layout\"><thead><tr><th><strong>Pozice a osoba za danou oblast<\/strong><\/th><th><strong>Telefonn\u00ed \u010d\u00edslo<\/strong><\/th><th><strong>E-mail<\/strong><\/th><\/tr><\/thead><tbody><tr><td><strong>Garant<\/strong>&nbsp;&nbsp;Ing. Gor Petrosjan<\/td><td>272 096 215, 720 361 222<\/td><td><a href=\"mailto:petrosjan@cai.cz\" target=\"_blank\" rel=\"noreferrer noopener\">petrosjang@cai.cz<\/a><\/td><\/tr><tr><td><strong>Z\u00e1stupce garanta<\/strong>&nbsp;&nbsp;Ing. Jan Vel\u00ed\u0161ek<\/td><td>272 096 236, 702 238 905<\/td><td> <a href=\"mailto:velisekj@cai.cz\">velisekj@cai.cz<\/a><\/td><\/tr><\/tbody><\/table><\/figure>\n\n\n\n<hr class=\"wp-block-separator has-css-opacity is-style-wide\"\/>\n\n\n\n<h4 class=\"wp-block-heading\"><a href=\"https:\/\/www.cai.cz\/?cat=58\"><span style=\"text-decoration: underline;\">Informa\u010dn\u00ed dopisy<\/span><\/a><\/h4>\n\n\n\n<hr class=\"wp-block-separator has-css-opacity is-style-wide\"\/>\n\n\n\n<h4 class=\"wp-block-heading\"><span style=\"text-decoration: underline;\"><a href=\"https:\/\/www.cai.cz\/?page_id=1674\">Dokumenty ke sta\u017een\u00ed<\/a><\/span><\/h4>\n\n\n\n<hr class=\"wp-block-separator has-css-opacity is-style-wide\"\/>\n\n\n\n<p><strong>POKRA\u010cOVAT D\u00c1L:<\/strong>&nbsp;&nbsp; <br><span style=\"text-decoration: underline;\"><a href=\"https:\/\/www.cai.cz\/?page_id=54\">Akreditace &gt;<\/a><\/span>&nbsp;&nbsp; <span style=\"text-decoration: underline;\"><a href=\"https:\/\/www.cai.cz\/?page_id=1798\">Laborato\u0159e<\/a><\/span><\/p>\n","protected":false},"excerpt":{"rendered":"<p>&#8222;Akreditac\u00ed se rozum\u00ed ofici\u00e1ln\u00ed uzn\u00e1n\u00ed (reprezentovan\u00e9 vyd\u00e1n\u00edm Osv\u011bd\u010den\u00ed o akreditaci), \u017ee subjekt akreditace&nbsp;&nbsp;je zp\u016fsobil\u00fd prov\u00e1d\u011bt specifick\u00e9 \u010dinnosti.&#8220; Akreditace zku\u0161ebn\u00edch laborato\u0159\u00ed je prov\u00e1d\u011bna podle normy \u010cSN&hellip;<\/p>\n","protected":false},"author":2,"featured_media":0,"parent":1798,"menu_order":1,"comment_status":"closed","ping_status":"closed","template":"","meta":{"_acf_changed":false,"_price":"","_stock":"","_tribe_ticket_header":"","_tribe_default_ticket_provider":"","_tribe_ticket_capacity":"0","_ticket_start_date":"","_ticket_end_date":"","_tribe_ticket_show_description":"","_tribe_ticket_show_not_going":false,"_tribe_ticket_use_global_stock":"","_tribe_ticket_global_stock_level":"","_global_stock_mode":"","_global_stock_cap":"","_tribe_rsvp_for_event":"","_tribe_ticket_going_count":"","_tribe_ticket_not_going_count":"","_tribe_tickets_list":"[]","_tribe_ticket_has_attendee_info_fields":false,"footnotes":"","_tec_slr_enabled":"","_tec_slr_layout":""},"class_list":["post-2004","page","type-page","status-publish","hentry"],"acf":[],"ticketed":false,"_links":{"self":[{"href":"https:\/\/www.cai.cz\/index.php?rest_route=\/wp\/v2\/pages\/2004","targetHints":{"allow":["GET"]}}],"collection":[{"href":"https:\/\/www.cai.cz\/index.php?rest_route=\/wp\/v2\/pages"}],"about":[{"href":"https:\/\/www.cai.cz\/index.php?rest_route=\/wp\/v2\/types\/page"}],"author":[{"embeddable":true,"href":"https:\/\/www.cai.cz\/index.php?rest_route=\/wp\/v2\/users\/2"}],"replies":[{"embeddable":true,"href":"https:\/\/www.cai.cz\/index.php?rest_route=%2Fwp%2Fv2%2Fcomments&post=2004"}],"version-history":[{"count":25,"href":"https:\/\/www.cai.cz\/index.php?rest_route=\/wp\/v2\/pages\/2004\/revisions"}],"predecessor-version":[{"id":18228,"href":"https:\/\/www.cai.cz\/index.php?rest_route=\/wp\/v2\/pages\/2004\/revisions\/18228"}],"up":[{"embeddable":true,"href":"https:\/\/www.cai.cz\/index.php?rest_route=\/wp\/v2\/pages\/1798"}],"wp:attachment":[{"href":"https:\/\/www.cai.cz\/index.php?rest_route=%2Fwp%2Fv2%2Fmedia&parent=2004"}],"curies":[{"name":"wp","href":"https:\/\/api.w.org\/{rel}","templated":true}]}}