{"id":2008,"date":"2018-10-09T12:40:48","date_gmt":"2018-10-09T10:40:48","guid":{"rendered":"http:\/\/srvwww1.cai.internal\/?page_id=2008"},"modified":"2026-01-30T11:59:38","modified_gmt":"2026-01-30T10:59:38","slug":"zdravotnicke-laboratore","status":"publish","type":"page","link":"https:\/\/www.cai.cz\/?page_id=2008","title":{"rendered":"Zdravotnick\u00e9 laborato\u0159e"},"content":{"rendered":"\n<p>Akreditace zdravotnick\u00fdch\u00a0laborato\u0159\u00ed je prov\u00e1d\u011bna\u00a0podle normy\u00a0<strong>\u010cSN EN ISO 15189 ed. 3:2023<\/strong>\u00a0Zdravotnick\u00e9 laborato\u0159e &#8211; Po\u017eadavky na kvalitu a kompetenci. Po\u017eadavky t\u00e9to normy jsou up\u0159esn\u011bny v p\u0159\u00edslu\u0161n\u00e9m metodick\u00e9m pokynu <strong>MPA 10-02-26<\/strong>\u00a0&#8222;K aplikaci \u010cSN EN ISO 15189 ed. 3:2023 v akredita\u010dn\u00edm syst\u00e9mu \u010cesk\u00e9 republiky&#8220;.<\/p>\n\n\n\n<p>Z\u00e1kladn\u00ed kroky procesu akreditace (pod\u00e1n\u00ed \u017e\u00e1dosti, pr\u016fb\u011bh posuzov\u00e1n\u00ed, dozorov\u00fdch n\u00e1v\u0161t\u011bv) a s t\u00edm spojen\u00fdch administrativn\u00edch \u010dinnost\u00ed jsou pops\u00e1ny v dokumentu\u00a0<strong>MPA 00-01-..<\/strong>\u00a0&#8222;Z\u00e1kladn\u00ed pravidla akredita\u010dn\u00edho procesu&#8220;. Dokument\u00a0<strong>MPA 00-02-..<\/strong>\u00a0&#8222;P\u0159edpisov\u00e1 z\u00e1kladna akredita\u010dn\u00edho procesu&#8220; obsahuje p\u0159ehled v\u0161ech dokument\u016f vyu\u017e\u00edvan\u00fdch k procesu akreditace zdravotnick\u00fdch laborato\u0159\u00ed v\u010detn\u011b dokument\u016f organizac\u00ed EA a ILAC.  Po\u017eadavky na zaveden\u00ed a uplat\u0148ov\u00e1n\u00ed flexibiln\u00edho rozsahu akreditace jsou uvedeny v dokumentu MPA 00-09-24 &#8222;Flexibiln\u00ed rozsah akreditace&#8220; .<\/p>\n\n\n\n<p>Specifick\u00e9 po\u017eadavky na person\u00e1ln\u00ed obsazen\u00ed zdravotnick\u00fdch laborato\u0159\u00ed jsou stanoveny Vyhl\u00e1\u0161kou&nbsp;<strong>MZ 99\/2012 Sb<\/strong>. P\u0159i posouzen\u00ed dostate\u010dnosti person\u00e1ln\u00edho zabezpe\u010den\u00ed konkr\u00e9tn\u00ed zdravotnick\u00e9 laborato\u0159e bude skupinou posuzovatel\u016f zohledn\u011bn druh a objem poskytovan\u00e9 zdravotn\u00ed p\u00e9\u010de a spektrum prov\u00e1d\u011bn\u00fdch v\u00fdkon\u016f a \u010dinnost\u00ed. Doporu\u010den\u00ed odborn\u00fdch l\u00e9ka\u0159sk\u00fdch spole\u010dnost\u00ed \u010cLS JEP maj\u00ed charakter odborn\u00fdch doporu\u010den\u00ed a p\u0159i posuzov\u00e1n\u00ed se k nim bude takto p\u0159ihl\u00ed\u017eet.<\/p>\n\n\n\n<p>Ve zvl\u00e1\u0161tn\u00edch p\u0159\u00edpadech je mo\u017en\u00e1 tzv.&#8220;soub\u011b\u017en\u00e1 akreditace&#8220; podle \u010cSN EN ISO\/IEC 17025:2018 a \u010cSN EN ISO 15189 ed.3:2023.&nbsp; Dal\u0161\u00ed informace o soub\u011b\u017en\u00e9 akreditaci jsou uvedeny v MPA 00-01-..<\/p>\n\n\n\n<p>Zkou\u0161en\u00ed veterin\u00e1rn\u00edch vzork\u016f, testov\u00e1n\u00ed diagnostik, zkou\u0161en\u00ed biologick\u00fdch vzork\u016f za \u00fa\u010delem ur\u010dov\u00e1n\u00ed p\u0159\u00edbuzensk\u00fdch vztah\u016f z jin\u00fdch d\u016fvod\u016f ne\u017e za \u00fa\u010delem z\u00edsk\u00e1v\u00e1n\u00ed informac\u00ed pro diagn\u00f3zu, prevenci a l\u00e9\u010dbu nemoc\u00ed nebo pro hodnocen\u00ed lidsk\u00e9ho zdrav\u00ed lze akreditovat pouze dle normy \u010cSN EN ISO\/IEC 17025:2018.<\/p>\n\n\n\n<p>Principy akreditace jsou k dosa\u017een\u00ed&nbsp;<a href=\"https:\/\/www.cai.cz\/?page_id=2090\">zde<\/a>.<br> <\/p>\n\n\n\n<figure class=\"wp-block-table is-style-regular\"><table class=\"has-fixed-layout\"><thead><tr><th><strong>Pozice a osoba za danou oblast<\/strong><\/th><th><strong>Telefonn\u00ed \u010d\u00edslo<\/strong><\/th><th><strong>E-mail<\/strong><\/th><\/tr><\/thead><tbody><tr><td><strong>Garant<\/strong>&nbsp;&nbsp;Ing. Vojt\u011bch Jurga<\/td><td>272 096 201, 702 144 633<\/td><td><a href=\"mailto:jurgav@cai.cz\" target=\"_blank\" rel=\"noreferrer noopener\">jurgav@cai.cz<\/a><\/td><\/tr><tr><td><strong>Z\u00e1stupce garanta<\/strong>&nbsp;&nbsp;Ing. Alena Zemanov\u00e1<\/td><td> 272 096&nbsp;198, 727 983 602 <\/td><td> <a href=\"mailto:zemanovaal@cai.cz\">zemanovaal@cai.cz<\/a><\/td><\/tr><\/tbody><\/table><\/figure>\n\n\n\n<hr class=\"wp-block-separator has-css-opacity is-style-wide\"\/>\n\n\n\n<h4 class=\"wp-block-heading\"><span style=\"text-decoration: underline;\"><a href=\"https:\/\/www.cai.cz\/?page_id=2090\">Principy akreditace zdravotnick\u00fdch laborato\u0159\u00ed<\/a><\/span><\/h4>\n\n\n\n<hr class=\"wp-block-separator has-css-opacity is-style-wide\"\/>\n\n\n\n<h4 class=\"wp-block-heading\"><a href=\"https:\/\/www.cai.cz\/?cat=67\"><span style=\"text-decoration: underline;\">Informa\u010dn\u00ed dopisy<\/span><\/a><\/h4>\n\n\n\n<hr class=\"wp-block-separator has-css-opacity is-style-wide\"\/>\n\n\n\n<h4 class=\"wp-block-heading\"><span style=\"text-decoration: underline;\"><a href=\"https:\/\/www.cai.cz\/?page_id=1674\">Dokumenty ke sta\u017een\u00ed<\/a><\/span><\/h4>\n\n\n\n<hr class=\"wp-block-separator has-css-opacity is-style-wide\"\/>\n\n\n\n<p><strong>POKRA\u010cOVAT D\u00c1L:<\/strong>&nbsp;<br><a href=\"https:\/\/www.cai.cz\/?page_id=54\">Akreditace &gt;<\/a>&nbsp;&nbsp; <a href=\"https:\/\/www.cai.cz\/?page_id=1798\">Laborato\u0159e<\/a>   <\/p>\n","protected":false},"excerpt":{"rendered":"<p>Akreditace zdravotnick\u00fdch\u00a0laborato\u0159\u00ed je prov\u00e1d\u011bna\u00a0podle normy\u00a0\u010cSN EN ISO 15189 ed. 3:2023\u00a0Zdravotnick\u00e9 laborato\u0159e &#8211; Po\u017eadavky na kvalitu a kompetenci. Po\u017eadavky t\u00e9to normy jsou up\u0159esn\u011bny v p\u0159\u00edslu\u0161n\u00e9m metodick\u00e9m&hellip;<\/p>\n","protected":false},"author":2,"featured_media":0,"parent":1798,"menu_order":3,"comment_status":"closed","ping_status":"closed","template":"","meta":{"_acf_changed":false,"_price":"","_stock":"","_tribe_ticket_header":"","_tribe_default_ticket_provider":"","_tribe_ticket_capacity":"0","_ticket_start_date":"","_ticket_end_date":"","_tribe_ticket_show_description":"","_tribe_ticket_show_not_going":false,"_tribe_ticket_use_global_stock":"","_tribe_ticket_global_stock_level":"","_global_stock_mode":"","_global_stock_cap":"","_tribe_rsvp_for_event":"","_tribe_ticket_going_count":"","_tribe_ticket_not_going_count":"","_tribe_tickets_list":"[]","_tribe_ticket_has_attendee_info_fields":false,"footnotes":"","_tec_slr_enabled":"","_tec_slr_layout":""},"class_list":["post-2008","page","type-page","status-publish","hentry"],"acf":[],"ticketed":false,"_links":{"self":[{"href":"https:\/\/www.cai.cz\/index.php?rest_route=\/wp\/v2\/pages\/2008","targetHints":{"allow":["GET"]}}],"collection":[{"href":"https:\/\/www.cai.cz\/index.php?rest_route=\/wp\/v2\/pages"}],"about":[{"href":"https:\/\/www.cai.cz\/index.php?rest_route=\/wp\/v2\/types\/page"}],"author":[{"embeddable":true,"href":"https:\/\/www.cai.cz\/index.php?rest_route=\/wp\/v2\/users\/2"}],"replies":[{"embeddable":true,"href":"https:\/\/www.cai.cz\/index.php?rest_route=%2Fwp%2Fv2%2Fcomments&post=2008"}],"version-history":[{"count":23,"href":"https:\/\/www.cai.cz\/index.php?rest_route=\/wp\/v2\/pages\/2008\/revisions"}],"predecessor-version":[{"id":21881,"href":"https:\/\/www.cai.cz\/index.php?rest_route=\/wp\/v2\/pages\/2008\/revisions\/21881"}],"up":[{"embeddable":true,"href":"https:\/\/www.cai.cz\/index.php?rest_route=\/wp\/v2\/pages\/1798"}],"wp:attachment":[{"href":"https:\/\/www.cai.cz\/index.php?rest_route=%2Fwp%2Fv2%2Fmedia&parent=2008"}],"curies":[{"name":"wp","href":"https:\/\/api.w.org\/{rel}","templated":true}]}}