{"id":2916,"date":"2019-02-18T12:35:24","date_gmt":"2019-02-18T11:35:24","guid":{"rendered":"http:\/\/srvwww1.cai.internal\/?page_id=2916"},"modified":"2019-02-23T13:21:14","modified_gmt":"2019-02-23T12:21:14","slug":"otazky-k-procesu-akreditace","status":"publish","type":"page","link":"https:\/\/www.cai.cz\/?page_id=2916","title":{"rendered":"Ot\u00e1zky k procesu akreditace"},"content":{"rendered":"\n<hr class=\"wp-block-separator is-style-wide\"\/>\n\n\n\n<h3 class=\"wp-block-heading\">Je mo\u017en\u00e9 realizovat akreditaci na\u0161\u00ed laborato\u0159e se s\u00eddlem na Slovensku u \u010cIA i kdy\u017e v\u00edme, \u017ee na Slovensku existuje SNAS (Slovensk\u00e1 n\u00e1rodn\u00e1 akredita\u010dn\u00e1 slu\u017eba)?<\/h3>\n\n\n\n<p>Od 1. ledna 2010 vstoupilo v platnost na\u0159\u00edzen\u00ed EP a Rady (ES) \u010d. 765\/2008, kter\u00fdm se stanov\u00ed po\u017eadavky na akreditaci a dozor nad trhem. Podle \u010dl. 7, odst. 1 tohoto na\u0159\u00edzen\u00ed subjekt posuzov\u00e1n\u00ed shody \u017e\u00e1daj\u00edc\u00ed o akreditaci m\u00e1 tak u\u010dinit u vnitrost\u00e1tn\u00edho akredita\u010dn\u00edho org\u00e1nu \u010dlensk\u00e9ho st\u00e1tu v n\u011bm\u017e je z\u0159\u00edzen.<\/p>\n\n\n\n<p> Existuj\u00ed 3 v\u00fdjimky, kdy \u017eadatel m\u016f\u017ee po\u017e\u00e1dat o akreditaci jin\u00fd akredita\u010dn\u00ed org\u00e1n, uveden\u00e9 v \u010dl. 7 na\u0159\u00edzen\u00ed:<br> A) pokud&nbsp;na \u00fazem\u00ed st\u00e1tu \u017eadatele nen\u00ed z\u0159\u00edzen vnitrost\u00e1tn\u00ed akredita\u010dn\u00ed org\u00e1n (nebo \u010dlensk\u00fd st\u00e1t nepo\u017e\u00e1dal jin\u00fd \u010dlensk\u00fd st\u00e1t o spolupr\u00e1ci v oblasti akreditace),<br> B) pokud vnitrost\u00e1tn\u00ed akredita\u010dn\u00ed org\u00e1n v zemi \u017eadatele neposkytuje po\u017eadovan\u00fd typ akreditace,<br> C) pokud vnitrost\u00e1tn\u00ed akredita\u010dn\u00ed org\u00e1n v zemi \u017eadatele nen\u00ed signata\u0159em multilater\u00e1ln\u00ed dohody EA pro p\u0159\u00edslu\u0161nou oblast akreditace.<\/p>\n\n\n\n<p>Takov\u00e1to situace v uveden\u00e9m p\u0159\u00edpad\u011b nenastala a proto, s odvol\u00e1n\u00edm na \u010dl\u00e1nek 6, odstavec 3 na\u0159\u00edzen\u00ed, takovou \u017e\u00e1dost \u010cesk\u00fd institut pro akreditaci, o.p.s.&nbsp;jako vnitrost\u00e1tn\u00ed akredita\u010dn\u00ed org\u00e1n&nbsp;\u010cR nem\u016f\u017ee p\u0159ijmout, proto\u017ee nejsou spln\u011bny podm\u00ednky uveden\u00e9 v \u010dl\u00e1nku 7 odstavec 1, bod a)-c).<\/p>\n\n\n\n<hr class=\"wp-block-separator is-style-wide\"\/>\n\n\n\n<p><strong>POKRA\u010cOVAT D\u00c1L: <\/strong><br><a href=\"https:\/\/www.cai.cz\/?page_id=1728\">\u010cast\u00e9 dotazy ><\/a><\/p>\n","protected":false},"excerpt":{"rendered":"<p>Je mo\u017en\u00e9 realizovat akreditaci na\u0161\u00ed laborato\u0159e se s\u00eddlem na Slovensku u \u010cIA i kdy\u017e v\u00edme, \u017ee na Slovensku existuje SNAS (Slovensk\u00e1 n\u00e1rodn\u00e1 akredita\u010dn\u00e1 slu\u017eba)? Od&hellip;<\/p>\n","protected":false},"author":2,"featured_media":0,"parent":1728,"menu_order":0,"comment_status":"closed","ping_status":"closed","template":"","meta":{"_acf_changed":false,"_price":"","_stock":"","_tribe_ticket_header":"","_tribe_default_ticket_provider":"","_tribe_ticket_capacity":"0","_ticket_start_date":"","_ticket_end_date":"","_tribe_ticket_show_description":"","_tribe_ticket_show_not_going":false,"_tribe_ticket_use_global_stock":"","_tribe_ticket_global_stock_level":"","_global_stock_mode":"","_global_stock_cap":"","_tribe_rsvp_for_event":"","_tribe_ticket_going_count":"","_tribe_ticket_not_going_count":"","_tribe_tickets_list":"[]","_tribe_ticket_has_attendee_info_fields":false,"footnotes":"","_tec_slr_enabled":"","_tec_slr_layout":""},"class_list":["post-2916","page","type-page","status-publish","hentry"],"acf":[],"ticketed":false,"_links":{"self":[{"href":"https:\/\/www.cai.cz\/index.php?rest_route=\/wp\/v2\/pages\/2916","targetHints":{"allow":["GET"]}}],"collection":[{"href":"https:\/\/www.cai.cz\/index.php?rest_route=\/wp\/v2\/pages"}],"about":[{"href":"https:\/\/www.cai.cz\/index.php?rest_route=\/wp\/v2\/types\/page"}],"author":[{"embeddable":true,"href":"https:\/\/www.cai.cz\/index.php?rest_route=\/wp\/v2\/users\/2"}],"replies":[{"embeddable":true,"href":"https:\/\/www.cai.cz\/index.php?rest_route=%2Fwp%2Fv2%2Fcomments&post=2916"}],"version-history":[{"count":2,"href":"https:\/\/www.cai.cz\/index.php?rest_route=\/wp\/v2\/pages\/2916\/revisions"}],"predecessor-version":[{"id":4125,"href":"https:\/\/www.cai.cz\/index.php?rest_route=\/wp\/v2\/pages\/2916\/revisions\/4125"}],"up":[{"embeddable":true,"href":"https:\/\/www.cai.cz\/index.php?rest_route=\/wp\/v2\/pages\/1728"}],"wp:attachment":[{"href":"https:\/\/www.cai.cz\/index.php?rest_route=%2Fwp%2Fv2%2Fmedia&parent=2916"}],"curies":[{"name":"wp","href":"https:\/\/api.w.org\/{rel}","templated":true}]}}