{"id":2920,"date":"2019-02-18T12:38:05","date_gmt":"2019-02-18T11:38:05","guid":{"rendered":"http:\/\/srvwww1.cai.internal\/?page_id=2920"},"modified":"2024-04-08T09:36:35","modified_gmt":"2024-04-08T07:36:35","slug":"certifikace-metodik","status":"publish","type":"page","link":"https:\/\/www.cai.cz\/?page_id=2920","title":{"rendered":"&#8222;Certifikace metodik&#8220;"},"content":{"rendered":"\n<hr class=\"wp-block-separator has-css-opacity is-style-wide\"\/>\n\n\n\n<h3 class=\"wp-block-heading\">Poskytuje \u010cIA certifikaci metodik, kter\u00e9 jsou v\u00fdstupem aplikovan\u00e9ho v\u00fdzkumu?<\/h3>\n\n\n\n<p>\u010cIA neprov\u00e1d\u00ed \u017e\u00e1dnou certifikaci, tud\u00ed\u017e ani certifikaci metodik, kter\u00e9 mohou b\u00fdt v\u00fdstupy aplikovan\u00e9ho v\u00fdzkumu, a ani neud\u011blil akreditaci \u017e\u00e1dn\u00e9mu certifika\u010dn\u00edmu org\u00e1nu pro tyto \u00fa\u010dely. Zp\u016fsob ud\u011blen\u00ed certifikace metodiky je v pravomoci poskytovatele \u00fa\u010delov\u00e9 podpory (ministerstva a Technologick\u00e1 agentura \u010cR), viz <a href=\"https:\/\/www.cai.cz\/wp-content\/uploads\/2020\/03\/14330-2016-dopis-1-.pdf\" target=\"_blank\" rel=\"noreferrer noopener\">dopis<\/a> \u0159editele Odboru podpory Rady pro v\u00fdzkum, v\u00fdvoj a inovace \u00da\u0159adu vl\u00e1dy \u010cesk\u00e9 republiky.<\/p>\n\n\n\n<hr class=\"wp-block-separator has-css-opacity is-style-wide\"\/>\n\n\n\n<p><strong>POKRA\u010cOVAT D\u00c1L: <\/strong><br><a href=\"https:\/\/www.cai.cz\/?page_id=1728\">\u010cast\u00e9 dotazy &gt;<\/a><\/p>\n","protected":false},"excerpt":{"rendered":"<p>Poskytuje \u010cIA certifikaci metodik, kter\u00e9 jsou v\u00fdstupem aplikovan\u00e9ho v\u00fdzkumu? \u010cIA neprov\u00e1d\u00ed \u017e\u00e1dnou certifikaci, tud\u00ed\u017e ani certifikaci metodik, kter\u00e9 mohou b\u00fdt v\u00fdstupy aplikovan\u00e9ho v\u00fdzkumu, a ani&hellip;<\/p>\n","protected":false},"author":2,"featured_media":0,"parent":1728,"menu_order":0,"comment_status":"closed","ping_status":"closed","template":"","meta":{"_acf_changed":false,"_price":"","_stock":"","_tribe_ticket_header":"","_tribe_default_ticket_provider":"","_tribe_ticket_capacity":"0","_ticket_start_date":"","_ticket_end_date":"","_tribe_ticket_show_description":"","_tribe_ticket_show_not_going":false,"_tribe_ticket_use_global_stock":"","_tribe_ticket_global_stock_level":"","_global_stock_mode":"","_global_stock_cap":"","_tribe_rsvp_for_event":"","_tribe_ticket_going_count":"","_tribe_ticket_not_going_count":"","_tribe_tickets_list":"[]","_tribe_ticket_has_attendee_info_fields":false,"footnotes":"","_tec_slr_enabled":"","_tec_slr_layout":""},"class_list":["post-2920","page","type-page","status-publish","hentry"],"acf":[],"ticketed":false,"_links":{"self":[{"href":"https:\/\/www.cai.cz\/index.php?rest_route=\/wp\/v2\/pages\/2920","targetHints":{"allow":["GET"]}}],"collection":[{"href":"https:\/\/www.cai.cz\/index.php?rest_route=\/wp\/v2\/pages"}],"about":[{"href":"https:\/\/www.cai.cz\/index.php?rest_route=\/wp\/v2\/types\/page"}],"author":[{"embeddable":true,"href":"https:\/\/www.cai.cz\/index.php?rest_route=\/wp\/v2\/users\/2"}],"replies":[{"embeddable":true,"href":"https:\/\/www.cai.cz\/index.php?rest_route=%2Fwp%2Fv2%2Fcomments&post=2920"}],"version-history":[{"count":6,"href":"https:\/\/www.cai.cz\/index.php?rest_route=\/wp\/v2\/pages\/2920\/revisions"}],"predecessor-version":[{"id":18393,"href":"https:\/\/www.cai.cz\/index.php?rest_route=\/wp\/v2\/pages\/2920\/revisions\/18393"}],"up":[{"embeddable":true,"href":"https:\/\/www.cai.cz\/index.php?rest_route=\/wp\/v2\/pages\/1728"}],"wp:attachment":[{"href":"https:\/\/www.cai.cz\/index.php?rest_route=%2Fwp%2Fv2%2Fmedia&parent=2920"}],"curies":[{"name":"wp","href":"https:\/\/api.w.org\/{rel}","templated":true}]}}