{"id":2925,"date":"2019-02-18T13:19:13","date_gmt":"2019-02-18T12:19:13","guid":{"rendered":"http:\/\/srvwww1.cai.internal\/?page_id=2925"},"modified":"2020-12-14T09:21:14","modified_gmt":"2020-12-14T08:21:14","slug":"registr-smluv","status":"publish","type":"page","link":"https:\/\/www.cai.cz\/?page_id=2925","title":{"rendered":"Registr smluv"},"content":{"rendered":"\n<hr class=\"wp-block-separator is-style-wide\"\/>\n\n\n\n<h3 class=\"wp-block-heading\">Maj\u00ed b\u00fdt dokumenty spojen\u00e9 s&nbsp;akreditac\u00ed uve\u0159ej\u0148ov\u00e1ny v&nbsp;registru smluv?<\/h3>\n\n\n\n<p>Z\u00e1kon \u010d. 340\/2015 Sb., o zvl\u00e1\u0161tn\u00edch podm\u00ednk\u00e1ch \u00fa\u010dinnosti n\u011bkter\u00fdch smluv, uve\u0159ej\u0148ov\u00e1n\u00ed t\u011bchto smluv a o registru smluv (&#8222;z\u00e1kon o registru smluv&#8220;) ukl\u00e1d\u00e1 povinnost uve\u0159ej\u0148ovat v&nbsp;registru smluv <strong>soukromopr\u00e1vn\u00ed smlouvy<\/strong>, jako\u017e i smlouvy o poskytnut\u00ed dotace nebo n\u00e1vratn\u00e9 finan\u010dn\u00ed v\u00fdpomoci, jejich\u017e smluvn\u00ed stranou je n\u011bkter\u00fd ze z\u00e1konem vyjmenovan\u00fdch subjekt\u016f.<\/p>\n\n\n\n<p>Jeliko\u017e i p\u0159es jasn\u00fd text z\u00e1kona vznikaj\u00ed ur\u010dit\u00e9 pochybnosti, \u010cesk\u00fd institut pro akreditaci, o.p.s. (\u010cIA) zd\u016fraz\u0148uje, \u017ee <strong>dokumenty souvisej\u00edc\u00ed s&nbsp;akreditac\u00ed nepodl\u00e9haj\u00ed uve\u0159ej\u0148ovac\u00ed povinnosti<\/strong> dle z\u00e1kona o registru smluv a <strong>nem\u011bly by b\u00fdt v&nbsp;registru smluv uve\u0159ej\u0148ov\u00e1ny<\/strong>, a to z&nbsp;n\u00e1sleduj\u00edc\u00edho d\u016fvodu.<\/p>\n\n\n\n<p>\u010cIA prov\u00e1d\u00ed akreditaci jako \u010dinnost org\u00e1nu ve\u0159ejn\u00e9 moci v&nbsp;souladu s&nbsp;na\u0159\u00edzen\u00edm Evropsk\u00e9ho parlamentu a Rady (ES) \u010d. 765\/2008 a z\u00e1konem \u010d.&nbsp;22\/1997 Sb., o technick\u00fdch po\u017eadavc\u00edch na v\u00fdrobky, ve zn\u011bn\u00ed pozd\u011bj\u0161\u00edch p\u0159edpis\u016f, p\u0159i sou\u010dasn\u00e9 aplikaci z\u00e1kona \u010d. 500\/2004 Sb., spr\u00e1vn\u00ed \u0159\u00e1d, ve zn\u011bn\u00ed pozd\u011bj\u0161\u00edch p\u0159edpis\u016f. A\u0165 je akreditace prov\u00e1d\u011bna ve spr\u00e1vn\u00edm \u0159\u00edzen\u00ed (na z\u00e1klad\u011b \u017e\u00e1dosti subjektu \u010di z&nbsp;moci \u00fa\u0159edn\u00ed v&nbsp;podob\u011b dozor\u016f) nebo na z\u00e1klad\u011b ve\u0159ejnopr\u00e1vn\u00ed smlouvy o akreditaci, jedn\u00e1 se v\u017edy o \u010dinnost org\u00e1nu ve\u0159ejn\u00e9 moci.<\/p>\n\n\n\n<p>Povinnost uve\u0159ejnit smlouvu v&nbsp;registru smluv se p\u0159itom podle \u00a7 2 odst. 1 z\u00e1kona o registru smluv vztahuje v\u00fdlu\u010dn\u011b na soukromopr\u00e1vn\u00ed smlouvy a smlouvy o poskytnut\u00ed dotace nebo n\u00e1vratn\u00e9 finan\u010dn\u00ed v\u00fdpomoci.<\/p>\n\n\n\n<p><strong>Jeliko\u017e akreditace nen\u00ed prov\u00e1d\u011bna na z\u00e1klad\u011b soukromopr\u00e1vn\u00ed smlouvy ani nen\u00ed slu\u017ebou poskytovanou na z\u00e1klad\u011b objedn\u00e1vky a jej\u00ed akceptace, n\u00fdbr\u017e p\u0159edstavuje \u010dinnost org\u00e1nu ve\u0159ejn\u00e9 moci realizovanou ve spr\u00e1vn\u00edm \u0159\u00edzen\u00ed nebo na z\u00e1klad\u011b ve\u0159ejnopr\u00e1vn\u00ed smlouvy, dokumenty souvisej\u00edc\u00ed s&nbsp;akreditac\u00ed se v&nbsp;registru smluv neuve\u0159ej\u0148uj\u00ed.<\/strong><\/p>\n\n\n\n<hr class=\"wp-block-separator is-style-wide\"\/>\n\n\n\n<p><strong>POKRA\u010cOVAT D\u00c1L: <\/strong>  <br><a href=\"https:\/\/www.cai.cz\/?page_id=1728\">\u010cast\u00e9 dotazy &gt;<\/a><\/p>\n","protected":false},"excerpt":{"rendered":"<p>Maj\u00ed b\u00fdt dokumenty spojen\u00e9 s&nbsp;akreditac\u00ed uve\u0159ej\u0148ov\u00e1ny v&nbsp;registru smluv? Z\u00e1kon \u010d. 340\/2015 Sb., o zvl\u00e1\u0161tn\u00edch podm\u00ednk\u00e1ch \u00fa\u010dinnosti n\u011bkter\u00fdch smluv, uve\u0159ej\u0148ov\u00e1n\u00ed t\u011bchto smluv a o registru smluv&hellip;<\/p>\n","protected":false},"author":2,"featured_media":0,"parent":1728,"menu_order":0,"comment_status":"closed","ping_status":"closed","template":"","meta":{"_acf_changed":false,"_price":"","_stock":"","_tribe_ticket_header":"","_tribe_default_ticket_provider":"","_tribe_ticket_capacity":"0","_ticket_start_date":"","_ticket_end_date":"","_tribe_ticket_show_description":"","_tribe_ticket_show_not_going":false,"_tribe_ticket_use_global_stock":"","_tribe_ticket_global_stock_level":"","_global_stock_mode":"","_global_stock_cap":"","_tribe_rsvp_for_event":"","_tribe_ticket_going_count":"","_tribe_ticket_not_going_count":"","_tribe_tickets_list":"[]","_tribe_ticket_has_attendee_info_fields":false,"footnotes":"","_tec_slr_enabled":"","_tec_slr_layout":""},"class_list":["post-2925","page","type-page","status-publish","hentry"],"acf":[],"ticketed":false,"_links":{"self":[{"href":"https:\/\/www.cai.cz\/index.php?rest_route=\/wp\/v2\/pages\/2925","targetHints":{"allow":["GET"]}}],"collection":[{"href":"https:\/\/www.cai.cz\/index.php?rest_route=\/wp\/v2\/pages"}],"about":[{"href":"https:\/\/www.cai.cz\/index.php?rest_route=\/wp\/v2\/types\/page"}],"author":[{"embeddable":true,"href":"https:\/\/www.cai.cz\/index.php?rest_route=\/wp\/v2\/users\/2"}],"replies":[{"embeddable":true,"href":"https:\/\/www.cai.cz\/index.php?rest_route=%2Fwp%2Fv2%2Fcomments&post=2925"}],"version-history":[{"count":3,"href":"https:\/\/www.cai.cz\/index.php?rest_route=\/wp\/v2\/pages\/2925\/revisions"}],"predecessor-version":[{"id":13620,"href":"https:\/\/www.cai.cz\/index.php?rest_route=\/wp\/v2\/pages\/2925\/revisions\/13620"}],"up":[{"embeddable":true,"href":"https:\/\/www.cai.cz\/index.php?rest_route=\/wp\/v2\/pages\/1728"}],"wp:attachment":[{"href":"https:\/\/www.cai.cz\/index.php?rest_route=%2Fwp%2Fv2%2Fmedia&parent=2925"}],"curies":[{"name":"wp","href":"https:\/\/api.w.org\/{rel}","templated":true}]}}