{"id":2949,"date":"2019-02-18T13:48:58","date_gmt":"2019-02-18T12:48:58","guid":{"rendered":"http:\/\/srvwww1.cai.internal\/?page_id=2949"},"modified":"2025-10-01T07:28:09","modified_gmt":"2025-10-01T05:28:09","slug":"cenik","status":"publish","type":"page","link":"https:\/\/www.cai.cz\/?page_id=2949","title":{"rendered":"Cen\u00edk"},"content":{"rendered":"\n<p>Informace k\u00a0\u00faprav\u011b cen\u00edku slu\u017eeb \u010cIA k 01.10.2025<\/p>\n\n\n\n<p>V\u00a0tomto vyd\u00e1n\u00ed Cen\u00edku slu\u017eeb \u010cIA byla zru\u0161ena hodinov\u00e1 sazba za posouzen\u00ed odborn\u00e9 zp\u016fsobilosti.<\/p>\n\n\n\n<figure class=\"wp-block-table\"><table><thead><tr><th><strong>N\u00e1zev a soubor v aktu\u00e1ln\u00ed verzi ke sta\u017een\u00ed<\/strong><\/th><th><strong>Plat\u00ed od<\/strong><\/th><\/tr><\/thead><tbody><tr><td><a href=\"https:\/\/www.cai.cz\/wp-content\/uploads\/2025\/10\/10_09-P001-Cenik-sluzeb-CIA_20251001.pdf\" target=\"_blank\" rel=\"noreferrer noopener\">Cen\u00edk slu\u017eeb \u010cIA<\/a><\/td><td>01.10.2025<\/td><\/tr><tr><td><a href=\"https:\/\/www.cai.cz\/wp-content\/uploads\/2025\/10\/10_09-P002-Stanoveni-nakladu-procesu-akreditace_20251001.pdf\" target=\"_blank\" rel=\"noreferrer noopener\">Stanoven\u00ed n\u00e1klad\u016f procesu akreditace<\/a><\/td><td>01.10.2025<\/td><\/tr><\/tbody><\/table><\/figure>\n\n\n\n<hr class=\"wp-block-separator has-css-opacity is-style-wide\"\/>\n\n\n\n<p><strong>POKRA\u010cOVAT D\u00c1L:    <\/strong><br><a href=\"https:\/\/www.cai.cz\/?page_id=1674\">Dokumenty ke sta\u017een\u00ed &gt;<\/a><\/p>\n","protected":false},"excerpt":{"rendered":"<p>Informace k\u00a0\u00faprav\u011b cen\u00edku slu\u017eeb \u010cIA k 01.10.2025 V\u00a0tomto vyd\u00e1n\u00ed Cen\u00edku slu\u017eeb \u010cIA byla zru\u0161ena hodinov\u00e1 sazba za posouzen\u00ed odborn\u00e9 zp\u016fsobilosti. N\u00e1zev a soubor v aktu\u00e1ln\u00ed&hellip;<\/p>\n","protected":false},"author":2,"featured_media":0,"parent":1674,"menu_order":0,"comment_status":"closed","ping_status":"closed","template":"","meta":{"_acf_changed":false,"_price":"","_stock":"","_tribe_ticket_header":"","_tribe_default_ticket_provider":"","_tribe_ticket_capacity":"0","_ticket_start_date":"","_ticket_end_date":"","_tribe_ticket_show_description":"","_tribe_ticket_show_not_going":false,"_tribe_ticket_use_global_stock":"","_tribe_ticket_global_stock_level":"","_global_stock_mode":"","_global_stock_cap":"","_tribe_rsvp_for_event":"","_tribe_ticket_going_count":"","_tribe_ticket_not_going_count":"","_tribe_tickets_list":"[]","_tribe_ticket_has_attendee_info_fields":false,"footnotes":"","_tec_slr_enabled":"","_tec_slr_layout":""},"class_list":["post-2949","page","type-page","status-publish","hentry"],"acf":[],"ticketed":false,"_links":{"self":[{"href":"https:\/\/www.cai.cz\/index.php?rest_route=\/wp\/v2\/pages\/2949","targetHints":{"allow":["GET"]}}],"collection":[{"href":"https:\/\/www.cai.cz\/index.php?rest_route=\/wp\/v2\/pages"}],"about":[{"href":"https:\/\/www.cai.cz\/index.php?rest_route=\/wp\/v2\/types\/page"}],"author":[{"embeddable":true,"href":"https:\/\/www.cai.cz\/index.php?rest_route=\/wp\/v2\/users\/2"}],"replies":[{"embeddable":true,"href":"https:\/\/www.cai.cz\/index.php?rest_route=%2Fwp%2Fv2%2Fcomments&post=2949"}],"version-history":[{"count":30,"href":"https:\/\/www.cai.cz\/index.php?rest_route=\/wp\/v2\/pages\/2949\/revisions"}],"predecessor-version":[{"id":21224,"href":"https:\/\/www.cai.cz\/index.php?rest_route=\/wp\/v2\/pages\/2949\/revisions\/21224"}],"up":[{"embeddable":true,"href":"https:\/\/www.cai.cz\/index.php?rest_route=\/wp\/v2\/pages\/1674"}],"wp:attachment":[{"href":"https:\/\/www.cai.cz\/index.php?rest_route=%2Fwp%2Fv2%2Fmedia&parent=2949"}],"curies":[{"name":"wp","href":"https:\/\/api.w.org\/{rel}","templated":true}]}}