{"id":2965,"date":"2019-02-20T14:12:09","date_gmt":"2019-02-20T13:12:09","guid":{"rendered":"http:\/\/srvwww1.cai.internal\/?page_id=2965"},"modified":"2026-03-10T09:47:56","modified_gmt":"2026-03-10T08:47:56","slug":"dokumenty-ea-ilac-iaf-a-falb-vsechny-oblasti-akreditace","status":"publish","type":"page","link":"https:\/\/www.cai.cz\/?page_id=2965","title":{"rendered":"Dokumenty EA, ILAC, IAF a FALB &#8211; v\u0161echny oblasti akreditace"},"content":{"rendered":"\n<figure class=\"wp-block-table\"><table><thead><tr><th><strong>Ozna\u010den\u00ed<\/strong><\/th><th><strong>N\u00e1zev a soubor v aktu\u00e1ln\u00ed verzi ke sta\u017een\u00ed<\/strong><\/th><th><strong>\u00da\u010dinnost od<\/strong><\/th><th><strong>Vyd\u00e1n\u00ed p\u0159ekladu<\/strong><\/th><\/tr><\/thead><tbody><tr><td>EA-1\/22 A-AB:2023<\/td><td><a href=\"https:\/\/www.cai.cz\/wp-content\/uploads\/2025\/11\/01_08-P043-EA-01_22-A_AB_2023_20240223o.pdf\" target=\"_blank\" rel=\"noreferrer noopener\">Postup a krit\u00e9ria pro hodnocen\u00ed sch\u00e9mat posuzov\u00e1n\u00ed shody akredita\u010dn\u00edmi org\u00e1ny &#8211; \u010dleny EA (EA Procedure and Criteria For the Evaluation of Conformity Assessment Schemes by EA Accreditation Body Members, May 2023)<\/a><\/td><td>24.05.2024<\/td><td>23.02.2024<\/td><\/tr><tr><td>EA-2\/13 M:2019<\/td><td><a href=\"https:\/\/www.cai.cz\/wp-content\/uploads\/2025\/11\/01_08-P011-EA-02_13-M_2019_20190823o.pdf\" target=\"_blank\" rel=\"noreferrer noopener\">Politika EA v oblasti p\u0159eshrani\u010dn\u00ed akreditace a postup pro&nbsp;p\u0159eshrani\u010dn\u00ed spolupr\u00e1ci mezi \u010dleny EA (Cross Border Accreditation Policy and Procedure for Cross Border Cooperation between EA Members, May 2019)<\/a><\/td><td>01.05.2020<\/td><td>23.08.2019<\/td><\/tr><tr><td>EA-2\/15 M:2023<\/td><td><a href=\"https:\/\/www.cai.cz\/wp-content\/uploads\/2025\/11\/01_08-P002-EA-02_15-M_2023_20240725o.pdf\" target=\"_blank\" rel=\"noreferrer noopener\">Po\u017eadavky EA na akreditaci flexibiln\u00edho rozsahu (EA Requirements for the Accreditation of Flexible Scopes, November 2023)<\/a><\/td><td>01.12.2024<\/td><td>25.07.2024<\/td><\/tr><tr><td>EA-2\/17 M:2020<\/td><td><a href=\"https:\/\/www.cai.cz\/wp-content\/uploads\/2025\/11\/01_08-P013-EA-02_17-M_2020_20210101o.pdf\" target=\"_blank\" rel=\"noreferrer noopener\">Dokument EA pro akreditaci pro \u00fa\u010dely ozn\u00e1men\u00ed. (EA Document on Accreditation for Notification Purposes, April 2020)<\/a><\/td><td>17.04.2021<\/td><td>01.01.2021<\/td><\/tr><tr><td>EA-2\/20 <br>G:2020<\/td><td><a rel=\"noreferrer noopener\" href=\"https:\/\/www.cai.cz\/wp-content\/uploads\/2025\/12\/01_08-P061-EA-2_20-G_20210910o.pdf\" target=\"_blank\">Poradenstv\u00ed a nez\u00e1vislost org\u00e1n\u016f posuzov\u00e1n\u00ed shody (Consultancy, and the Independence of Conformity Assessment Bodies, April 2020) <\/a><a href=\"https:\/\/www.cai.cz\/wp-content\/uploads\/2021\/09\/EA-2_20-G_20210910.pdf\">  <\/a><\/td><td>14.04.2021<\/td><td>10.09.2021<\/td><\/tr><tr><td>EA-3\/12 M:2022<\/td><td><a href=\"https:\/\/www.cai.cz\/wp-content\/uploads\/2025\/11\/01_08-P017-EA-3_12-M_2022_20231024o.pdf\" target=\"_blank\" rel=\"noreferrer noopener\">Politika EA pro akreditaci certifikace ekologick\u00e9 produkce (EA Policy for the Accreditation of Organic Production Certification, March 2022)<\/a><\/td><td>09.03.2023<\/td><td>24.10.2023<\/td><\/tr><tr><td>EA-4\/02 M:2022<\/td><td><a href=\"https:\/\/www.cai.cz\/wp-content\/uploads\/2025\/11\/01_08-P001-EA-04_02-M_2022_20220425o.pdf\" target=\"_blank\" rel=\"noreferrer noopener\">Vyhodnocen\u00ed nejistoty m\u011b\u0159en\u00ed p\u0159i kalibraci (Evaluation of the Uncertainty of Measurement In Calibration, November 2021, April 2022)<\/a><\/td><td>04.04.2022<\/td><td>25.04.2022<\/td><\/tr><tr><td>EA-4\/09 G:2022<\/td><td><a href=\"https:\/\/www.cai.cz\/wp-content\/uploads\/2025\/11\/01_08-P006-EA-04_09-G_2022_20231002o.pdf\" target=\"_blank\" rel=\"noreferrer noopener\">Akreditace senzorick\u00fdch zku\u0161ebn\u00edch laborato\u0159\u00ed (Accreditation for Sensory Testing Laboratories, June 2022)<\/a><\/td><td>10.06.2023<\/td><td>02.10.2023<\/td><\/tr><tr><td>EA-4\/14 INF:2003<\/td><td><a href=\"https:\/\/www.cai.cz\/wp-content\/uploads\/2025\/11\/01_08-P008-EA-04_14-INF_2003_2006108o.pdf\" target=\"_blank\" rel=\"noreferrer noopener\">V\u00fdb\u011br a u\u017eit\u00ed referen\u010dn\u00edch materi\u00e1l\u016f (The Selection and Use of Reference Materials, February 2003)<\/a><\/td><td>13.06.2003<\/td><td>23.10.2006<\/td><\/tr><tr><td>EA-4\/18 G:2021<\/td><td><a href=\"https:\/\/www.cai.cz\/wp-content\/uploads\/2025\/11\/01_08-P005-EA-4_18-G_2021_202220201o.pdf\" target=\"_blank\" rel=\"noreferrer noopener\">N\u00e1vod k ur\u010den\u00ed \u00farovn\u011b a \u010detnosti \u00fa\u010dasti ve zkou\u0161en\u00ed zp\u016fsobilosti (Guidance on the level and frequency of proficiency testing participation, November 2021) <\/a><\/td><td>15.11.2021<\/td><td>01.02.2022<\/td><\/tr><tr><td>EA-4\/21 INF:2018<\/td><td><a href=\"https:\/\/www.cai.cz\/wp-content\/uploads\/2025\/12\/01_08-P058-EA-04_21-INF_20190507o.pdf\" target=\"_blank\" rel=\"noreferrer noopener\">N\u00e1vod pro posuzov\u00e1n\u00ed vhodnosti mal\u00fdch mezilaboratorn\u00edch porovn\u00e1n\u00ed v r\u00e1mci procesu akreditace laborato\u0159e (Guidelines for the assessment of the appropriateness of small interlaboratory comparisons within the process of laboratory accreditation, March 2018)<\/a><\/td><td>01.03.2019<\/td><td>07.05.2019<\/td><\/tr><tr><td>EA-4\/23 INF:2025<\/td><td><a href=\"https:\/\/www.cai.cz\/wp-content\/uploads\/2025\/11\/01_08-P065-EA-04_23_2025_20251114.pdf\" target=\"_blank\" rel=\"noreferrer noopener\">Posuzov\u00e1n\u00ed a akreditace stanovisek a interpretac\u00ed s&nbsp;pou\u017eit\u00edm normy ISO\/IEC 17025:2017 (The Assessment and Accreditation of Opinions and Interpretations using ISO\/IEC 17025:2017, April 2025)<\/a><\/td><td>30.04.2025<\/td><td>14.11.2025<\/td><\/tr><tr><td>EA-6\/02 M:2022<\/td><td><a href=\"https:\/\/www.cai.cz\/wp-content\/uploads\/2025\/11\/01_08-P004-EA-06_02-M_2022_20221220o.pdf\" target=\"_blank\" rel=\"noreferrer noopener\">Pokyny EA k aplikaci ISO\/IEC 17065 a ISO\/IEC 17021-1 pro&nbsp;certifikaci podle EN ISO 3834 (EA Guidelines on the use of ISO\/IEC 17065 and ISO\/IEC 17021-1 for Certification to EN ISO 3834, January 2022)<\/a><\/td><td>10.01.2023<\/td><td>20.12.2022<\/td><\/tr><tr><td>EA-6\/03 M:2022<\/td><td><a href=\"https:\/\/www.cai.cz\/wp-content\/uploads\/2025\/11\/01_08-P016-EA-6_03-M_2022_20220811o.pdf\" target=\"_blank\" rel=\"noreferrer noopener\">Dokument EA pro akreditaci ov\u011b\u0159ovac\u00edch org\u00e1n\u016f pro \u00fa\u010dely sm\u011brnice EU o vytvo\u0159en\u00ed syst\u00e9mu pro obchodov\u00e1n\u00ed s povolenkami na emise sklen\u00edkov\u00fdch plyn\u016f (EA Document for accreditation of Verification Bodies for the purpose of EU ETS Directive, June 2022)<\/a><\/td><td>14.06.2022<\/td><td>11.08.2022<\/td><\/tr><tr><td>EA-7\/04 M:2017<\/td><td><a href=\"https:\/\/www.cai.cz\/wp-content\/uploads\/2025\/11\/01_08-P015-EA-07_04-M_2014_20180216o.pdf\" target=\"_blank\" rel=\"noreferrer noopener\">Pr\u00e1vn\u00ed soulad jako\u017eto sou\u010d\u00e1st akreditovan\u00e9 certifikace dle ISO 14001:2015 (Legal Compliance as a part of Accredited ISO 14001:2015 Certification, May 2017)<\/a><\/td><td>14.05.2017<\/td><td>16.02.2018<\/td><\/tr><tr><td>EA-8\/01 G:2024<\/td><td><a href=\"https:\/\/www.cai.cz\/wp-content\/uploads\/2025\/12\/01_08-P064-EA-8_01G_2024_20241231o.pdf\" target=\"_blank\" rel=\"noreferrer noopener\">N\u00e1vod na p\u0159evod akreditovan\u00e9 certifikace osob (Guidance on Transfers of Accredited Certification of Persons, April 2024)<\/a><\/td><td>11.04.2024<\/td><td>31.12.2024<\/td><\/tr><tr><td>IAF MD1:2023<\/td><td><a href=\"https:\/\/www.cai.cz\/wp-content\/uploads\/2025\/11\/01_08-P031-IAF-MD1_2023_20231201o.pdf\" target=\"_blank\" rel=\"noreferrer noopener\">Z\u00e1vazn\u00fd dokument IAF pro audit a certifikaci syst\u00e9mu managementu provozovan\u00e9ho organizac\u00ed s v\u00edce pracovi\u0161ti (IAF Mandatory Document for the Audit and Certification of a Management System Operated by a Multi-Site Organization, Ovtober 2023)<\/a><\/td><td>18.10.2023<\/td><td>01.12.2023<\/td><\/tr><tr><td>IAF MD2:2023<\/td><td><a href=\"https:\/\/www.cai.cz\/wp-content\/uploads\/2025\/11\/01_08-P032-IAF-MD2_2023_20230901o.pdf\" target=\"_blank\" rel=\"noreferrer noopener\">Z\u00e1vazn\u00fd dokument IAF pro p\u0159evod akreditovan\u00e9 certifikace syst\u00e9m\u016f managementu (IAF Mandatory Document for the Transfer of Accredited Certification of Management Systems, June 2023)<\/a><\/td><td>15.06.2018<\/td><td>01.09.2023<\/td><\/tr><tr><td>IAF MD4:2025<\/td><td><a href=\"https:\/\/www.cai.cz\/wp-content\/uploads\/2026\/03\/01_08-P034-IAF-MD4_2025_20260210opr.pdf\" target=\"_blank\" rel=\"noreferrer noopener\">IAF z\u00e1vazn\u00fd dokument pro pou\u017eit\u00ed informa\u010dn\u00edch a komunika\u010dn\u00edch technologi\u00ed (ICT) pro \u00fa\u010dely posuzov\u00e1n\u00ed shody (IAF Mandatory Document for the Use of Information and Communication Technology (ICT) for Conformity Assessment Purposes, January 2025)<\/a><\/td><td>30.01.2026<\/td><td>10.03.2026<\/td><\/tr><tr><td>IAF MD5:2023<\/td><td><a href=\"https:\/\/www.cai.cz\/wp-content\/uploads\/2025\/11\/01_08-P035-IAF-MD5_2023_20230901o.pdf\" target=\"_blank\" rel=\"noreferrer noopener\">Stanoven\u00ed doby auditu pro syst\u00e9my managementu kvality, syst\u00e9my environment\u00e1ln\u00edho managementu a syst\u00e9my managementu bezpe\u010dnosti a ochrany zdrav\u00ed p\u0159i pr\u00e1ci (Determination of audit time of quality, environmental, and occupational health &amp; safety management systems, June 2023) <\/a><\/td><td>07.05.2020<\/td><td>01.09.2023<\/td><\/tr><tr><td>IAF MD6:2024<\/td><td><a href=\"https:\/\/www.cai.cz\/wp-content\/uploads\/2025\/12\/01_08-P046-IAF-MD6_2024_20251217.pdf\" target=\"_blank\" rel=\"noreferrer noopener\">Z\u00e1vazn\u00fd dokument IAF pro aplikaci ISO 14065:2020 (IAF Mandatory Document for the Application of ISO 14065:2020, September 2024)<\/a><\/td><td>30.06.2024<\/td><td>17.12.2025<\/td><\/tr><tr><td>IAF MD8:2023<\/td><td><a href=\"https:\/\/www.cai.cz\/wp-content\/uploads\/2025\/11\/01_08-P050-IAF-MD8_2023_20240101o.pdf\" target=\"_blank\" rel=\"noreferrer noopener\">Aplikace ISO\/IEC 17011:2017 v oblasti syst\u00e9m\u016f managementu kvality zdravotnick\u00fdch prost\u0159edk\u016f (ISO 13485) (Application of ISO\/IEC 17011:2017 in the Field of Medical Device Quality Management Systems (ISO 13485), November 2023)<\/a><\/td><td>20.11.2023<\/td><td>01.01.2024<\/td><\/tr><tr><td>IAF MD9:2023<\/td><td><a href=\"https:\/\/www.cai.cz\/wp-content\/uploads\/2025\/11\/01_08-P041-IAF-MD9_2023_20240101o.pdf\" target=\"_blank\" rel=\"noreferrer noopener\">Z\u00e1vazn\u00fd dokument IAF pro aplikaci ISO\/IEC 17021-1 v oblasti syst\u00e9m\u016f managementu kvality zdravotnick\u00fdch prost\u0159edk\u016f (ISO 13485)  (Application of ISO\/IEC 17021-1 in the Field of Medical Device Quality Management Systems (ISO 13485), November 2023)<\/a><\/td><td>20.11.2023<\/td><td>01.01.2024<\/td><\/tr><tr><td>IAF MD11:2023<\/td><td><a href=\"https:\/\/www.cai.cz\/wp-content\/uploads\/2025\/11\/01_08-P044-IAF-MD11_2023_20231016o.pdf\" target=\"_blank\" rel=\"noreferrer noopener\">Z\u00e1vazn\u00fd dokument IAF pro aplikaci ISO\/IEC 17021 pro audity integrovan\u00fdch syst\u00e9m\u016f managementu, vyd\u00e1n\u00ed 3. (IAF Mandatory Document for the Application of ISO\/IEC 17021 for Audits of Integrated Management Systems, September 2023)<\/a><\/td><td>12.09.2023<\/td><td>16.10.2023<\/td><\/tr><tr><td> IAF MD12:2023<\/td><td><a href=\"https:\/\/www.cai.cz\/wp-content\/uploads\/2025\/11\/01_08-P045-IAF-MD12_2023_20230901o.pdf\" target=\"_blank\" rel=\"noreferrer noopener\">Akreditace org\u00e1n\u016f posuzov\u00e1n\u00ed shody p\u016fsob\u00edc\u00edch ve v\u00edce zem\u00edch (Accreditation Assessment of Conformity Assessment Bodies with Activities in Multiple Countries, June 2023)<\/a><\/td><td>07.01.2016<\/td><td>01.09.2023<\/td><\/tr><tr><td> IAF MD15:2023<\/td><td><a href=\"https:\/\/www.cai.cz\/wp-content\/uploads\/2025\/11\/01_08-P051-IAF-MD15_2023_20230904o.pdf\" target=\"_blank\" rel=\"noreferrer noopener\">Z\u00e1vazn\u00fd dokument IAF pro sb\u011br dat poskytuj\u00edc\u00edch indik\u00e1tory o v\u00fdkonu certifika\u010dn\u00edch org\u00e1n\u016f certifikuj\u00edc\u00edch syst\u00e9my managementu (IAF Mandatory Document for the Collection of Data to Provide Indicators of Management System Certification Bodyes&#8216; Performance, June 2023)<\/a><\/td><td>14.07.2016<\/td><td>04.09.2023<\/td><\/tr><tr><td> IAF MD16:2024<\/td><td><a href=\"https:\/\/www.cai.cz\/wp-content\/uploads\/2025\/12\/01_08-P057-IAF-MD16_2024_20240718o.pdf\" target=\"_blank\" rel=\"noreferrer noopener\">Aplikace normy ISO\/IEC 17011 pro akreditaci certifika\u010dn\u00edch org\u00e1n\u016f prov\u00e1d\u011bj\u00edc\u00edch certifikaci syst\u00e9m\u016f managementu bezpe\u010dnosti potravin (FSMS) (Application of ISO\/IEC 17011 for the accreditation of food safety management systems (FSMS) certification bodies, May 2024)<\/a><\/td><td>21.05.2024<\/td><td>18.07.2024<\/td><\/tr><tr><td>IAF MD17:2023<\/td><td><a href=\"https:\/\/www.cai.cz\/wp-content\/uploads\/2025\/12\/01_08-P053-IAF-MD17_2023_20230901o.pdf\" target=\"_blank\" rel=\"noreferrer noopener\">\u010cinnosti sv\u011bdeck\u00e9ho posuzov\u00e1n\u00ed pro akreditaci certifika\u010dn\u00edch org\u00e1n\u016f certifikuj\u00edc\u00edch syst\u00e9my managementu (Witnessing Activities for the Accreditation of Management Systems Certification Bodies, June 2023) <\/a><\/td><td>07.05.2020<\/td><td>01.09.2023<\/td><\/tr><tr><td>IAF MD22:2023<\/td><td><a href=\"https:\/\/www.cai.cz\/wp-content\/uploads\/2025\/12\/01_08-P054-IAF-MD22_2023_20230904o.pdf\" target=\"_blank\" rel=\"noreferrer noopener\">Aplikace ISO\/IEC 17021-1 pro certifikaci syst\u00e9m\u016f managementu bezpe\u010dnosti a ochrany zdrav\u00ed p\u0159i pr\u00e1ci (OHSMS) (Application of ISO\/IEC 17021-1 for the Certification of Occupational Health and Safety Management Systems (OH&amp;SMS), June 2023) <\/a><\/td><td>07.05.2020<\/td><td>04.09.2023<\/td><\/tr><tr><td>IAF MD23:2023<\/td><td><a href=\"https:\/\/www.cai.cz\/wp-content\/uploads\/2025\/12\/01_08-P059-IAF-MD23_2023_20240126o.pdf\" target=\"_blank\" rel=\"noreferrer noopener\">\u0158\u00edzen\u00ed subjekt\u016f vykon\u00e1vaj\u00edc\u00edch \u010dinnosti jm\u00e9nem akreditovan\u00fdch certifika\u010dn\u00edch org\u00e1n\u016f certifikuj\u00edc\u00edch syst\u00e9my managementu (Control of Entities Operating on Behalf of Accredited Management Systems Certification Bodies, December 2023) <\/a><\/td><td>20.12.2023<\/td><td>26.01.2024<\/td><\/tr><tr><td>IAF MD25:2023<\/td><td><a href=\"https:\/\/www.cai.cz\/wp-content\/uploads\/2025\/12\/01_08-P062-IAF-MD25_2023_20230904o.pdf\" target=\"_blank\" rel=\"noreferrer noopener\">Krit\u00e9ria pro hodnocen\u00ed sch\u00e9mat posuzov\u00e1n\u00ed shody (Criteria for Evaluation of Conformity Assessment Schemes, June 2023)<\/a><\/td><td>07.01.2024<\/td><td>04.09.2023<\/td><\/tr><tr><td>IAF MD28:2023<\/td><td><a href=\"https:\/\/www.cai.cz\/wp-content\/uploads\/2025\/12\/01_08-P063-IAF-MD28_2023_20240405o.pdf\" target=\"_blank\" rel=\"noreferrer noopener\">Z\u00e1vazn\u00fd dokument IAF pro nahr\u00e1v\u00e1n\u00ed a \u00fadr\u017ebu \u00fadaj\u016f v datab\u00e1zi IAF (IAF Mandatory Document for the Upload and Maintenance of Data on IAF Database, October 2023)<\/a><\/td><td>26.10.2024<\/td><td>05.04.2024<\/td><\/tr><tr><td> ILAC-G8:09\/2019<\/td><td><a href=\"https:\/\/www.cai.cz\/wp-content\/uploads\/2025\/11\/01_08-P026-ILAC-G8-2019_20200320o.pdf\" target=\"_blank\" rel=\"noreferrer noopener\">Pokyny pro pou\u017eit\u00ed rozhodovac\u00edch pravidel a uv\u00e1d\u011bn\u00ed v\u00fdrok\u016f o shod\u011b (Guidelines on Decision Rules and Statements of Conformity, September 2019) <\/a><\/td><td>09.2019<\/td><td>20.03.2020<\/td><\/tr><tr><td>ILAC-G17:01\/2021<\/td><td><a href=\"https:\/\/www.cai.cz\/wp-content\/uploads\/2025\/11\/01_08-P027-ILAC-G17_20211001o.pdf\" target=\"_blank\" rel=\"noreferrer noopener\">Pokyny pro stanoven\u00ed nejistoty m\u011b\u0159en\u00ed ve zkou\u0161en\u00ed (Guidelines for Measurement Uncertainty in Testing, January 2021)<\/a><\/td><td>01.2021<\/td><td>30.09.2021<\/td><\/tr><tr><td> ILAC-G18:01\/2024<\/td><td><a href=\"https:\/\/www.cai.cz\/wp-content\/uploads\/2025\/11\/01_08-P039-ILAC-G18_2024_20240328o.pdf\" target=\"_blank\" rel=\"noreferrer noopener\">N\u00e1vod pro popis rozsahu akreditace (Guideline for describing Scopes of Accreditation, January 2024)<\/a><\/td><td>01.2024<\/td><td>28.03.2024<\/td><\/tr><tr><td> ILAC-G21:09\/2012<\/td><td><a href=\"https:\/\/www.cai.cz\/wp-content\/uploads\/2025\/11\/01_08-P029-ILAC-G21_20140101o.pdf\" target=\"_blank\" rel=\"noreferrer noopener\">P\u0159eshrani\u010dn\u00ed akreditace &#8211; Z\u00e1sady pro spolupr\u00e1ci (Cross-Frontier Accreditation &#8211; Principles for Cooperation, September 2012)<\/a><\/td><td>09.2012<\/td><td>01.01.2014<\/td><\/tr><tr><td>ILAC-G24:2022<\/td><td><a href=\"https:\/\/www.cai.cz\/wp-content\/uploads\/2025\/11\/01_08-P030-ILAC-G24_2022_20230915o.pdf\" target=\"_blank\" rel=\"noreferrer noopener\">Pokyny pro stanoven\u00ed kalibra\u010dn\u00edch interval\u016f m\u011b\u0159ic\u00edch za\u0159\u00edzen\u00ed (Guidelines for the determination of recalibration intervals of measuring equipment, December 2022)<\/a><\/td><td>12.2022<\/td><td>15.09.2023<\/td><\/tr><tr><td>ILAC-G27:07\/2019<\/td><td><a rel=\"noreferrer noopener\" href=\"https:\/\/www.cai.cz\/wp-content\/uploads\/2025\/12\/01_08-P056-ILAC-G27_20191205o.pdf\" target=\"_blank\">Pokyny k m\u011b\u0159en\u00ed prov\u00e1d\u011bn\u00e9mu jako sou\u010d\u00e1st inspek\u010dn\u00edho procesu (Guidance on measurements performed as part of an inspection process, July 2019)<\/a><\/td><td>07.2019<\/td><td>05.12.2019<\/td><\/tr><tr><td>ILAC-P9:01\/2024<\/td><td><a href=\"https:\/\/www.cai.cz\/wp-content\/uploads\/2025\/11\/01_08-P037-ILAC-P9_2024_20240830o.pdf\" target=\"_blank\" rel=\"noreferrer noopener\">Politika ILAC pro zkou\u0161en\u00ed zp\u016fsobilosti nebo mezilaboratorn\u00ed porovn\u00e1n\u00ed jin\u00e1 ne\u017e zkou\u0161en\u00ed zp\u016fsobilosti (ILAC Policy for Proficiency Testing and\/or Interlaboratory comparisons other than Proficiency Testing, January 2024)<\/a><\/td><td>01.2025<\/td><td>30.08.2024<\/td><\/tr><tr><td>ILAC-P10:07\/2020<\/td><td><a href=\"https:\/\/www.cai.cz\/wp-content\/uploads\/2025\/11\/01_08-P042-ILAC-P10_2020_20210701o.pdf\" target=\"_blank\" rel=\"noreferrer noopener\">Politika ILAC pro metrologickou n\u00e1vaznost v\u00fdsledk\u016f m\u011b\u0159en\u00ed &nbsp;(ILAC Policy on Metrological Traceability of Measurement Results, July 2020) <\/a><\/td><td>07.2021<\/td><td>01.07.2021<\/td><\/tr><tr><td>ILAC-P14:09\/2020<\/td><td><a href=\"https:\/\/www.cai.cz\/wp-content\/uploads\/2025\/11\/01_08-P040-ILAC-P14_20210401o.pdf\" target=\"_blank\" rel=\"noreferrer noopener\">Politika ILAC pro nejistotu m\u011b\u0159en\u00ed p\u0159i kalibraci (ILAC Policy for Measurement Uncertainty in Calibration, September 2020)<\/a><\/td><td>03.2021<\/td><td>01.04.2021<\/td><\/tr><tr><td>ILAC-P15:05\/2020<\/td><td><a href=\"https:\/\/www.cai.cz\/wp-content\/uploads\/2025\/11\/01_08-P048-ILAC-P15_2020_20210215o.pdf\" target=\"_blank\" rel=\"noreferrer noopener\">Aplikace normy ISO\/IEC 17020:2012 pro akreditaci inspek\u010dn\u00edch org\u00e1n\u016f (Application of ISO\/IEC 17020:2012 for the Accreditation of Inspection Bodies, May 2020)<\/a><\/td><td>11.2021<\/td><td>15.02.2021<\/td><\/tr><\/tbody><\/table><\/figure>\n\n\n\n<hr class=\"wp-block-separator has-css-opacity is-style-wide\"\/>\n\n\n\n<p><strong>POKRA\u010cOVAT D\u00c1L: <\/strong><br><a href=\"https:\/\/www.cai.cz\/?page_id=1674\">Dokumenty ke sta\u017een\u00ed &gt;<\/a><\/p>\n","protected":false},"excerpt":{"rendered":"<p>Ozna\u010den\u00ed N\u00e1zev a soubor v aktu\u00e1ln\u00ed verzi ke sta\u017een\u00ed \u00da\u010dinnost od Vyd\u00e1n\u00ed p\u0159ekladu EA-1\/22 A-AB:2023 Postup a krit\u00e9ria pro hodnocen\u00ed sch\u00e9mat posuzov\u00e1n\u00ed shody akredita\u010dn\u00edmi org\u00e1ny&hellip;<\/p>\n","protected":false},"author":2,"featured_media":0,"parent":1674,"menu_order":0,"comment_status":"closed","ping_status":"closed","template":"","meta":{"_acf_changed":false,"_price":"","_stock":"","_tribe_ticket_header":"","_tribe_default_ticket_provider":"","_tribe_ticket_capacity":"0","_ticket_start_date":"","_ticket_end_date":"","_tribe_ticket_show_description":"","_tribe_ticket_show_not_going":false,"_tribe_ticket_use_global_stock":"","_tribe_ticket_global_stock_level":"","_global_stock_mode":"","_global_stock_cap":"","_tribe_rsvp_for_event":"","_tribe_ticket_going_count":"","_tribe_ticket_not_going_count":"","_tribe_tickets_list":"[]","_tribe_ticket_has_attendee_info_fields":false,"footnotes":"","_tec_slr_enabled":"","_tec_slr_layout":""},"class_list":["post-2965","page","type-page","status-publish","hentry"],"acf":[],"ticketed":false,"_links":{"self":[{"href":"https:\/\/www.cai.cz\/index.php?rest_route=\/wp\/v2\/pages\/2965","targetHints":{"allow":["GET"]}}],"collection":[{"href":"https:\/\/www.cai.cz\/index.php?rest_route=\/wp\/v2\/pages"}],"about":[{"href":"https:\/\/www.cai.cz\/index.php?rest_route=\/wp\/v2\/types\/page"}],"author":[{"embeddable":true,"href":"https:\/\/www.cai.cz\/index.php?rest_route=\/wp\/v2\/users\/2"}],"replies":[{"embeddable":true,"href":"https:\/\/www.cai.cz\/index.php?rest_route=%2Fwp%2Fv2%2Fcomments&post=2965"}],"version-history":[{"count":242,"href":"https:\/\/www.cai.cz\/index.php?rest_route=\/wp\/v2\/pages\/2965\/revisions"}],"predecessor-version":[{"id":22096,"href":"https:\/\/www.cai.cz\/index.php?rest_route=\/wp\/v2\/pages\/2965\/revisions\/22096"}],"up":[{"embeddable":true,"href":"https:\/\/www.cai.cz\/index.php?rest_route=\/wp\/v2\/pages\/1674"}],"wp:attachment":[{"href":"https:\/\/www.cai.cz\/index.php?rest_route=%2Fwp%2Fv2%2Fmedia&parent=2965"}],"curies":[{"name":"wp","href":"https:\/\/api.w.org\/{rel}","templated":true}]}}