{"id":2967,"date":"2019-02-18T14:13:13","date_gmt":"2019-02-18T13:13:13","guid":{"rendered":"http:\/\/srvwww1.cai.internal\/?page_id=2967"},"modified":"2026-03-23T07:55:44","modified_gmt":"2026-03-23T06:55:44","slug":"dokumenty-pro-zkusebni-laboratore","status":"publish","type":"page","link":"https:\/\/www.cai.cz\/?page_id=2967","title":{"rendered":"Dokumenty pro zku\u0161ebn\u00ed laborato\u0159e"},"content":{"rendered":"\n<p>Dokumenty Pokyn na zpracov\u00e1n\u00ed p\u0159\u00edlohy \u010d. 3_nov\u00e9 a P\u0159\u00edloha \u010d. 3_nov\u00e9 vyu\u017eijte v\u017edy, pokud \u017e\u00e1d\u00e1te o ud\u011blen\u00ed akreditace, roz\u0161\u00ed\u0159en\u00ed rozsahu akreditace, \u010di prodlou\u017een\u00ed platnosti akreditace. V ostatn\u00edch p\u0159\u00edpadech je mo\u017en\u00e9 vyu\u017e\u00edt N\u00e1vod na zpracov\u00e1n\u00ed p\u0159\u00edlohy \u010d. 3 verze 2018 a P\u0159\u00edlohu \u010d. 3 verze 2018.<\/p>\n<p>Formul\u00e1\u0159 11_01-P511_L Z\u00e1znam o uplatn\u011bn\u00ed flexibiln\u00edho rozsahu akreditace a\/nebo zaveden\u00ed aktualizovan\u00e9 metody je pro v\u0161echny akreditovan\u00e9 zku\u0161ebn\u00ed laborato\u0159e dostupn\u00fd na \u00falo\u017ei\u0161ti Share.<\/p>\n\n\n\n<figure class=\"wp-block-table\"><table><thead><tr><th><strong>Ozna\u010den\u00ed<\/strong><\/th><th><strong>N\u00e1zev<\/strong> <strong>a soubor v aktu\u00e1ln\u00ed verzi ke sta\u017een\u00ed<\/strong><\/th><th><strong>Platn\u00fd od<\/strong><\/th><\/tr><\/thead><tbody><tr><td>11_01-P502a<\/td><td><a href=\"https:\/\/www.cai.cz\/wp-content\/uploads\/2024\/10\/11_01-P502a-Navod-na-podani-zadosti-o-akreditaci_20241001.pdf\" target=\"_blank\" rel=\"noreferrer noopener\">N\u00e1vod na pod\u00e1n\u00ed \u017d\u00e1dosti<\/a><\/td><td>01.10.2024<\/td><\/tr><tr><td>11_01-P502b<\/td><td><a href=\"https:\/\/www.cai.cz\/wp-content\/uploads\/2024\/02\/11_01-P502b-Navod-na-podani-Navrhu-k-uzavreni-VPS_20240223.pdf\" target=\"_blank\" rel=\"noreferrer noopener\">N\u00e1vod na pod\u00e1n\u00ed N\u00e1vrhu na uzav\u0159en\u00ed ve\u0159ejnopr\u00e1vn\u00ed smlouvy<\/a><\/td><td>23.02.2024<\/td><\/tr><tr><td>11_01-P503<\/td><td><a href=\"https:\/\/www.cai.cz\/wp-content\/uploads\/2025\/07\/11_01-P503-Zadost_SR_20250701.docx\" target=\"_blank\" rel=\"noreferrer noopener\">\u017d\u00e1dost S\u0158<\/a><\/td><td>01.07.2025<\/td><\/tr><tr><td>11_01-P504<\/td><td><a href=\"https:\/\/www.cai.cz\/wp-content\/uploads\/2025\/07\/11_01-P504-Navrh-na-uzavreni-VPS_20250701.docx\" target=\"_blank\" rel=\"noreferrer noopener\">N\u00e1vrh na uzav\u0159en\u00ed ve\u0159ejnopr\u00e1vn\u00ed smlouvy<\/a><\/td><td>01.07.2025<\/td><\/tr><tr><td>11_01-P505_L<\/td><td><a href=\"https:\/\/www.cai.cz\/wp-content\/uploads\/2025\/12\/11_01-P505_L-Pokyny-ke-zpracovani-prilohy-c-2_20251217.pdf\" target=\"_blank\" rel=\"noreferrer noopener\">Pokyn na zpracov\u00e1n\u00ed p\u0159\u00edlohy \u010d. 2<\/a><\/td><td>17.12.2025<\/td><\/tr><tr><td>11_01-P506_L<\/td><td><a href=\"https:\/\/www.cai.cz\/wp-content\/uploads\/2025\/12\/11_01-P506_L-Priloha-2_20251217.docx\" target=\"_blank\" rel=\"noreferrer noopener\">P\u0159\u00edloha \u010d. 2<\/a><\/td><td>17.12.2025<\/td><\/tr><tr><td>11_01-P507_L<\/td><td><a href=\"https:\/\/www.cai.cz\/wp-content\/uploads\/2022\/12\/11_01-P507_L-Pokyny-ke-zpracovani-prilohy-c-3_20230101.pdf\"><\/a><a href=\"https:\/\/www.cai.cz\/wp-content\/uploads\/2026\/03\/11_01-P507_L-Pokyny-ke-zpracovani-prilohy-c-3_20251217o-1.pdf\" target=\"_blank\" rel=\"noreferrer noopener\">Pokyny na zpracov\u00e1n\u00ed p\u0159\u00edlohy \u010d. 3_nov\u00e9<\/a><\/td><td>17.12.2025<\/td><\/tr><tr><td>11_01-P508_L<\/td><td><a href=\"https:\/\/www.cai.cz\/wp-content\/uploads\/2026\/03\/11_01-P508_L-Priloha-3_nova_20251104o.docx\">P\u0159\u00edloha \u010d. 3_nov\u00e9<\/a><\/td><td>04.11.2025<\/td><\/tr><tr><td>11_01-P507_L<\/td><td><a href=\"https:\/\/www.cai.cz\/wp-content\/uploads\/2026\/03\/11_01-P507_L-Navod-na-zpracovani-prilohy-c-3_20210501o.pdf\" target=\"_blank\" rel=\"noreferrer noopener\">N\u00e1vod na zpracov\u00e1n\u00ed p\u0159\u00edlohy \u010d. 3 verze 2018<\/a><\/td><td>01.05.2021<\/td><\/tr><tr><td>11_01-P508_L<\/td><td><a href=\"https:\/\/www.cai.cz\/wp-content\/uploads\/2026\/03\/11_01-P508_L-Priloha-3_20230504o.docx\">P\u0159\u00edloha \u010d. 3 verze 2018<\/a><\/td><td>04.05.2023<\/td><\/tr><tr><td>11_01-P509<\/td><td><a href=\"https:\/\/www.cai.cz\/wp-content\/uploads\/2023\/02\/11_01-P509_Priloha_c_6_Zprava_o_ucasti_v_PT_20230301.docx\" target=\"_blank\" rel=\"noreferrer noopener\">P\u0159\u00edloha \u010d. 6 Zpr\u00e1va o \u00fa\u010dasti v PT<\/a><\/td><td>01.03.2023<\/td><\/tr><tr><td>11_01-P510_L<\/td><td><a href=\"https:\/\/www.cai.cz\/wp-content\/uploads\/2023\/06\/11_01-P510_L-Dotaznik-ZL-2018_20230606.docx\" target=\"_blank\" rel=\"noreferrer noopener\">Dotazn\u00edk ZL<\/a><\/td><td>06.06.2023<\/td><\/tr><tr><td>11_01-P510_L_EPA<\/td><td><a href=\"https:\/\/www.cai.cz\/wp-content\/uploads\/2024\/07\/11_01-P510_L_EPA-Dotaznik-ZL_EPA_20240718.docx\">Dotazn\u00edk ZL EPA<\/a><\/td><td>18.07.2024<\/td><\/tr><tr><td><\/td><td><\/td><td><\/td><\/tr><tr><td>11_01-P501<\/td><td><a href=\"https:\/\/www.cai.cz\/wp-content\/uploads\/2025\/07\/11_01-P501-Objednavka-posouzeni-dokumentace_20250701.docx\">Objedn\u00e1vka posouzen\u00ed dokumentace syst\u00e9mu managementu<\/a><\/td><td>01.07.2025<\/td><\/tr><\/tbody><\/table><\/figure>\n\n\n\n\n\n<hr class=\"wp-block-separator has-css-opacity is-style-wide\"\/>\n\n\n\n<p><strong>POKRA\u010cOVAT D\u00c1L:<\/strong>  <br><a href=\"https:\/\/www.cai.cz\/?page_id=1674\">Dokumenty ke sta\u017een\u00ed &gt;<\/a><\/p>\n","protected":false},"excerpt":{"rendered":"<p>Dokumenty Pokyn na zpracov\u00e1n\u00ed p\u0159\u00edlohy \u010d. 3_nov\u00e9 a P\u0159\u00edloha \u010d. 3_nov\u00e9 vyu\u017eijte v\u017edy, pokud \u017e\u00e1d\u00e1te o ud\u011blen\u00ed akreditace, roz\u0161\u00ed\u0159en\u00ed rozsahu akreditace, \u010di prodlou\u017een\u00ed platnosti akreditace.&hellip;<\/p>\n","protected":false},"author":2,"featured_media":0,"parent":1674,"menu_order":0,"comment_status":"closed","ping_status":"closed","template":"","meta":{"_acf_changed":false,"_price":"","_stock":"","_tribe_ticket_header":"","_tribe_default_ticket_provider":"","_tribe_ticket_capacity":"0","_ticket_start_date":"","_ticket_end_date":"","_tribe_ticket_show_description":"","_tribe_ticket_show_not_going":false,"_tribe_ticket_use_global_stock":"","_tribe_ticket_global_stock_level":"","_global_stock_mode":"","_global_stock_cap":"","_tribe_rsvp_for_event":"","_tribe_ticket_going_count":"","_tribe_ticket_not_going_count":"","_tribe_tickets_list":"[]","_tribe_ticket_has_attendee_info_fields":false,"footnotes":"","_tec_slr_enabled":"","_tec_slr_layout":""},"class_list":["post-2967","page","type-page","status-publish","hentry"],"acf":[],"ticketed":false,"_links":{"self":[{"href":"https:\/\/www.cai.cz\/index.php?rest_route=\/wp\/v2\/pages\/2967","targetHints":{"allow":["GET"]}}],"collection":[{"href":"https:\/\/www.cai.cz\/index.php?rest_route=\/wp\/v2\/pages"}],"about":[{"href":"https:\/\/www.cai.cz\/index.php?rest_route=\/wp\/v2\/types\/page"}],"author":[{"embeddable":true,"href":"https:\/\/www.cai.cz\/index.php?rest_route=\/wp\/v2\/users\/2"}],"replies":[{"embeddable":true,"href":"https:\/\/www.cai.cz\/index.php?rest_route=%2Fwp%2Fv2%2Fcomments&post=2967"}],"version-history":[{"count":78,"href":"https:\/\/www.cai.cz\/index.php?rest_route=\/wp\/v2\/pages\/2967\/revisions"}],"predecessor-version":[{"id":22210,"href":"https:\/\/www.cai.cz\/index.php?rest_route=\/wp\/v2\/pages\/2967\/revisions\/22210"}],"up":[{"embeddable":true,"href":"https:\/\/www.cai.cz\/index.php?rest_route=\/wp\/v2\/pages\/1674"}],"wp:attachment":[{"href":"https:\/\/www.cai.cz\/index.php?rest_route=%2Fwp%2Fv2%2Fmedia&parent=2967"}],"curies":[{"name":"wp","href":"https:\/\/api.w.org\/{rel}","templated":true}]}}