{"id":2971,"date":"2019-02-18T14:13:48","date_gmt":"2019-02-18T13:13:48","guid":{"rendered":"http:\/\/srvwww1.cai.internal\/?page_id=2971"},"modified":"2026-03-13T17:12:01","modified_gmt":"2026-03-13T16:12:01","slug":"dokumenty-pro-kalibracni-laboratore","status":"publish","type":"page","link":"https:\/\/www.cai.cz\/?page_id=2971","title":{"rendered":"Dokumenty pro kalibra\u010dn\u00ed laborato\u0159e"},"content":{"rendered":"\n<figure class=\"wp-block-table\"><table><thead><tr><th><strong>Ozna\u010den\u00ed<\/strong><\/th><th><strong>N\u00e1zev a soubor v aktu\u00e1ln\u00ed verzi ke sta\u017een\u00ed<\/strong><\/th><th><strong>Platn\u00fd od<\/strong><\/th><\/tr><\/thead><tbody><tr><td>11_01-P502a<\/td><td><a href=\"https:\/\/www.cai.cz\/wp-content\/uploads\/2024\/10\/11_01-P502a-Navod-na-podani-zadosti-o-akreditaci_20241001.pdf\" target=\"_blank\" rel=\"noreferrer noopener\">N\u00e1vod na pod\u00e1n\u00ed \u017d\u00e1dosti<\/a><\/td><td>01.10.2024<\/td><\/tr><tr><td>11_01-P502b<\/td><td><a href=\"https:\/\/www.cai.cz\/wp-content\/uploads\/2024\/02\/11_01-P502b-Navod-na-podani-Navrhu-k-uzavreni-VPS_20240223.pdf\" target=\"_blank\" rel=\"noreferrer noopener\">N\u00e1vod na pod\u00e1n\u00ed N\u00e1vrhu na uzav\u0159en\u00ed ve\u0159ejnopr\u00e1vn\u00ed smlouvy<\/a><\/td><td>23.02.2024<\/td><\/tr><tr><td>11_01-P503<\/td><td><a href=\"https:\/\/www.cai.cz\/wp-content\/uploads\/2025\/07\/11_01-P503-Zadost_SR_20250701.docx\" target=\"_blank\" rel=\"noreferrer noopener\">\u017d\u00e1dost S\u0158<\/a><\/td><td>01.07.2025<\/td><\/tr><tr><td>11_01-P504<\/td><td><a href=\"https:\/\/www.cai.cz\/wp-content\/uploads\/2025\/07\/11_01-P504-Navrh-na-uzavreni-VPS_20250701.docx\">N\u00e1vrh na uzav\u0159en\u00ed ve\u0159ejnopr\u00e1vn\u00ed smlouvy<\/a><\/td><td>01.07.2025<\/td><\/tr><tr><td>11_01-P505_K<\/td><td><a href=\"https:\/\/www.cai.cz\/wp-content\/uploads\/2025\/04\/11_01-P505_K-Pokyn-na-zpracovani-prilohy-c-2_20250414.pdf\" target=\"_blank\" rel=\"noreferrer noopener\">Pokyn na zpracov\u00e1n\u00ed p\u0159\u00edlohy \u010d.2<\/a><\/td><td>14.04.2025<\/td><\/tr><tr><td>11_01-P506_K<\/td><td><a href=\"https:\/\/www.cai.cz\/wp-content\/uploads\/2025\/04\/11_01-P506_K-Priloha-2_20250414.docx\" target=\"_blank\" rel=\"noreferrer noopener\">P\u0159\u00edloha \u010d. 2<\/a><\/td><td>14.04.2025<\/td><\/tr><tr><td>11_01-P507_K<\/td><td><a href=\"https:\/\/www.cai.cz\/wp-content\/uploads\/2026\/03\/11_01-P507_K-Pokyn-na-zpracovani-prilohy-c-3_20251001o.pdf\" target=\"_blank\" rel=\"noreferrer noopener\">Pokyn\u00a0ke zpracov\u00e1n\u00ed p\u0159\u00edlohy \u010d. 3<\/a><\/td><td>01.10.2025<\/td><\/tr><tr><td>11_01-P508_K<\/td><td><a href=\"https:\/\/www.cai.cz\/wp-content\/uploads\/2026\/03\/11_01-P508_K-Priloha-3_20251001o.docx\">P\u0159\u00edloha \u010d. 3<\/a><\/td><td>01.10.2025<\/td><\/tr><tr><td>11_01-P509<\/td><td><a href=\"https:\/\/www.cai.cz\/wp-content\/uploads\/2023\/02\/11_01-P509_Priloha_c_6_Zprava_o_ucasti_v_PT_20230301.docx\" target=\"_blank\" rel=\"noreferrer noopener\">P\u0159\u00edloha \u010d. 6 Zpr\u00e1va o \u00fa\u010dasti v PT<\/a><\/td><td>01.03.2023<\/td><\/tr><tr><td>11_01-P510_L<\/td><td><a href=\"https:\/\/www.cai.cz\/wp-content\/uploads\/2023\/06\/11_01-P510_L-Dotaznik-ZL-2018_20230606.docx\" target=\"_blank\" rel=\"noreferrer noopener\">Dotazn\u00edk KL<\/a><\/td><td>06.06.2023<\/td><\/tr><tr><td><\/td><td><\/td><td><\/td><\/tr><tr><td>11_01-P501<\/td><td><a href=\"https:\/\/www.cai.cz\/wp-content\/uploads\/2025\/07\/11_01-P501-Objednavka-posouzeni-dokumentace_20250701.docx\">Objedn\u00e1vka posouzen\u00ed dokumentace syst\u00e9mu managementu<\/a><\/td><td>01.07.2025<\/td><\/tr><\/tbody><\/table><\/figure>\n\n\n\n<hr class=\"wp-block-separator has-css-opacity is-style-wide\"\/>\n\n\n\n<p><strong>POKRA\u010cOVAT D\u00c1L: <\/strong> <br><a href=\"https:\/\/www.cai.cz\/?page_id=1674\">Dokumenty ke sta\u017een\u00ed &gt;<\/a><\/p>\n","protected":false},"excerpt":{"rendered":"<p>Ozna\u010den\u00ed N\u00e1zev a soubor v aktu\u00e1ln\u00ed verzi ke sta\u017een\u00ed Platn\u00fd od 11_01-P502a N\u00e1vod na pod\u00e1n\u00ed \u017d\u00e1dosti 01.10.2024 11_01-P502b N\u00e1vod na pod\u00e1n\u00ed N\u00e1vrhu na uzav\u0159en\u00ed ve\u0159ejnopr\u00e1vn\u00ed&hellip;<\/p>\n","protected":false},"author":2,"featured_media":0,"parent":1674,"menu_order":0,"comment_status":"closed","ping_status":"closed","template":"","meta":{"_acf_changed":false,"_price":"","_stock":"","_tribe_ticket_header":"","_tribe_default_ticket_provider":"","_tribe_ticket_capacity":"0","_ticket_start_date":"","_ticket_end_date":"","_tribe_ticket_show_description":"","_tribe_ticket_show_not_going":false,"_tribe_ticket_use_global_stock":"","_tribe_ticket_global_stock_level":"","_global_stock_mode":"","_global_stock_cap":"","_tribe_rsvp_for_event":"","_tribe_ticket_going_count":"","_tribe_ticket_not_going_count":"","_tribe_tickets_list":"[]","_tribe_ticket_has_attendee_info_fields":false,"footnotes":"","_tec_slr_enabled":"","_tec_slr_layout":""},"class_list":["post-2971","page","type-page","status-publish","hentry"],"acf":[],"ticketed":false,"_links":{"self":[{"href":"https:\/\/www.cai.cz\/index.php?rest_route=\/wp\/v2\/pages\/2971","targetHints":{"allow":["GET"]}}],"collection":[{"href":"https:\/\/www.cai.cz\/index.php?rest_route=\/wp\/v2\/pages"}],"about":[{"href":"https:\/\/www.cai.cz\/index.php?rest_route=\/wp\/v2\/types\/page"}],"author":[{"embeddable":true,"href":"https:\/\/www.cai.cz\/index.php?rest_route=\/wp\/v2\/users\/2"}],"replies":[{"embeddable":true,"href":"https:\/\/www.cai.cz\/index.php?rest_route=%2Fwp%2Fv2%2Fcomments&post=2971"}],"version-history":[{"count":48,"href":"https:\/\/www.cai.cz\/index.php?rest_route=\/wp\/v2\/pages\/2971\/revisions"}],"predecessor-version":[{"id":22165,"href":"https:\/\/www.cai.cz\/index.php?rest_route=\/wp\/v2\/pages\/2971\/revisions\/22165"}],"up":[{"embeddable":true,"href":"https:\/\/www.cai.cz\/index.php?rest_route=\/wp\/v2\/pages\/1674"}],"wp:attachment":[{"href":"https:\/\/www.cai.cz\/index.php?rest_route=%2Fwp%2Fv2%2Fmedia&parent=2971"}],"curies":[{"name":"wp","href":"https:\/\/api.w.org\/{rel}","templated":true}]}}