{"id":2973,"date":"2019-02-18T14:14:23","date_gmt":"2019-02-18T13:14:23","guid":{"rendered":"http:\/\/srvwww1.cai.internal\/?page_id=2973"},"modified":"2026-03-13T16:59:51","modified_gmt":"2026-03-13T15:59:51","slug":"dokumenty-pro-certifikacni-organy-certifikujici-produkty","status":"publish","type":"page","link":"https:\/\/www.cai.cz\/?page_id=2973","title":{"rendered":"Dokumenty pro certifika\u010dn\u00ed org\u00e1ny certifikuj\u00edc\u00ed produkty"},"content":{"rendered":"\n<p><strong>Nov\u00e9<\/strong> dokumenty Pokyn na zpracov\u00e1n\u00ed p\u0159\u00edlohy \u010d. 3 a P\u0159\u00edlohu \u010d. 3 vyu\u017eijte v\u017edy, pokud \u017e\u00e1d\u00e1te o ud\u011blen\u00ed akreditace, roz\u0161\u00ed\u0159en\u00ed rozsahu akreditace, \u010di prodlou\u017een\u00ed platnosti akreditace. V ostatn\u00edch p\u0159\u00edpadech je mo\u017en\u00e9 vyu\u017e\u00edt p\u0159edchoz\u00edch vyd\u00e1n\u00ed t\u011bchto dokument\u016f.<\/p>\n\n\n\n<figure class=\"wp-block-table\"><table><thead><tr><th><strong>Ozna\u010den\u00ed<\/strong><\/th><th><strong>N\u00e1zev a soubor v aktu\u00e1ln\u00ed verzi ke sta\u017een\u00ed<\/strong><\/th><th><strong>Platn\u00fd od<\/strong><\/th><\/tr><\/thead><tbody><tr><td>11_01-P066<\/td><td><a href=\"https:\/\/www.cai.cz\/wp-content\/uploads\/2025\/12\/11_01-P066-Prehled-udaju-CO-a-IO_20260101.xlsx\" target=\"_blank\" rel=\"noreferrer noopener\">P\u0159ehled \u00fadaj\u016f COSM, COV, COP, IO<\/a><\/td><td>01.01.2026<\/td><\/tr><tr><td>11_01-P502a<\/td><td><a href=\"https:\/\/www.cai.cz\/wp-content\/uploads\/2024\/10\/11_01-P502a-Navod-na-podani-zadosti-o-akreditaci_20241001.pdf\" target=\"_blank\" rel=\"noreferrer noopener\">N\u00e1vod na pod\u00e1n\u00ed \u017d\u00e1dosti<\/a><\/td><td>01.10.2024<\/td><\/tr><tr><td>11_01-P502b<\/td><td><a href=\"https:\/\/www.cai.cz\/wp-content\/uploads\/2024\/02\/11_01-P502b-Navod-na-podani-Navrhu-k-uzavreni-VPS_20240223.pdf\" target=\"_blank\" rel=\"noreferrer noopener\">N\u00e1vod na pod\u00e1n\u00ed N\u00e1vrhu na uzav\u0159en\u00ed ve\u0159ejnopr\u00e1vn\u00ed smlouvy<\/a><\/td><td>23.02.2024<\/td><\/tr><tr><td>11_01-P503<\/td><td><a href=\"https:\/\/www.cai.cz\/wp-content\/uploads\/2025\/07\/11_01-P503-Zadost_SR_20250701.docx\">\u017d\u00e1dost S\u0158<\/a><\/td><td>01.07.2025<\/td><\/tr><tr><td>11_01-P504<\/td><td><a href=\"https:\/\/www.cai.cz\/wp-content\/uploads\/2025\/07\/11_01-P504-Navrh-na-uzavreni-VPS_20250701.docx\">N\u00e1vrh na uzav\u0159en\u00ed ve\u0159ejnopr\u00e1vn\u00ed smlouvy<\/a><\/td><td>01.07.2025<\/td><\/tr><tr><td>11_01-P505_V<\/td><td><a href=\"https:\/\/www.cai.cz\/wp-content\/uploads\/2023\/06\/11_01-P505_V-Pokyn-na-zpracovani-prilohy-c-2_20230602.pdf\" target=\"_blank\" rel=\"noreferrer noopener\">Pokyn na zpracov\u00e1n\u00ed p\u0159\u00edlohy \u010d.2<\/a><\/td><td>02.06.2023<\/td><\/tr><tr><td>11_01-P506_V<\/td><td><a href=\"https:\/\/www.cai.cz\/wp-content\/uploads\/2023\/06\/11_01-P506_V-Priloha-2_20230602.docx\" target=\"_blank\" rel=\"noreferrer noopener\">P\u0159\u00edloha \u010d. 2<\/a><\/td><td>02.06.2023<\/td><\/tr><tr><td>11_01-P507_V<\/td><td><a href=\"https:\/\/www.cai.cz\/wp-content\/uploads\/2026\/03\/11_01-P507_V-Pokyn-na-zpracovani-prilohy-c-3_20251217o.pdf\" target=\"_blank\" rel=\"noreferrer noopener\">Pokyn na zpracov\u00e1n\u00ed p\u0159\u00edlohy \u010d. 3_nov\u00e9<\/a><\/td><td>17.12.2025<\/td><\/tr><tr><td>11_01-P508_V<\/td><td><a href=\"https:\/\/www.cai.cz\/wp-content\/uploads\/2026\/03\/11_01-P508_V-Priloha-3-nova_20241201o.docx\">P\u0159\u00edloha \u010d. 3_nov\u00e9<\/a><\/td><td>01.12.2024<\/td><\/tr><tr><td>11_01-P507_V<\/td><td><a href=\"https:\/\/www.cai.cz\/wp-content\/uploads\/2026\/03\/11_01-P507_V-Navod-na-zpracovani-prilohy-c-3_20221201o.pdf\" target=\"_blank\" rel=\"noreferrer noopener\">N\u00e1vod na zpracov\u00e1n\u00ed p\u0159\u00edlohy \u010d. 3<\/a><\/td><td>01.12.2022<\/td><\/tr><tr><td>11_01-P508_V<\/td><td><a href=\"https:\/\/www.cai.cz\/wp-content\/uploads\/2026\/03\/11_01-P508_V-Priloha-3_20210501o.docx\">P\u0159\u00edloha \u010d. 3<\/a><\/td><td>01.05.2021<\/td><\/tr><tr><td>11_01-P510_V<\/td><td><a href=\"https:\/\/www.cai.cz\/wp-content\/uploads\/2019\/02\/11_01-P510_V-Dotaznik-COV.doc\" target=\"_blank\" rel=\"noreferrer noopener\">Dotazn\u00edk COV<\/a><\/td><td>26.06.2018<\/td><\/tr><tr><td>11_01-P510_V_EPA<\/td><td><a href=\"https:\/\/www.cai.cz\/wp-content\/uploads\/2019\/02\/11_01-p510_v_epa-dotaznik-cov_epa.docx\" target=\"_blank\" rel=\"noreferrer noopener\">Dotazn\u00edk COV EPA<\/a><\/td><td>25.07.2018<\/td><\/tr><tr><td><\/td><td><\/td><td><\/td><\/tr><tr><td>11_01-P501<\/td><td><a href=\"https:\/\/www.cai.cz\/wp-content\/uploads\/2025\/07\/11_01-P501-Objednavka-posouzeni-dokumentace_20250701.docx\">Objedn\u00e1vka posouzen\u00ed dokumentace syst\u00e9mu managementu<\/a><\/td><td>01.07.2025<\/td><\/tr><\/tbody><\/table><\/figure>\n\n\n\n<hr class=\"wp-block-separator has-css-opacity is-style-wide\"\/>\n\n\n\n<p><strong>POKRA\u010cOVAT D\u00c1L:<\/strong>  <br><a href=\"https:\/\/www.cai.cz\/?page_id=1674\">Dokumenty ke sta\u017een\u00ed &gt;<\/a><\/p>\n","protected":false},"excerpt":{"rendered":"<p>Nov\u00e9 dokumenty Pokyn na zpracov\u00e1n\u00ed p\u0159\u00edlohy \u010d. 3 a P\u0159\u00edlohu \u010d. 3 vyu\u017eijte v\u017edy, pokud \u017e\u00e1d\u00e1te o ud\u011blen\u00ed akreditace, roz\u0161\u00ed\u0159en\u00ed rozsahu akreditace, \u010di prodlou\u017een\u00ed platnosti&hellip;<\/p>\n","protected":false},"author":2,"featured_media":0,"parent":1674,"menu_order":0,"comment_status":"closed","ping_status":"closed","template":"","meta":{"_acf_changed":false,"_price":"","_stock":"","_tribe_ticket_header":"","_tribe_default_ticket_provider":"","_tribe_ticket_capacity":"0","_ticket_start_date":"","_ticket_end_date":"","_tribe_ticket_show_description":"","_tribe_ticket_show_not_going":false,"_tribe_ticket_use_global_stock":"","_tribe_ticket_global_stock_level":"","_global_stock_mode":"","_global_stock_cap":"","_tribe_rsvp_for_event":"","_tribe_ticket_going_count":"","_tribe_ticket_not_going_count":"","_tribe_tickets_list":"[]","_tribe_ticket_has_attendee_info_fields":false,"footnotes":"","_tec_slr_enabled":"","_tec_slr_layout":""},"class_list":["post-2973","page","type-page","status-publish","hentry"],"acf":[],"ticketed":false,"_links":{"self":[{"href":"https:\/\/www.cai.cz\/index.php?rest_route=\/wp\/v2\/pages\/2973","targetHints":{"allow":["GET"]}}],"collection":[{"href":"https:\/\/www.cai.cz\/index.php?rest_route=\/wp\/v2\/pages"}],"about":[{"href":"https:\/\/www.cai.cz\/index.php?rest_route=\/wp\/v2\/types\/page"}],"author":[{"embeddable":true,"href":"https:\/\/www.cai.cz\/index.php?rest_route=\/wp\/v2\/users\/2"}],"replies":[{"embeddable":true,"href":"https:\/\/www.cai.cz\/index.php?rest_route=%2Fwp%2Fv2%2Fcomments&post=2973"}],"version-history":[{"count":72,"href":"https:\/\/www.cai.cz\/index.php?rest_route=\/wp\/v2\/pages\/2973\/revisions"}],"predecessor-version":[{"id":22146,"href":"https:\/\/www.cai.cz\/index.php?rest_route=\/wp\/v2\/pages\/2973\/revisions\/22146"}],"up":[{"embeddable":true,"href":"https:\/\/www.cai.cz\/index.php?rest_route=\/wp\/v2\/pages\/1674"}],"wp:attachment":[{"href":"https:\/\/www.cai.cz\/index.php?rest_route=%2Fwp%2Fv2%2Fmedia&parent=2973"}],"curies":[{"name":"wp","href":"https:\/\/api.w.org\/{rel}","templated":true}]}}