{"id":2987,"date":"2019-02-18T14:17:05","date_gmt":"2019-02-18T13:17:05","guid":{"rendered":"http:\/\/srvwww1.cai.internal\/?page_id=2987"},"modified":"2026-03-13T17:05:30","modified_gmt":"2026-03-13T16:05:30","slug":"dokumenty-pro-vyrobce-referencnich-materialu","status":"publish","type":"page","link":"https:\/\/www.cai.cz\/?page_id=2987","title":{"rendered":"Dokumenty pro v\u00fdrobce referen\u010dn\u00edch materi\u00e1l\u016f"},"content":{"rendered":"\n<figure class=\"wp-block-table\"><table><thead><tr><th><strong>Ozna\u010den\u00ed<\/strong><\/th><th><strong>N\u00e1zev a soubor v aktu\u00e1ln\u00ed verzi ke sta\u017een\u00ed<\/strong><\/th><th><strong>Platn\u00fd od<\/strong><\/th><\/tr><\/thead><tbody><tr><td>11_01-P502a<\/td><td><a href=\"https:\/\/www.cai.cz\/wp-content\/uploads\/2024\/10\/11_01-P502a-Navod-na-podani-zadosti-o-akreditaci_20241001.pdf\" target=\"_blank\" rel=\"noreferrer noopener\">N\u00e1vod na pod\u00e1n\u00ed \u017d\u00e1dosti<\/a><\/td><td>01.10.2024<\/td><\/tr><tr><td>11_01-P502b<\/td><td><a href=\"https:\/\/www.cai.cz\/wp-content\/uploads\/2024\/02\/11_01-P502b-Navod-na-podani-Navrhu-k-uzavreni-VPS_20240223.pdf\" target=\"_blank\" rel=\"noreferrer noopener\">N\u00e1vod na pod\u00e1n\u00ed N\u00e1vrhu na uzav\u0159en\u00ed ve\u0159ejnopr\u00e1vn\u00ed smlouvy<\/a><\/td><td>23.02.2024<\/td><\/tr><tr><td>11_01-P503<\/td><td><a href=\"https:\/\/www.cai.cz\/wp-content\/uploads\/2025\/07\/11_01-P503-Zadost_SR_20250701.docx\">\u017d\u00e1dost S\u0158<\/a><\/td><td>01.07.2025<\/td><\/tr><tr><td>11_01-P504<\/td><td><a href=\"https:\/\/www.cai.cz\/wp-content\/uploads\/2025\/07\/11_01-P504-Navrh-na-uzavreni-VPS_20250701.docx\">N\u00e1vrh na uzav\u0159en\u00ed ve\u0159ejnopr\u00e1vn\u00ed smlouvy<\/a><\/td><td>01.07.2025<\/td><\/tr><tr><td>11_01-P505_R<\/td><td><a href=\"https:\/\/www.cai.cz\/wp-content\/uploads\/2019\/02\/11_01-P505_R_Navod_na_zpracovani_prilohy_c_2_20171221.doc\" target=\"_blank\" rel=\"noreferrer noopener\">N\u00e1vod na zpracov\u00e1n\u00ed p\u0159\u00edlohy \u010d. 2<\/a><\/td><td>01.01.2018<\/td><\/tr><tr><td>11_01-P506_R<\/td><td><a href=\"https:\/\/www.cai.cz\/wp-content\/uploads\/2019\/02\/11_01-P506_R_Priloha_2_SR_20171221.doc\" target=\"_blank\" rel=\"noreferrer noopener\">P\u0159\u00edloha \u010d. 2<\/a><\/td><td>01.01.2018<\/td><\/tr><tr><td>11_01-P507_R<\/td><td><a href=\"https:\/\/www.cai.cz\/wp-content\/uploads\/2019\/02\/11_01-P507_R-Navod-na-zpracovani-prilohy-c-3-20171211.doc\" target=\"_blank\" rel=\"noreferrer noopener\">N\u00e1vod na zpracov\u00e1n\u00ed p\u0159\u00edlohy \u010d. 3<\/a><\/td><td>01.05.2018<\/td><\/tr><tr><td>11_01-P508_R<\/td><td><a href=\"https:\/\/www.cai.cz\/wp-content\/uploads\/2026\/03\/11_01-P508_R-Priloha-3_20221130o_.docx\">P\u0159\u00edloha \u010d. 3<\/a><\/td><td>30.11.2022<\/td><\/tr><tr><td>11_01_P510_R<\/td><td><a href=\"https:\/\/www.cai.cz\/wp-content\/uploads\/2019\/02\/11_01-P510_R-Dotaznik-VRM.doc\" target=\"_blank\" rel=\"noreferrer noopener\">Dotazn\u00edk VRM<\/a><\/td><td>21.12.2017<\/td><\/tr><tr><td><\/td><td><\/td><td><\/td><\/tr><tr><td>11_01-P501<\/td><td><a href=\"https:\/\/www.cai.cz\/wp-content\/uploads\/2025\/07\/11_01-P501-Objednavka-posouzeni-dokumentace_20250701.docx\">Objedn\u00e1vka posouzen\u00ed dokumentace syst\u00e9mu managementu<\/a><\/td><td>01.07.2025<\/td><\/tr><\/tbody><\/table><\/figure>\n\n\n\n<hr class=\"wp-block-separator has-css-opacity is-style-wide\"\/>\n\n\n\n<p><strong>POKRA\u010cOVAT D\u00c1L:<\/strong> <br><a href=\"https:\/\/www.cai.cz\/?page_id=1674\">Dokumenty ke sta\u017een\u00ed &gt;<\/a><\/p>\n","protected":false},"excerpt":{"rendered":"<p>Ozna\u010den\u00ed N\u00e1zev a soubor v aktu\u00e1ln\u00ed verzi ke sta\u017een\u00ed Platn\u00fd od 11_01-P502a N\u00e1vod na pod\u00e1n\u00ed \u017d\u00e1dosti 01.10.2024 11_01-P502b N\u00e1vod na pod\u00e1n\u00ed N\u00e1vrhu na uzav\u0159en\u00ed ve\u0159ejnopr\u00e1vn\u00ed&hellip;<\/p>\n","protected":false},"author":2,"featured_media":0,"parent":1674,"menu_order":0,"comment_status":"closed","ping_status":"closed","template":"","meta":{"_acf_changed":false,"_price":"","_stock":"","_tribe_ticket_header":"","_tribe_default_ticket_provider":"","_tribe_ticket_capacity":"0","_ticket_start_date":"","_ticket_end_date":"","_tribe_ticket_show_description":"","_tribe_ticket_show_not_going":false,"_tribe_ticket_use_global_stock":"","_tribe_ticket_global_stock_level":"","_global_stock_mode":"","_global_stock_cap":"","_tribe_rsvp_for_event":"","_tribe_ticket_going_count":"","_tribe_ticket_not_going_count":"","_tribe_tickets_list":"[]","_tribe_ticket_has_attendee_info_fields":false,"footnotes":"","_tec_slr_enabled":"","_tec_slr_layout":""},"class_list":["post-2987","page","type-page","status-publish","hentry"],"acf":[],"ticketed":false,"_links":{"self":[{"href":"https:\/\/www.cai.cz\/index.php?rest_route=\/wp\/v2\/pages\/2987","targetHints":{"allow":["GET"]}}],"collection":[{"href":"https:\/\/www.cai.cz\/index.php?rest_route=\/wp\/v2\/pages"}],"about":[{"href":"https:\/\/www.cai.cz\/index.php?rest_route=\/wp\/v2\/types\/page"}],"author":[{"embeddable":true,"href":"https:\/\/www.cai.cz\/index.php?rest_route=\/wp\/v2\/users\/2"}],"replies":[{"embeddable":true,"href":"https:\/\/www.cai.cz\/index.php?rest_route=%2Fwp%2Fv2%2Fcomments&post=2987"}],"version-history":[{"count":34,"href":"https:\/\/www.cai.cz\/index.php?rest_route=\/wp\/v2\/pages\/2987\/revisions"}],"predecessor-version":[{"id":22153,"href":"https:\/\/www.cai.cz\/index.php?rest_route=\/wp\/v2\/pages\/2987\/revisions\/22153"}],"up":[{"embeddable":true,"href":"https:\/\/www.cai.cz\/index.php?rest_route=\/wp\/v2\/pages\/1674"}],"wp:attachment":[{"href":"https:\/\/www.cai.cz\/index.php?rest_route=%2Fwp%2Fv2%2Fmedia&parent=2987"}],"curies":[{"name":"wp","href":"https:\/\/api.w.org\/{rel}","templated":true}]}}