{"id":2989,"date":"2019-02-18T14:17:25","date_gmt":"2019-02-18T13:17:25","guid":{"rendered":"http:\/\/srvwww1.cai.internal\/?page_id=2989"},"modified":"2025-12-31T17:30:19","modified_gmt":"2025-12-31T16:30:19","slug":"dokumenty-pro-odborne-posuzovatele-experty","status":"publish","type":"page","link":"https:\/\/www.cai.cz\/?page_id=2989","title":{"rendered":"Dokumenty pro odborn\u00e9 posuzovatele\/experty"},"content":{"rendered":"\n<figure class=\"wp-block-table\"><table><thead><tr><th><strong>Ozna\u010den\u00ed<\/strong><\/th><th><strong>N\u00e1zev a soubor v aktu\u00e1ln\u00ed verzi ke sta\u017een\u00ed<\/strong><\/th><th><strong>Platn\u00fd od<\/strong><\/th><\/tr><\/thead><tbody><tr><td>04_01-P014<\/td><td><a href=\"https:\/\/www.cai.cz\/wp-content\/uploads\/2025\/03\/04_01-P014-Zadost-o-zarazeni-do-databaze_20250317-1.docx\" target=\"_blank\" rel=\"noreferrer noopener\">\u017d\u00e1dost o za\u0159azen\u00ed do datab\u00e1ze odborn\u00fdch posuzovatel\u016f \u010cIA<\/a><\/td><td>17.03.2025<\/td><\/tr><tr><td>04_01-P030<\/td><td><a href=\"https:\/\/www.cai.cz\/wp-content\/uploads\/2025\/03\/04_01-P030-Cestne-prohlaseni_20250317.docx\" target=\"_blank\" rel=\"noreferrer noopener\">\u010cestn\u00e9 prohl\u00e1\u0161en\u00ed<\/a><\/td><td>17.03.2025<\/td><\/tr><tr><td>04_01-P027<\/td><td> <a href=\"https:\/\/www.cai.cz\/wp-content\/uploads\/2025\/06\/04_01-P027-Aktualni-udaje-o-cinnosti-odborneho-posuzovatele_experta_20250101.docx\" target=\"_blank\" rel=\"noreferrer noopener\">Aktu\u00e1ln\u00ed \u00fadaje o \u010dinnosti odborn\u00e9ho posuzovatele\/experta<\/a><\/td><td>01.01.2025<\/td><\/tr><tr><td>04_01-P027 T<\/td><td><a href=\"https:\/\/www.cai.cz\/wp-content\/uploads\/2025\/12\/04_01-P027-T-Dolozeni-odborne-zpusobilosti-odborneho-posuzovatele_experta-COSM_20260101.docx\" target=\"_blank\" rel=\"noreferrer noopener\">Dolo\u017een\u00ed odborn\u00e9 zp\u016fsobilosti odborn\u00e9ho posuzovatele\/experta COSM<\/a><\/td><td>01.01.2026<\/td><\/tr><tr><td>15_06<\/td><td><a href=\"https:\/\/www.cai.cz\/wp-content\/uploads\/2021\/11\/15_06-Share-OP-a-EXP-Manu\u00e1l-20210916.pdf\" target=\"_blank\" rel=\"noreferrer noopener\">Share syst\u00e9m pro v\u00fdm\u011bnu dat &#8211; Manu\u00e1l pro odborn\u00e9 posuzovatele a experty<\/a><\/td><td>16.09.2021<\/td><\/tr><\/tbody><\/table><\/figure>\n\n\n\n<hr class=\"wp-block-separator has-css-opacity is-style-wide\"\/>\n\n\n\n<p><strong>POKRA\u010cOVAT D\u00c1L:<\/strong>  <br><a href=\"https:\/\/www.cai.cz\/?page_id=1674\">Dokumenty ke sta\u017een\u00ed &gt;<\/a><\/p>\n","protected":false},"excerpt":{"rendered":"<p>Ozna\u010den\u00ed N\u00e1zev a soubor v aktu\u00e1ln\u00ed verzi ke sta\u017een\u00ed Platn\u00fd od 04_01-P014 \u017d\u00e1dost o za\u0159azen\u00ed do datab\u00e1ze odborn\u00fdch posuzovatel\u016f \u010cIA 17.03.2025 04_01-P030 \u010cestn\u00e9 prohl\u00e1\u0161en\u00ed 17.03.2025&hellip;<\/p>\n","protected":false},"author":2,"featured_media":0,"parent":1674,"menu_order":0,"comment_status":"closed","ping_status":"closed","template":"","meta":{"_acf_changed":false,"_price":"","_stock":"","_tribe_ticket_header":"","_tribe_default_ticket_provider":"","_tribe_ticket_capacity":"0","_ticket_start_date":"","_ticket_end_date":"","_tribe_ticket_show_description":"","_tribe_ticket_show_not_going":false,"_tribe_ticket_use_global_stock":"","_tribe_ticket_global_stock_level":"","_global_stock_mode":"","_global_stock_cap":"","_tribe_rsvp_for_event":"","_tribe_ticket_going_count":"","_tribe_ticket_not_going_count":"","_tribe_tickets_list":"[]","_tribe_ticket_has_attendee_info_fields":false,"footnotes":"","_tec_slr_enabled":"","_tec_slr_layout":""},"class_list":["post-2989","page","type-page","status-publish","hentry"],"acf":[],"ticketed":false,"_links":{"self":[{"href":"https:\/\/www.cai.cz\/index.php?rest_route=\/wp\/v2\/pages\/2989","targetHints":{"allow":["GET"]}}],"collection":[{"href":"https:\/\/www.cai.cz\/index.php?rest_route=\/wp\/v2\/pages"}],"about":[{"href":"https:\/\/www.cai.cz\/index.php?rest_route=\/wp\/v2\/types\/page"}],"author":[{"embeddable":true,"href":"https:\/\/www.cai.cz\/index.php?rest_route=\/wp\/v2\/users\/2"}],"replies":[{"embeddable":true,"href":"https:\/\/www.cai.cz\/index.php?rest_route=%2Fwp%2Fv2%2Fcomments&post=2989"}],"version-history":[{"count":19,"href":"https:\/\/www.cai.cz\/index.php?rest_route=\/wp\/v2\/pages\/2989\/revisions"}],"predecessor-version":[{"id":21791,"href":"https:\/\/www.cai.cz\/index.php?rest_route=\/wp\/v2\/pages\/2989\/revisions\/21791"}],"up":[{"embeddable":true,"href":"https:\/\/www.cai.cz\/index.php?rest_route=\/wp\/v2\/pages\/1674"}],"wp:attachment":[{"href":"https:\/\/www.cai.cz\/index.php?rest_route=%2Fwp%2Fv2%2Fmedia&parent=2989"}],"curies":[{"name":"wp","href":"https:\/\/api.w.org\/{rel}","templated":true}]}}