{"id":3576,"date":"2019-02-21T10:18:16","date_gmt":"2019-02-21T09:18:16","guid":{"rendered":"http:\/\/srvwww1.cai.internal\/?page_id=3576"},"modified":"2026-04-04T14:15:06","modified_gmt":"2026-04-04T12:15:06","slug":"certifikacni-organy-certifikujici-osoby","status":"publish","type":"page","link":"https:\/\/www.cai.cz\/?page_id=3576","title":{"rendered":"Certifika\u010dn\u00ed org\u00e1ny certifikuj\u00edc\u00ed osoby"},"content":{"rendered":"\n<p>&#8222;Akreditac\u00ed se rozum\u00ed ofici\u00e1ln\u00ed uzn\u00e1n\u00ed (reprezentovan\u00e9 vyd\u00e1n\u00edm Osv\u011bd\u010den\u00ed o akreditaci), \u017ee certifika\u010dn\u00ed org\u00e1n, je zp\u016fsobil\u00fd prov\u00e1d\u011bt certifikaci osob&#8220;.<\/p>\n\n\n\n<p>Akreditace certifika\u010dn\u00edch org\u00e1n\u016f certifikuj\u00edc\u00edch osoby se \u0159\u00edd\u00ed po\u017eadavky <strong>normy \u010cSN EN ISO\/IEC 17024:2013<\/strong> &#8222;Posuzov\u00e1n\u00ed shody &#8211; V\u0161eobecn\u00e9 po\u017eadavky na org\u00e1ny pro certifikaci osob&#8220;, d\u00e1le tak\u00e9 po\u017eadavky certifika\u010dn\u00edch sch\u00e9mat a p\u0159\u00edpadn\u011b tak\u00e9 EA-2\/17M:2020. Dal\u0161\u00ed informace jsou uvedeny v <strong>MPA 60-01-22 Metodick\u00e9 pokyny k aplikaci \u010cSN EN ISO\/IEC 17024:2013&nbsp;v akredita\u010dn\u00edm syst\u00e9mu \u010cesk\u00e9 republiky<\/strong>.<\/p>\n\n\n\n<p>P\u0159i&nbsp;p\u0159ezkoum\u00e1n\u00ed certifika\u010dn\u00edch sch\u00e9mat&nbsp;jsou vyu\u017e\u00edv\u00e1ny&nbsp;dokumenty <strong>EA1\/22A-AB:2023<\/strong>&nbsp;a <strong>MPA 70-01-24 Postup pro prov\u011b\u0159en\u00ed podklad\u016f u sektorov\u00fdch certifika\u010dn\u00edch sch\u00e9mat a nestandardn\u00edch inspek\u010dn\u00edch metod<\/strong>.<\/p>\n\n\n\n<p>\u010cIA p\u0159ij\u00edm\u00e1 \u017e\u00e1dosti o ud\u011blen\u00ed akreditace \/ prodlou\u017een\u00ed platnosti akreditace nebo vyd\u00e1n\u00ed osv\u011bd\u010den\u00ed podle \u010cSN EN ISO\/IEC 17024:2013 pouze v rozsahu sch\u00e9mat zve\u0159ejn\u011bn\u00fdch v <strong>Seznamu certifika\u010dn\u00edch sch\u00e9mat:<\/strong><\/p>\n\n\n\n<p><\/p>\n\n\n\n<div class=\"wp-block-file\"><a id=\"wp-block-file--media-9e24f0f4-9a22-4e63-8073-32c4b5522558\" href=\"https:\/\/www.cai.cz\/wp-content\/uploads\/2026\/04\/seznam_certifikacnich_schemat-2026-02-03.docx\" target=\"_blank\" rel=\"noreferrer noopener\">Seznam certifika\u010dn\u00edch sch\u00e9mat (03.02.2026)<\/a><a href=\"https:\/\/www.cai.cz\/wp-content\/uploads\/2026\/04\/seznam_certifikacnich_schemat-2026-02-03.docx\" class=\"wp-block-file__button wp-element-button\" download aria-describedby=\"wp-block-file--media-9e24f0f4-9a22-4e63-8073-32c4b5522558\">St\u00e1hnout<\/a><\/div>\n\n\n\n<p>Pokud je v rozsahu&nbsp;\u017e\u00e1dosti o akreditaci dle \u010cSN EN ISO\/IEC 17024:2013 certifika\u010dn\u00ed sch\u00e9ma, kde je vy\u017eadov\u00e1n souhlas vlastn\u00edka s u\u017e\u00edv\u00e1n\u00edm, pak je nutno tento souhlas vlastn\u00edka s vyu\u017e\u00edv\u00e1n\u00edm certifika\u010dn\u00edho sch\u00e9matu dolo\u017eit b\u011bhem posuzov\u00e1n\u00ed.<\/p>\n\n\n\n<p>Dokumentace vztahuj\u00edc\u00ed se k procesu akreditace je uvedena n\u00ed\u017ee v\u010detn\u011b MPA 00-60-..&nbsp;ve kter\u00e9m&nbsp;jsou uvedena pravidla pro stanoven\u00ed rozsahu posuzov\u00e1n\u00ed s t\u00edm spojen\u00e9 n\u00e1klady. Ned\u00edlnou sou\u010d\u00e1st\u00ed posuzov\u00e1n\u00ed \u017eadatel\u016f o akreditaci je i p\u0159\u00edm\u00e9 sledov\u00e1n\u00ed jejich \u010dinnosti v m\u00edst\u011b jejich p\u016fsobnosti a posuzov\u00e1n\u00ed certifikac\u00ed p\u0159edv\u00e1d\u011bn\u00fdch za provozu (tzv. &#8222;witness audity&#8220;). V\u00fdb\u011br witness audit\u016f mus\u00ed b\u00fdt dostate\u010dn\u011b reprezentativn\u00ed a jejich nejmen\u0161\u00ed po\u017eadovan\u00fd po\u010det vych\u00e1z\u00ed z rozsahu po\u017eadovan\u00e9 akreditace.<\/p>\n\n\n\n<p>Kompletn\u00ed seznam&nbsp;dokumentace je uveden v dokumentu MPA 00-02-..&nbsp; P\u0159edpisov\u00e1 z\u00e1kladna akredita\u010dn\u00edho procesu a jeho p\u0159\u00edloze.<\/p>\n\n\n\n<p>V Evropsk\u00e9 unii jsou akreditace i v\u00fdstupy akreditovan\u00fdch subjekt\u016f uzn\u00e1v\u00e1ny jednotliv\u00fdmi org\u00e1ny \u010dlensk\u00fdch st\u00e1t\u016f za p\u0159edpokladu, \u017ee p\u0159\u00edslu\u0161n\u00fd akredita\u010dn\u00ed org\u00e1n je signat\u00e1\u0159em mnohostrann\u00fdch dohod o vz\u00e1jemn\u00e9m uzn\u00e1v\u00e1n\u00ed v\u00fdsledk\u016f \u010dinnosti akredita\u010dn\u00edch org\u00e1n\u016f.<\/p>\n\n\n\n<p>\u010cIA je v sou\u010dasn\u00e9 dob\u011b plnopr\u00e1vn\u00fdm \u010dlenem a zastupuje \u010cR v mezin\u00e1rodn\u00edch organizac\u00edch zab\u00fdvaj\u00edc\u00edch se akreditac\u00ed certifika\u010dn\u00edch org\u00e1n\u016f:<\/p>\n\n\n\n<ul class=\"wp-block-list\">\n<li>Evropsk\u00e9 spolupr\u00e1ce v oblasti akreditace &#8211; EA (European co-operation for Accreditation)<\/li>\n\n\n\n<li>Mezin\u00e1rodn\u00edho akredita\u010dn\u00edho f\u00f3ra &#8211; IAF (International Accreditation Forum)<\/li>\n<\/ul>\n\n\n\n<p>V r\u00e1mci t\u011bchto mezin\u00e1rodn\u00edch organizac\u00ed jsou uzav\u00edr\u00e1ny n\u00e1rodn\u00edmi akredita\u010dn\u00edmi <\/p>\n\n\n\n<p>org\u00e1ny mnohostrann\u00e9 dohody o vz\u00e1jemn\u00e9m uzn\u00e1v\u00e1n\u00ed v\u00fdsledk\u016f \u010dinnosti akredita\u010dn\u00edch org\u00e1n\u016f. Certifikace pracovn\u00edk\u016f je upravena:<\/p>\n\n\n\n<ul class=\"wp-block-list\">\n<li>EA MLA (Multilater\u00e1ln\u00ed dohoda) &#8211; \u010cIA je signat\u00e1\u0159em t\u00e9to dohody v pln\u00e9m rozsahu.<\/li>\n<\/ul>\n\n\n\n<figure class=\"wp-block-table\"><table class=\"has-fixed-layout\"><thead><tr><th><strong>Pozice a osoba za danou oblast<\/strong><\/th><th><strong>Telefonn\u00ed \u010d\u00edslo<\/strong><\/th><th><strong>E-mail<\/strong><\/th><\/tr><\/thead><tbody><tr><td><strong>Garant<\/strong>&nbsp;&nbsp;Ing. Milan Svoboda<\/td><td>272 096 208, 724 797 770<\/td><td><a href=\"mailto:svobodam@cai.cz\" target=\"_blank\" rel=\"noreferrer noopener\">svobodam@cai.cz<\/a><\/td><\/tr><tr><td><strong>Z\u00e1stupce garanta<\/strong>&nbsp;&nbsp;Ing. Tom\u00e1\u0161 Mikuta, MBA<\/td><td>272 096 216, 722 169 119<\/td><td><a href=\"mailto:mikutat@cai.cz\">mikutat@cai.cz<\/a><\/td><\/tr><\/tbody><\/table><\/figure>\n\n\n\n<p><strong>Ve spolupr\u00e1ci s IAF byl vyd\u00e1n p\u0159eklad bro\u017eury Akreditovan\u00e1 certifikace osob a jej\u00ed v\u00fdhody<\/strong><\/p>\n\n\n\n<p><a href=\"https:\/\/www.cai.cz\/wp-content\/uploads\/2024\/03\/IAF-Akreditovana-certifikace-osob-a-jeji-vyhody-CZ.pdf\" target=\"_blank\" rel=\"noreferrer noopener\"><img loading=\"lazy\" decoding=\"async\" width=\"500\" height=\"325\" class=\"wp-image-18138\" style=\"width: 500px;\" src=\"https:\/\/www.cai.cz\/wp-content\/uploads\/2024\/03\/CZ-IAF-1.png\" alt=\"\" srcset=\"https:\/\/www.cai.cz\/wp-content\/uploads\/2024\/03\/CZ-IAF-1.png 1920w, https:\/\/www.cai.cz\/wp-content\/uploads\/2024\/03\/CZ-IAF-1-300x195.png 300w, https:\/\/www.cai.cz\/wp-content\/uploads\/2024\/03\/CZ-IAF-1-1024x666.png 1024w, https:\/\/www.cai.cz\/wp-content\/uploads\/2024\/03\/CZ-IAF-1-768x499.png 768w, https:\/\/www.cai.cz\/wp-content\/uploads\/2024\/03\/CZ-IAF-1-1536x998.png 1536w\" sizes=\"auto, (max-width: 500px) 100vw, 500px\" \/><\/a><\/p>\n\n\n\n<p>Ve spolupr\u00e1ci s IAF do\u0161lo k p\u0159ekladu bro\u017eury zab\u00fdvaj\u00edc\u00ed se vysv\u011btlen\u00edm v\u00fdhod a smyslu akreditovan\u00e9 certifikace osob do \u010de\u0161tiny.&nbsp;<br>V materi\u00e1lu se dozv\u00edte v\u0161echny pot\u0159ebn\u00e9 informace k t\u00e9matu a p\u0159edev\u0161\u00edm, jak\u00e9 jsou v\u00fdhody pro zam\u011bstnance, zam\u011bstnavatele i regula\u010dn\u00ed a vnitrost\u00e1tn\u00ed org\u00e1ny.<\/p>\n\n\n\n<p>\u010cesk\u00fd p\u0159eklad \u010cIA:&nbsp;<a href=\"https:\/\/www.cai.cz\/wp-content\/uploads\/2024\/03\/IAF-Akreditovana-certifikace-osob-a-jeji-vyhody-CZ.pdf\" target=\"_blank\" rel=\"noreferrer noopener\">Akreditovan\u00e1 certifikace osob a jej\u00ed v\u00fdhody \u2013 vysv\u011btlen\u00ed<\/a><\/p>\n\n\n\n<p>Anglick\u00fd origin\u00e1l IAF:&nbsp;<a href=\"https:\/\/www.cai.cz\/wp-content\/uploads\/2024\/03\/IAF_Brochure__personnel_certification.pdf\" target=\"_blank\" rel=\"noreferrer noopener\">Accredited certification for persons and benefits \u2013 explained<\/a><\/p>\n\n\n\n<hr class=\"wp-block-separator has-css-opacity is-style-wide\"\/>\n\n\n\n<h4 class=\"wp-block-heading\" id=\"informacni-dopisy\"><a href=\"https:\/\/www.cai.cz\/?cat=161\">Informa\u010dn\u00ed dopisy<\/a><\/h4>\n\n\n\n<hr class=\"wp-block-separator has-css-opacity is-style-wide\"\/>\n\n\n\n<h4 class=\"wp-block-heading\" id=\"dokumenty-ke-stazeni\"><a href=\"https:\/\/www.cai.cz\/?page_id=1674\">Dokumenty ke sta\u017een\u00ed<\/a><\/h4>\n\n\n\n<hr class=\"wp-block-separator has-css-opacity is-style-wide\"\/>\n\n\n\n<p> <strong>POKRA\u010cOVAT D\u00c1L: <\/strong><br><strong> <\/strong><a href=\"https:\/\/www.cai.cz\/?page_id=54\">Akreditace &gt;<\/a>&nbsp;&nbsp;<a href=\"https:\/\/www.cai.cz\/?page_id=54\"> <\/a><a href=\"https:\/\/www.cai.cz\/?page_id=3593\">Certifika\u010dn\u00ed org\u00e1ny certifikuj\u00edc\u00ed produkty<\/a>&nbsp; <a href=\"https:\/\/www.cai.cz\/?page_id=3603\">Certifika\u010dn\u00ed org\u00e1ny certifikuj\u00edc\u00ed syst\u00e9my managementu<\/a> <\/p>\n","protected":false},"excerpt":{"rendered":"<p>&#8222;Akreditac\u00ed se rozum\u00ed ofici\u00e1ln\u00ed uzn\u00e1n\u00ed (reprezentovan\u00e9 vyd\u00e1n\u00edm Osv\u011bd\u010den\u00ed o akreditaci), \u017ee certifika\u010dn\u00ed org\u00e1n, je zp\u016fsobil\u00fd prov\u00e1d\u011bt certifikaci osob&#8220;. Akreditace certifika\u010dn\u00edch org\u00e1n\u016f certifikuj\u00edc\u00edch osoby se \u0159\u00edd\u00ed&hellip;<\/p>\n","protected":false},"author":2,"featured_media":0,"parent":1805,"menu_order":1,"comment_status":"closed","ping_status":"closed","template":"","meta":{"_acf_changed":false,"_price":"","_stock":"","_tribe_ticket_header":"","_tribe_default_ticket_provider":"","_tribe_ticket_capacity":"0","_ticket_start_date":"","_ticket_end_date":"","_tribe_ticket_show_description":"","_tribe_ticket_show_not_going":false,"_tribe_ticket_use_global_stock":"","_tribe_ticket_global_stock_level":"","_global_stock_mode":"","_global_stock_cap":"","_tribe_rsvp_for_event":"","_tribe_ticket_going_count":"","_tribe_ticket_not_going_count":"","_tribe_tickets_list":"[]","_tribe_ticket_has_attendee_info_fields":false,"footnotes":"","_tec_slr_enabled":"","_tec_slr_layout":""},"class_list":["post-3576","page","type-page","status-publish","hentry"],"acf":[],"ticketed":false,"_links":{"self":[{"href":"https:\/\/www.cai.cz\/index.php?rest_route=\/wp\/v2\/pages\/3576","targetHints":{"allow":["GET"]}}],"collection":[{"href":"https:\/\/www.cai.cz\/index.php?rest_route=\/wp\/v2\/pages"}],"about":[{"href":"https:\/\/www.cai.cz\/index.php?rest_route=\/wp\/v2\/types\/page"}],"author":[{"embeddable":true,"href":"https:\/\/www.cai.cz\/index.php?rest_route=\/wp\/v2\/users\/2"}],"replies":[{"embeddable":true,"href":"https:\/\/www.cai.cz\/index.php?rest_route=%2Fwp%2Fv2%2Fcomments&post=3576"}],"version-history":[{"count":51,"href":"https:\/\/www.cai.cz\/index.php?rest_route=\/wp\/v2\/pages\/3576\/revisions"}],"predecessor-version":[{"id":22228,"href":"https:\/\/www.cai.cz\/index.php?rest_route=\/wp\/v2\/pages\/3576\/revisions\/22228"}],"up":[{"embeddable":true,"href":"https:\/\/www.cai.cz\/index.php?rest_route=\/wp\/v2\/pages\/1805"}],"wp:attachment":[{"href":"https:\/\/www.cai.cz\/index.php?rest_route=%2Fwp%2Fv2%2Fmedia&parent=3576"}],"curies":[{"name":"wp","href":"https:\/\/api.w.org\/{rel}","templated":true}]}}