{"id":3593,"date":"2019-02-21T10:41:25","date_gmt":"2019-02-21T09:41:25","guid":{"rendered":"http:\/\/srvwww1.cai.internal\/?page_id=3593"},"modified":"2026-04-20T10:20:06","modified_gmt":"2026-04-20T08:20:06","slug":"certifikacni-organy-certifikujici-produkty","status":"publish","type":"page","link":"https:\/\/www.cai.cz\/?page_id=3593","title":{"rendered":"Certifika\u010dn\u00ed org\u00e1ny certifikuj\u00edc\u00ed produkty"},"content":{"rendered":"\n<p>&#8222;Akreditac\u00ed se rozum\u00ed ofici\u00e1ln\u00ed uzn\u00e1n\u00ed (reprezentovan\u00e9 vyd\u00e1n\u00edm Osv\u011bd\u010den\u00ed o akreditaci), \u017ee certifika\u010dn\u00ed org\u00e1n je zp\u016fsobil\u00fd prov\u00e1d\u011bt certifikaci produkt\u016f&#8220;<\/p>\n\n\n\n<p>Akreditace certifika\u010dn\u00edch org\u00e1n\u016f certifikuj\u00edc\u00edch produkty se \u0159\u00edd\u00ed po\u017eadavky normy&nbsp; \u010cSN EN ISO\/IEC 17065:2013 (Posuzov\u00e1n\u00ed shody &#8211; Po\u017eadavky na org\u00e1ny certifikuj\u00edc\u00ed produkty, procesy a slu\u017eby) a MPA 40-01-..<\/p>\n\n\n\n<p>*Produkt je term\u00edn zahrnuj\u00edc\u00ed i proces a slu\u017ebu ve smyslu&nbsp;normy \u010cSN EN ISO\/IEC 17065:2013, \u010dl. 3.4.<\/p>\n\n\n\n<figure class=\"wp-block-table\"><table class=\"has-fixed-layout\"><thead><tr><th><strong>Pozice a osoba za danou oblast<\/strong><\/th><th><strong>Telefonn\u00ed \u010d\u00edslo<\/strong><\/th><th><strong>E-mail<\/strong><\/th><\/tr><\/thead><tbody><tr><td><strong>Garant<\/strong>&nbsp;&nbsp;Ing. Milan Svoboda<\/td><td>272 096 208, 724 797 770<\/td><td><a href=\"mailto:svobodam@cai.cz\" target=\"_blank\" rel=\"noreferrer noopener\">svobodam@cai.cz<\/a><\/td><\/tr><tr><td><strong>Z\u00e1stupce garanta<\/strong>&nbsp;&nbsp;Ing. Milan \u0160marda<\/td><td>724 830 470<\/td><td><a href=\"mailto:smardam@cai.cz\">smardam@cai.cz<\/a><\/td><\/tr><\/tbody><\/table><\/figure>\n\n\n\n<hr class=\"wp-block-separator has-css-opacity is-style-wide\"\/>\n\n\n\n<div class=\"wp-block-file\"><a id=\"wp-block-file--media-9e18b858-8da9-4b7f-84ba-78b3404fd071\" href=\"https:\/\/www.cai.cz\/wp-content\/uploads\/2026\/02\/seznam_certifikacnich_schemat-V-2026-02-02.docx\" target=\"_blank\" rel=\"noreferrer noopener\">Seznam certifika\u010dn\u00edch sch\u00e9mat (02.02.2026)<\/a><a href=\"https:\/\/www.cai.cz\/wp-content\/uploads\/2026\/02\/seznam_certifikacnich_schemat-V-2026-02-02.docx\" class=\"wp-block-file__button wp-element-button\" download aria-describedby=\"wp-block-file--media-9e18b858-8da9-4b7f-84ba-78b3404fd071\">St\u00e1hnout<\/a><\/div>\n\n\n\n<hr class=\"wp-block-separator has-css-opacity is-style-wide\"\/>\n\n\n\n<h4 class=\"wp-block-heading\"><a href=\"https:\/\/www.cai.cz\/?cat=156\">Informa\u010dn\u00ed dopisy<\/a><\/h4>\n\n\n\n<hr class=\"wp-block-separator has-css-opacity is-style-wide\"\/>\n\n\n\n<h4 class=\"wp-block-heading\"><a href=\"https:\/\/www.cai.cz\/?page_id=1674\">Dokumenty ke sta\u017een\u00ed<\/a><\/h4>\n\n\n\n<hr class=\"wp-block-separator has-css-opacity is-style-wide\"\/>\n\n\n\n<p><strong>POKRA\u010cOVAT D\u00c1L: <\/strong><br><strong> <\/strong><a href=\"https:\/\/www.cai.cz\/?page_id=54\">Akreditace &gt;<\/a>&nbsp;&nbsp;&nbsp;<a href=\"https:\/\/www.cai.cz\/?page_id=3576\">Certifika\u010dn\u00ed org\u00e1ny certifikuj\u00edc\u00ed osoby <\/a>&nbsp; <a href=\"https:\/\/www.cai.cz\/?page_id=3603\">Certifika\u010dn\u00ed org\u00e1ny certifikuj\u00edc\u00ed syst\u00e9my managementu<\/a><\/p>\n","protected":false},"excerpt":{"rendered":"<p>&#8222;Akreditac\u00ed se rozum\u00ed ofici\u00e1ln\u00ed uzn\u00e1n\u00ed (reprezentovan\u00e9 vyd\u00e1n\u00edm Osv\u011bd\u010den\u00ed o akreditaci), \u017ee certifika\u010dn\u00ed org\u00e1n je zp\u016fsobil\u00fd prov\u00e1d\u011bt certifikaci produkt\u016f&#8220; Akreditace certifika\u010dn\u00edch org\u00e1n\u016f certifikuj\u00edc\u00edch produkty se \u0159\u00edd\u00ed&hellip;<\/p>\n","protected":false},"author":2,"featured_media":0,"parent":1805,"menu_order":2,"comment_status":"closed","ping_status":"closed","template":"","meta":{"_acf_changed":false,"_price":"","_stock":"","_tribe_ticket_header":"","_tribe_default_ticket_provider":"","_tribe_ticket_capacity":"0","_ticket_start_date":"","_ticket_end_date":"","_tribe_ticket_show_description":"","_tribe_ticket_show_not_going":false,"_tribe_ticket_use_global_stock":"","_tribe_ticket_global_stock_level":"","_global_stock_mode":"","_global_stock_cap":"","_tribe_rsvp_for_event":"","_tribe_ticket_going_count":"","_tribe_ticket_not_going_count":"","_tribe_tickets_list":"[]","_tribe_ticket_has_attendee_info_fields":false,"footnotes":"","_tec_slr_enabled":"","_tec_slr_layout":""},"class_list":["post-3593","page","type-page","status-publish","hentry"],"acf":[],"ticketed":false,"_links":{"self":[{"href":"https:\/\/www.cai.cz\/index.php?rest_route=\/wp\/v2\/pages\/3593","targetHints":{"allow":["GET"]}}],"collection":[{"href":"https:\/\/www.cai.cz\/index.php?rest_route=\/wp\/v2\/pages"}],"about":[{"href":"https:\/\/www.cai.cz\/index.php?rest_route=\/wp\/v2\/types\/page"}],"author":[{"embeddable":true,"href":"https:\/\/www.cai.cz\/index.php?rest_route=\/wp\/v2\/users\/2"}],"replies":[{"embeddable":true,"href":"https:\/\/www.cai.cz\/index.php?rest_route=%2Fwp%2Fv2%2Fcomments&post=3593"}],"version-history":[{"count":36,"href":"https:\/\/www.cai.cz\/index.php?rest_route=\/wp\/v2\/pages\/3593\/revisions"}],"predecessor-version":[{"id":22275,"href":"https:\/\/www.cai.cz\/index.php?rest_route=\/wp\/v2\/pages\/3593\/revisions\/22275"}],"up":[{"embeddable":true,"href":"https:\/\/www.cai.cz\/index.php?rest_route=\/wp\/v2\/pages\/1805"}],"wp:attachment":[{"href":"https:\/\/www.cai.cz\/index.php?rest_route=%2Fwp%2Fv2%2Fmedia&parent=3593"}],"curies":[{"name":"wp","href":"https:\/\/api.w.org\/{rel}","templated":true}]}}