{"id":4367,"date":"2019-03-07T07:39:43","date_gmt":"2019-03-07T06:39:43","guid":{"rendered":"http:\/\/srvwww1.cai.internal\/?page_id=4367"},"modified":"2026-02-04T14:21:12","modified_gmt":"2026-02-04T13:21:12","slug":"zkouseni-zpusobilosti-pt","status":"publish","type":"page","link":"https:\/\/www.cai.cz\/?page_id=4367","title":{"rendered":"Zkou\u0161en\u00ed zp\u016fsobilosti (PT)"},"content":{"rendered":"\n<p>Politika \u010cIA stanoven\u00e1 v souladu s politikou ILAC a EA je uvedena v dokumentu <\/p>\n\n\n\n<p><a href=\"https:\/\/www.cai.cz\/wp-content\/uploads\/2025\/08\/02_03-MPA-30-03-25-ver.2-Politika-CIA-pro-ucast-ve-PT-nebo-MLP-jinych-nez-PT_20250801.pdf\" target=\"_blank\" rel=\"noreferrer noopener\">MPA 30-03-25, VERZE 2 Politika \u010cIA pro \u00fa\u010dast ve zkou\u0161en\u00ed zp\u016fsobilosti nebo mezilaboratorn\u00edch porovn\u00e1n\u00ed jin\u00fdch ne\u017e zkou\u0161en\u00ed zp\u016fsobilosti<\/a><\/p>\n\n\n\n<p class=\"has-medium-font-size\"><strong>Informace o programech PT:<\/strong><\/p>\n\n\n\n<p><a rel=\"noreferrer noopener\" href=\"https:\/\/www.cai.cz\/?kategorie_subjektu=poskytovatel-zkouseni-zpusobilosti\" target=\"_blank\">Datab\u00e1ze akreditovan\u00fdch poskytovatel\u016f zkou\u0161en\u00ed zp\u016fsobilosti v \u010cR<\/a><\/p>\n\n\n\n<p><a href=\"https:\/\/www.eptis.bam.de\/eptis\/WebSearch\/main\" target=\"_blank\" rel=\"noreferrer noopener\">EPTIS \u2013 celosv\u011btov\u00e1 datab\u00e1ze program\u016f zkou\u0161en\u00ed zp\u016fsobilosti<\/a><\/p>\n\n\n\n<figure class=\"wp-block-image size-large is-resized\"><a href=\"https:\/\/www.eptis.bam.de\/eptis\/WebSearch\/main\" target=\"_blank\" rel=\"noreferrer noopener\"><img loading=\"lazy\" decoding=\"async\" src=\"https:\/\/www.cai.cz\/wp-content\/uploads\/2026\/02\/eptis-1-1024x380.png\" alt=\"\" class=\"wp-image-21897\" width=\"156\" height=\"57\" srcset=\"https:\/\/www.cai.cz\/wp-content\/uploads\/2026\/02\/eptis-1-1024x380.png 1024w, https:\/\/www.cai.cz\/wp-content\/uploads\/2026\/02\/eptis-1-300x111.png 300w, https:\/\/www.cai.cz\/wp-content\/uploads\/2026\/02\/eptis-1-768x285.png 768w, https:\/\/www.cai.cz\/wp-content\/uploads\/2026\/02\/eptis-1.png 1200w\" sizes=\"auto, (max-width: 156px) 100vw, 156px\" \/><\/a><\/figure>\n\n\n\n<p><\/p>\n\n\n\n<p><\/p>\n\n\n\n<hr class=\"wp-block-separator has-css-opacity is-style-wide\"\/>\n\n\n\n<p><strong>POKRA\u010cOVAT D\u00c1L:<\/strong><br><a href=\"https:\/\/www.cai.cz\/?page_id=54\">Akreditace &gt;<\/a>    <a href=\"https:\/\/www.cai.cz\/?page_id=1811\">Poskytovatel\u00e9 PT<\/a><\/p>\n","protected":false},"excerpt":{"rendered":"<p>Politika \u010cIA stanoven\u00e1 v souladu s politikou ILAC a EA je uvedena v dokumentu MPA 30-03-25, VERZE 2 Politika \u010cIA pro \u00fa\u010dast ve zkou\u0161en\u00ed zp\u016fsobilosti&hellip;<\/p>\n","protected":false},"author":2,"featured_media":0,"parent":1811,"menu_order":0,"comment_status":"closed","ping_status":"closed","template":"","meta":{"_acf_changed":false,"_price":"","_stock":"","_tribe_ticket_header":"","_tribe_default_ticket_provider":"","_tribe_ticket_capacity":"0","_ticket_start_date":"","_ticket_end_date":"","_tribe_ticket_show_description":"","_tribe_ticket_show_not_going":false,"_tribe_ticket_use_global_stock":"","_tribe_ticket_global_stock_level":"","_global_stock_mode":"","_global_stock_cap":"","_tribe_rsvp_for_event":"","_tribe_ticket_going_count":"","_tribe_ticket_not_going_count":"","_tribe_tickets_list":"[]","_tribe_ticket_has_attendee_info_fields":false,"footnotes":"","_tec_slr_enabled":"","_tec_slr_layout":""},"class_list":["post-4367","page","type-page","status-publish","hentry"],"acf":[],"ticketed":false,"_links":{"self":[{"href":"https:\/\/www.cai.cz\/index.php?rest_route=\/wp\/v2\/pages\/4367","targetHints":{"allow":["GET"]}}],"collection":[{"href":"https:\/\/www.cai.cz\/index.php?rest_route=\/wp\/v2\/pages"}],"about":[{"href":"https:\/\/www.cai.cz\/index.php?rest_route=\/wp\/v2\/types\/page"}],"author":[{"embeddable":true,"href":"https:\/\/www.cai.cz\/index.php?rest_route=\/wp\/v2\/users\/2"}],"replies":[{"embeddable":true,"href":"https:\/\/www.cai.cz\/index.php?rest_route=%2Fwp%2Fv2%2Fcomments&post=4367"}],"version-history":[{"count":38,"href":"https:\/\/www.cai.cz\/index.php?rest_route=\/wp\/v2\/pages\/4367\/revisions"}],"predecessor-version":[{"id":21900,"href":"https:\/\/www.cai.cz\/index.php?rest_route=\/wp\/v2\/pages\/4367\/revisions\/21900"}],"up":[{"embeddable":true,"href":"https:\/\/www.cai.cz\/index.php?rest_route=\/wp\/v2\/pages\/1811"}],"wp:attachment":[{"href":"https:\/\/www.cai.cz\/index.php?rest_route=%2Fwp%2Fv2%2Fmedia&parent=4367"}],"curies":[{"name":"wp","href":"https:\/\/api.w.org\/{rel}","templated":true}]}}