{"id":4499,"date":"2019-04-02T16:27:11","date_gmt":"2019-04-02T14:27:11","guid":{"rendered":"https:\/\/www2.cai.cz\/?page_id=4499"},"modified":"2019-04-08T12:57:02","modified_gmt":"2019-04-08T10:57:02","slug":"subjekty","status":"publish","type":"page","link":"https:\/\/www.cai.cz\/?page_id=4499","title":{"rendered":"Datab\u00e1ze akreditovan\u00fdch subjekt\u016f"},"content":{"rendered":"","protected":false},"excerpt":{"rendered":"","protected":false},"author":8,"featured_media":0,"parent":0,"menu_order":0,"comment_status":"closed","ping_status":"closed","template":"","meta":{"_acf_changed":false,"_price":"","_stock":"","_tribe_ticket_header":"","_tribe_default_ticket_provider":"","_tribe_ticket_capacity":"0","_ticket_start_date":"","_ticket_end_date":"","_tribe_ticket_show_description":"","_tribe_ticket_show_not_going":false,"_tribe_ticket_use_global_stock":"","_tribe_ticket_global_stock_level":"","_global_stock_mode":"","_global_stock_cap":"","_tribe_rsvp_for_event":"","_tribe_ticket_going_count":"","_tribe_ticket_not_going_count":"","_tribe_tickets_list":"[]","_tribe_ticket_has_attendee_info_fields":false,"footnotes":"","_tec_slr_enabled":"","_tec_slr_layout":""},"class_list":["post-4499","page","type-page","status-publish","hentry"],"acf":[],"ticketed":false,"_links":{"self":[{"href":"https:\/\/www.cai.cz\/index.php?rest_route=\/wp\/v2\/pages\/4499","targetHints":{"allow":["GET"]}}],"collection":[{"href":"https:\/\/www.cai.cz\/index.php?rest_route=\/wp\/v2\/pages"}],"about":[{"href":"https:\/\/www.cai.cz\/index.php?rest_route=\/wp\/v2\/types\/page"}],"author":[{"embeddable":true,"href":"https:\/\/www.cai.cz\/index.php?rest_route=\/wp\/v2\/users\/8"}],"replies":[{"embeddable":true,"href":"https:\/\/www.cai.cz\/index.php?rest_route=%2Fwp%2Fv2%2Fcomments&post=4499"}],"version-history":[{"count":16,"href":"https:\/\/www.cai.cz\/index.php?rest_route=\/wp\/v2\/pages\/4499\/revisions"}],"predecessor-version":[{"id":11072,"href":"https:\/\/www.cai.cz\/index.php?rest_route=\/wp\/v2\/pages\/4499\/revisions\/11072"}],"wp:attachment":[{"href":"https:\/\/www.cai.cz\/index.php?rest_route=%2Fwp%2Fv2%2Fmedia&parent=4499"}],"curies":[{"name":"wp","href":"https:\/\/api.w.org\/{rel}","templated":true}]}}